{"id":1031,"date":"2021-03-23T16:19:31","date_gmt":"2021-03-23T08:19:31","guid":{"rendered":"https:\/\/med-disposable.com\/?post_type=product&#038;p=1031"},"modified":"2023-04-17T15:07:57","modified_gmt":"2023-04-17T07:07:57","slug":"bonnet-bouffant-jetable-non-tisse","status":"publish","type":"product","link":"https:\/\/med-disposable.com\/fr\/product\/disposable-non-woven-bouffant-cap\/","title":{"rendered":"Bonnet bouffant jetable non tiss\u00e9"},"content":{"rendered":"<p><strong>Introduction :<\/strong><\/p>\n<p>Nos bonnets bouffants jetables en non-tiss\u00e9 sont con\u00e7us pour offrir une hygi\u00e8ne, un confort et une durabilit\u00e9 sup\u00e9rieurs pour diverses applications dans les secteurs m\u00e9dical, alimentaire et industriel. Ces bonnets sont fabriqu\u00e9s \u00e0 partir d'un mat\u00e9riau non tiss\u00e9 de haute qualit\u00e9, \u00e0 la fois l\u00e9ger et respirant, qui garantit un port confortable pendant de longues p\u00e9riodes. Nos bonnets bouffants sont parfaits pour contenir les cheveux et pr\u00e9venir la contamination dans les environnements st\u00e9riles.<\/p>\n<p>&nbsp;<\/p>\n<p><strong>Caract\u00e9ristiques :<\/strong><\/p>\n<p>1) Fabriqu\u00e9 \u00e0 partir d'un mat\u00e9riau non tiss\u00e9 de haute qualit\u00e9 pour un maximum de respirabilit\u00e9 et de confort.<\/p>\n<p><img fetchpriority=\"high\" decoding=\"async\" class=\"aligncenter wp-image-5688 size-large\" src=\"https:\/\/med-disposable.com\/wp-content\/uploads\/2021\/03\/40A9163-1024x1024.jpg\" alt=\"\" width=\"800\" height=\"800\" srcset=\"https:\/\/med-disposable.com\/wp-content\/uploads\/2021\/03\/40A9163-1024x1024.jpg 1024w, https:\/\/med-disposable.com\/wp-content\/uploads\/2021\/03\/40A9163-300x300.jpg 300w, https:\/\/med-disposable.com\/wp-content\/uploads\/2021\/03\/40A9163-150x150.jpg 150w, https:\/\/med-disposable.com\/wp-content\/uploads\/2021\/03\/40A9163-768x768.jpg 768w, https:\/\/med-disposable.com\/wp-content\/uploads\/2021\/03\/40A9163-1536x1536.jpg 1536w, https:\/\/med-disposable.com\/wp-content\/uploads\/2021\/03\/40A9163-scaled.jpg 2048w, https:\/\/med-disposable.com\/wp-content\/uploads\/2021\/03\/40A9163-600x600.jpg 600w, https:\/\/med-disposable.com\/wp-content\/uploads\/2021\/03\/40A9163-100x100.jpg 100w\" sizes=\"(max-width: 800px) 100vw, 800px\" \/> <img decoding=\"async\" class=\"aligncenter wp-image-5682 size-full\" src=\"https:\/\/med-disposable.com\/wp-content\/uploads\/2021\/03\/O1CN01Xjd0fC2G2omHXSggW_2206823728958.jpg\" alt=\"\" width=\"800\" height=\"713\" srcset=\"https:\/\/med-disposable.com\/wp-content\/uploads\/2021\/03\/O1CN01Xjd0fC2G2omHXSggW_2206823728958.jpg 800w, https:\/\/med-disposable.com\/wp-content\/uploads\/2021\/03\/O1CN01Xjd0fC2G2omHXSggW_2206823728958-300x267.jpg 300w, https:\/\/med-disposable.com\/wp-content\/uploads\/2021\/03\/O1CN01Xjd0fC2G2omHXSggW_2206823728958-768x684.jpg 768w, https:\/\/med-disposable.com\/wp-content\/uploads\/2021\/03\/O1CN01Xjd0fC2G2omHXSggW_2206823728958-600x535.jpg 600w\" sizes=\"(max-width: 800px) 100vw, 800px\" \/><br \/>\n2. la bande \u00e9lastique assure un ajustement s\u00fbr et confortable pour toutes les tailles de t\u00eate.<\/p>\n<p><img decoding=\"async\" class=\"aligncenter wp-image-5675 size-full\" src=\"https:\/\/med-disposable.com\/wp-content\/uploads\/2021\/03\/BOUFFANT-CAP-material.jpg\" alt=\"\" width=\"800\" height=\"726\" srcset=\"https:\/\/med-disposable.com\/wp-content\/uploads\/2021\/03\/BOUFFANT-CAP-material.jpg 800w, https:\/\/med-disposable.com\/wp-content\/uploads\/2021\/03\/BOUFFANT-CAP-material-300x272.jpg 300w, https:\/\/med-disposable.com\/wp-content\/uploads\/2021\/03\/BOUFFANT-CAP-material-768x697.jpg 768w, https:\/\/med-disposable.com\/wp-content\/uploads\/2021\/03\/BOUFFANT-CAP-material-600x545.jpg 600w\" sizes=\"(max-width: 800px) 100vw, 800px\" \/><br \/>\n3. disponible dans une vari\u00e9t\u00e9 de couleurs pour r\u00e9pondre \u00e0 vos pr\u00e9f\u00e9rences et \u00e0 votre application.<\/p>\n<p><img loading=\"lazy\" decoding=\"async\" class=\"aligncenter wp-image-5674 size-full\" src=\"https:\/\/med-disposable.com\/wp-content\/uploads\/2021\/03\/bouffant-cap-1.jpg\" alt=\"\" width=\"800\" height=\"800\" srcset=\"https:\/\/med-disposable.com\/wp-content\/uploads\/2021\/03\/bouffant-cap-1.jpg 800w, https:\/\/med-disposable.com\/wp-content\/uploads\/2021\/03\/bouffant-cap-1-300x300.jpg 300w, https:\/\/med-disposable.com\/wp-content\/uploads\/2021\/03\/bouffant-cap-1-150x150.jpg 150w, https:\/\/med-disposable.com\/wp-content\/uploads\/2021\/03\/bouffant-cap-1-768x768.jpg 768w, https:\/\/med-disposable.com\/wp-content\/uploads\/2021\/03\/bouffant-cap-1-600x600.jpg 600w, https:\/\/med-disposable.com\/wp-content\/uploads\/2021\/03\/bouffant-cap-1-100x100.jpg 100w\" sizes=\"(max-width: 800px) 100vw, 800px\" \/><br \/>\n4. respectueux de l'environnement et sans latex pour les personnes sensibles ou allergiques.<br \/>\n5. non st\u00e9rile, mais utilisable dans des environnements st\u00e9riles lorsque les protocoles appropri\u00e9s sont respect\u00e9s.<br \/>\n6. prix \u00e9conomique pour une utilisation unique et rentable.<br \/>\n7. fabriqu\u00e9s selon des normes strictes de contr\u00f4le de la qualit\u00e9 afin de garantir leur coh\u00e9rence et leur fiabilit\u00e9.<\/p>\n<p>&nbsp;<\/p>\n<p><strong>Sp\u00e9cification d\u00e9taill\u00e9e :<\/strong><\/p>\n<table width=\"559\">\n<tbody>\n<tr>\n<td width=\"106\">Taille<\/td>\n<td width=\"453\">18\", 19\", 21\", 24\", ou selon les besoins<\/td>\n<\/tr>\n<tr>\n<td width=\"106\">Mat\u00e9riau<\/td>\n<td width=\"453\">PP non tiss\u00e9, 10-35gsm<\/td>\n<\/tr>\n<tr>\n<td width=\"106\">Style<\/td>\n<td width=\"453\">chapeau bouffant (rond)<\/td>\n<\/tr>\n<tr>\n<td width=\"106\">Couleur<\/td>\n<td width=\"453\">Blanc, bleu, rose, jaune, vert, orange, violet, noir, (toutes les couleurs peuvent \u00eatre disponibles)<\/td>\n<\/tr>\n<tr>\n<td width=\"106\">Emballage<\/td>\n<td width=\"453\">100 pcs\/sac, 2000pcs\/ctn, selon les besoins<\/td>\n<\/tr>\n<tr>\n<td width=\"106\">Conception de l'emballage<\/td>\n<td width=\"453\">L'impression des sacs int\u00e9rieurs et des cartons peut \u00eatre r\u00e9alis\u00e9e selon les besoins.<\/td>\n<\/tr>\n<\/tbody>\n<\/table>\n<p><img loading=\"lazy\" decoding=\"async\" class=\"aligncenter wp-image-5680 size-full\" src=\"https:\/\/med-disposable.com\/wp-content\/uploads\/2021\/03\/different-weight-bouffant-cap.jpg\" alt=\"\" width=\"800\" height=\"554\" srcset=\"https:\/\/med-disposable.com\/wp-content\/uploads\/2021\/03\/different-weight-bouffant-cap.jpg 800w, https:\/\/med-disposable.com\/wp-content\/uploads\/2021\/03\/different-weight-bouffant-cap-300x208.jpg 300w, https:\/\/med-disposable.com\/wp-content\/uploads\/2021\/03\/different-weight-bouffant-cap-768x532.jpg 768w, https:\/\/med-disposable.com\/wp-content\/uploads\/2021\/03\/different-weight-bouffant-cap-600x416.jpg 600w\" sizes=\"(max-width: 800px) 100vw, 800px\" \/><\/p>\n<p><strong>Avantages :<\/strong><\/p>\n<p>1. hygi\u00e8ne sup\u00e9rieure : Ces capuchons retiennent efficacement les cheveux, r\u00e9duisant ainsi le risque de contamination dans les environnements sensibles.<br \/>\n2. confortable et l\u00e9ger : Le mat\u00e9riau non tiss\u00e9 est respirant, ce qui le rend id\u00e9al pour une utilisation prolong\u00e9e.<br \/>\n3. sans latex : Convient aux personnes souffrant d'allergies ou de sensibilit\u00e9s au latex.<br \/>\n4. polyvalent : il peut \u00eatre utilis\u00e9 dans divers secteurs, notamment dans les applications m\u00e9dicales, alimentaires et industrielles.<br \/>\n5. rentable : La conception jetable et le prix comp\u00e9titif font de ces bouchons un choix \u00e9conomique.<\/p>\n<p>&nbsp;<\/p>\n<p><strong>Applications :<\/strong><\/p>\n<p>1) Milieu m\u00e9dical : Id\u00e9al pour les m\u00e9decins, les infirmi\u00e8res et les autres professionnels de la sant\u00e9 dans les h\u00f4pitaux, les cliniques et les laboratoires.<br \/>\n2. l'industrie alimentaire : Parfait pour les travailleurs des installations de transformation des aliments et des cuisines commerciales afin de maintenir les normes d'hygi\u00e8ne.<br \/>\n3. salles blanches : Convient pour une utilisation dans les salles blanches et les environnements st\u00e9riles, tels que les industries pharmaceutiques et \u00e9lectroniques.<br \/>\n4. milieux industriels : Peut \u00eatre port\u00e9 par les travailleurs dans divers secteurs industriels pour maintenir la propret\u00e9 et la s\u00e9curit\u00e9.<br \/>\n5. utilisation personnelle : Id\u00e9al pour un usage domestique lorsque vous cuisinez, nettoyez ou effectuez d'autres t\u00e2ches qui n\u00e9cessitent de contenir les cheveux.<\/p>\n<p><img loading=\"lazy\" decoding=\"async\" class=\"aligncenter wp-image-5677 size-full\" src=\"https:\/\/med-disposable.com\/wp-content\/uploads\/2021\/03\/BOUFFANT-CAP-USAGE.jpg\" alt=\"\" width=\"800\" height=\"918\" srcset=\"https:\/\/med-disposable.com\/wp-content\/uploads\/2021\/03\/BOUFFANT-CAP-USAGE.jpg 800w, https:\/\/med-disposable.com\/wp-content\/uploads\/2021\/03\/BOUFFANT-CAP-USAGE-261x300.jpg 261w, https:\/\/med-disposable.com\/wp-content\/uploads\/2021\/03\/BOUFFANT-CAP-USAGE-768x881.jpg 768w, https:\/\/med-disposable.com\/wp-content\/uploads\/2021\/03\/BOUFFANT-CAP-USAGE-600x689.jpg 600w\" sizes=\"(max-width: 800px) 100vw, 800px\" \/><\/p>\n<p><strong>Questions et r\u00e9ponses :<\/strong><\/p>\n<p><strong>1\uff0eQuels sont les mat\u00e9riaux utilis\u00e9s dans la production de ces bonnets bouffants jetables ?<\/strong><br \/>\nNos bonnets bouffants jetables non tiss\u00e9s sont fabriqu\u00e9s en polypropyl\u00e8ne non tiss\u00e9 de haute qualit\u00e9, qui est \u00e0 la fois l\u00e9ger et perm\u00e9able \u00e0 l'air. Ils sont donc confortables, m\u00eame lorsqu'ils sont port\u00e9s pendant de longues p\u00e9riodes. Ces bonnets ne contiennent pas de latex, ce qui les rend adapt\u00e9s aux personnes allergiques ou sensibles au latex.<\/p>\n<p><strong>2. ces bouchons conviennent-ils \u00e0 une utilisation en milieu st\u00e9rile ?<\/strong><br \/>\nOui, nos bonnets bouffants jetables en non-tiss\u00e9 peuvent \u00eatre utilis\u00e9s dans des environnements st\u00e9riles, tels que les salles blanches, les laboratoires et les environnements chirurgicaux, \u00e0 condition que les protocoles et les directives appropri\u00e9s soient respect\u00e9s. Bien que les bonnets eux-m\u00eames ne soient pas st\u00e9riles, ils sont con\u00e7us pour contenir efficacement les cheveux et r\u00e9duire le risque de contamination dans les environnements sensibles.<\/p>\n<p><strong>3. comment savoir quelle taille commander ?<\/strong><br \/>\nNos bonnets bouffants jetables sont dot\u00e9s d'une bande \u00e9lastique qui garantit une tenue s\u00fbre et confortable pour toutes les tailles de t\u00eate. La bande \u00e9lastique peut s'\u00e9tirer pour s'adapter \u00e0 une vari\u00e9t\u00e9 de tailles de t\u00eate et de volumes de cheveux, ce qui permet de trouver facilement l'ajustement parfait pour chaque utilisateur.<\/p>\n<p><img loading=\"lazy\" decoding=\"async\" class=\"aligncenter wp-image-5676 size-full\" src=\"https:\/\/med-disposable.com\/wp-content\/uploads\/2021\/03\/bouffant-cap-size-difference.jpg\" alt=\"\" width=\"800\" height=\"711\" srcset=\"https:\/\/med-disposable.com\/wp-content\/uploads\/2021\/03\/bouffant-cap-size-difference.jpg 800w, https:\/\/med-disposable.com\/wp-content\/uploads\/2021\/03\/bouffant-cap-size-difference-300x267.jpg 300w, https:\/\/med-disposable.com\/wp-content\/uploads\/2021\/03\/bouffant-cap-size-difference-768x683.jpg 768w, https:\/\/med-disposable.com\/wp-content\/uploads\/2021\/03\/bouffant-cap-size-difference-600x533.jpg 600w\" sizes=\"(max-width: 800px) 100vw, 800px\" \/><\/p>\n<p><strong>4. puis-je commander ces bouchons en gros pour mon organisation ?<\/strong><br \/>\nOui, nous proposons des options d'achat en gros pour les clients qui ont besoin de grandes quantit\u00e9s de nos bonnets bouffants jetables en non-tiss\u00e9. Pour discuter de vos besoins sp\u00e9cifiques et recevoir un devis personnalis\u00e9, veuillez contacter directement notre \u00e9quipe de vente. Nous nous engageons \u00e0 fournir des prix comp\u00e9titifs et une livraison fiable \u00e0 nos clients.<\/p>\n<p><strong>5. ces bouchons sont-ils disponibles en diff\u00e9rentes couleurs ?<\/strong><br \/>\nOui, nos bonnets jetables en non-tiss\u00e9 sont disponibles dans une vari\u00e9t\u00e9 de couleurs pour r\u00e9pondre \u00e0 vos pr\u00e9f\u00e9rences et \u00e0 votre application. Vous pouvez choisir parmi notre s\u00e9lection de couleurs pour correspondre \u00e0 l'image de marque de votre organisation et \u00e0 vos pr\u00e9f\u00e9rences personnelles. Nous pouvons \u00e9galement r\u00e9aliser des couleurs personnalis\u00e9es, il vous suffit de nous communiquer les descriptions des couleurs id\u00e9ales ou les num\u00e9ros des cartes de couleurs Pantone.<\/p>\n<p>&nbsp;<\/p>","protected":false},"excerpt":{"rendered":"<p>PP, SMS non tiss\u00e9, facile \u00e0 \u00e9tendre et \u00e0 r\u00e9tr\u00e9cir, facile \u00e0 plier, vous permet de r\u00e9aliser des \u00e9conomies.<\/p>\n<p>&nbsp;<\/p>","protected":false},"featured_media":5692,"template":"","meta":{"_seopress_robots_primary_cat":"none","_seopress_titles_title":"High-Quality Disposable Bouffant Caps: Comfort, Hygiene, Durability for Medical, Food, Industrial Use.","_seopress_titles_desc":"Looking for the Disposable non woven Bouffant Cap? Place your order with med-disposable.com. Eco-friendly, tear resistant, soft and breathable, comfortable to wear the whole day.","_seopress_robots_index":""},"product_brand":[],"product_cat":[46],"product_tag":[67,57],"class_list":{"0":"post-1031","1":"product","2":"type-product","3":"status-publish","4":"has-post-thumbnail","6":"product_cat-caps","7":"product_tag-cap","8":"product_tag-non-woven","10":"first","11":"instock","12":"shipping-taxable","13":"product-type-simple"},"_links":{"self":[{"href":"https:\/\/med-disposable.com\/fr\/wp-json\/wp\/v2\/product\/1031","targetHints":{"allow":["GET"]}}],"collection":[{"href":"https:\/\/med-disposable.com\/fr\/wp-json\/wp\/v2\/product"}],"about":[{"href":"https:\/\/med-disposable.com\/fr\/wp-json\/wp\/v2\/types\/product"}],"version-history":[{"count":0,"href":"https:\/\/med-disposable.com\/fr\/wp-json\/wp\/v2\/product\/1031\/revisions"}],"wp:featuredmedia":[{"embeddable":true,"href":"https:\/\/med-disposable.com\/fr\/wp-json\/wp\/v2\/media\/5692"}],"wp:attachment":[{"href":"https:\/\/med-disposable.com\/fr\/wp-json\/wp\/v2\/media?parent=1031"}],"wp:term":[{"taxonomy":"product_brand","embeddable":true,"href":"https:\/\/med-disposable.com\/fr\/wp-json\/wp\/v2\/product_brand?post=1031"},{"taxonomy":"product_cat","embeddable":true,"href":"https:\/\/med-disposable.com\/fr\/wp-json\/wp\/v2\/product_cat?post=1031"},{"taxonomy":"product_tag","embeddable":true,"href":"https:\/\/med-disposable.com\/fr\/wp-json\/wp\/v2\/product_tag?post=1031"}],"curies":[{"name":"wp","href":"https:\/\/api.w.org\/{rel}","templated":true}]}}