{"id":1037,"date":"2021-03-23T16:51:50","date_gmt":"2021-03-23T08:51:50","guid":{"rendered":"https:\/\/med-disposable.com\/?post_type=product&#038;p=1037"},"modified":"2023-07-20T15:45:15","modified_gmt":"2023-07-20T07:45:15","slug":"capuchon-jetable-non-tisse-detectable-avec-bande-metallique","status":"publish","type":"product","link":"https:\/\/med-disposable.com\/fr\/product\/disposable-non-woven-detectable-clip-cap-with-metal-strip\/","title":{"rendered":"Capuchon \u00e0 clip d\u00e9tectable non tiss\u00e9 jetable avec bande m\u00e9tallique"},"content":{"rendered":"<p><strong>Pr\u00e9sentation du produit<\/strong><\/p>\n<p>Voici notre bonnet \u00e0 pince d\u00e9tectable non tiss\u00e9 jetable avec bande m\u00e9tallique, un \u00e9quipement de protection r\u00e9volutionnaire con\u00e7u pour maximiser l'hygi\u00e8ne tout en renfor\u00e7ant les mesures de s\u00e9curit\u00e9 dans votre environnement de travail. Ces bonnets \u00e0 clip emp\u00eachent non seulement la chute des cheveux sur le lieu de travail, mais ils sont \u00e9galement dot\u00e9s d'une bande m\u00e9tallique unique qui permet de les d\u00e9tecter facilement lors de l'emballage. Fabriqu\u00e9s en polypropyl\u00e8ne non tiss\u00e9 de haute qualit\u00e9, ces bonnets sont un choix privil\u00e9gi\u00e9 pour l'industrie alimentaire et au-del\u00e0.<\/p>\n<p><img fetchpriority=\"high\" decoding=\"async\" class=\"aligncenter wp-image-9238 size-large\" src=\"https:\/\/med-disposable.com\/wp-content\/uploads\/2021\/03\/40A9093-1024x1024.jpg\" alt=\"\" width=\"800\" height=\"800\" srcset=\"https:\/\/med-disposable.com\/wp-content\/uploads\/2021\/03\/40A9093-1024x1024.jpg 1024w, https:\/\/med-disposable.com\/wp-content\/uploads\/2021\/03\/40A9093-300x300.jpg 300w, https:\/\/med-disposable.com\/wp-content\/uploads\/2021\/03\/40A9093-150x150.jpg 150w, https:\/\/med-disposable.com\/wp-content\/uploads\/2021\/03\/40A9093-768x768.jpg 768w, https:\/\/med-disposable.com\/wp-content\/uploads\/2021\/03\/40A9093-1536x1536.jpg 1536w, https:\/\/med-disposable.com\/wp-content\/uploads\/2021\/03\/40A9093-scaled.jpg 2048w, https:\/\/med-disposable.com\/wp-content\/uploads\/2021\/03\/40A9093-600x600.jpg 600w, https:\/\/med-disposable.com\/wp-content\/uploads\/2021\/03\/40A9093-100x100.jpg 100w\" sizes=\"(max-width: 800px) 100vw, 800px\" \/><\/p>\n<p><strong>Sp\u00e9cification d\u00e9taill\u00e9e :<\/strong><\/p>\n<table width=\"559\">\n<tbody>\n<tr>\n<td width=\"106\">Taille<\/td>\n<td width=\"453\">18\", 19\", 21\", 24\", ou selon les besoins<\/td>\n<\/tr>\n<tr>\n<td width=\"106\">Mat\u00e9riau<\/td>\n<td width=\"453\">PP non tiss\u00e9, 10-15gsm<\/td>\n<\/tr>\n<tr>\n<td width=\"106\">Style<\/td>\n<td width=\"453\">capuchon \u00e0 clip, avec bandes d'aluminium<\/td>\n<\/tr>\n<tr>\n<td width=\"106\">Couleur<\/td>\n<td width=\"453\">Blanc, bleu, rose, jaune, vert, orange, violet, noir, (toutes les couleurs peuvent \u00eatre disponibles)<\/td>\n<\/tr>\n<tr>\n<td width=\"106\">Emballage<\/td>\n<td width=\"453\">100 pcs\/sachet, 1000pcs\/ctn, selon les besoins<\/td>\n<\/tr>\n<tr>\n<td width=\"106\">Conception de l'emballage<\/td>\n<td width=\"453\">L'impression des sacs int\u00e9rieurs et des cartons peut \u00eatre r\u00e9alis\u00e9e selon les besoins.<\/td>\n<\/tr>\n<\/tbody>\n<\/table>\n<p><img decoding=\"async\" class=\"aligncenter wp-image-9237 size-large\" src=\"https:\/\/med-disposable.com\/wp-content\/uploads\/2021\/03\/40A9091-1024x1024.jpg\" alt=\"\" width=\"800\" height=\"800\" srcset=\"https:\/\/med-disposable.com\/wp-content\/uploads\/2021\/03\/40A9091-1024x1024.jpg 1024w, https:\/\/med-disposable.com\/wp-content\/uploads\/2021\/03\/40A9091-300x300.jpg 300w, https:\/\/med-disposable.com\/wp-content\/uploads\/2021\/03\/40A9091-150x150.jpg 150w, https:\/\/med-disposable.com\/wp-content\/uploads\/2021\/03\/40A9091-768x768.jpg 768w, https:\/\/med-disposable.com\/wp-content\/uploads\/2021\/03\/40A9091-1536x1536.jpg 1536w, https:\/\/med-disposable.com\/wp-content\/uploads\/2021\/03\/40A9091-scaled.jpg 2048w, https:\/\/med-disposable.com\/wp-content\/uploads\/2021\/03\/40A9091-600x600.jpg 600w, https:\/\/med-disposable.com\/wp-content\/uploads\/2021\/03\/40A9091-100x100.jpg 100w\" sizes=\"(max-width: 800px) 100vw, 800px\" \/><\/p>\n<p><strong>Caract\u00e9ristiques<\/strong><\/p>\n<p>Notre bouchon \u00e0 clip d\u00e9tectable non tiss\u00e9 jetable pr\u00e9sente une s\u00e9rie de caract\u00e9ristiques qui en font un outil indispensable dans tout espace de travail ax\u00e9 sur l'hygi\u00e8ne :<\/p>\n<ol>\n<li><strong>Bande m\u00e9tallique<\/strong>: Cette caract\u00e9ristique unique permet de d\u00e9tecter facilement le bouchon lors du conditionnement, r\u00e9duisant ainsi le risque de contamination accidentelle.<\/li>\n<li><strong>Options \u00e9lastiques<\/strong>: Disponible avec des bandes \u00e9lastiques simples ou doubles, ce produit r\u00e9pond aux diverses pr\u00e9f\u00e9rences des utilisateurs en mati\u00e8re d'ajustement et de confort.<\/li>\n<li><strong>Adaptation universelle<\/strong>: Le capuchon \u00e0 clip est con\u00e7u pour s'adapter \u00e0 tous les styles de cheveux, ce qui le rend adapt\u00e9 \u00e0 tous les travailleurs.<\/li>\n<li><strong>Options de couleur<\/strong>: Pour r\u00e9pondre aux pr\u00e9f\u00e9rences individuelles ou s'adapter \u00e0 la palette de couleurs de votre entreprise, nous proposons cette casquette \u00e0 clip en plusieurs couleurs.<\/li>\n<\/ol>\n<p><img decoding=\"async\" class=\"aligncenter wp-image-9240 size-large\" src=\"https:\/\/med-disposable.com\/wp-content\/uploads\/2021\/03\/40A9097-1024x1024.jpg\" alt=\"\" width=\"800\" height=\"800\" srcset=\"https:\/\/med-disposable.com\/wp-content\/uploads\/2021\/03\/40A9097-1024x1024.jpg 1024w, https:\/\/med-disposable.com\/wp-content\/uploads\/2021\/03\/40A9097-300x300.jpg 300w, https:\/\/med-disposable.com\/wp-content\/uploads\/2021\/03\/40A9097-150x150.jpg 150w, https:\/\/med-disposable.com\/wp-content\/uploads\/2021\/03\/40A9097-768x768.jpg 768w, https:\/\/med-disposable.com\/wp-content\/uploads\/2021\/03\/40A9097-1536x1536.jpg 1536w, https:\/\/med-disposable.com\/wp-content\/uploads\/2021\/03\/40A9097-scaled.jpg 2048w, https:\/\/med-disposable.com\/wp-content\/uploads\/2021\/03\/40A9097-600x600.jpg 600w, https:\/\/med-disposable.com\/wp-content\/uploads\/2021\/03\/40A9097-100x100.jpg 100w\" sizes=\"(max-width: 800px) 100vw, 800px\" \/><\/p>\n<p><strong>Avantages<\/strong><\/p>\n<p>Le bouchon \u00e0 clip d\u00e9tectable non tiss\u00e9 \u00e0 usage unique pr\u00e9sente plusieurs avantages cl\u00e9s :<\/p>\n<ol>\n<li><strong>Pr\u00e9vention de la contamination<\/strong>: Le bonnet est con\u00e7u pour \u00e9viter la chute des cheveux, r\u00e9duisant ainsi la contamination sur le lieu de travail.<\/li>\n<li><strong>D\u00e9tection facile<\/strong>: La bande m\u00e9tallique int\u00e9gr\u00e9e permet une d\u00e9tection facile lors de l'emballage, garantissant qu'aucun bouchon ne passe inaper\u00e7u ou ne contamine accidentellement le produit.<\/li>\n<li><strong>Confort et polyvalence<\/strong>: Avec des options d'\u00e9lastiques simples ou doubles, ce chapeau r\u00e9pond \u00e0 diff\u00e9rents niveaux de confort et convient \u00e0 tous les styles de cheveux.<\/li>\n<li><strong>Divers choix de couleurs<\/strong>: Notre large gamme d'options de couleurs permet \u00e0 la casquette de s'aligner sur les couleurs de votre marque ou d'aider \u00e0 codifier les r\u00f4les professionnels sur votre lieu de travail.<\/li>\n<\/ol>\n<p>&nbsp;<\/p>\n<p><strong>Utilisations<\/strong><\/p>\n<p>Le bouchon \u00e0 clip d\u00e9tectable non tiss\u00e9 jetable est un accessoire de protection polyvalent largement utilis\u00e9 dans l'industrie alimentaire, en particulier dans les secteurs de la transformation, de l'emballage et du service. Sa bande m\u00e9tallique unique en fait un choix privil\u00e9gi\u00e9 pour toute entreprise cherchant \u00e0 minimiser la contamination des produits tout en respectant des normes d'hygi\u00e8ne strictes.<\/p>\n<p>&nbsp;<\/p>\n<p><strong>FAQ :<\/strong><\/p>\n<ol>\n<li><strong>Quels sont les d\u00e9lais de livraison pour les commandes en gros de Capuchon \u00e0 clip d\u00e9tectable non tiss\u00e9 jetable avec bande m\u00e9tallique ?<\/strong>\n<p>Nous nous effor\u00e7ons d'assurer un processus de livraison sans heurts pour tous nos clients, en particulier pour les commandes importantes. Toutefois, les d\u00e9lais de livraison peuvent varier en fonction du volume de la commande et de la destination. Pour obtenir un d\u00e9lai de livraison plus pr\u00e9cis, nous vous recommandons de nous contacter directement avec les d\u00e9tails de votre commande.<\/li>\n<li><strong>Des remises sont-elles accord\u00e9es pour les commandes importantes de Capuchon \u00e0 clip d\u00e9tectable non tiss\u00e9 jetable avec bande m\u00e9tallique ?<\/strong>\n<p>Nous comprenons les implications financi\u00e8res des commandes importantes et sommes heureux d'offrir des remises pour de tels achats. Les sp\u00e9cificit\u00e9s de ces remises peuvent varier en fonction de la taille de la commande. Pour de plus amples informations sur les remises, veuillez nous contacter directement.<\/li>\n<li><strong>Quelles mesures prenez-vous pour garantir la qualit\u00e9 du bouchon \u00e0 clip d\u00e9tectable non tiss\u00e9 jetable avec bande m\u00e9tallique ?<\/strong>\n<p>Nous disposons d'un solide processus de contr\u00f4le de la qualit\u00e9 qui comprend une inspection et des tests rigoureux de tous nos produits, y compris le bouchon \u00e0 clip d\u00e9tectable non tiss\u00e9 jetable. Nous respectons strictement les normes internationales de s\u00e9curit\u00e9 et de qualit\u00e9, ce qui vous garantit un produit s\u00fbr, fiable et de la plus haute qualit\u00e9.<\/li>\n<li><strong>Est-il possible d'obtenir des \u00e9chantillons avant de passer une commande importante ?<\/strong>\n<p>Nous sommes tout \u00e0 fait conscients de la n\u00e9cessit\u00e9 d'\u00e9valuer la qualit\u00e9 des produits avant de s'engager dans une commande importante. C'est pourquoi nous fournissons des \u00e9chantillons \u00e0 nos clients. Veuillez nous contacter directement pour savoir comment demander des \u00e9chantillons.<\/li>\n<li><strong>Le bouchon \u00e0 clip d\u00e9tectable non tiss\u00e9 jetable avec bande m\u00e9tallique peut-il \u00eatre r\u00e9utilis\u00e9 ?<\/strong>\n<p>Le bouchon \u00e0 clip d\u00e9tectable non tiss\u00e9 jetable est destin\u00e9 \u00e0 un usage unique afin de garantir une hygi\u00e8ne et une s\u00e9curit\u00e9 maximales. La r\u00e9utilisation du produit est fortement d\u00e9conseill\u00e9e car elle pourrait compromettre ses qualit\u00e9s protectrices. Un nouveau bouchon doit \u00eatre utilis\u00e9 \u00e0 chaque fois pour une s\u00e9curit\u00e9 et une hygi\u00e8ne optimales.<\/li>\n<\/ol>","protected":false},"excerpt":{"rendered":"<p>Mat\u00e9riau non tiss\u00e9 en PP, avec \u00e9lastique simple ou double<\/p>\n<p>Avec une bande m\u00e9tallique, facile \u00e0 d\u00e9tecter lors de l'emballage. Largement utilis\u00e9 dans l'industrie alimentaire<\/p>","protected":false},"featured_media":1043,"template":"","meta":{"_seopress_robots_primary_cat":"none","_seopress_titles_title":"Experience Comfortable Fit with Metal Strip, Strong Size Extension &amp; Intelligent Cutting Seam","_seopress_titles_desc":"Disposable non woven detectable clip cap with metal strip, easy to detect during packing. Widely used in the food industry. Place your order with us today.","_seopress_robots_index":""},"product_brand":[],"product_cat":[46],"product_tag":[67,57],"class_list":{"0":"post-1037","1":"product","2":"type-product","3":"status-publish","4":"has-post-thumbnail","6":"product_cat-caps","7":"product_tag-cap","8":"product_tag-non-woven","10":"first","11":"instock","12":"shipping-taxable","13":"product-type-simple"},"_links":{"self":[{"href":"https:\/\/med-disposable.com\/fr\/wp-json\/wp\/v2\/product\/1037","targetHints":{"allow":["GET"]}}],"collection":[{"href":"https:\/\/med-disposable.com\/fr\/wp-json\/wp\/v2\/product"}],"about":[{"href":"https:\/\/med-disposable.com\/fr\/wp-json\/wp\/v2\/types\/product"}],"version-history":[{"count":0,"href":"https:\/\/med-disposable.com\/fr\/wp-json\/wp\/v2\/product\/1037\/revisions"}],"wp:featuredmedia":[{"embeddable":true,"href":"https:\/\/med-disposable.com\/fr\/wp-json\/wp\/v2\/media\/1043"}],"wp:attachment":[{"href":"https:\/\/med-disposable.com\/fr\/wp-json\/wp\/v2\/media?parent=1037"}],"wp:term":[{"taxonomy":"product_brand","embeddable":true,"href":"https:\/\/med-disposable.com\/fr\/wp-json\/wp\/v2\/product_brand?post=1037"},{"taxonomy":"product_cat","embeddable":true,"href":"https:\/\/med-disposable.com\/fr\/wp-json\/wp\/v2\/product_cat?post=1037"},{"taxonomy":"product_tag","embeddable":true,"href":"https:\/\/med-disposable.com\/fr\/wp-json\/wp\/v2\/product_tag?post=1037"}],"curies":[{"name":"wp","href":"https:\/\/api.w.org\/{rel}","templated":true}]}}