{"id":1070,"date":"2021-03-25T16:41:03","date_gmt":"2021-03-25T08:41:03","guid":{"rendered":"https:\/\/med-disposable.com\/?post_type=product&#038;p=1070"},"modified":"2023-06-01T16:37:18","modified_gmt":"2023-06-01T08:37:18","slug":"feuille-de-transfert-de-patient-jetable-avec-poignees","status":"publish","type":"product","link":"https:\/\/med-disposable.com\/fr\/product\/disposable-patient-transfer-slide-sheet-with-handles\/","title":{"rendered":"Feuille de transfert \u00e0 usage unique avec poign\u00e9es"},"content":{"rendered":"<h2>Sp\u00e9cifications d\u00e9taill\u00e9es de la feuille de transfert de patient jetable<\/h2>\n<p><strong>Mat\u00e9riau :<\/strong>\u00a0Tissu non tiss\u00e9 en polypropyl\u00e8ne (PP) de haute qualit\u00e9<br \/>\n<strong>Poids du tissu :<\/strong> Personnalisable, allant g\u00e9n\u00e9ralement de 80 g\/m\u00b2 \u00e0 120 g\/m\u00b2.<br \/>\n<strong>Taille :<\/strong>\u00a0Disponible en diff\u00e9rentes tailles, telles que 28\u2033 x 72\u2033, 36\u2033 x 72\u2033, ou selon les besoins du client.<br \/>\n<strong>Poign\u00e9es :<\/strong>\u00a0Poign\u00e9es renforc\u00e9es de chaque c\u00f4t\u00e9 pour une bonne prise en main et un contr\u00f4le optimal<br \/>\n<strong>Couleur :<\/strong> Bleu, autres couleurs possibles sur demande<br \/>\n<strong>Capacit\u00e9 de poids :<\/strong>\u00a0Convient aux patients jusqu'\u00e0 136 kg (300 lb) ou selon les besoins du client<br \/>\n<strong>Emballage :<\/strong> 1pc\/sac, 50pcs\/carton, selon les besoins du client<\/p>\n<p>&nbsp;<\/p>\n<p><img fetchpriority=\"high\" decoding=\"async\" class=\"aligncenter wp-image-7497 size-large\" src=\"https:\/\/med-disposable.com\/wp-content\/uploads\/2021\/03\/transfer-sheet-6-1024x1024.jpg\" alt=\"\" width=\"800\" height=\"800\" srcset=\"https:\/\/med-disposable.com\/wp-content\/uploads\/2021\/03\/transfer-sheet-6-1024x1024.jpg 1024w, https:\/\/med-disposable.com\/wp-content\/uploads\/2021\/03\/transfer-sheet-6-300x300.jpg 300w, https:\/\/med-disposable.com\/wp-content\/uploads\/2021\/03\/transfer-sheet-6-150x150.jpg 150w, https:\/\/med-disposable.com\/wp-content\/uploads\/2021\/03\/transfer-sheet-6-768x768.jpg 768w, https:\/\/med-disposable.com\/wp-content\/uploads\/2021\/03\/transfer-sheet-6-600x600.jpg 600w, https:\/\/med-disposable.com\/wp-content\/uploads\/2021\/03\/transfer-sheet-6-100x100.jpg 100w, https:\/\/med-disposable.com\/wp-content\/uploads\/2021\/03\/transfer-sheet-6.jpg 1050w\" sizes=\"(max-width: 800px) 100vw, 800px\" \/><\/p>\n<h2><\/h2>\n<h2>Caract\u00e9ristiques de la feuille de transfert jetable :<\/h2>\n<p><span class=\"tgt\" data-section=\"0\" data-sentence=\"0\" data-group=\"0-0\">1. les plaques de glissement sont particuli\u00e8rement adapt\u00e9es aux premiers soins, \u00e0 l'anesth\u00e9sie g\u00e9n\u00e9rale, aux patients qui viennent de subir une intervention chirurgicale grave, aux patients pesant plus de 100 kg.<\/span><span class=\"tgt\" data-section=\"0\" data-sentence=\"1\" data-group=\"0-1\">\u00a0<\/span><\/p>\n<p><span class=\"src\" data-group=\"0-3\">2. le patient doit \u00eatre tir\u00e9 lat\u00e9ralement sur la surface d'appui sans \u00eatre soulev\u00e9. <\/span><span class=\"src\" data-group=\"0-4\">Veillez \u00e0 ce que le poids du patient soit uniform\u00e9ment r\u00e9parti sur l'alaise et que toutes les poign\u00e9es de l'alaise soient utilis\u00e9es. <\/span><span class=\"src\" data-group=\"0-5\">Des pratiques s\u00fbres de manipulation des patients doivent toujours \u00eatre appliqu\u00e9es.<\/span><\/p>\n<p>3. lors de l'utilisation de la feuille de transfert pour repositionner un patient dans son lit, le cou et le corps sont d\u00e9plac\u00e9s \u00e0 plat, ce qui r\u00e9duit les contraintes physiques sur le dos, les \u00e9paules, le cou et les bras et \u00e9vite les accidents pendant le transfert.<\/p>\n<p>&nbsp;<\/p>\n<p><img decoding=\"async\" class=\"aligncenter wp-image-7498 size-full\" src=\"https:\/\/med-disposable.com\/wp-content\/uploads\/2021\/03\/transfer-sheet.png\" alt=\"\" width=\"800\" height=\"800\" srcset=\"https:\/\/med-disposable.com\/wp-content\/uploads\/2021\/03\/transfer-sheet.png 800w, https:\/\/med-disposable.com\/wp-content\/uploads\/2021\/03\/transfer-sheet-300x300.png 300w, https:\/\/med-disposable.com\/wp-content\/uploads\/2021\/03\/transfer-sheet-150x150.png 150w, https:\/\/med-disposable.com\/wp-content\/uploads\/2021\/03\/transfer-sheet-768x768.png 768w, https:\/\/med-disposable.com\/wp-content\/uploads\/2021\/03\/transfer-sheet-600x600.png 600w, https:\/\/med-disposable.com\/wp-content\/uploads\/2021\/03\/transfer-sheet-100x100.png 100w\" sizes=\"(max-width: 800px) 100vw, 800px\" \/><\/p>\n<p>&nbsp;<\/p>\n<h2><strong>FAQ<\/strong><\/h2>\n<p><strong>Q : Comment utiliser correctement la feuille de glissement \u00e0 usage unique avec poign\u00e9es ?<\/strong><br \/>\nR : Pour utiliser la feuille de diapositives, proc\u00e9dez comme suit :<\/p>\n<ol>\n<li>Placez le drap de glissement sous le patient, en veillant \u00e0 ce que les poign\u00e9es soient accessibles.<\/li>\n<li>Demandez \u00e0 un ou plusieurs soignants de tenir fermement les poign\u00e9es, en veillant \u00e0 ce que le poids du patient soit r\u00e9parti uniform\u00e9ment.<\/li>\n<li>Faites glisser doucement le patient jusqu'\u00e0 l'endroit souhait\u00e9, en maintenant le contr\u00f4le et la communication tout au long du processus de transfert.<\/li>\n<li>Une fois le transfert termin\u00e9, retirez avec pr\u00e9caution le drap de glissement de dessous le patient.<\/li>\n<\/ol>\n<p><img decoding=\"async\" class=\"aligncenter wp-image-7499 size-full\" src=\"https:\/\/med-disposable.com\/wp-content\/uploads\/2021\/03\/Medical-Patient-Hospital-Moving-Transfer-Sheet-Pad.jpg\" alt=\"\" width=\"800\" height=\"800\" srcset=\"https:\/\/med-disposable.com\/wp-content\/uploads\/2021\/03\/Medical-Patient-Hospital-Moving-Transfer-Sheet-Pad.jpg 800w, https:\/\/med-disposable.com\/wp-content\/uploads\/2021\/03\/Medical-Patient-Hospital-Moving-Transfer-Sheet-Pad-300x300.jpg 300w, https:\/\/med-disposable.com\/wp-content\/uploads\/2021\/03\/Medical-Patient-Hospital-Moving-Transfer-Sheet-Pad-150x150.jpg 150w, https:\/\/med-disposable.com\/wp-content\/uploads\/2021\/03\/Medical-Patient-Hospital-Moving-Transfer-Sheet-Pad-768x768.jpg 768w, https:\/\/med-disposable.com\/wp-content\/uploads\/2021\/03\/Medical-Patient-Hospital-Moving-Transfer-Sheet-Pad-600x600.jpg 600w, https:\/\/med-disposable.com\/wp-content\/uploads\/2021\/03\/Medical-Patient-Hospital-Moving-Transfer-Sheet-Pad-100x100.jpg 100w\" sizes=\"(max-width: 800px) 100vw, 800px\" \/><\/p>\n<p>&nbsp;<\/p>\n<p><strong>Q : Quelle est la quantit\u00e9 minimale de commande (MOQ) pour la feuille de glissement jetable avec poign\u00e9es ?<\/strong><br \/>\nR : En g\u00e9n\u00e9ral, le MOQ est de 10 000 pi\u00e8ces. Il varie en fonction des sp\u00e9cifications du produit et des exigences de personnalisation. Veuillez nous contacter \u00e0 l'adresse suivante : info@med-disposable.com pour obtenir de plus amples informations sur les QMo correspondant \u00e0 vos besoins sp\u00e9cifiques.<\/p>\n<p><strong>Q : Puis-je demander un \u00e9chantillon de la feuille de transfert avant de passer commande ?<\/strong><br \/>\nR : Oui, nous pouvons fournir des \u00e9chantillons sur demande.<\/p>\n<p><strong>Q : Les feuilles de transfert de patients en PP non tiss\u00e9 \u00e0 usage unique sont-elles r\u00e9utilisables ?<\/strong><br \/>\nR : Nos lames sont con\u00e7ues pour un usage unique afin de respecter les normes d'hygi\u00e8ne et de minimiser le risque de contamination crois\u00e9e. Veuillez jeter la feuille de diapositives apr\u00e8s chaque utilisation conform\u00e9ment aux directives et aux protocoles de votre \u00e9tablissement.<\/p>","protected":false},"excerpt":{"rendered":"<p>Le drap de transfert jetable avec poign\u00e9es est con\u00e7u pour fournir aux soignants une m\u00e9thode efficace et s\u00fbre pour le transfert des patients dans les \u00e9tablissements de sant\u00e9. Fabriqu\u00e9e en polypropyl\u00e8ne (PP) non tiss\u00e9 de haute qualit\u00e9, cette al\u00e8se garantit la durabilit\u00e9, le confort et l'hygi\u00e8ne tout en minimisant le risque de blessures lors des transferts de patients.<\/p>","protected":false},"featured_media":7494,"template":"","meta":{"_seopress_robots_primary_cat":"none","_seopress_titles_title":"Disposable patient transfer slide sheet with handles - YouFu Medical","_seopress_titles_desc":"Introducing slide sheets: Patients can be safely transferred with less strain to back, shoulders, neck and arms. Suitable for first aid, general surgery, severe surgery and patients over 100kg. Choose from different styles and materials for safe patient handling.","_seopress_robots_index":""},"product_brand":[],"product_cat":[49],"product_tag":[84],"class_list":{"0":"post-1070","1":"product","2":"type-product","3":"status-publish","4":"has-post-thumbnail","6":"product_cat-bed-linens","7":"product_tag-transfer-sheet","9":"first","10":"instock","11":"shipping-taxable","12":"product-type-simple"},"_links":{"self":[{"href":"https:\/\/med-disposable.com\/fr\/wp-json\/wp\/v2\/product\/1070","targetHints":{"allow":["GET"]}}],"collection":[{"href":"https:\/\/med-disposable.com\/fr\/wp-json\/wp\/v2\/product"}],"about":[{"href":"https:\/\/med-disposable.com\/fr\/wp-json\/wp\/v2\/types\/product"}],"version-history":[{"count":0,"href":"https:\/\/med-disposable.com\/fr\/wp-json\/wp\/v2\/product\/1070\/revisions"}],"wp:featuredmedia":[{"embeddable":true,"href":"https:\/\/med-disposable.com\/fr\/wp-json\/wp\/v2\/media\/7494"}],"wp:attachment":[{"href":"https:\/\/med-disposable.com\/fr\/wp-json\/wp\/v2\/media?parent=1070"}],"wp:term":[{"taxonomy":"product_brand","embeddable":true,"href":"https:\/\/med-disposable.com\/fr\/wp-json\/wp\/v2\/product_brand?post=1070"},{"taxonomy":"product_cat","embeddable":true,"href":"https:\/\/med-disposable.com\/fr\/wp-json\/wp\/v2\/product_cat?post=1070"},{"taxonomy":"product_tag","embeddable":true,"href":"https:\/\/med-disposable.com\/fr\/wp-json\/wp\/v2\/product_tag?post=1070"}],"curies":[{"name":"wp","href":"https:\/\/api.w.org\/{rel}","templated":true}]}}