{"id":1093,"date":"2021-03-26T17:02:36","date_gmt":"2021-03-26T09:02:36","guid":{"rendered":"https:\/\/med-disposable.com\/?post_type=product&#038;p=1093"},"modified":"2023-07-20T17:31:52","modified_gmt":"2023-07-20T09:31:52","slug":"casquette-sms-jetable-pour-medecin-et-infirmiere","status":"publish","type":"product","link":"https:\/\/med-disposable.com\/fr\/product\/disposable-sms-cap-for-doctor-and-nurse\/","title":{"rendered":"Casquette SMS jetable pour m\u00e9decin et infirmi\u00e8re"},"content":{"rendered":"<p><strong>Pr\u00e9sentation du produit<\/strong><\/p>\n<p>Con\u00e7ue pour r\u00e9pondre aux besoins exigeants des professionnels de la sant\u00e9, notre casquette SMS jetable pour m\u00e9decins et infirmi\u00e8res est une solution de coiffure polyvalente pour les environnements m\u00e9dicaux. Fabriqu\u00e9e \u00e0 partir d'un mat\u00e9riau de haute qualit\u00e9, le Spunbond Meltblown Spunbond (SMS), cette casquette garantit non seulement une excellente protection contre les liquides, mais contribue \u00e9galement \u00e0 pr\u00e9venir les infections crois\u00e9es. Avec un dos \u00e9lastique pour une couverture compl\u00e8te des cheveux et un port confortable tout au long de la journ\u00e9e, cette casquette offre \u00e0 la fois s\u00e9curit\u00e9 et confort dans un environnement m\u00e9dical exigeant.<\/p>\n<p><img fetchpriority=\"high\" decoding=\"async\" class=\"aligncenter wp-image-9257 size-full\" src=\"https:\/\/med-disposable.com\/wp-content\/uploads\/2021\/03\/doctor-cap5.jpg\" alt=\"\" width=\"800\" height=\"800\" srcset=\"https:\/\/med-disposable.com\/wp-content\/uploads\/2021\/03\/doctor-cap5.jpg 800w, https:\/\/med-disposable.com\/wp-content\/uploads\/2021\/03\/doctor-cap5-300x300.jpg 300w, https:\/\/med-disposable.com\/wp-content\/uploads\/2021\/03\/doctor-cap5-150x150.jpg 150w, https:\/\/med-disposable.com\/wp-content\/uploads\/2021\/03\/doctor-cap5-768x768.jpg 768w, https:\/\/med-disposable.com\/wp-content\/uploads\/2021\/03\/doctor-cap5-600x600.jpg 600w, https:\/\/med-disposable.com\/wp-content\/uploads\/2021\/03\/doctor-cap5-100x100.jpg 100w\" sizes=\"(max-width: 800px) 100vw, 800px\" \/><\/p>\n<p><strong>Caract\u00e9ristiques<\/strong><\/p>\n<ol>\n<li><strong>Mat\u00e9riau de qualit\u00e9<\/strong>: Notre bouchon SMS jetable est fabriqu\u00e9 en mat\u00e9riau SMS, connu pour ses excellentes capacit\u00e9s de r\u00e9sistance aux liquides. Il s'agit donc d'un choix id\u00e9al pour les environnements o\u00f9 l'exposition aux liquides est un probl\u00e8me.<\/li>\n<li><strong>Dos \u00e9lastique<\/strong>: Con\u00e7ue pour le confort de l'utilisateur, cette coiffe est dot\u00e9e d'un dos \u00e9lastique qui garantit un ajustement confortable pour toutes les tailles de t\u00eate. Il couvre enti\u00e8rement les cheveux, ce qui est essentiel pour maintenir des conditions st\u00e9riles.<\/li>\n<li><strong>Pr\u00e9vention des infections crois\u00e9es<\/strong>: L'utilisation du mat\u00e9riau SMS dans nos casquettes permet d'\u00e9viter les infections crois\u00e9es, ce qui en fait un choix s\u00fbr pour les environnements m\u00e9dicaux.<\/li>\n<\/ol>\n<p><img decoding=\"async\" class=\"aligncenter wp-image-9255 size-large\" src=\"https:\/\/med-disposable.com\/wp-content\/uploads\/2021\/03\/doctor-cap3-1024x1024.jpg\" alt=\"\" width=\"800\" height=\"800\" srcset=\"https:\/\/med-disposable.com\/wp-content\/uploads\/2021\/03\/doctor-cap3-1024x1024.jpg 1024w, https:\/\/med-disposable.com\/wp-content\/uploads\/2021\/03\/doctor-cap3-300x300.jpg 300w, https:\/\/med-disposable.com\/wp-content\/uploads\/2021\/03\/doctor-cap3-150x150.jpg 150w, https:\/\/med-disposable.com\/wp-content\/uploads\/2021\/03\/doctor-cap3-768x768.jpg 768w, https:\/\/med-disposable.com\/wp-content\/uploads\/2021\/03\/doctor-cap3-600x600.jpg 600w, https:\/\/med-disposable.com\/wp-content\/uploads\/2021\/03\/doctor-cap3-100x100.jpg 100w, https:\/\/med-disposable.com\/wp-content\/uploads\/2021\/03\/doctor-cap3.jpg 1500w\" sizes=\"(max-width: 800px) 100vw, 800px\" \/><\/p>\n<p><strong>Sp\u00e9cification d\u00e9taill\u00e9e :<\/strong><\/p>\n<table width=\"559\">\n<tbody>\n<tr>\n<td width=\"106\">Taille<\/td>\n<td width=\"453\">60*13cm, selon les besoins<\/td>\n<\/tr>\n<tr>\n<td width=\"106\">Mat\u00e9riau<\/td>\n<td width=\"453\">SMS 35gsm, \u00e9galement 25, 30, 40gsm sur demande<\/td>\n<\/tr>\n<tr>\n<td width=\"106\">Style<\/td>\n<td width=\"453\">dos avec \u00e9lastique<\/td>\n<\/tr>\n<tr>\n<td width=\"106\">Couleur<\/td>\n<td width=\"453\">Bleu<\/td>\n<\/tr>\n<tr>\n<td width=\"106\">Emballage<\/td>\n<td width=\"453\">100 pcs\/sachet, 1000pcs\/ctn, selon les besoins<\/td>\n<\/tr>\n<tr>\n<td width=\"106\">Application<\/td>\n<td width=\"453\">Salle d'op\u00e9ration, laboratoire, atelier m\u00e9dical<\/td>\n<\/tr>\n<\/tbody>\n<\/table>\n<p><img decoding=\"async\" class=\"aligncenter wp-image-8110 size-large\" src=\"https:\/\/med-disposable.com\/wp-content\/uploads\/2021\/08\/disposable-doctor-cap-1024x576.jpg\" alt=\"\" width=\"800\" height=\"450\" srcset=\"https:\/\/med-disposable.com\/wp-content\/uploads\/2021\/08\/disposable-doctor-cap-1024x576.jpg 1024w, https:\/\/med-disposable.com\/wp-content\/uploads\/2021\/08\/disposable-doctor-cap-300x169.jpg 300w, https:\/\/med-disposable.com\/wp-content\/uploads\/2021\/08\/disposable-doctor-cap-768x432.jpg 768w, https:\/\/med-disposable.com\/wp-content\/uploads\/2021\/08\/disposable-doctor-cap-600x338.jpg 600w, https:\/\/med-disposable.com\/wp-content\/uploads\/2021\/08\/disposable-doctor-cap.jpg 1280w\" sizes=\"(max-width: 800px) 100vw, 800px\" \/><\/p>\n<p><strong>Avantages<\/strong><\/p>\n<ol>\n<li><strong>Protection renforc\u00e9e<\/strong>: Gr\u00e2ce \u00e0 sa fonction sup\u00e9rieure d'\u00e9tanch\u00e9it\u00e9 aux liquides, le bouchon offre une s\u00e9curit\u00e9 accrue dans les environnements m\u00e9dicaux o\u00f9 l'exposition aux liquides est possible.<\/li>\n<li><strong>Port confortable<\/strong>: Le dos \u00e9lastique assure un ajustement confortable, ce qui permet de le porter \u00e0 long terme.<\/li>\n<li><strong>Entretien de l'hygi\u00e8ne<\/strong>: En couvrant tous les cheveux, le bonnet contribue \u00e0 maintenir un environnement st\u00e9rile, ce qui est essentiel dans les \u00e9tablissements de soins de sant\u00e9.<\/li>\n<\/ol>\n<p>&nbsp;<\/p>\n<p><strong>Utilisations<\/strong><\/p>\n<p>Le bonnet SMS jetable pour m\u00e9decins et infirmi\u00e8res est principalement utilis\u00e9 dans les \u00e9tablissements de sant\u00e9 tels que les h\u00f4pitaux, les cliniques et les laboratoires. Cependant, sa fonctionnalit\u00e9 lui permet de convenir \u00e0 toute industrie o\u00f9 l'hygi\u00e8ne et la r\u00e9sistance aux liquides sont cruciales, comme les industries agro-alimentaires et pharmaceutiques.<\/p>\n<p>&nbsp;<\/p>\n<p><strong>FAQ<\/strong><\/p>\n<ol>\n<li><strong>Quelles sont les propri\u00e9t\u00e9s sp\u00e9cifiques du mat\u00e9riau SMS qui font de la casquette SMS jetable un choix optimal pour les professionnels de la sant\u00e9 ?<\/strong>Le mat\u00e9riau Spunbond Meltblown Spunbond (SMS) est connu pour sa grande r\u00e9sistance aux liquides, ce qui en fait un choix id\u00e9al pour les environnements de soins de sant\u00e9 o\u00f9 il y a une exposition potentielle aux fluides corporels ou \u00e0 d'autres substances liquides. En outre, il offre une excellente protection contre les infections crois\u00e9es, contribuant ainsi au maintien de conditions st\u00e9riles, une exigence cruciale dans les \u00e9tablissements de sant\u00e9.<\/li>\n<li><strong>La casquette SMS \u00e0 usage unique peut-elle \u00eatre personnalis\u00e9e pour s'harmoniser avec les uniformes du personnel m\u00e9dical ou avec le code couleur de nos services ?<\/strong>Nous comprenons que le codage couleur ou l'assortiment des uniformes du personnel peut \u00eatre crucial dans certains \u00e9tablissements de sant\u00e9 pour faciliter l'identification des diff\u00e9rents r\u00f4les ou d\u00e9partements. En fonction de la taille et des sp\u00e9cificit\u00e9s de votre commande, des options de personnalisation peuvent \u00eatre disponibles. Veuillez contacter notre \u00e9quipe de vente pour plus de d\u00e9tails.<\/li>\n<li><strong>Comment le bonnet SMS jetable s'adapte-t-il aux diff\u00e9rentes tailles de t\u00eate et aux diff\u00e9rents volumes de cheveux ?<\/strong>Notre bonnet SMS jetable est dot\u00e9 d'un dos \u00e9lastique, ce qui lui conf\u00e8re la souplesse n\u00e9cessaire pour s'adapter confortablement \u00e0 diff\u00e9rentes tailles de t\u00eate et \u00e0 diff\u00e9rents volumes de cheveux. Il assure un ajustement parfait sans causer d'inconfort, ce qui le rend id\u00e9al pour un port tout au long de la journ\u00e9e.<\/li>\n<li><strong>\u00c0 quelle fr\u00e9quence le capuchon SMS jetable doit-il \u00eatre remplac\u00e9 dans un environnement de soins de sant\u00e9 classique ?<\/strong>Pour une hygi\u00e8ne et une s\u00e9curit\u00e9 optimales, nous recommandons aux professionnels de la sant\u00e9 de remplacer leur bonnet SMS jetable chaque fois qu'ils p\u00e9n\u00e8trent dans un environnement st\u00e9rile ou aussi souvent que n\u00e9cessaire en fonction de leurs protocoles de soins sp\u00e9cifiques. Un remplacement r\u00e9gulier permet de pr\u00e9venir la contamination crois\u00e9e.<\/li>\n<li><strong>Quelles sont les mesures prises au cours du processus de fabrication pour garantir la st\u00e9rilit\u00e9 du bouchon SMS jetable ?<\/strong>Garantir la st\u00e9rilit\u00e9 de nos produits est notre priorit\u00e9 absolue. Notre processus de fabrication respecte des normes et des r\u00e9glementations strictes afin de maintenir la st\u00e9rilit\u00e9 des produits. Nous garantissons un environnement de production propre et hygi\u00e9nique et emballons nos bouchons de mani\u00e8re \u00e0 minimiser les risques de contamination avant utilisation.<\/li>\n<\/ol>","protected":false},"excerpt":{"rendered":"<p>Mat\u00e9riau SMS pour une meilleure \u00e9tanch\u00e9it\u00e9 aux liquides, emp\u00eachant les infections crois\u00e9es<\/p>\n<p>Avec un \u00e9lastique au dos, il peut couvrir tous les cheveux, il est plus \u00e9lastique et confortable \u00e0 porter toute la journ\u00e9e.<\/p>","protected":false},"featured_media":1095,"template":"","meta":{"_seopress_robots_primary_cat":"none","_seopress_titles_title":"Disposable SMS cap for doctor and nurse - YouFu Medical","_seopress_titles_desc":"This reinforced SMS fabric is waterproof and dustproof, ideal for operating rooms, laboratories and medical workshops. Wearing it is comfortable, and it comes with a size of 60*13 cm. It is specially designed with ultrasonic seam technology with options of 25-40gsm. Comes in blue. 100 pieces per bag, 1000 pieces per carton.","_seopress_robots_index":""},"product_brand":[],"product_cat":[46],"product_tag":[67,71],"class_list":{"0":"post-1093","1":"product","2":"type-product","3":"status-publish","4":"has-post-thumbnail","6":"product_cat-caps","7":"product_tag-cap","8":"product_tag-sms","10":"first","11":"instock","12":"shipping-taxable","13":"product-type-simple"},"_links":{"self":[{"href":"https:\/\/med-disposable.com\/fr\/wp-json\/wp\/v2\/product\/1093","targetHints":{"allow":["GET"]}}],"collection":[{"href":"https:\/\/med-disposable.com\/fr\/wp-json\/wp\/v2\/product"}],"about":[{"href":"https:\/\/med-disposable.com\/fr\/wp-json\/wp\/v2\/types\/product"}],"version-history":[{"count":0,"href":"https:\/\/med-disposable.com\/fr\/wp-json\/wp\/v2\/product\/1093\/revisions"}],"wp:featuredmedia":[{"embeddable":true,"href":"https:\/\/med-disposable.com\/fr\/wp-json\/wp\/v2\/media\/1095"}],"wp:attachment":[{"href":"https:\/\/med-disposable.com\/fr\/wp-json\/wp\/v2\/media?parent=1093"}],"wp:term":[{"taxonomy":"product_brand","embeddable":true,"href":"https:\/\/med-disposable.com\/fr\/wp-json\/wp\/v2\/product_brand?post=1093"},{"taxonomy":"product_cat","embeddable":true,"href":"https:\/\/med-disposable.com\/fr\/wp-json\/wp\/v2\/product_cat?post=1093"},{"taxonomy":"product_tag","embeddable":true,"href":"https:\/\/med-disposable.com\/fr\/wp-json\/wp\/v2\/product_tag?post=1093"}],"curies":[{"name":"wp","href":"https:\/\/api.w.org\/{rel}","templated":true}]}}