{"id":11208,"date":"2023-11-27T16:22:15","date_gmt":"2023-11-27T08:22:15","guid":{"rendered":"https:\/\/med-disposable.com\/?post_type=product&#038;p=11208"},"modified":"2023-11-27T16:35:52","modified_gmt":"2023-11-27T08:35:52","slug":"sacs-mortuaires-jetables-peva","status":"publish","type":"product","link":"https:\/\/med-disposable.com\/fr\/product\/disposable-body-bags-peva\/","title":{"rendered":"Housses mortuaires jetables PEVA"},"content":{"rendered":"<h2>Sp\u00e9cifications de base :<\/h2>\n<table width=\"484\">\n<tbody>\n<tr>\n<td width=\"170\">Mat\u00e9riau<\/td>\n<td width=\"314\">PEVA, usage intensif<\/td>\n<\/tr>\n<tr>\n<td width=\"170\">Couleur<\/td>\n<td width=\"314\">Blanc, noir<\/td>\n<\/tr>\n<tr>\n<td width=\"170\">Taille<\/td>\n<td width=\"314\">36\" X 90\" (90 X 230 cm)<\/td>\n<\/tr>\n<tr>\n<td width=\"170\">\u00c9paisseur<\/td>\n<td width=\"314\">0,15 mm, ou autre poids sur demande<\/td>\n<\/tr>\n<tr>\n<td width=\"170\">M\u00e9thode de couture<\/td>\n<td width=\"314\">Coutures thermosoud\u00e9es<\/td>\n<\/tr>\n<tr>\n<td width=\"170\">Style<\/td>\n<td width=\"314\">Avec fermeture \u00e0 glissi\u00e8re enveloppe, ou fermeture \u00e0 glissi\u00e8re droite<\/td>\n<\/tr>\n<tr>\n<td width=\"170\">D\u00e9tails de la fermeture \u00e0 glissi\u00e8re<\/td>\n<td width=\"314\">\u00a0Coulisseaux #5<\/td>\n<\/tr>\n<tr>\n<td width=\"170\">\u00c9tiquettes des orteils<\/td>\n<td width=\"314\">3 \u00e9tiquettes d'orteil<\/td>\n<\/tr>\n<tr>\n<td width=\"170\">Poign\u00e9es<\/td>\n<td width=\"314\">Sans poign\u00e9es, peut \u00eatre avec poign\u00e9es sur demande<\/td>\n<\/tr>\n<\/tbody>\n<\/table>\n<p><img fetchpriority=\"high\" decoding=\"async\" class=\"aligncenter wp-image-10996 size-full\" src=\"https:\/\/med-disposable.com\/wp-content\/uploads\/2023\/11\/PEVA-body-bag-style-1-2.png\" alt=\"\" width=\"800\" height=\"800\" srcset=\"https:\/\/med-disposable.com\/wp-content\/uploads\/2023\/11\/PEVA-body-bag-style-1-2.png 800w, https:\/\/med-disposable.com\/wp-content\/uploads\/2023\/11\/PEVA-body-bag-style-1-2-300x300.png 300w, https:\/\/med-disposable.com\/wp-content\/uploads\/2023\/11\/PEVA-body-bag-style-1-2-150x150.png 150w, https:\/\/med-disposable.com\/wp-content\/uploads\/2023\/11\/PEVA-body-bag-style-1-2-768x768.png 768w, https:\/\/med-disposable.com\/wp-content\/uploads\/2023\/11\/PEVA-body-bag-style-1-2-600x600.png 600w, https:\/\/med-disposable.com\/wp-content\/uploads\/2023\/11\/PEVA-body-bag-style-1-2-100x100.png 100w\" sizes=\"(max-width: 800px) 100vw, 800px\" \/><\/p>\n<h2>Avantages des sacs de transport PEVA :<\/h2>\n<ol>\n<li><strong>S\u00fbr et hygi\u00e9nique<\/strong>: Les housses mortuaires permettent d'\u00e9viter la propagation des maladies et la contamination. Ils constituent un moyen s\u00fbr et s\u00e9curis\u00e9 de manipuler, de transporter et de conserver les corps des personnes d\u00e9c\u00e9d\u00e9es.<\/li>\n<li><strong>Durable<\/strong>: Fabriqu\u00e9s \u00e0 partir de mat\u00e9riaux solides tels que le PVC ou le PEVA, les sacs de corps sont tr\u00e8s durables. Ils peuvent contenir en toute s\u00e9curit\u00e9 des poids variables et r\u00e9sister \u00e0 diff\u00e9rentes conditions.<\/li>\n<li><strong>\u00c9tanch\u00e9it\u00e9<\/strong>: Gr\u00e2ce \u00e0 des coutures thermoscell\u00e9es, les housses de transport garantissent l'\u00e9tanch\u00e9it\u00e9 du 100%. Cette caract\u00e9ristique am\u00e9liore encore la s\u00e9curit\u00e9 et la propret\u00e9 lors de la manipulation et du transport.<\/li>\n<li><strong>Polyvalence<\/strong>: Les sacs de corps sont propos\u00e9s avec diff\u00e9rentes options de fermeture \u00e0 glissi\u00e8re (droite ou enveloppante\/courb\u00e9e) afin de r\u00e9pondre aux diff\u00e9rents besoins et pr\u00e9f\u00e9rences.<\/li>\n<\/ol>\n<p><img decoding=\"async\" class=\"aligncenter wp-image-10997 size-full\" src=\"https:\/\/med-disposable.com\/wp-content\/uploads\/2023\/11\/PEVA-body-bag-style-1-3.png\" alt=\"\" width=\"800\" height=\"800\" srcset=\"https:\/\/med-disposable.com\/wp-content\/uploads\/2023\/11\/PEVA-body-bag-style-1-3.png 800w, https:\/\/med-disposable.com\/wp-content\/uploads\/2023\/11\/PEVA-body-bag-style-1-3-300x300.png 300w, https:\/\/med-disposable.com\/wp-content\/uploads\/2023\/11\/PEVA-body-bag-style-1-3-150x150.png 150w, https:\/\/med-disposable.com\/wp-content\/uploads\/2023\/11\/PEVA-body-bag-style-1-3-768x768.png 768w, https:\/\/med-disposable.com\/wp-content\/uploads\/2023\/11\/PEVA-body-bag-style-1-3-600x600.png 600w, https:\/\/med-disposable.com\/wp-content\/uploads\/2023\/11\/PEVA-body-bag-style-1-3-100x100.png 100w\" sizes=\"(max-width: 800px) 100vw, 800px\" \/> <img decoding=\"async\" class=\"aligncenter wp-image-10990 size-full\" src=\"https:\/\/med-disposable.com\/wp-content\/uploads\/2023\/11\/PEVA-body-bag\uff0c-style-3-2.png\" alt=\"\" width=\"800\" height=\"800\" srcset=\"https:\/\/med-disposable.com\/wp-content\/uploads\/2023\/11\/PEVA-body-bag\uff0c-style-3-2.png 800w, https:\/\/med-disposable.com\/wp-content\/uploads\/2023\/11\/PEVA-body-bag\uff0c-style-3-2-300x300.png 300w, https:\/\/med-disposable.com\/wp-content\/uploads\/2023\/11\/PEVA-body-bag\uff0c-style-3-2-150x150.png 150w, https:\/\/med-disposable.com\/wp-content\/uploads\/2023\/11\/PEVA-body-bag\uff0c-style-3-2-768x768.png 768w, https:\/\/med-disposable.com\/wp-content\/uploads\/2023\/11\/PEVA-body-bag\uff0c-style-3-2-600x600.png 600w, https:\/\/med-disposable.com\/wp-content\/uploads\/2023\/11\/PEVA-body-bag\uff0c-style-3-2-100x100.png 100w\" sizes=\"(max-width: 800px) 100vw, 800px\" \/><\/p>\n<h2>Comment utiliser les sacs de corps :<\/h2>\n<ol>\n<li>Ouvrez compl\u00e8tement le sac mortuaire et posez-le \u00e0 plat sur une surface s\u00fbre.<\/li>\n<li>Placez le corps du d\u00e9funt sur le sac ouvert, en veillant \u00e0 ce qu'il soit centr\u00e9.<\/li>\n<li>Une fois le corps en place, fermez le sac \u00e0 l'aide de la fermeture \u00e9clair pr\u00e9vue \u00e0 cet effet. Si le sac est muni d'une fermeture \u00e0 glissi\u00e8re en forme d'enveloppe (courb\u00e9e), commencez par une extr\u00e9mit\u00e9 et allez vers l'autre. Pour les fermetures \u00e0 glissi\u00e8re droites, il suffit de partir du point de d\u00e9part jusqu'\u00e0 l'extr\u00e9mit\u00e9 du sac.<\/li>\n<li>Apr\u00e8s avoir ferm\u00e9 le sac, assurez-vous que la fermeture \u00e0 glissi\u00e8re est bien fix\u00e9e. Certains sacs sont munis d'un sceau pour plus de s\u00e9curit\u00e9.<\/li>\n<li>Le sac mortuaire est maintenant pr\u00eat \u00e0 \u00eatre transport\u00e9. Utilisez toujours les poign\u00e9es fournies et assurez-vous d'avoir suffisamment d'aide pour soulever et d\u00e9placer le sac en toute s\u00e9curit\u00e9.<\/li>\n<\/ol>\n<p>Rappelez-vous qu'il est important de manipuler les housses mortuaires avec respect et pr\u00e9caution \u00e0 tout moment, et de toujours suivre les directives fournies par votre organisation ou les autorit\u00e9s sanitaires locales.<\/p>\n<figure class=\"wp-block-embed wp-block-embed-youtube is-type-video is-provider-youtube epyt-figure\"><div class=\"wp-block-embed__wrapper\"><div  id=\"_ytid_29956\"  width=\"800\" height=\"450\"  data-origwidth=\"800\" data-origheight=\"450\" data-facadesrc=\"https:\/\/www.youtube.com\/embed\/LJ9cebeyIeY?enablejsapi=1&autoplay=0&cc_load_policy=0&cc_lang_pref=&iv_load_policy=1&loop=0&rel=1&fs=1&playsinline=0&autohide=2&theme=dark&color=red&controls=1&disablekb=0&\" class=\"__youtube_prefs__ epyt-facade no-lazyload\" data-epautoplay=\"1\" ><img decoding=\"async\" data-spai-excluded=\"true\" class=\"epyt-facade-poster skip-lazy\" loading=\"lazy\"  alt=\"Lecteur YouTube\"  src=\"https:\/\/i.ytimg.com\/vi\/LJ9cebeyIeY\/maxresdefault.jpg\"  \/><button class=\"epyt-facade-play\" aria-label=\"Jouer\"><svg data-no-lazy=\"1\" height=\"100%\" version=\"1.1\" viewbox=\"0 0 68 48\" width=\"100%\"><path class=\"ytp-large-play-button-bg\" d=\"M66.52,7.74c-0.78-2.93-2.49-5.41-5.42-6.19C55.79,.13,34,0,34,0S12.21,.13,6.9,1.55 C3.97,2.33,2.27,4.81,1.48,7.74C0.06,13.05,0,24,0,24s0.06,10.95,1.48,16.26c0.78,2.93,2.49,5.41,5.42,6.19 C12.21,47.87,34,48,34,48s21.79-0.13,27.1-1.55c2.93-0.78,4.64-3.26,5.42-6.19C67.94,34.95,68,24,68,24S67.94,13.05,66.52,7.74z\" fill=\"#f00\"><\/path><path d=\"M 45,24 27,14 27,34\" fill=\"#fff\"><\/path><\/svg><\/button><\/div><\/div><\/figure>","protected":false},"excerpt":{"rendered":"<p>Con\u00e7us pour \u00eatre efficaces, ces sacs mortuaires en PEVA sont un outil indispensable pour les h\u00f4pitaux, les morgues et les \u00e9quipes d'intervention d'urgence.<\/p>","protected":false},"featured_media":10959,"template":"","meta":{"_seopress_robots_primary_cat":"none","_seopress_titles_title":"","_seopress_titles_desc":"","_seopress_robots_index":""},"product_brand":[],"product_cat":[484],"product_tag":[485],"class_list":{"0":"post-11208","1":"product","2":"type-product","3":"status-publish","4":"has-post-thumbnail","6":"product_cat-body-bags","7":"product_tag-body-bags","9":"first","10":"instock","11":"shipping-taxable","12":"product-type-simple"},"_links":{"self":[{"href":"https:\/\/med-disposable.com\/fr\/wp-json\/wp\/v2\/product\/11208","targetHints":{"allow":["GET"]}}],"collection":[{"href":"https:\/\/med-disposable.com\/fr\/wp-json\/wp\/v2\/product"}],"about":[{"href":"https:\/\/med-disposable.com\/fr\/wp-json\/wp\/v2\/types\/product"}],"version-history":[{"count":0,"href":"https:\/\/med-disposable.com\/fr\/wp-json\/wp\/v2\/product\/11208\/revisions"}],"wp:featuredmedia":[{"embeddable":true,"href":"https:\/\/med-disposable.com\/fr\/wp-json\/wp\/v2\/media\/10959"}],"wp:attachment":[{"href":"https:\/\/med-disposable.com\/fr\/wp-json\/wp\/v2\/media?parent=11208"}],"wp:term":[{"taxonomy":"product_brand","embeddable":true,"href":"https:\/\/med-disposable.com\/fr\/wp-json\/wp\/v2\/product_brand?post=11208"},{"taxonomy":"product_cat","embeddable":true,"href":"https:\/\/med-disposable.com\/fr\/wp-json\/wp\/v2\/product_cat?post=11208"},{"taxonomy":"product_tag","embeddable":true,"href":"https:\/\/med-disposable.com\/fr\/wp-json\/wp\/v2\/product_tag?post=11208"}],"curies":[{"name":"wp","href":"https:\/\/api.w.org\/{rel}","templated":true}]}}