{"id":1195,"date":"2021-04-09T18:08:07","date_gmt":"2021-04-09T10:08:07","guid":{"rendered":"https:\/\/med-disposable.com\/?post_type=product&#038;p=1195"},"modified":"2023-05-09T21:51:47","modified_gmt":"2023-05-09T13:51:47","slug":"casquette-dastronaute-jetable-non-tissee-avec-masque-de-protection","status":"publish","type":"product","link":"https:\/\/med-disposable.com\/fr\/product\/disposable-non-woven-astronaut-cap-with-face-mask\/","title":{"rendered":"Casquette d'astronaute jetable non tiss\u00e9e avec masque de protection"},"content":{"rendered":"<p>Sp\u00e9cification de base pour la coiffe d'astronaute jetable non tiss\u00e9e avec masque facial :<\/p>\n<table width=\"583\">\n<tbody>\n<tr>\n<td width=\"111\">Taille<\/td>\n<td width=\"472\">35*35cm, 40*35cm, selon les besoins<\/td>\n<\/tr>\n<tr>\n<td rowspan=\"2\" width=\"111\">Mat\u00e9riau<\/td>\n<td width=\"472\">Capuchon : polypropyl\u00e8ne non tiss\u00e9 (PP) de haute qualit\u00e9<\/td>\n<\/tr>\n<tr>\n<td width=\"472\">Masque facial : trois couches de mat\u00e9riau PP non tiss\u00e9, y compris une couche interm\u00e9diaire de filtration par fusion-soufflage. Il peut \u00e9galement \u00eatre compos\u00e9 de deux couches sur demande.<\/td>\n<\/tr>\n<tr>\n<td width=\"111\">Caract\u00e9ristiques de la conception :<\/td>\n<td width=\"472\">Casquette : de style bouffant, avec une bande \u00e9lastique pour un bon maintien autour de la t\u00eate.<br \/>\nMasque facial : conception int\u00e9gr\u00e9e \u00e0 la coiffe, style pliss\u00e9 pour une meilleure couverture du visage et une meilleure respirabilit\u00e9.<br \/>\nBoucles d'oreilles : \u00e9lastiques mont\u00e9s sur la t\u00eate, souples et extensibles pour un confort prolong\u00e9<\/td>\n<\/tr>\n<tr>\n<td width=\"111\">Couleur<\/td>\n<td width=\"472\">Blanc, bleu, rouge, jaune, vert, orange, violet, noir (toutes les couleurs peuvent \u00eatre disponibles).<\/td>\n<\/tr>\n<tr>\n<td width=\"111\">Emballage<\/td>\n<td width=\"472\">100 pcs\/sachet, 1000pcs\/ctn, selon les besoins<\/td>\n<\/tr>\n<tr>\n<td width=\"111\">Application<\/td>\n<td width=\"472\">Id\u00e9al pour les soins de sant\u00e9, l'industrie pharmaceutique, l'industrie alimentaire, la fabrication d'appareils \u00e9lectroniques et d'autres industries o\u00f9 l'hygi\u00e8ne et la s\u00e9curit\u00e9 sont primordiales.<\/td>\n<\/tr>\n<\/tbody>\n<\/table>\n<p><img fetchpriority=\"high\" decoding=\"async\" class=\"aligncenter wp-image-6225 size-large\" src=\"https:\/\/med-disposable.com\/wp-content\/uploads\/2021\/04\/40A0206-1024x1024.jpg\" alt=\"\" width=\"800\" height=\"800\" srcset=\"https:\/\/med-disposable.com\/wp-content\/uploads\/2021\/04\/40A0206-1024x1024.jpg 1024w, https:\/\/med-disposable.com\/wp-content\/uploads\/2021\/04\/40A0206-300x300.jpg 300w, https:\/\/med-disposable.com\/wp-content\/uploads\/2021\/04\/40A0206-150x150.jpg 150w, https:\/\/med-disposable.com\/wp-content\/uploads\/2021\/04\/40A0206-768x768.jpg 768w, https:\/\/med-disposable.com\/wp-content\/uploads\/2021\/04\/40A0206-1536x1536.jpg 1536w, https:\/\/med-disposable.com\/wp-content\/uploads\/2021\/04\/40A0206-scaled.jpg 2048w, https:\/\/med-disposable.com\/wp-content\/uploads\/2021\/04\/40A0206-600x600.jpg 600w, https:\/\/med-disposable.com\/wp-content\/uploads\/2021\/04\/40A0206-100x100.jpg 100w\" sizes=\"(max-width: 800px) 100vw, 800px\" \/><\/p>\n<h3><strong>Caract\u00e9ristiques et avantages d\u00e9taill\u00e9s<\/strong><\/h3>\n<ul>\n<li><strong>Cap :<\/strong> La coiffe de style bouffant couvre enti\u00e8rement les cheveux et le cuir chevelu, emp\u00eachant les cheveux et autres contaminants de p\u00e9n\u00e9trer dans l'environnement de travail. Le mat\u00e9riau en polypropyl\u00e8ne non tiss\u00e9 est respirant et l\u00e9ger, ce qui garantit un confort maximal en cas de port prolong\u00e9.<\/li>\n<\/ul>\n<p><img decoding=\"async\" class=\"aligncenter wp-image-6223 size-large\" src=\"https:\/\/med-disposable.com\/wp-content\/uploads\/2021\/04\/40A0204-1024x1024.jpg\" alt=\"\" width=\"800\" height=\"800\" srcset=\"https:\/\/med-disposable.com\/wp-content\/uploads\/2021\/04\/40A0204-1024x1024.jpg 1024w, https:\/\/med-disposable.com\/wp-content\/uploads\/2021\/04\/40A0204-300x300.jpg 300w, https:\/\/med-disposable.com\/wp-content\/uploads\/2021\/04\/40A0204-150x150.jpg 150w, https:\/\/med-disposable.com\/wp-content\/uploads\/2021\/04\/40A0204-768x768.jpg 768w, https:\/\/med-disposable.com\/wp-content\/uploads\/2021\/04\/40A0204-1536x1536.jpg 1536w, https:\/\/med-disposable.com\/wp-content\/uploads\/2021\/04\/40A0204-scaled.jpg 2048w, https:\/\/med-disposable.com\/wp-content\/uploads\/2021\/04\/40A0204-600x600.jpg 600w, https:\/\/med-disposable.com\/wp-content\/uploads\/2021\/04\/40A0204-100x100.jpg 100w\" sizes=\"(max-width: 800px) 100vw, 800px\" \/><\/p>\n<ul>\n<li><strong>Masque pour le visage :<\/strong> Le masque facial int\u00e9gr\u00e9 est constitu\u00e9 de trois couches, dont une couche centrale de filtration par fusion qui filtre efficacement les bact\u00e9ries, les virus, la poussi\u00e8re, le pollen et d'autres particules en suspension dans l'air. La conception pliss\u00e9e du masque facial permet de mieux couvrir le visage et d'am\u00e9liorer la respirabilit\u00e9, ce qui garantit aux travailleurs un confort et une protection tout au long de la journ\u00e9e.<\/li>\n<li><strong>Fil de nez r\u00e9glable :<\/strong> Le masque facial comprend une barrette nasale r\u00e9glable qui peut \u00eatre moul\u00e9e pour s'adapter \u00e0 la forme du nez de l'utilisateur, garantissant ainsi un ajustement s\u00fbr et confortable. Cette caract\u00e9ristique permet \u00e9galement de r\u00e9duire la formation de bu\u00e9e sur les lunettes.<\/li>\n<li><strong>\u00a0Boucles \u00e9lastiques mont\u00e9es sur la t\u00eate :<\/strong> Le masque facial est \u00e9quip\u00e9 de boucles \u00e9lastiques souples et extensibles mont\u00e9es sur la t\u00eate, qui permettent de l'enfiler et de le retirer facilement, tout en assurant un ajustement confortable pendant un port prolong\u00e9.<\/li>\n<li><strong>Conception \u00e0 taille unique :<\/strong> Le bonnet et le masque sont con\u00e7us pour s'adapter confortablement \u00e0 la plupart des tailles de t\u00eate, gr\u00e2ce aux bandes \u00e9lastiques et aux fonctions de r\u00e9glage.<\/li>\n<li><strong>Polyvalence :<\/strong> Ce produit peut \u00eatre utilis\u00e9 dans un large \u00e9ventail d'industries, y compris les soins de sant\u00e9, les produits pharmaceutiques, l'industrie alimentaire, la fabrication d'appareils \u00e9lectroniques et bien d'autres encore, ce qui en fait une solution polyvalente pour les professionnels \u00e0 la recherche d'une protection fiable de la t\u00eate et du visage.<\/li>\n<\/ul>\n<p><img decoding=\"async\" class=\"aligncenter wp-image-6389 size-large\" src=\"https:\/\/med-disposable.com\/wp-content\/uploads\/2021\/04\/caps-with-mask-1024x576.jpg\" alt=\"\" width=\"800\" height=\"450\" srcset=\"https:\/\/med-disposable.com\/wp-content\/uploads\/2021\/04\/caps-with-mask-1024x576.jpg 1024w, https:\/\/med-disposable.com\/wp-content\/uploads\/2021\/04\/caps-with-mask-300x169.jpg 300w, https:\/\/med-disposable.com\/wp-content\/uploads\/2021\/04\/caps-with-mask-768x432.jpg 768w, https:\/\/med-disposable.com\/wp-content\/uploads\/2021\/04\/caps-with-mask-600x338.jpg 600w, https:\/\/med-disposable.com\/wp-content\/uploads\/2021\/04\/caps-with-mask.jpg 1280w\" sizes=\"(max-width: 800px) 100vw, 800px\" \/><\/p>\n<h3><strong>Comment porter et \u00e9liminer la casquette d'astronaute non tiss\u00e9e \u00e0 usage unique avec masque facial ?<\/strong><\/h3>\n<p><strong>\u00c9tape 1 :<\/strong> Retirez la coiffe d'astronaute jetable en non-tiss\u00e9 avec masque facial int\u00e9gr\u00e9 de son sac en poly\u00e9thyl\u00e8ne scell\u00e9.<\/p>\n<p><strong>\u00c9tape 2 :<\/strong> Tenez le bouchon par son \u00e9lastique et ouvrez-le d\u00e9licatement, en veillant \u00e0 ne pas toucher l'int\u00e9rieur du bouchon ou du masque avec vos mains.<\/p>\n<p><strong>\u00c9tape 3 :<\/strong> Placez le bonnet sur votre t\u00eate, en veillant \u00e0 ce que tous les cheveux soient couverts et que l'\u00e9lastique soit bien positionn\u00e9 autour de votre t\u00eate pour un ajustement parfait.<\/p>\n<p><strong>\u00c9tape 4 :<\/strong> Tenez le masque facial par les boucles d'oreille \u00e9lastiques et placez-le sur votre nez et votre bouche.<\/p>\n<p><strong>\u00c9tape 5 :<\/strong> La barrette nasale r\u00e9glable s'adapte \u00e0 la forme de votre nez pour un ajustement s\u00fbr et confortable.<\/p>\n<p><strong>\u00c9tape 6 :<\/strong> Etirez les boucles \u00e9lastiques autour de vos oreilles, en vous assurant que le masque couvre correctement votre nez, votre bouche et votre menton.<\/p>\n<p><strong>\u00c9tape 7 :<\/strong> Pour retirer le bonnet et le masque, saisissez les boucles d'oreille \u00e9lastiques et relevez-les avec pr\u00e9caution sur vos oreilles. Retirez ensuite le bonnet de votre t\u00eate, en veillant \u00e0 ne pas toucher l'ext\u00e9rieur du bonnet ou du masque.<\/p>\n<p><strong>\u00c9tape 8 :<\/strong> \u00c9liminez le bouchon et le masque usag\u00e9s dans une poubelle pr\u00e9vue \u00e0 cet effet, en respectant les directives applicables \u00e0 l'\u00e9limination des \u00e9quipements de protection individuelle (EPI) sur votre lieu de travail.<\/p>\n<p>En comprenant les caract\u00e9ristiques d\u00e9taill\u00e9es, les avantages et l'utilisation correcte de notre coiffe d'astronaute jetable en non-tiss\u00e9 avec masque facial int\u00e9gr\u00e9, vous pouvez fournir \u00e0 votre personnel le plus haut niveau de protection et de confort dans divers environnements de travail.<\/p>","protected":false},"excerpt":{"rendered":"<p>Nous vous pr\u00e9sentons notre casquette d'astronaute jetable en non-tiss\u00e9 avec masque facial int\u00e9gr\u00e9, con\u00e7ue pour une protection et un confort optimaux dans divers secteurs et environnements. Ce produit innovant combine les avantages d'une casquette de protection et d'un masque facial, garantissant un niveau \u00e9lev\u00e9 d'hygi\u00e8ne et de s\u00e9curit\u00e9 pour les travailleurs.<\/p>","protected":false},"featured_media":6227,"template":"","meta":{"_seopress_robots_primary_cat":"none","_seopress_titles_title":"Disposable non woven astronaut cap with face mask - YouFu Medical","_seopress_titles_desc":"Disposable Non Woven Astronaut Cap with Face Mask - designed to fit most sizes comfortably, ideal for use in a range of industries for hygiene and safety. With elastic headband and adjustable nose wire for secure fit.","_seopress_robots_index":""},"product_brand":[],"product_cat":[46],"product_tag":[152],"class_list":{"0":"post-1195","1":"product","2":"type-product","3":"status-publish","4":"has-post-thumbnail","6":"product_cat-caps","7":"product_tag-caps","9":"first","10":"instock","11":"shipping-taxable","12":"product-type-simple"},"_links":{"self":[{"href":"https:\/\/med-disposable.com\/fr\/wp-json\/wp\/v2\/product\/1195","targetHints":{"allow":["GET"]}}],"collection":[{"href":"https:\/\/med-disposable.com\/fr\/wp-json\/wp\/v2\/product"}],"about":[{"href":"https:\/\/med-disposable.com\/fr\/wp-json\/wp\/v2\/types\/product"}],"version-history":[{"count":0,"href":"https:\/\/med-disposable.com\/fr\/wp-json\/wp\/v2\/product\/1195\/revisions"}],"wp:featuredmedia":[{"embeddable":true,"href":"https:\/\/med-disposable.com\/fr\/wp-json\/wp\/v2\/media\/6227"}],"wp:attachment":[{"href":"https:\/\/med-disposable.com\/fr\/wp-json\/wp\/v2\/media?parent=1195"}],"wp:term":[{"taxonomy":"product_brand","embeddable":true,"href":"https:\/\/med-disposable.com\/fr\/wp-json\/wp\/v2\/product_brand?post=1195"},{"taxonomy":"product_cat","embeddable":true,"href":"https:\/\/med-disposable.com\/fr\/wp-json\/wp\/v2\/product_cat?post=1195"},{"taxonomy":"product_tag","embeddable":true,"href":"https:\/\/med-disposable.com\/fr\/wp-json\/wp\/v2\/product_tag?post=1195"}],"curies":[{"name":"wp","href":"https:\/\/api.w.org\/{rel}","templated":true}]}}