{"id":1208,"date":"2021-04-13T10:22:51","date_gmt":"2021-04-13T02:22:51","guid":{"rendered":"https:\/\/med-disposable.com\/?post_type=product&#038;p=1208"},"modified":"2023-06-15T19:06:05","modified_gmt":"2023-06-15T11:06:05","slug":"casquette-dastronaute-jetable-non-tissee-avec-attaches","status":"publish","type":"product","link":"https:\/\/med-disposable.com\/fr\/product\/disposable-non-woven-astronaut-cap-with-ties\/","title":{"rendered":"Casquette d'astronaute jetable non tiss\u00e9e avec attaches"},"content":{"rendered":"<h2>Sp\u00e9cification d\u00e9taill\u00e9e :<\/h2>\n<table width=\"559\">\n<tbody>\n<tr>\n<td width=\"106\">Taille<\/td>\n<td width=\"453\">36*38cm, 38*40cm, 40*42cm, selon les besoins.<\/td>\n<\/tr>\n<tr>\n<td width=\"106\">Mat\u00e9riau<\/td>\n<td width=\"453\">PP non tiss\u00e9, selon les besoins<\/td>\n<\/tr>\n<tr>\n<td width=\"106\">Couleur<\/td>\n<td width=\"453\">Blanc, bleu, vert, personnalisable<\/td>\n<\/tr>\n<tr>\n<td width=\"106\">Emballage<\/td>\n<td width=\"453\">100 pcs\/sachet, 1000pcs\/ctn, selon les besoins<\/td>\n<\/tr>\n<tr>\n<td width=\"106\">Application<\/td>\n<td width=\"453\">Largement utilis\u00e9 dans les laboratoires, les h\u00f4pitaux, le secteur m\u00e9dical, les cliniques dentaires, les applications hygi\u00e9niques, les salles de nettoyage biologique, les pharmacies, le personnel m\u00e9dical, l'environnement pharmaceutique, les domaines li\u00e9s \u00e0 l'hygi\u00e8ne, etc.<\/td>\n<\/tr>\n<\/tbody>\n<\/table>\n<p><img fetchpriority=\"high\" decoding=\"async\" class=\"aligncenter wp-image-8080 size-full\" src=\"https:\/\/med-disposable.com\/wp-content\/uploads\/2021\/04\/astronaut-caps-1.png\" alt=\"\" width=\"700\" height=\"700\" srcset=\"https:\/\/med-disposable.com\/wp-content\/uploads\/2021\/04\/astronaut-caps-1.png 700w, https:\/\/med-disposable.com\/wp-content\/uploads\/2021\/04\/astronaut-caps-1-300x300.png 300w, https:\/\/med-disposable.com\/wp-content\/uploads\/2021\/04\/astronaut-caps-1-150x150.png 150w, https:\/\/med-disposable.com\/wp-content\/uploads\/2021\/04\/astronaut-caps-1-600x600.png 600w, https:\/\/med-disposable.com\/wp-content\/uploads\/2021\/04\/astronaut-caps-1-100x100.png 100w\" sizes=\"(max-width: 700px) 100vw, 700px\" \/><\/p>\n<h2>Avantages de la casquette d'astronaute jetable :<\/h2>\n<ul>\n<li><strong>Ajustement s\u00fbr :<\/strong>\u00a0Les attaches r\u00e9glables \u00e0 l'arri\u00e8re de la casquette garantissent un ajustement serr\u00e9 et s\u00fbr pour toutes les tailles de t\u00eate, \u00e9vitant ainsi tout glissement ind\u00e9sirable pendant le travail.<\/li>\n<li><strong>Couverture compl\u00e8te :<\/strong>\u00a0La conception unique de l'astronaute permet une couverture compl\u00e8te des cheveux, ce qui minimise le risque de contamination dans les environnements sensibles.<\/li>\n<li><strong>Sans latex :<\/strong>\u00a0Ces bouchons jetables ne contiennent pas de latex, ce qui les rend adapt\u00e9s aux personnes sensibles au latex.<\/li>\n<li><strong>Unisexe Design :<\/strong>\u00a0Nos casquettes d'astronaute non tiss\u00e9es avec cravate sont con\u00e7ues pour s'adapter confortablement aux hommes et aux femmes.<\/li>\n<li><strong>Id\u00e9al pour diverses industries :<\/strong>\u00a0Ces bouchons sont parfaits pour les soins de sant\u00e9, les services alimentaires, les salles blanches, les laboratoires et autres environnements professionnels o\u00f9 l'hygi\u00e8ne est de la plus haute importance.<\/li>\n<\/ul>\n<p><img decoding=\"async\" class=\"aligncenter wp-image-8083 size-full\" src=\"https:\/\/med-disposable.com\/wp-content\/uploads\/2021\/04\/astronaut-caps-3.jpg\" alt=\"\" width=\"750\" height=\"750\" srcset=\"https:\/\/med-disposable.com\/wp-content\/uploads\/2021\/04\/astronaut-caps-3.jpg 750w, https:\/\/med-disposable.com\/wp-content\/uploads\/2021\/04\/astronaut-caps-3-300x300.jpg 300w, https:\/\/med-disposable.com\/wp-content\/uploads\/2021\/04\/astronaut-caps-3-150x150.jpg 150w, https:\/\/med-disposable.com\/wp-content\/uploads\/2021\/04\/astronaut-caps-3-600x600.jpg 600w, https:\/\/med-disposable.com\/wp-content\/uploads\/2021\/04\/astronaut-caps-3-100x100.jpg 100w\" sizes=\"(max-width: 750px) 100vw, 750px\" \/><\/p>\n<p>&nbsp;<\/p>\n<h2>Comment commander des casquettes d'astronaute aupr\u00e8s de Wuhan Youfu ?<\/h2>\n<ol>\n<li><strong>Identifier le produit :<\/strong> D\u00e9terminez les casquettes d'astronautes que vous souhaitez commander. Soyez clair sur les sp\u00e9cifications, la qualit\u00e9 et les \u00e9ventuelles exigences de personnalisation.<\/li>\n<li><strong>Demander des devis :<\/strong> Contactez Wuhan Youfu et demandez des devis pour le produit que vous souhaitez. Fournissez des sp\u00e9cifications claires et renseignez-vous sur les quantit\u00e9s minimales de commande, les d\u00e9lais de livraison, les modalit\u00e9s de paiement et les options d'exp\u00e9dition.<\/li>\n<li><strong>N\u00e9gocier les conditions :<\/strong> N\u00e9gocier le prix, les modalit\u00e9s de paiement, le d\u00e9lai d'ex\u00e9cution et les \u00e9ventuelles personnalisations. Veiller \u00e0 ce que tous les accords soient consign\u00e9s par \u00e9crit.<\/li>\n<li><strong>Passer la commande :<\/strong> Confirmer la commande aupr\u00e8s de Wuhan Youfu et effectuer les paiements n\u00e9cessaires conform\u00e9ment aux conditions convenues. Conservez un registre de toute la correspondance et de toutes les transactions pour r\u00e9f\u00e9rence ult\u00e9rieure.<\/li>\n<li><strong>Organiser l'inspection :<\/strong> Wuhan Youfu vous fournira des photos et des vid\u00e9os pendant la production, afin que vous puissiez bien comprendre votre produit. Si n\u00e9cessaire, envisagez de faire appel \u00e0 une soci\u00e9t\u00e9 d'inspection tierce pour contr\u00f4ler les produits avant leur exp\u00e9dition.<\/li>\n<li><strong>Organiser l'exp\u00e9dition et la logistique :<\/strong>\u00a0Coordonner avec un transitaire ou une soci\u00e9t\u00e9 d'exp\u00e9dition le transport des marchandises de l'usine \u00e0 votre entrep\u00f4t. Assurez-vous que vous disposez de tous les documents d'importation n\u00e9cessaires et que vous respectez toutes les r\u00e9glementations douani\u00e8res en vigueur.<\/li>\n<li><strong>Douanes d\u00e9douan\u00e9es :<\/strong>\u00a0Travaillez avec un courtier en douane, si n\u00e9cessaire, pour faciliter le processus de d\u00e9douanement. Soyez pr\u00eat \u00e0 payer les droits et taxes d'importation applicables.<\/li>\n<li><strong>R\u00e9ceptionner les marchandises :<\/strong> \u00c0 l'arriv\u00e9e, inspectez l'envoi pour v\u00e9rifier qu'il n'y a pas d'anomalies, de dommages ou de probl\u00e8mes de qualit\u00e9. Si n\u00e9cessaire, adressez-vous \u00e0 Wuhan Youfu et au transitaire.<\/li>\n<\/ol>","protected":false},"excerpt":{"rendered":"<p>Casquette d'astronaute jetable non tiss\u00e9e avec attaches - la solution parfaite pour maintenir l'hygi\u00e8ne dans divers environnements professionnels. Ces casquettes de haute qualit\u00e9 sont con\u00e7ues pour offrir un confort et une couverture optimaux, garantissant que les cheveux sont bien retenus et que l'environnement de travail reste propre et hygi\u00e9nique.<\/p>","protected":false},"featured_media":8080,"template":"","meta":{"_seopress_robots_primary_cat":"none","_seopress_titles_title":"Latex-Free Tie-On Fixing Neck Protectors: Long Lasting &amp; Hygienic for Lab, Hospitals, Clinics","_seopress_titles_desc":"Stay protected with our wide tie-on fixing around the neck, 100% latex free medical face masks! Breathable and non-stereile, available in various sizes and colors. Perfect for lab, hospital, pharmacy and more.","_seopress_robots_index":""},"product_brand":[],"product_cat":[46],"product_tag":[343,57],"class_list":{"0":"post-1208","1":"product","2":"type-product","3":"status-publish","4":"has-post-thumbnail","6":"product_cat-caps","7":"product_tag-astronaut-cap","8":"product_tag-non-woven","10":"first","11":"instock","12":"shipping-taxable","13":"product-type-simple"},"_links":{"self":[{"href":"https:\/\/med-disposable.com\/fr\/wp-json\/wp\/v2\/product\/1208","targetHints":{"allow":["GET"]}}],"collection":[{"href":"https:\/\/med-disposable.com\/fr\/wp-json\/wp\/v2\/product"}],"about":[{"href":"https:\/\/med-disposable.com\/fr\/wp-json\/wp\/v2\/types\/product"}],"version-history":[{"count":0,"href":"https:\/\/med-disposable.com\/fr\/wp-json\/wp\/v2\/product\/1208\/revisions"}],"wp:featuredmedia":[{"embeddable":true,"href":"https:\/\/med-disposable.com\/fr\/wp-json\/wp\/v2\/media\/8080"}],"wp:attachment":[{"href":"https:\/\/med-disposable.com\/fr\/wp-json\/wp\/v2\/media?parent=1208"}],"wp:term":[{"taxonomy":"product_brand","embeddable":true,"href":"https:\/\/med-disposable.com\/fr\/wp-json\/wp\/v2\/product_brand?post=1208"},{"taxonomy":"product_cat","embeddable":true,"href":"https:\/\/med-disposable.com\/fr\/wp-json\/wp\/v2\/product_cat?post=1208"},{"taxonomy":"product_tag","embeddable":true,"href":"https:\/\/med-disposable.com\/fr\/wp-json\/wp\/v2\/product_tag?post=1208"}],"curies":[{"name":"wp","href":"https:\/\/api.w.org\/{rel}","templated":true}]}}