{"id":1218,"date":"2021-04-13T22:13:40","date_gmt":"2021-04-13T14:13:40","guid":{"rendered":"https:\/\/med-disposable.com\/?post_type=product&#038;p=1218"},"modified":"2023-06-15T19:17:32","modified_gmt":"2023-06-15T11:17:32","slug":"bonnet-snood-jetable-non-tisse","status":"publish","type":"product","link":"https:\/\/med-disposable.com\/fr\/product\/disposable-non-woven-snood-cap\/","title":{"rendered":"Bonnet snood non tiss\u00e9 jetable"},"content":{"rendered":"<h2>Sp\u00e9cification d\u00e9taill\u00e9e de la casquette snood jetable :<\/h2>\n<table width=\"559\">\n<tbody>\n<tr>\n<td width=\"106\">Taille<\/td>\n<td width=\"453\">S, M, L<\/td>\n<\/tr>\n<tr>\n<td width=\"106\">Mat\u00e9riau<\/td>\n<td width=\"453\">PP non tiss\u00e9, 20-45gsm<\/td>\n<\/tr>\n<tr>\n<td width=\"106\">Style<\/td>\n<td width=\"453\">devant avec visi\u00e8re, \u00e9lastique \u00e0 la nuque<\/td>\n<\/tr>\n<tr>\n<td width=\"106\">Couleur<\/td>\n<td width=\"453\">Blanc, bleu, rose, jaune, vert, orange, violet, noir, (toutes les couleurs peuvent \u00eatre disponibles)<\/td>\n<\/tr>\n<tr>\n<td width=\"106\">Emballage<\/td>\n<td width=\"453\">100 pcs\/sachet, 1000pcs\/ctn, selon les besoins<\/td>\n<\/tr>\n<tr>\n<td width=\"106\">Application<\/td>\n<td width=\"453\">m\u00e9dical, salle blanche, production alimentaire, environnement critique, fabrication industrielle, etc.<\/td>\n<\/tr>\n<\/tbody>\n<\/table>\n<p><img fetchpriority=\"high\" decoding=\"async\" class=\"aligncenter wp-image-8086 size-full\" src=\"https:\/\/med-disposable.com\/wp-content\/uploads\/2021\/04\/snood-caps.jpg\" alt=\"\" width=\"800\" height=\"800\" srcset=\"https:\/\/med-disposable.com\/wp-content\/uploads\/2021\/04\/snood-caps.jpg 800w, https:\/\/med-disposable.com\/wp-content\/uploads\/2021\/04\/snood-caps-300x300.jpg 300w, https:\/\/med-disposable.com\/wp-content\/uploads\/2021\/04\/snood-caps-150x150.jpg 150w, https:\/\/med-disposable.com\/wp-content\/uploads\/2021\/04\/snood-caps-768x768.jpg 768w, https:\/\/med-disposable.com\/wp-content\/uploads\/2021\/04\/snood-caps-600x600.jpg 600w, https:\/\/med-disposable.com\/wp-content\/uploads\/2021\/04\/snood-caps-100x100.jpg 100w\" sizes=\"(max-width: 800px) 100vw, 800px\" \/><\/p>\n<h2>Caract\u00e9ristiques du produit<\/h2>\n<ul>\n<li><strong>Sup\u00e9rieure Mat\u00e9riau :<\/strong>\u00a0Nos bonnets Snood jetables sont fabriqu\u00e9s dans un tissu non tiss\u00e9 doux, l\u00e9ger et respirant, offrant un confort optimal lors d'un port prolong\u00e9.<\/li>\n<li><strong>Pic avant :<\/strong>\u00a0La visi\u00e8re int\u00e9gr\u00e9e \u00e0 l'avant de la casquette offre une couverture et une protection suppl\u00e9mentaires, ce qui permet de garder le front propre et de minimiser le risque de contamination.<\/li>\n<li><strong>Nape \u00e9lastique :<\/strong>\u00a0La bande \u00e9lastique au niveau de la nuque assure un ajustement serr\u00e9 et s\u00fbr pour toutes les tailles de t\u00eate, \u00e9vitant ainsi tout glissement ind\u00e9sirable pendant le travail.<\/li>\n<li><strong>Couverture compl\u00e8te des cheveux :<\/strong>\u00a0La conception du bonnet snood couvre l'ensemble de la t\u00eate et des cheveux, r\u00e9duisant ainsi le risque de contamination dans les environnements sensibles.<\/li>\n<li><strong>Sans latex :<\/strong>\u00a0Ces bouchons jetables ne contiennent pas de latex, ce qui les rend adapt\u00e9s aux personnes sensibles au latex.<\/li>\n<\/ul>\n<p><img decoding=\"async\" class=\"aligncenter wp-image-1221 size-full\" src=\"https:\/\/med-disposable.com\/wp-content\/uploads\/2021\/04\/Hb4eecfe16d9a43518aa531c012d6135cB.jpg\" alt=\"\" width=\"800\" height=\"800\" srcset=\"https:\/\/med-disposable.com\/wp-content\/uploads\/2021\/04\/Hb4eecfe16d9a43518aa531c012d6135cB.jpg 800w, https:\/\/med-disposable.com\/wp-content\/uploads\/2021\/04\/Hb4eecfe16d9a43518aa531c012d6135cB-300x300.jpg 300w, https:\/\/med-disposable.com\/wp-content\/uploads\/2021\/04\/Hb4eecfe16d9a43518aa531c012d6135cB-150x150.jpg 150w, https:\/\/med-disposable.com\/wp-content\/uploads\/2021\/04\/Hb4eecfe16d9a43518aa531c012d6135cB-768x768.jpg 768w, https:\/\/med-disposable.com\/wp-content\/uploads\/2021\/04\/Hb4eecfe16d9a43518aa531c012d6135cB-600x600.jpg 600w, https:\/\/med-disposable.com\/wp-content\/uploads\/2021\/04\/Hb4eecfe16d9a43518aa531c012d6135cB-100x100.jpg 100w\" sizes=\"(max-width: 800px) 100vw, 800px\" \/><\/p>\n<h2>FAQ connexes :<\/h2>\n<p><strong>Q : Ces casquettes conviennent-elles \u00e0 toutes les tailles de t\u00eate ?<\/strong><\/p>\n<p>R : Oui, nos bonnets Snood non tiss\u00e9s sont con\u00e7us pour s'adapter \u00e0 toutes les tailles. Ils sont dot\u00e9s d'une bande \u00e9lastique au niveau de la nuque pour garantir un ajustement s\u00fbr et confortable pour toutes les tailles de t\u00eate.<\/p>\n<p><strong>Q : Ces bonnets Snood non tiss\u00e9s \u00e0 usage unique sont-ils respirants et confortables pour de longues heures d'utilisation ?<\/strong><\/p>\n<p>R : Oui, nos bonnets snood sont fabriqu\u00e9s \u00e0 partir d'un tissu non tiss\u00e9 doux, l\u00e9ger et respirant, offrant un confort optimal en cas de port prolong\u00e9.<\/p>\n<p><strong>Q : Ces bonnets snood peuvent-ils \u00eatre utilis\u00e9s dans un environnement de restauration ?<\/strong><\/p>\n<p>R : Absolument ! Nos bonnets Snood non tiss\u00e9s jetables sont id\u00e9aux pour les usines de transformation et de manipulation des aliments, car ils contribuent \u00e0 maintenir la propret\u00e9 et \u00e0 r\u00e9duire le risque de contamination.<\/p>\n<p><strong>Q : Quels sont les secteurs d'activit\u00e9 ou les contextes auxquels ces casquettes snood conviennent le mieux ?<\/strong><\/p>\n<p>R : Les bonnets Snood non tiss\u00e9s jetables sont parfaits pour divers secteurs et environnements, tels que les \u00e9tablissements de sant\u00e9, les \u00e9tablissements de restauration, les environnements pharmaceutiques et de laboratoire, les salles blanches, la fabrication d'appareils \u00e9lectroniques et d'autres environnements professionnels o\u00f9 l'hygi\u00e8ne est cruciale.<\/p>\n<p><strong>Q : Comment puis-je me d\u00e9barrasser correctement des capuchons de snood usag\u00e9s ?<\/strong><\/p>\n<p>R : Apr\u00e8s chaque utilisation, retirez soigneusement le capuchon du snood pour \u00e9viter toute contamination et jetez-le dans une poubelle pr\u00e9vue \u00e0 cet effet, en respectant les directives de votre lieu de travail concernant l'\u00e9limination des v\u00eatements de protection \u00e0 usage unique.<\/p>","protected":false},"excerpt":{"rendered":"<p>Nous vous pr\u00e9sentons notre bonnet Snood non tiss\u00e9 jetable - la solution id\u00e9ale pour maintenir la propret\u00e9 et l'hygi\u00e8ne dans une vari\u00e9t\u00e9 d'environnements de travail. Ces bonnets de haute qualit\u00e9 sont dot\u00e9s d'une visi\u00e8re sur le devant et d'un \u00e9lastique au niveau de la nuque, ce qui garantit un ajustement s\u00fbr et confortable tout en assurant une couverture compl\u00e8te des cheveux.<\/p>","protected":false},"featured_media":1220,"template":"","meta":{"_seopress_robots_primary_cat":"none","_seopress_titles_title":"Nonwoven Material: Lightweight, Breathable, Effectively Keeps Out Hair\/Dandruff [S-XL, All Colors]","_seopress_titles_desc":"Keep off hair or dandruff with lightweight, breathable and effective PP nonwoven material! Get the size, style and color that fits you best and use it for medical, clean-room, food production and more.","_seopress_robots_index":""},"product_brand":[],"product_cat":[46],"product_tag":[67,57],"class_list":{"0":"post-1218","1":"product","2":"type-product","3":"status-publish","4":"has-post-thumbnail","6":"product_cat-caps","7":"product_tag-cap","8":"product_tag-non-woven","10":"first","11":"instock","12":"shipping-taxable","13":"product-type-simple"},"_links":{"self":[{"href":"https:\/\/med-disposable.com\/fr\/wp-json\/wp\/v2\/product\/1218","targetHints":{"allow":["GET"]}}],"collection":[{"href":"https:\/\/med-disposable.com\/fr\/wp-json\/wp\/v2\/product"}],"about":[{"href":"https:\/\/med-disposable.com\/fr\/wp-json\/wp\/v2\/types\/product"}],"version-history":[{"count":0,"href":"https:\/\/med-disposable.com\/fr\/wp-json\/wp\/v2\/product\/1218\/revisions"}],"wp:featuredmedia":[{"embeddable":true,"href":"https:\/\/med-disposable.com\/fr\/wp-json\/wp\/v2\/media\/1220"}],"wp:attachment":[{"href":"https:\/\/med-disposable.com\/fr\/wp-json\/wp\/v2\/media?parent=1218"}],"wp:term":[{"taxonomy":"product_brand","embeddable":true,"href":"https:\/\/med-disposable.com\/fr\/wp-json\/wp\/v2\/product_brand?post=1218"},{"taxonomy":"product_cat","embeddable":true,"href":"https:\/\/med-disposable.com\/fr\/wp-json\/wp\/v2\/product_cat?post=1218"},{"taxonomy":"product_tag","embeddable":true,"href":"https:\/\/med-disposable.com\/fr\/wp-json\/wp\/v2\/product_tag?post=1218"}],"curies":[{"name":"wp","href":"https:\/\/api.w.org\/{rel}","templated":true}]}}