{"id":12473,"date":"2024-06-26T18:17:39","date_gmt":"2024-06-26T10:17:39","guid":{"rendered":"https:\/\/med-disposable.com\/?post_type=product&#038;p=12473"},"modified":"2024-06-26T18:17:39","modified_gmt":"2024-06-26T10:17:39","slug":"grandes-serviettes-de-bain-jetables","status":"publish","type":"product","link":"https:\/\/med-disposable.com\/fr\/product\/large-disposable-bath-towels\/","title":{"rendered":"Grandes serviettes de bain jetables"},"content":{"rendered":"<p><strong>Sp\u00e9cifications d\u00e9taill\u00e9es des serviettes de bain jetables :<\/strong><\/p>\n<table width=\"731\">\n<tbody>\n<tr>\n<td width=\"137\">Mat\u00e9riau<\/td>\n<td width=\"594\">Non-tiss\u00e9 fil\u00e9<\/td>\n<\/tr>\n<tr>\n<td>Taille<\/td>\n<td>100x220cm, 100x200cm, ou selon la demande<\/td>\n<\/tr>\n<tr>\n<td>Poids<\/td>\n<td>60-100g, selon la demande.<\/td>\n<\/tr>\n<tr>\n<td>Couleur<\/td>\n<td>Blanc, ou autres couleurs sur demande.<\/td>\n<\/tr>\n<tr>\n<td>MOQ<\/td>\n<td>10 000 pi\u00e8ces<\/td>\n<\/tr>\n<tr>\n<td>D\u00e9tails de l'emballage<\/td>\n<td>1pc\/bag, 50bags\/ctn, ou selon les besoins du client.<\/td>\n<\/tr>\n<tr>\n<td>Caract\u00e9ristiques<\/td>\n<td>Jetable, doux, super absorbant, confortable, respectueux de la peau, l\u00e9ger, pratique, flexible.<\/td>\n<\/tr>\n<\/tbody>\n<\/table>\n<p><img fetchpriority=\"high\" decoding=\"async\" class=\"aligncenter wp-image-12196 size-full\" src=\"https:\/\/med-disposable.com\/wp-content\/uploads\/2024\/03\/disposable-towel-1.jpg\" alt=\"Femme avec une serviette dans une salle de bain.\" width=\"800\" height=\"1008\" srcset=\"https:\/\/med-disposable.com\/wp-content\/uploads\/2024\/03\/disposable-towel-1.jpg 800w, https:\/\/med-disposable.com\/wp-content\/uploads\/2024\/03\/disposable-towel-1-238x300.jpg 238w, https:\/\/med-disposable.com\/wp-content\/uploads\/2024\/03\/disposable-towel-1-768x968.jpg 768w, https:\/\/med-disposable.com\/wp-content\/uploads\/2024\/03\/disposable-towel-1-600x756.jpg 600w\" sizes=\"(max-width: 800px) 100vw, 800px\" \/><\/p>\n<p>&nbsp;<\/p>\n<p><strong>Caract\u00e9ristiques des serviettes de bain jetables :<\/strong><\/p>\n<ul>\n<li><strong>Mat\u00e9riau non tiss\u00e9 \u00e9pais :<\/strong>\u00a0Fabriqu\u00e9 \u00e0 partir d'un tissu non tiss\u00e9 \u00e9pais de premi\u00e8re qualit\u00e9, il garantit une absorption maximale et un toucher doux.<\/li>\n<li><strong>Motif de la perle :<\/strong>\u00a0\u00c9l\u00e9gamment gaufr\u00e9 avec un motif perl\u00e9, il offre une sensation de luxe et un attrait esth\u00e9tique accru.<\/li>\n<li><strong>Taille g\u00e9n\u00e9reuse :<\/strong>\u00a0Les grandes dimensions offrent une couverture ample, parfaite pour le s\u00e9chage de tout le corps et une utilisation polyvalente.<\/li>\n<li><strong>Tr\u00e8s absorbant :<\/strong>\u00a0Sa capacit\u00e9 d'absorption sup\u00e9rieure garantit un s\u00e9chage rapide et efficace, ce qui en fait un choix fiable pour diverses applications.<\/li>\n<li><strong>Jetable Design :<\/strong>\u00a0Les serviettes \u00e0 usage unique n'ont pas besoin d'\u00eatre lav\u00e9es, ce qui r\u00e9duit la main-d'\u0153uvre et garantit une serviette fra\u00eeche et propre \u00e0 chaque fois.<\/li>\n<li><strong>Hygi\u00e9nique :<\/strong>\u00a0Con\u00e7ues pour un usage unique, ces serviettes r\u00e9duisent consid\u00e9rablement le risque de contamination crois\u00e9e et maintiennent des normes d'hygi\u00e8ne \u00e9lev\u00e9es.<\/li>\n<\/ul>\n<p><img decoding=\"async\" class=\"aligncenter wp-image-12230 size-full\" src=\"https:\/\/med-disposable.com\/wp-content\/uploads\/2024\/03\/disposable-towel-5.jpg\" alt=\"Gros plan sur un oreiller blanc textur\u00e9 en mousse \u00e0 m\u00e9moire de forme.\" width=\"800\" height=\"560\" srcset=\"https:\/\/med-disposable.com\/wp-content\/uploads\/2024\/03\/disposable-towel-5.jpg 800w, https:\/\/med-disposable.com\/wp-content\/uploads\/2024\/03\/disposable-towel-5-300x210.jpg 300w, https:\/\/med-disposable.com\/wp-content\/uploads\/2024\/03\/disposable-towel-5-768x538.jpg 768w, https:\/\/med-disposable.com\/wp-content\/uploads\/2024\/03\/disposable-towel-5-600x420.jpg 600w\" sizes=\"(max-width: 800px) 100vw, 800px\" \/><\/p>\n<p><img decoding=\"async\" class=\"aligncenter wp-image-12477 size-full\" src=\"https:\/\/med-disposable.com\/wp-content\/uploads\/2024\/06\/disposable-SPA-towel-8.jpg\" alt=\"\" width=\"800\" height=\"800\" srcset=\"https:\/\/med-disposable.com\/wp-content\/uploads\/2024\/06\/disposable-SPA-towel-8.jpg 800w, https:\/\/med-disposable.com\/wp-content\/uploads\/2024\/06\/disposable-SPA-towel-8-300x300.jpg 300w, https:\/\/med-disposable.com\/wp-content\/uploads\/2024\/06\/disposable-SPA-towel-8-150x150.jpg 150w, https:\/\/med-disposable.com\/wp-content\/uploads\/2024\/06\/disposable-SPA-towel-8-768x768.jpg 768w, https:\/\/med-disposable.com\/wp-content\/uploads\/2024\/06\/disposable-SPA-towel-8-600x600.jpg 600w, https:\/\/med-disposable.com\/wp-content\/uploads\/2024\/06\/disposable-SPA-towel-8-100x100.jpg 100w\" sizes=\"(max-width: 800px) 100vw, 800px\" \/><\/p>\n<p><strong>Pourquoi choisir les serviettes de bain jetables de Wuhan Youfu ?<\/strong><\/p>\n<p><strong>1. Mat\u00e9riaux de premi\u00e8re qualit\u00e9 :<\/strong><\/p>\n<ul>\n<li>Nos grandes serviettes de bain jetables sont fabriqu\u00e9es \u00e0 partir d'un mat\u00e9riau non tiss\u00e9 \u00e9pais, garantissant une capacit\u00e9 d'absorption exceptionnelle et un toucher doux.<\/li>\n<li>L'\u00e9l\u00e9gant motif perl\u00e9 ajoute une touche luxueuse et rehausse l'attrait esth\u00e9tique, offrant une exp\u00e9rience digne d'un spa.<\/li>\n<\/ul>\n<p><strong>2. Confort et hygi\u00e8ne sup\u00e9rieurs :<\/strong><\/p>\n<ul>\n<li>Con\u00e7ues pour un usage unique, nos serviettes de bain jetables r\u00e9pondent aux normes de propret\u00e9 et d'hygi\u00e8ne les plus strictes et r\u00e9duisent consid\u00e9rablement le risque de contamination crois\u00e9e.<\/li>\n<li>Le mat\u00e9riau doux et moelleux est respectueux de la peau, ce qui le rend id\u00e9al pour diverses applications, de l'h\u00f4tellerie aux soins de sant\u00e9, en passant par les spas et les salles de sport.<\/li>\n<\/ul>\n<p><strong>3. Fabrication innovante :<\/strong><\/p>\n<ul>\n<li>Chez Wuhan Youfu, nous utilisons des techniques de fabrication avanc\u00e9es pour produire des serviettes \u00e0 la fois durables et tr\u00e8s absorbantes.<\/li>\n<li>Nos processus de production ultramodernes garantissent la coh\u00e9rence et la qualit\u00e9 de chaque serviette, conform\u00e9ment aux normes industrielles les plus strictes.<\/li>\n<\/ul>\n<p><strong>4. Engagement en faveur de la durabilit\u00e9 :<\/strong><\/p>\n<ul>\n<li>Wuhan Youfu se consacre au d\u00e9veloppement durable et aux pratiques respectueuses de l'environnement. Nos mat\u00e9riaux non tiss\u00e9s sont s\u00e9lectionn\u00e9s en tenant compte de leur impact sur l'environnement.<\/li>\n<li>Nous nous effor\u00e7ons de proposer des produits non seulement efficaces et confortables, mais aussi soucieux de notre empreinte \u00e9cologique.<\/li>\n<\/ul>\n<p><strong>5. Un service \u00e0 la client\u00e8le exceptionnel :<\/strong><\/p>\n<ul>\n<li>\u00c0 Wuhan Youfu, la satisfaction du client est notre priorit\u00e9 absolue. Notre \u00e9quipe d\u00e9vou\u00e9e de service \u00e0 la client\u00e8le est l\u00e0 pour vous aider \u00e0 r\u00e9pondre \u00e0 toutes vos questions, afin de vous garantir une exp\u00e9rience positive et sans faille.<\/li>\n<li>Nous proposons des solutions personnalis\u00e9es pour r\u00e9pondre aux besoins uniques de nos clients, en fournissant des produits et des services sur mesure qui s'alignent sur vos exigences sp\u00e9cifiques.<\/li>\n<\/ul>\n<p><strong>6. Leader de confiance du secteur :<\/strong><\/p>\n<ul>\n<li>Avec des ann\u00e9es d'exp\u00e9rience dans l'industrie, Wuhan Youfu s'est forg\u00e9 une r\u00e9putation de fiabilit\u00e9 et d'excellence.<\/li>\n<li>Notre vaste portefeuille de clients satisfaits dans divers secteurs t\u00e9moigne de la qualit\u00e9 et de l'efficacit\u00e9 de nos produits.<\/li>\n<\/ul>\n<p><img loading=\"lazy\" decoding=\"async\" class=\"aligncenter wp-image-12491 size-full\" src=\"https:\/\/med-disposable.com\/wp-content\/uploads\/2024\/06\/disposable-towels-25.jpg\" alt=\"\" width=\"800\" height=\"489\" srcset=\"https:\/\/med-disposable.com\/wp-content\/uploads\/2024\/06\/disposable-towels-25.jpg 800w, https:\/\/med-disposable.com\/wp-content\/uploads\/2024\/06\/disposable-towels-25-300x183.jpg 300w, https:\/\/med-disposable.com\/wp-content\/uploads\/2024\/06\/disposable-towels-25-768x469.jpg 768w, https:\/\/med-disposable.com\/wp-content\/uploads\/2024\/06\/disposable-towels-25-600x367.jpg 600w\" sizes=\"(max-width: 800px) 100vw, 800px\" \/><\/p>","protected":false},"excerpt":{"rendered":"<p>Fabriqu\u00e9es \u00e0 partir d'un mat\u00e9riau non tiss\u00e9 \u00e9pais avec un motif perl\u00e9 sophistiqu\u00e9, ces serviettes combinent un pouvoir d'absorption, une douceur et une durabilit\u00e9 exceptionnels. Elles sont con\u00e7ues pour un usage unique afin de garantir les normes les plus strictes en mati\u00e8re de propret\u00e9 et de commodit\u00e9.<\/p>","protected":false},"featured_media":12167,"template":"","meta":{"_seopress_robots_primary_cat":"","_seopress_titles_title":"","_seopress_titles_desc":"","_seopress_robots_index":""},"product_brand":[],"product_cat":[86],"product_tag":[561],"class_list":{"0":"post-12473","1":"product","2":"type-product","3":"status-publish","4":"has-post-thumbnail","6":"product_cat-beauty-and-spa","7":"product_tag-disposable-bath-towels","9":"first","10":"instock","11":"shipping-taxable","12":"product-type-simple"},"_links":{"self":[{"href":"https:\/\/med-disposable.com\/fr\/wp-json\/wp\/v2\/product\/12473","targetHints":{"allow":["GET"]}}],"collection":[{"href":"https:\/\/med-disposable.com\/fr\/wp-json\/wp\/v2\/product"}],"about":[{"href":"https:\/\/med-disposable.com\/fr\/wp-json\/wp\/v2\/types\/product"}],"version-history":[{"count":0,"href":"https:\/\/med-disposable.com\/fr\/wp-json\/wp\/v2\/product\/12473\/revisions"}],"wp:featuredmedia":[{"embeddable":true,"href":"https:\/\/med-disposable.com\/fr\/wp-json\/wp\/v2\/media\/12167"}],"wp:attachment":[{"href":"https:\/\/med-disposable.com\/fr\/wp-json\/wp\/v2\/media?parent=12473"}],"wp:term":[{"taxonomy":"product_brand","embeddable":true,"href":"https:\/\/med-disposable.com\/fr\/wp-json\/wp\/v2\/product_brand?post=12473"},{"taxonomy":"product_cat","embeddable":true,"href":"https:\/\/med-disposable.com\/fr\/wp-json\/wp\/v2\/product_cat?post=12473"},{"taxonomy":"product_tag","embeddable":true,"href":"https:\/\/med-disposable.com\/fr\/wp-json\/wp\/v2\/product_tag?post=12473"}],"curies":[{"name":"wp","href":"https:\/\/api.w.org\/{rel}","templated":true}]}}