{"id":12500,"date":"2024-06-27T11:43:28","date_gmt":"2024-06-27T03:43:28","guid":{"rendered":"https:\/\/med-disposable.com\/?post_type=product&#038;p=12500"},"modified":"2024-06-27T11:43:28","modified_gmt":"2024-06-27T03:43:28","slug":"serviettes-jetables-pour-le-lavage-du-corps","status":"publish","type":"product","link":"https:\/\/med-disposable.com\/fr\/product\/disposable-body-wash-towels\/","title":{"rendered":"Serviettes de toilette jetables"},"content":{"rendered":"<p><strong>Sp\u00e9cifications d\u00e9taill\u00e9es des serviettes de toilette jetables :<\/strong><\/p>\n<table width=\"731\">\n<tbody>\n<tr>\n<td width=\"137\">Mat\u00e9riau<\/td>\n<td width=\"594\">Non-tiss\u00e9 fil\u00e9<\/td>\n<\/tr>\n<tr>\n<td>Taille<\/td>\n<td>100x220cm, 100x200cm, ou selon la demande<\/td>\n<\/tr>\n<tr>\n<td>Poids<\/td>\n<td>50-100g, selon la demande.<\/td>\n<\/tr>\n<tr>\n<td>Couleur<\/td>\n<td>Blanc, ou autres couleurs sur demande.<\/td>\n<\/tr>\n<tr>\n<td>MOQ<\/td>\n<td>20 000 pi\u00e8ces<\/td>\n<\/tr>\n<tr>\n<td>D\u00e9tails de l'emballage<\/td>\n<td>1pc\/bag, 50bags\/ctn, ou selon les besoins du client.<\/td>\n<\/tr>\n<tr>\n<td>Caract\u00e9ristiques<\/td>\n<td>Jetable, doux, super absorbant, confortable, respectueux de la peau, l\u00e9ger, pratique, flexible.<\/td>\n<\/tr>\n<\/tbody>\n<\/table>\n<p><img fetchpriority=\"high\" decoding=\"async\" class=\"aligncenter wp-image-12498 size-large\" src=\"https:\/\/med-disposable.com\/wp-content\/uploads\/2024\/06\/disposable-towels-779x1024.jpg\" alt=\"\" width=\"779\" height=\"1024\" srcset=\"https:\/\/med-disposable.com\/wp-content\/uploads\/2024\/06\/disposable-towels-779x1024.jpg 779w, https:\/\/med-disposable.com\/wp-content\/uploads\/2024\/06\/disposable-towels-228x300.jpg 228w, https:\/\/med-disposable.com\/wp-content\/uploads\/2024\/06\/disposable-towels-768x1009.jpg 768w, https:\/\/med-disposable.com\/wp-content\/uploads\/2024\/06\/disposable-towels-600x788.jpg 600w, https:\/\/med-disposable.com\/wp-content\/uploads\/2024\/06\/disposable-towels.jpg 800w\" sizes=\"(max-width: 779px) 100vw, 779px\" \/><\/p>\n<p>&nbsp;<\/p>\n<p><strong>Avantages des serviettes de toilette jetables :<\/strong><\/p>\n<ul>\n<li><strong>Confort luxueux :<\/strong>\u00a0Le mat\u00e9riau non-tiss\u00e9 \u00e9pais combin\u00e9 au motif perl\u00e9 offre une sensation de peluche et de luxe, pour une exp\u00e9rience digne d'un spa.<\/li>\n<li><strong>Hygi\u00e8ne et s\u00e9curit\u00e9 :<\/strong>\u00a0Les serviettes \u00e0 usage unique garantissent que chaque utilisateur re\u00e7oit une serviette fra\u00eeche et propre, ce qui am\u00e9liore l'hygi\u00e8ne et r\u00e9duit le risque d'infection.<\/li>\n<li><strong>Rentabilit\u00e9 :<\/strong>\u00a0R\u00e9duit les co\u00fbts li\u00e9s au lavage, au s\u00e9chage et \u00e0 l'entretien des serviettes r\u00e9utilisables.<\/li>\n<li><strong>Doux et d\u00e9licat :<\/strong>\u00a0Le mat\u00e9riau de qualit\u00e9 sup\u00e9rieure est souple et doux pour la peau, offrant une sensation de luxe tout en \u00e9tant tr\u00e8s fonctionnel.<\/li>\n<li><strong>Polyvalence :<\/strong>\u00a0Il convient \u00e0 un large \u00e9ventail d'applications, des soins de sant\u00e9 aux voyages, en passant par les salles de sport, les spas et l'usage personnel.<\/li>\n<li><strong>Commodit\u00e9 :<\/strong>\u00a0La conception jetable offre une solution pratique, en particulier dans les environnements \u00e0 forte rotation o\u00f9 des changements fr\u00e9quents de serviettes sont n\u00e9cessaires.<\/li>\n<\/ul>\n<p><img decoding=\"async\" class=\"aligncenter wp-image-12490 size-full\" src=\"https:\/\/med-disposable.com\/wp-content\/uploads\/2024\/06\/disposable-towels-24.jpg\" alt=\"\" width=\"800\" height=\"677\" srcset=\"https:\/\/med-disposable.com\/wp-content\/uploads\/2024\/06\/disposable-towels-24.jpg 800w, https:\/\/med-disposable.com\/wp-content\/uploads\/2024\/06\/disposable-towels-24-300x254.jpg 300w, https:\/\/med-disposable.com\/wp-content\/uploads\/2024\/06\/disposable-towels-24-768x650.jpg 768w, https:\/\/med-disposable.com\/wp-content\/uploads\/2024\/06\/disposable-towels-24-600x508.jpg 600w\" sizes=\"(max-width: 800px) 100vw, 800px\" \/> <img decoding=\"async\" class=\"aligncenter wp-image-12485 size-full\" src=\"https:\/\/med-disposable.com\/wp-content\/uploads\/2024\/06\/disposable-towels-17.jpg\" alt=\"\" width=\"800\" height=\"909\" srcset=\"https:\/\/med-disposable.com\/wp-content\/uploads\/2024\/06\/disposable-towels-17.jpg 800w, https:\/\/med-disposable.com\/wp-content\/uploads\/2024\/06\/disposable-towels-17-264x300.jpg 264w, https:\/\/med-disposable.com\/wp-content\/uploads\/2024\/06\/disposable-towels-17-768x873.jpg 768w, https:\/\/med-disposable.com\/wp-content\/uploads\/2024\/06\/disposable-towels-17-600x682.jpg 600w\" sizes=\"(max-width: 800px) 100vw, 800px\" \/><\/p>\n<p>&nbsp;<\/p>\n<p><strong>Applications :<\/strong><\/p>\n<ul>\n<li><strong>Soins de sant\u00e9<\/strong>\u00a0Id\u00e9al pour les h\u00f4pitaux, les cliniques et les maisons de retraite, garantissant des normes d'hygi\u00e8ne \u00e9lev\u00e9es et r\u00e9duisant le risque de contamination crois\u00e9e.<\/li>\n<li><strong>Voyage :<\/strong>\u00a0Id\u00e9ale pour les voyages et les d\u00e9placements, elle constitue une alternative pratique et hygi\u00e9nique aux serviettes traditionnelles.<\/li>\n<li><strong>Spas et salles de sport :<\/strong>\u00a0Il s'agit d'une option hygi\u00e9nique et pratique pour les clients et les membres, garantissant une serviette fra\u00eeche et moelleuse \u00e0 chaque utilisation.<\/li>\n<li><strong>Usage personnel :<\/strong>\u00a0Parfait pour une utilisation \u00e0 domicile, en particulier pour les personnes qui recherchent une exp\u00e9rience de bain hygi\u00e9nique et sans tracas.<\/li>\n<li><strong>Soins aux personnes \u00e2g\u00e9es :<\/strong>\u00a0Convient aux \u00e9tablissements de soins pour personnes \u00e2g\u00e9es, assurant un nettoyage doux et hygi\u00e9nique des r\u00e9sidents.<\/li>\n<\/ul>\n<p><img loading=\"lazy\" decoding=\"async\" class=\"aligncenter wp-image-12497 size-full\" src=\"https:\/\/med-disposable.com\/wp-content\/uploads\/2024\/06\/disposable-towels-used-for.jpg\" alt=\"\" width=\"800\" height=\"701\" srcset=\"https:\/\/med-disposable.com\/wp-content\/uploads\/2024\/06\/disposable-towels-used-for.jpg 800w, https:\/\/med-disposable.com\/wp-content\/uploads\/2024\/06\/disposable-towels-used-for-300x263.jpg 300w, https:\/\/med-disposable.com\/wp-content\/uploads\/2024\/06\/disposable-towels-used-for-768x673.jpg 768w, https:\/\/med-disposable.com\/wp-content\/uploads\/2024\/06\/disposable-towels-used-for-600x526.jpg 600w\" sizes=\"(max-width: 800px) 100vw, 800px\" \/><\/p>","protected":false},"excerpt":{"rendered":"<p>Les serviettes de toilette jetables combinent un pouvoir absorbant, une douceur et une durabilit\u00e9 exceptionnels. Elles sont con\u00e7ues pour un usage unique afin de garantir les normes les plus \u00e9lev\u00e9es en mati\u00e8re de propret\u00e9 et de commodit\u00e9. Id\u00e9ales dans de nombreux contextes, nos serviettes offrent une solution pratique et hygi\u00e9nique sans sacrifier le confort et le luxe.<\/p>","protected":false},"featured_media":12490,"template":"","meta":{"_seopress_robots_primary_cat":"","_seopress_titles_title":"","_seopress_titles_desc":"","_seopress_robots_index":""},"product_brand":[],"product_cat":[86],"product_tag":[562],"class_list":{"0":"post-12500","1":"product","2":"type-product","3":"status-publish","4":"has-post-thumbnail","6":"product_cat-beauty-and-spa","7":"product_tag-disposable-towels","9":"first","10":"instock","11":"shipping-taxable","12":"product-type-simple"},"_links":{"self":[{"href":"https:\/\/med-disposable.com\/fr\/wp-json\/wp\/v2\/product\/12500","targetHints":{"allow":["GET"]}}],"collection":[{"href":"https:\/\/med-disposable.com\/fr\/wp-json\/wp\/v2\/product"}],"about":[{"href":"https:\/\/med-disposable.com\/fr\/wp-json\/wp\/v2\/types\/product"}],"version-history":[{"count":0,"href":"https:\/\/med-disposable.com\/fr\/wp-json\/wp\/v2\/product\/12500\/revisions"}],"wp:featuredmedia":[{"embeddable":true,"href":"https:\/\/med-disposable.com\/fr\/wp-json\/wp\/v2\/media\/12490"}],"wp:attachment":[{"href":"https:\/\/med-disposable.com\/fr\/wp-json\/wp\/v2\/media?parent=12500"}],"wp:term":[{"taxonomy":"product_brand","embeddable":true,"href":"https:\/\/med-disposable.com\/fr\/wp-json\/wp\/v2\/product_brand?post=12500"},{"taxonomy":"product_cat","embeddable":true,"href":"https:\/\/med-disposable.com\/fr\/wp-json\/wp\/v2\/product_cat?post=12500"},{"taxonomy":"product_tag","embeddable":true,"href":"https:\/\/med-disposable.com\/fr\/wp-json\/wp\/v2\/product_tag?post=12500"}],"curies":[{"name":"wp","href":"https:\/\/api.w.org\/{rel}","templated":true}]}}