{"id":1253,"date":"2021-04-15T17:08:48","date_gmt":"2021-04-15T09:08:48","guid":{"rendered":"https:\/\/med-disposable.com\/?post_type=product&#038;p=1253"},"modified":"2023-07-04T18:04:13","modified_gmt":"2023-07-04T10:04:13","slug":"bonnet-de-douche-jetable-biodegradable","status":"publish","type":"product","link":"https:\/\/med-disposable.com\/fr\/product\/biodegradable-disposable-shower-cap\/","title":{"rendered":"bonnet de douche jetable biod\u00e9gradable"},"content":{"rendered":"<p><strong>Pr\u00e9sentation du produit :<\/strong><\/p>\n<p>D\u00e9couvrez une solution \u00e9cologique \u00e0 vos besoins d'hygi\u00e8ne avec nos bonnets de douche biod\u00e9gradables jetables. Ces bonnets de douche l\u00e9gers mais robustes sont non seulement agr\u00e9ables \u00e0 porter, mais ils contribuent \u00e9galement \u00e0 r\u00e9duire votre empreinte \u00e9cologique. Disponibles dans un large \u00e9ventail de couleurs, ces bonnets de douche sont id\u00e9aux pour un usage personnel ou professionnel.<\/p>\n<p><strong>Caract\u00e9ristiques du produit :<\/strong><\/p>\n<p>Nos bonnets de douche biod\u00e9gradables \u00e0 usage unique pr\u00e9sentent plusieurs caract\u00e9ristiques distinctes :<\/p>\n<ul>\n<li><em>Conception l\u00e9g\u00e8re :<\/em> Con\u00e7us pour le confort, ces bonnets de douche sont l\u00e9gers et faciles \u00e0 porter, ce qui \u00e9vite toute pression suppl\u00e9mentaire sur la t\u00eate pendant l'utilisation.<\/li>\n<li><em>Forte r\u00e9sistance :<\/em> Malgr\u00e9 leur l\u00e9g\u00e8ret\u00e9, ces bonnets sont robustes et r\u00e9sistants, assurant une protection optimale de vos cheveux lors d'une douche ou d'un traitement capillaire professionnel.<\/li>\n<li><em>Biod\u00e9gradable :<\/em> Dans le cadre de notre engagement en faveur du d\u00e9veloppement durable, ces bonnets de douche sont enti\u00e8rement biod\u00e9gradables et se d\u00e9composent progressivement dans l'environnement apr\u00e8s avoir \u00e9t\u00e9 jet\u00e9s.<\/li>\n<li><em>Vari\u00e9t\u00e9 de couleurs :<\/em> Nos bonnets de douche sont disponibles dans une large gamme de couleurs, ce qui vous permet de choisir celle qui correspond le mieux \u00e0 vos pr\u00e9f\u00e9rences personnelles ou \u00e0 l'esth\u00e9tique de votre marque.<\/li>\n<\/ul>\n<p>&nbsp;<\/p>\n<p><strong>Sp\u00e9cification de base :<\/strong><\/p>\n<table width=\"293\">\n<tbody>\n<tr style=\"font-style: inherit;font-weight: inherit\">\n<td style=\"font-style: inherit\" width=\"64\">Mat\u00e9riau :<\/td>\n<td style=\"font-style: inherit\" width=\"229\">PBAT+amidon de ma\u00efs+PLA<\/td>\n<\/tr>\n<tr style=\"font-style: inherit;font-weight: inherit\">\n<td style=\"font-style: inherit\" width=\"64\">Taille :<\/td>\n<td style=\"font-style: inherit\" width=\"229\">18\", 19\", 21\", 24\", ou selon les besoins<\/td>\n<\/tr>\n<tr style=\"font-style: inherit;font-weight: inherit\">\n<td style=\"font-style: inherit\" width=\"64\">Utilisation :<\/td>\n<td style=\"font-style: inherit\" width=\"229\"><span style=\"font-style: inherit;font-weight: inherit\">soins personnels<\/span><\/td>\n<\/tr>\n<tr style=\"font-style: inherit;font-weight: inherit\">\n<td style=\"font-style: inherit\" width=\"64\">Couleur :<\/td>\n<td style=\"font-style: inherit\" width=\"229\"><span style=\"font-style: inherit;font-weight: inherit\">Blanc, peut \u00e9galement \u00eatre personnalis\u00e9<\/span><\/td>\n<\/tr>\n<tr style=\"font-style: inherit;font-weight: inherit\">\n<td style=\"font-style: inherit\" width=\"64\">Fonctionnalit\u00e9<\/td>\n<td style=\"font-style: inherit\" width=\"229\"><span data-spm-anchor-id=\"a2700.details.0.i23.511c723dPbQ4TE\">Biod\u00e9gradable et compostable\u00a0<\/span><\/td>\n<\/tr>\n<\/tbody>\n<\/table>\n<p><img fetchpriority=\"high\" decoding=\"async\" class=\"aligncenter wp-image-8993 size-full\" src=\"https:\/\/med-disposable.com\/wp-content\/uploads\/2021\/04\/showe-cap-4.jpg\" alt=\"\" width=\"800\" height=\"800\" srcset=\"https:\/\/med-disposable.com\/wp-content\/uploads\/2021\/04\/showe-cap-4.jpg 800w, https:\/\/med-disposable.com\/wp-content\/uploads\/2021\/04\/showe-cap-4-300x300.jpg 300w, https:\/\/med-disposable.com\/wp-content\/uploads\/2021\/04\/showe-cap-4-150x150.jpg 150w, https:\/\/med-disposable.com\/wp-content\/uploads\/2021\/04\/showe-cap-4-768x768.jpg 768w, https:\/\/med-disposable.com\/wp-content\/uploads\/2021\/04\/showe-cap-4-600x600.jpg 600w, https:\/\/med-disposable.com\/wp-content\/uploads\/2021\/04\/showe-cap-4-100x100.jpg 100w\" sizes=\"(max-width: 800px) 100vw, 800px\" \/><\/p>\n<p><strong>Avantages :<\/strong><\/p>\n<p>Le choix de nos bonnets de douche biod\u00e9gradables \u00e0 usage unique pr\u00e9sente de nombreux avantages :<\/p>\n<ul>\n<li><em>Respectueux de l'environnement :<\/em> En choisissant nos bouchons biod\u00e9gradables, vous faites un choix respectueux de l'environnement, vous r\u00e9duisez les d\u00e9chets plastiques et vous contribuez \u00e0 une plan\u00e8te plus durable.<\/li>\n<li><em>Durable :<\/em> La grande robustesse de nos casquettes leur permet de r\u00e9sister \u00e0 diverses conditions, ce qui en fait un choix fiable.<\/li>\n<li><em>Confortable :<\/em> Gr\u00e2ce \u00e0 leur l\u00e9g\u00e8ret\u00e9, ces bonnets offrent un confort sup\u00e9rieur \u00e0 celui des bonnets de douche traditionnels.<\/li>\n<li><em>Polyvalent :<\/em> Id\u00e9ales pour un usage personnel \u00e0 la maison ou un usage professionnel dans les h\u00f4tels, les spas et les salons, ces casquettes offrent un large \u00e9ventail d'applications.<\/li>\n<\/ul>\n<p><strong>Utilisations :<\/strong><\/p>\n<p>Nos bonnets de douche biod\u00e9gradables jetables constituent un excellent choix pour un usage personnel ou professionnel. Ils peuvent \u00eatre utilis\u00e9s \u00e0 la maison pendant les douches, dans les salons de coiffure pendant les traitements capillaires, ou dans les h\u00f4tels et les spas dans le cadre de leur programme d'accueil.<\/p>\n<p>&nbsp;<\/p>","protected":false},"excerpt":{"rendered":"<p>Mati\u00e8re PBAT+amidon de ma\u00efs+PLA, 100% biod\u00e9gradable, 100% compostable.<\/p>","protected":false},"featured_media":1255,"template":"","meta":{"_seopress_robots_primary_cat":"none","_seopress_titles_title":"Lightweight, Tough and Biodegradable: PBAT+Cornstarch+PLA for Personal Care","_seopress_titles_desc":"Discover the perfect balance between lightweight, strength, and biodegradability with our PBAT+Cornstarch+PLA materials. Available in a range of sizes and colors to meet your personal care needs.","_seopress_robots_index":""},"product_brand":[],"product_cat":[46],"product_tag":[90,67],"class_list":{"0":"post-1253","1":"product","2":"type-product","3":"status-publish","4":"has-post-thumbnail","6":"product_cat-caps","7":"product_tag-biodegradable","8":"product_tag-cap","10":"first","11":"instock","12":"shipping-taxable","13":"product-type-simple"},"_links":{"self":[{"href":"https:\/\/med-disposable.com\/fr\/wp-json\/wp\/v2\/product\/1253","targetHints":{"allow":["GET"]}}],"collection":[{"href":"https:\/\/med-disposable.com\/fr\/wp-json\/wp\/v2\/product"}],"about":[{"href":"https:\/\/med-disposable.com\/fr\/wp-json\/wp\/v2\/types\/product"}],"version-history":[{"count":0,"href":"https:\/\/med-disposable.com\/fr\/wp-json\/wp\/v2\/product\/1253\/revisions"}],"wp:featuredmedia":[{"embeddable":true,"href":"https:\/\/med-disposable.com\/fr\/wp-json\/wp\/v2\/media\/1255"}],"wp:attachment":[{"href":"https:\/\/med-disposable.com\/fr\/wp-json\/wp\/v2\/media?parent=1253"}],"wp:term":[{"taxonomy":"product_brand","embeddable":true,"href":"https:\/\/med-disposable.com\/fr\/wp-json\/wp\/v2\/product_brand?post=1253"},{"taxonomy":"product_cat","embeddable":true,"href":"https:\/\/med-disposable.com\/fr\/wp-json\/wp\/v2\/product_cat?post=1253"},{"taxonomy":"product_tag","embeddable":true,"href":"https:\/\/med-disposable.com\/fr\/wp-json\/wp\/v2\/product_tag?post=1253"}],"curies":[{"name":"wp","href":"https:\/\/api.w.org\/{rel}","templated":true}]}}