{"id":12542,"date":"2024-07-04T16:41:46","date_gmt":"2024-07-04T08:41:46","guid":{"rendered":"https:\/\/med-disposable.com\/?post_type=product&#038;p=12542"},"modified":"2024-07-04T16:41:46","modified_gmt":"2024-07-04T08:41:46","slug":"moufles-jetables-pour-la-douche","status":"publish","type":"product","link":"https:\/\/med-disposable.com\/fr\/product\/disposable-mittens-for-shower\/","title":{"rendered":"Moufles jetables pour la douche"},"content":{"rendered":"<p><strong>Sp\u00e9cifications de base des moufles jetables pour la douche<\/strong><\/p>\n<table width=\"717\">\n<tbody>\n<tr>\n<td width=\"127\">Mat\u00e9riau<\/td>\n<td width=\"590\">Non-tiss\u00e9 fil\u00e9<\/td>\n<\/tr>\n<tr>\n<td>Style<\/td>\n<td>Forme carr\u00e9e<\/td>\n<\/tr>\n<tr>\n<td>Taille<\/td>\n<td>20x22cm, 22x22cm, ou selon la demande<\/td>\n<\/tr>\n<tr>\n<td>Poids<\/td>\n<td>40-100g, selon la demande.<\/td>\n<\/tr>\n<tr>\n<td>Couleur<\/td>\n<td>Blanc<\/td>\n<\/tr>\n<tr>\n<td>MOQ<\/td>\n<td>50 000 pi\u00e8ces<\/td>\n<\/tr>\n<tr>\n<td>Emballage<\/td>\n<td>1pc\/sac, ou selon la demande<\/td>\n<\/tr>\n<tr>\n<td>Caract\u00e9ristiques<\/td>\n<td>Jetable, doux, super absorbant, confortable, respectueux de la peau, l\u00e9ger, pratique, flexible.<\/td>\n<\/tr>\n<\/tbody>\n<\/table>\n<p><img fetchpriority=\"high\" decoding=\"async\" class=\"aligncenter wp-image-12553 size-full\" src=\"https:\/\/med-disposable.com\/wp-content\/uploads\/2024\/07\/disposable-mittens-7.png\" alt=\"\" width=\"800\" height=\"800\" srcset=\"https:\/\/med-disposable.com\/wp-content\/uploads\/2024\/07\/disposable-mittens-7.png 800w, https:\/\/med-disposable.com\/wp-content\/uploads\/2024\/07\/disposable-mittens-7-300x300.png 300w, https:\/\/med-disposable.com\/wp-content\/uploads\/2024\/07\/disposable-mittens-7-150x150.png 150w, https:\/\/med-disposable.com\/wp-content\/uploads\/2024\/07\/disposable-mittens-7-768x768.png 768w, https:\/\/med-disposable.com\/wp-content\/uploads\/2024\/07\/disposable-mittens-7-600x600.png 600w, https:\/\/med-disposable.com\/wp-content\/uploads\/2024\/07\/disposable-mittens-7-100x100.png 100w\" sizes=\"(max-width: 800px) 100vw, 800px\" \/><\/p>\n<h3><\/h3>\n<h3><\/h3>\n<h3><strong>Caract\u00e9ristiques principales :<\/strong><\/h3>\n<ul>\n<li><strong>Mat\u00e9riau non tiss\u00e9 fil\u00e9 de haute qualit\u00e9 :<\/strong>\u00a0Nos moufles sont fabriqu\u00e9es \u00e0 partir d'un tissu non tiss\u00e9 de premi\u00e8re qualit\u00e9, garantissant une durabilit\u00e9 et des performances sup\u00e9rieures pendant l'utilisation.<\/li>\n<li><strong>\u00c9pais et doux :<\/strong>\u00a0Les moufles sont suffisamment \u00e9paisses pour offrir une prise et une sensation confortables, tout en \u00e9tant douces pour la peau, ce qui les rend id\u00e9ales pour un nettoyage doux et efficace.<\/li>\n<li><strong>Absorbant :<\/strong>\u00a0Le mat\u00e9riau non tiss\u00e9 est tr\u00e8s absorbant, ce qui permet aux moufles de retenir efficacement l'eau et le savon, am\u00e9liorant ainsi votre exp\u00e9rience de la douche.<\/li>\n<li><strong>Motif perl\u00e9 Ext\u00e9rieur :<\/strong>\u00a0L'\u00e9l\u00e9gant motif perl\u00e9 \u00e0 l'ext\u00e9rieur ajoute une touche de sophistication tout en am\u00e9liorant la texture de la moufle pour une meilleure exfoliation et un meilleur moussage.<\/li>\n<li><strong>Pratique \u00e0 usage unique :<\/strong>\u00a0Con\u00e7ues pour un usage unique, ces moufles jetables offrent une solution hygi\u00e9nique, \u00e9liminant le risque d'accumulation de bact\u00e9ries et garantissant une exp\u00e9rience fra\u00eeche et propre \u00e0 chaque fois.<\/li>\n<li><strong>Polyvalent et pratique :<\/strong>\u00a0Parfaites pour la maison, les voyages ou les \u00e9tablissements commerciaux tels que les h\u00f4tels et les spas, nos moufles jetables sont polyvalentes et pratiques, et r\u00e9pondent \u00e0 une grande vari\u00e9t\u00e9 de besoins.<\/li>\n<\/ul>\n<p><img decoding=\"async\" class=\"aligncenter wp-image-12549 size-full\" src=\"https:\/\/med-disposable.com\/wp-content\/uploads\/2024\/07\/disposable-mittens-3.png\" alt=\"\" width=\"800\" height=\"800\" srcset=\"https:\/\/med-disposable.com\/wp-content\/uploads\/2024\/07\/disposable-mittens-3.png 800w, https:\/\/med-disposable.com\/wp-content\/uploads\/2024\/07\/disposable-mittens-3-300x300.png 300w, https:\/\/med-disposable.com\/wp-content\/uploads\/2024\/07\/disposable-mittens-3-150x150.png 150w, https:\/\/med-disposable.com\/wp-content\/uploads\/2024\/07\/disposable-mittens-3-768x768.png 768w, https:\/\/med-disposable.com\/wp-content\/uploads\/2024\/07\/disposable-mittens-3-600x600.png 600w, https:\/\/med-disposable.com\/wp-content\/uploads\/2024\/07\/disposable-mittens-3-100x100.png 100w\" sizes=\"(max-width: 800px) 100vw, 800px\" \/><\/p>\n<p><img decoding=\"async\" class=\"aligncenter wp-image-12554 size-full\" src=\"https:\/\/med-disposable.com\/wp-content\/uploads\/2024\/07\/disposable-mittens-8.png\" alt=\"\" width=\"800\" height=\"800\" srcset=\"https:\/\/med-disposable.com\/wp-content\/uploads\/2024\/07\/disposable-mittens-8.png 800w, https:\/\/med-disposable.com\/wp-content\/uploads\/2024\/07\/disposable-mittens-8-300x300.png 300w, https:\/\/med-disposable.com\/wp-content\/uploads\/2024\/07\/disposable-mittens-8-150x150.png 150w, https:\/\/med-disposable.com\/wp-content\/uploads\/2024\/07\/disposable-mittens-8-768x768.png 768w, https:\/\/med-disposable.com\/wp-content\/uploads\/2024\/07\/disposable-mittens-8-600x600.png 600w, https:\/\/med-disposable.com\/wp-content\/uploads\/2024\/07\/disposable-mittens-8-100x100.png 100w\" sizes=\"(max-width: 800px) 100vw, 800px\" \/><\/p>\n<h3><\/h3>\n<h3><strong>Pourquoi choisir les moufles jetables de Wuhan Youfu ?<\/strong><\/h3>\n<p>Nos moufles jetables ne sont pas seulement fonctionnelles, elles offrent \u00e9galement un niveau de confort et d'hygi\u00e8ne in\u00e9gal\u00e9. Le mat\u00e9riau non tiss\u00e9 fil\u00e9 assure la durabilit\u00e9 sans sacrifier la douceur, ce qui les rend agr\u00e9ables \u00e0 la peau. La construction \u00e9paisse garantit une bonne tenue pendant l'utilisation, tandis que la propri\u00e9t\u00e9 absorbante leur permet de retenir efficacement l'eau et le savon, garantissant ainsi un nettoyage complet et satisfaisant. Le motif perl\u00e9 \u00e0 l'ext\u00e9rieur renforce encore leurs capacit\u00e9s d'exfoliation et de nettoyage.<\/p>\n<p><img loading=\"lazy\" decoding=\"async\" class=\"aligncenter wp-image-12547 size-full\" src=\"https:\/\/med-disposable.com\/wp-content\/uploads\/2024\/07\/disposable-mittens-1.png\" alt=\"\" width=\"800\" height=\"800\" srcset=\"https:\/\/med-disposable.com\/wp-content\/uploads\/2024\/07\/disposable-mittens-1.png 800w, https:\/\/med-disposable.com\/wp-content\/uploads\/2024\/07\/disposable-mittens-1-300x300.png 300w, https:\/\/med-disposable.com\/wp-content\/uploads\/2024\/07\/disposable-mittens-1-150x150.png 150w, https:\/\/med-disposable.com\/wp-content\/uploads\/2024\/07\/disposable-mittens-1-768x768.png 768w, https:\/\/med-disposable.com\/wp-content\/uploads\/2024\/07\/disposable-mittens-1-600x600.png 600w, https:\/\/med-disposable.com\/wp-content\/uploads\/2024\/07\/disposable-mittens-1-100x100.png 100w\" sizes=\"(max-width: 800px) 100vw, 800px\" \/><\/p>","protected":false},"excerpt":{"rendered":"<p>D\u00e9couvrez le m\u00e9lange parfait de commodit\u00e9 et de luxe avec nos moufles jetables pour la douche. Fabriqu\u00e9es \u00e0 partir d'un mat\u00e9riau non tiss\u00e9 de haute qualit\u00e9, ces mitaines sont con\u00e7ues pour am\u00e9liorer votre exp\u00e9rience de la douche gr\u00e2ce \u00e0 leur capacit\u00e9 d'absorption et leur douceur exceptionnelles.<\/p>","protected":false},"featured_media":12548,"template":"","meta":{"_seopress_robots_primary_cat":"none","_seopress_titles_title":"","_seopress_titles_desc":"","_seopress_robots_index":""},"product_brand":[],"product_cat":[86],"product_tag":[597],"class_list":{"0":"post-12542","1":"product","2":"type-product","3":"status-publish","4":"has-post-thumbnail","6":"product_cat-beauty-and-spa","7":"product_tag-disposable-mittens","9":"first","10":"instock","11":"shipping-taxable","12":"product-type-simple"},"_links":{"self":[{"href":"https:\/\/med-disposable.com\/fr\/wp-json\/wp\/v2\/product\/12542","targetHints":{"allow":["GET"]}}],"collection":[{"href":"https:\/\/med-disposable.com\/fr\/wp-json\/wp\/v2\/product"}],"about":[{"href":"https:\/\/med-disposable.com\/fr\/wp-json\/wp\/v2\/types\/product"}],"version-history":[{"count":0,"href":"https:\/\/med-disposable.com\/fr\/wp-json\/wp\/v2\/product\/12542\/revisions"}],"wp:featuredmedia":[{"embeddable":true,"href":"https:\/\/med-disposable.com\/fr\/wp-json\/wp\/v2\/media\/12548"}],"wp:attachment":[{"href":"https:\/\/med-disposable.com\/fr\/wp-json\/wp\/v2\/media?parent=12542"}],"wp:term":[{"taxonomy":"product_brand","embeddable":true,"href":"https:\/\/med-disposable.com\/fr\/wp-json\/wp\/v2\/product_brand?post=12542"},{"taxonomy":"product_cat","embeddable":true,"href":"https:\/\/med-disposable.com\/fr\/wp-json\/wp\/v2\/product_cat?post=12542"},{"taxonomy":"product_tag","embeddable":true,"href":"https:\/\/med-disposable.com\/fr\/wp-json\/wp\/v2\/product_tag?post=12542"}],"curies":[{"name":"wp","href":"https:\/\/api.w.org\/{rel}","templated":true}]}}