{"id":1262,"date":"2021-04-15T17:52:38","date_gmt":"2021-04-15T09:52:38","guid":{"rendered":"https:\/\/med-disposable.com\/?post_type=product&#038;p=1262"},"modified":"2023-06-14T19:29:49","modified_gmt":"2023-06-14T11:29:49","slug":"couvre-barbe-jetable-non-tisse","status":"publish","type":"product","link":"https:\/\/med-disposable.com\/fr\/product\/disposable-non-woven-beard-cover\/","title":{"rendered":"Couvre-barbe jetable non tiss\u00e9"},"content":{"rendered":"<h2>Sp\u00e9cifications de base du couvre-barbe jetable :<\/h2>\n<table width=\"559\">\n<tbody>\n<tr>\n<td width=\"106\">Taille<\/td>\n<td width=\"453\">46*22cm, 48*23cm, ou selon la demande<\/td>\n<\/tr>\n<tr>\n<td width=\"106\">Mat\u00e9riau<\/td>\n<td width=\"453\">PP non tiss\u00e9<\/td>\n<\/tr>\n<tr>\n<td width=\"106\">Poids en grammes<\/td>\n<td width=\"453\">10-15gsm<\/td>\n<\/tr>\n<tr>\n<td width=\"106\">Style<\/td>\n<td width=\"453\">Boucle simple ou double<\/td>\n<\/tr>\n<tr>\n<td width=\"106\">Couleur<\/td>\n<td width=\"453\">Blanc, bleu, personnalisable<\/td>\n<\/tr>\n<tr>\n<td width=\"106\">Emballage<\/td>\n<td width=\"453\">100 pcs\/sac, 500pcs\/ctn<\/td>\n<\/tr>\n<tr>\n<td width=\"106\">Application<\/td>\n<td width=\"453\">Industrie alimentaire, h\u00f4pitaux, industrie \u00e9lectronique, vie quotidienne, etc.<\/td>\n<\/tr>\n<\/tbody>\n<\/table>\n<p>&nbsp;<\/p>\n<p><img fetchpriority=\"high\" decoding=\"async\" class=\"aligncenter wp-image-7999 size-large\" src=\"https:\/\/med-disposable.com\/wp-content\/uploads\/2021\/04\/disposable-beard-cover-3-1024x1024.jpg\" alt=\"\" width=\"800\" height=\"800\" srcset=\"https:\/\/med-disposable.com\/wp-content\/uploads\/2021\/04\/disposable-beard-cover-3-1024x1024.jpg 1024w, https:\/\/med-disposable.com\/wp-content\/uploads\/2021\/04\/disposable-beard-cover-3-300x300.jpg 300w, https:\/\/med-disposable.com\/wp-content\/uploads\/2021\/04\/disposable-beard-cover-3-150x150.jpg 150w, https:\/\/med-disposable.com\/wp-content\/uploads\/2021\/04\/disposable-beard-cover-3-768x768.jpg 768w, https:\/\/med-disposable.com\/wp-content\/uploads\/2021\/04\/disposable-beard-cover-3-1536x1536.jpg 1536w, https:\/\/med-disposable.com\/wp-content\/uploads\/2021\/04\/disposable-beard-cover-3-scaled.jpg 2048w, https:\/\/med-disposable.com\/wp-content\/uploads\/2021\/04\/disposable-beard-cover-3-600x600.jpg 600w, https:\/\/med-disposable.com\/wp-content\/uploads\/2021\/04\/disposable-beard-cover-3-100x100.jpg 100w\" sizes=\"(max-width: 800px) 100vw, 800px\" \/><\/p>\n<p>&nbsp;<\/p>\n<h2>Caract\u00e9ristiques du couvre-barbe jetable non tiss\u00e9 :<\/h2>\n<ul>\n<li><strong>Boucles d'oreilles \u00e9lastiques :<\/strong>\u00a0Dot\u00e9s de boucles \u00e9lastiques, ces cache-barbes s'adaptent solidement aux oreilles, garantissant un port confortable et bien ajust\u00e9. Les boucles \u00e9lastiques sont con\u00e7ues pour s'adapter \u00e0 diff\u00e9rentes tailles de t\u00eate sans causer de g\u00eane.<\/li>\n<\/ul>\n<p><img decoding=\"async\" class=\"aligncenter wp-image-8003 size-large\" src=\"https:\/\/med-disposable.com\/wp-content\/uploads\/2021\/04\/disposable-beard-cover-7-1024x1024.jpg\" alt=\"\" width=\"800\" height=\"800\" srcset=\"https:\/\/med-disposable.com\/wp-content\/uploads\/2021\/04\/disposable-beard-cover-7-1024x1024.jpg 1024w, https:\/\/med-disposable.com\/wp-content\/uploads\/2021\/04\/disposable-beard-cover-7-300x300.jpg 300w, https:\/\/med-disposable.com\/wp-content\/uploads\/2021\/04\/disposable-beard-cover-7-150x150.jpg 150w, https:\/\/med-disposable.com\/wp-content\/uploads\/2021\/04\/disposable-beard-cover-7-768x768.jpg 768w, https:\/\/med-disposable.com\/wp-content\/uploads\/2021\/04\/disposable-beard-cover-7-1536x1536.jpg 1536w, https:\/\/med-disposable.com\/wp-content\/uploads\/2021\/04\/disposable-beard-cover-7-scaled.jpg 2048w, https:\/\/med-disposable.com\/wp-content\/uploads\/2021\/04\/disposable-beard-cover-7-600x600.jpg 600w, https:\/\/med-disposable.com\/wp-content\/uploads\/2021\/04\/disposable-beard-cover-7-100x100.jpg 100w\" sizes=\"(max-width: 800px) 100vw, 800px\" \/><\/p>\n<ul>\n<li><strong>Hygi\u00e8ne et propret\u00e9 :<\/strong>\u00a0L'utilisation de housses de barbe jetables dans votre \u00e9tablissement permet de maintenir des niveaux \u00e9lev\u00e9s de propret\u00e9 et d'hygi\u00e8ne en emp\u00eachant la contamination par les poils du visage. La nature \u00e0 usage unique de ces housses garantit un environnement propre et hygi\u00e9nique pour votre personnel, vos clients et vos consommateurs.<\/li>\n<\/ul>\n<p><img decoding=\"async\" class=\"aligncenter wp-image-8000 size-large\" src=\"https:\/\/med-disposable.com\/wp-content\/uploads\/2021\/04\/disposable-beard-cover-4-1024x1024.jpg\" alt=\"\" width=\"800\" height=\"800\" srcset=\"https:\/\/med-disposable.com\/wp-content\/uploads\/2021\/04\/disposable-beard-cover-4-1024x1024.jpg 1024w, https:\/\/med-disposable.com\/wp-content\/uploads\/2021\/04\/disposable-beard-cover-4-300x300.jpg 300w, https:\/\/med-disposable.com\/wp-content\/uploads\/2021\/04\/disposable-beard-cover-4-150x150.jpg 150w, https:\/\/med-disposable.com\/wp-content\/uploads\/2021\/04\/disposable-beard-cover-4-768x768.jpg 768w, https:\/\/med-disposable.com\/wp-content\/uploads\/2021\/04\/disposable-beard-cover-4-1536x1536.jpg 1536w, https:\/\/med-disposable.com\/wp-content\/uploads\/2021\/04\/disposable-beard-cover-4-scaled.jpg 2048w, https:\/\/med-disposable.com\/wp-content\/uploads\/2021\/04\/disposable-beard-cover-4-600x600.jpg 600w, https:\/\/med-disposable.com\/wp-content\/uploads\/2021\/04\/disposable-beard-cover-4-100x100.jpg 100w\" sizes=\"(max-width: 800px) 100vw, 800px\" \/><\/p>\n<ul>\n<li><strong>Respirant et confortable :<\/strong>\u00a0Le mat\u00e9riau non tiss\u00e9 de nos housses de barbe jetables offre une excellente respirabilit\u00e9, garantissant le confort m\u00eame pendant de longues heures d'utilisation. La conception l\u00e9g\u00e8re \u00e9vite l'inconfort et la surchauffe pour le porteur.<\/li>\n<\/ul>\n<p><img loading=\"lazy\" decoding=\"async\" class=\"aligncenter wp-image-8004 size-large\" src=\"https:\/\/med-disposable.com\/wp-content\/uploads\/2021\/04\/disposable-beard-cover-8-1024x1024.jpg\" alt=\"\" width=\"800\" height=\"800\" srcset=\"https:\/\/med-disposable.com\/wp-content\/uploads\/2021\/04\/disposable-beard-cover-8-1024x1024.jpg 1024w, https:\/\/med-disposable.com\/wp-content\/uploads\/2021\/04\/disposable-beard-cover-8-300x300.jpg 300w, https:\/\/med-disposable.com\/wp-content\/uploads\/2021\/04\/disposable-beard-cover-8-150x150.jpg 150w, https:\/\/med-disposable.com\/wp-content\/uploads\/2021\/04\/disposable-beard-cover-8-768x768.jpg 768w, https:\/\/med-disposable.com\/wp-content\/uploads\/2021\/04\/disposable-beard-cover-8-1536x1536.jpg 1536w, https:\/\/med-disposable.com\/wp-content\/uploads\/2021\/04\/disposable-beard-cover-8-scaled.jpg 2048w, https:\/\/med-disposable.com\/wp-content\/uploads\/2021\/04\/disposable-beard-cover-8-600x600.jpg 600w, https:\/\/med-disposable.com\/wp-content\/uploads\/2021\/04\/disposable-beard-cover-8-100x100.jpg 100w\" sizes=\"(max-width: 800px) 100vw, 800px\" \/><\/p>\n<ul>\n<li><strong>Taille universelle :<\/strong>\u00a0Con\u00e7ues pour s'adapter confortablement \u00e0 la plupart des individus, nos housses de barbe jetables non tiss\u00e9es conviennent \u00e0 diff\u00e9rentes longueurs de poils faciaux et tailles de t\u00eate. Les boucles d'oreilles \u00e9lastiques assurent un ajustement s\u00fbr et r\u00e9glable pour tous les utilisateurs.<\/li>\n<\/ul>\n<p>&nbsp;<\/p>\n<h2>FAQs :<\/h2>\n<p><strong>1. Ces housses de barbe sont-elles disponibles en diff\u00e9rentes couleurs ?<\/strong><\/p>\n<p>Nos housses de barbe non tiss\u00e9es jetables sont g\u00e9n\u00e9ralement disponibles en blanc. Cependant, pour les demandes sp\u00e9ciales concernant les couleurs, veuillez contacter notre \u00e9quipe de vente pour discuter des options disponibles.<\/p>\n<p><strong>2. Est-il possible d'ajuster les couvre-barbe pour qu'ils s'ajustent plus \u00e9troitement ?<\/strong><\/p>\n<p>Les boucles d'oreille \u00e9lastiques de nos couvre-barbe non tiss\u00e9s jetables permettent un ajustement s\u00fbr et r\u00e9glable pour la plupart des tailles de t\u00eate. Bien qu'ils soient con\u00e7us pour s'adapter confortablement, ils ne peuvent pas \u00eatre ajust\u00e9s pour un ajustement extr\u00eamement serr\u00e9.<\/p>\n<p><strong>3. Ces housses de barbe conviennent-elles aux personnes \u00e0 la peau sensible ?<\/strong><\/p>\n<p>Nos housses de barbe jetables non tiss\u00e9es sont fabriqu\u00e9es dans un mat\u00e9riau doux, l\u00e9ger et respirant, ce qui les rend adapt\u00e9es \u00e0 la plupart des individus, y compris ceux qui ont la peau sensible. Cependant, il est toujours recommand\u00e9 de tester le produit pour d\u00e9celer toute irritation cutan\u00e9e potentielle avant une utilisation prolong\u00e9e.<\/p>\n<p><strong>4. Comment les couvre-barbes doivent-ils \u00eatre stock\u00e9s pour garantir une hygi\u00e8ne optimale ?<\/strong><\/p>\n<p>Pour maintenir une hygi\u00e8ne optimale, conservez les housses de barbe non tiss\u00e9es jetables dans un endroit frais et sec, \u00e0 l'abri de la lumi\u00e8re directe du soleil, de l'humidit\u00e9 et des contaminants. Conservez les housses de barbe dans leur emballage d'origine jusqu'\u00e0 ce qu'elles soient pr\u00eates \u00e0 l'emploi.<\/p>\n<p><strong>5. Ces housses de barbe peuvent-elles \u00eatre r\u00e9utilis\u00e9es apr\u00e8s avoir \u00e9t\u00e9 lav\u00e9es ?<\/strong><\/p>\n<p>Nos housses de barbe non tiss\u00e9es jetables sont con\u00e7ues pour un usage unique et ne doivent pas \u00eatre r\u00e9utilis\u00e9es apr\u00e8s avoir \u00e9t\u00e9 lav\u00e9es. La r\u00e9utilisation des housses de barbe peut compromettre leur efficacit\u00e9 en mati\u00e8re de maintien de l'hygi\u00e8ne et de pr\u00e9vention de la contamination.<\/p>","protected":false},"excerpt":{"rendered":"<p>Nos housses de barbe non tiss\u00e9es jetables sont con\u00e7ues pour fournir une solution efficace et confortable pour contenir les poils du visage dans divers environnements professionnels. Ces housses de barbe sont fabriqu\u00e9es \u00e0 partir d'un mat\u00e9riau non tiss\u00e9 de haute qualit\u00e9, offrant une respirabilit\u00e9 et une protection l\u00e9g\u00e8re. Id\u00e9ales pour la transformation des aliments, les soins de sant\u00e9, la fabrication et d'autres industries, ces housses de barbe aident \u00e0 maintenir l'hygi\u00e8ne et \u00e0 pr\u00e9venir la contamination.<\/p>","protected":false},"featured_media":7999,"template":"","meta":{"_seopress_robots_primary_cat":"none","_seopress_titles_title":"Soft, Light and Comfy: Non-Woven PP &amp; Nylon in Custom Colors for All!","_seopress_titles_desc":"Light, soft, and comfortable PP non-woven basic \u2013 perfect for food industry, hospital, and daily life. Choose from size 46*22cm, 48*23cm, and other sizes on request, with 10-15gsm gram weight in white, blue, black, and brown. 100 pcs\/bag, 500pcs\/ctn.","_seopress_robots_index":""},"product_brand":[],"product_cat":[46],"product_tag":[91],"class_list":{"0":"post-1262","1":"product","2":"type-product","3":"status-publish","4":"has-post-thumbnail","6":"product_cat-caps","7":"product_tag-beard-cover","9":"first","10":"instock","11":"shipping-taxable","12":"product-type-simple"},"_links":{"self":[{"href":"https:\/\/med-disposable.com\/fr\/wp-json\/wp\/v2\/product\/1262","targetHints":{"allow":["GET"]}}],"collection":[{"href":"https:\/\/med-disposable.com\/fr\/wp-json\/wp\/v2\/product"}],"about":[{"href":"https:\/\/med-disposable.com\/fr\/wp-json\/wp\/v2\/types\/product"}],"version-history":[{"count":0,"href":"https:\/\/med-disposable.com\/fr\/wp-json\/wp\/v2\/product\/1262\/revisions"}],"wp:featuredmedia":[{"embeddable":true,"href":"https:\/\/med-disposable.com\/fr\/wp-json\/wp\/v2\/media\/7999"}],"wp:attachment":[{"href":"https:\/\/med-disposable.com\/fr\/wp-json\/wp\/v2\/media?parent=1262"}],"wp:term":[{"taxonomy":"product_brand","embeddable":true,"href":"https:\/\/med-disposable.com\/fr\/wp-json\/wp\/v2\/product_brand?post=1262"},{"taxonomy":"product_cat","embeddable":true,"href":"https:\/\/med-disposable.com\/fr\/wp-json\/wp\/v2\/product_cat?post=1262"},{"taxonomy":"product_tag","embeddable":true,"href":"https:\/\/med-disposable.com\/fr\/wp-json\/wp\/v2\/product_tag?post=1262"}],"curies":[{"name":"wp","href":"https:\/\/api.w.org\/{rel}","templated":true}]}}