{"id":1270,"date":"2021-04-15T17:59:50","date_gmt":"2021-04-15T09:59:50","guid":{"rendered":"https:\/\/med-disposable.com\/?post_type=product&#038;p=1270"},"modified":"2023-06-15T10:50:02","modified_gmt":"2023-06-15T02:50:02","slug":"cache-barbe-jetable-non-tisse-detectable","status":"publish","type":"product","link":"https:\/\/med-disposable.com\/fr\/product\/disposable-non-woven-detectable-beard-cover\/","title":{"rendered":"Couvre-barbe d\u00e9tectable jetable non tiss\u00e9"},"content":{"rendered":"<h2>Sp\u00e9cifications de base d'un couvre-barbe d\u00e9tectable jetable :<\/h2>\n<table width=\"559\">\n<tbody>\n<tr>\n<td width=\"106\">Taille<\/td>\n<td width=\"453\">46*22cm, 48*23cm, ou selon la demande<\/td>\n<\/tr>\n<tr>\n<td width=\"106\">Mat\u00e9riau<\/td>\n<td width=\"453\">PP non tiss\u00e9<\/td>\n<\/tr>\n<tr>\n<td width=\"106\">Poids<\/td>\n<td width=\"453\">10-15gsm<\/td>\n<\/tr>\n<tr>\n<td width=\"106\">Couleur<\/td>\n<td width=\"453\">Blanc, bleu, noir, marron, sur mesure<\/td>\n<\/tr>\n<tr>\n<td width=\"106\">Style<\/td>\n<td width=\"453\">avec boucle d'oreille simple, avec bande m\u00e9tallique d\u00e9tectable<\/td>\n<\/tr>\n<tr>\n<td width=\"106\">Application<\/td>\n<td width=\"453\">100pcs\/sac, 1000pcs\/ctn, ou selon la demande<\/td>\n<\/tr>\n<\/tbody>\n<\/table>\n<p><img fetchpriority=\"high\" decoding=\"async\" class=\"aligncenter wp-image-8026 size-full\" src=\"https:\/\/med-disposable.com\/wp-content\/uploads\/2021\/04\/detectable-beard-cover-2.jpg\" alt=\"\" width=\"800\" height=\"800\" srcset=\"https:\/\/med-disposable.com\/wp-content\/uploads\/2021\/04\/detectable-beard-cover-2.jpg 800w, https:\/\/med-disposable.com\/wp-content\/uploads\/2021\/04\/detectable-beard-cover-2-300x300.jpg 300w, https:\/\/med-disposable.com\/wp-content\/uploads\/2021\/04\/detectable-beard-cover-2-150x150.jpg 150w, https:\/\/med-disposable.com\/wp-content\/uploads\/2021\/04\/detectable-beard-cover-2-768x768.jpg 768w, https:\/\/med-disposable.com\/wp-content\/uploads\/2021\/04\/detectable-beard-cover-2-600x600.jpg 600w, https:\/\/med-disposable.com\/wp-content\/uploads\/2021\/04\/detectable-beard-cover-2-100x100.jpg 100w\" sizes=\"(max-width: 800px) 100vw, 800px\" \/><\/p>\n<h2>Caract\u00e9ristiques :<\/h2>\n<ul>\n<li><strong>Bande d\u00e9tectable par le m\u00e9tal :<\/strong>\u00a0Ces couvercles de barbe sont dot\u00e9s d'une bande m\u00e9tallique d\u00e9tectable int\u00e9gr\u00e9e, ce qui les rend facilement identifiables par les d\u00e9tecteurs de m\u00e9taux dans les installations de transformation des aliments. Ce dispositif de s\u00e9curit\u00e9 avanc\u00e9 permet d'\u00e9viter la contamination des produits et de garantir la conformit\u00e9 avec les r\u00e9glementations industrielles.<\/li>\n<\/ul>\n<p><img decoding=\"async\" class=\"aligncenter wp-image-8030 size-full\" src=\"https:\/\/med-disposable.com\/wp-content\/uploads\/2021\/04\/disposable-detectable-beard-cover.jpg\" alt=\"\" width=\"800\" height=\"800\" srcset=\"https:\/\/med-disposable.com\/wp-content\/uploads\/2021\/04\/disposable-detectable-beard-cover.jpg 800w, https:\/\/med-disposable.com\/wp-content\/uploads\/2021\/04\/disposable-detectable-beard-cover-300x300.jpg 300w, https:\/\/med-disposable.com\/wp-content\/uploads\/2021\/04\/disposable-detectable-beard-cover-150x150.jpg 150w, https:\/\/med-disposable.com\/wp-content\/uploads\/2021\/04\/disposable-detectable-beard-cover-768x768.jpg 768w, https:\/\/med-disposable.com\/wp-content\/uploads\/2021\/04\/disposable-detectable-beard-cover-600x600.jpg 600w, https:\/\/med-disposable.com\/wp-content\/uploads\/2021\/04\/disposable-detectable-beard-cover-100x100.jpg 100w\" sizes=\"(max-width: 800px) 100vw, 800px\" \/><\/p>\n<ul>\n<li><strong>Boucles d'oreilles \u00e9lastiques :<\/strong>\u00a0Dot\u00e9s de boucles \u00e9lastiques, ces cache-barbes s'adaptent solidement aux oreilles, garantissant un port confortable et bien ajust\u00e9. Les boucles \u00e9lastiques sont con\u00e7ues pour s'adapter \u00e0 diff\u00e9rentes tailles de t\u00eate sans causer de g\u00eane.<\/li>\n<\/ul>\n<p><img decoding=\"async\" class=\"aligncenter wp-image-8025 size-full\" src=\"https:\/\/med-disposable.com\/wp-content\/uploads\/2021\/04\/detectable-beard-cover-1.jpg\" alt=\"\" width=\"800\" height=\"800\" srcset=\"https:\/\/med-disposable.com\/wp-content\/uploads\/2021\/04\/detectable-beard-cover-1.jpg 800w, https:\/\/med-disposable.com\/wp-content\/uploads\/2021\/04\/detectable-beard-cover-1-300x300.jpg 300w, https:\/\/med-disposable.com\/wp-content\/uploads\/2021\/04\/detectable-beard-cover-1-150x150.jpg 150w, https:\/\/med-disposable.com\/wp-content\/uploads\/2021\/04\/detectable-beard-cover-1-768x768.jpg 768w, https:\/\/med-disposable.com\/wp-content\/uploads\/2021\/04\/detectable-beard-cover-1-600x600.jpg 600w, https:\/\/med-disposable.com\/wp-content\/uploads\/2021\/04\/detectable-beard-cover-1-100x100.jpg 100w\" sizes=\"(max-width: 800px) 100vw, 800px\" \/><\/p>\n<ul>\n<li><strong>Respirant et confortable :<\/strong>\u00a0Le mat\u00e9riau non tiss\u00e9 de nos couvre-barbe d\u00e9tectables jetables offre une excellente respirabilit\u00e9, garantissant le confort m\u00eame pendant de longues heures d'utilisation. La conception l\u00e9g\u00e8re \u00e9vite l'inconfort et la surchauffe pour le porteur.<\/li>\n<li><strong>Hygi\u00e8ne et propret\u00e9 :<\/strong>\u00a0L'utilisation de housses de barbe d\u00e9tectables jetables dans votre \u00e9tablissement permet de maintenir des niveaux \u00e9lev\u00e9s de propret\u00e9 et d'hygi\u00e8ne en emp\u00eachant la contamination par les poils du visage. La nature \u00e0 usage unique de ces housses garantit un environnement propre et hygi\u00e9nique pour votre personnel, vos clients et vos consommateurs.<\/li>\n<\/ul>\n<p><img loading=\"lazy\" decoding=\"async\" class=\"aligncenter wp-image-8028 size-full\" src=\"https:\/\/med-disposable.com\/wp-content\/uploads\/2021\/04\/detectable-beard-cover1.jpg\" alt=\"\" width=\"800\" height=\"672\" srcset=\"https:\/\/med-disposable.com\/wp-content\/uploads\/2021\/04\/detectable-beard-cover1.jpg 800w, https:\/\/med-disposable.com\/wp-content\/uploads\/2021\/04\/detectable-beard-cover1-300x252.jpg 300w, https:\/\/med-disposable.com\/wp-content\/uploads\/2021\/04\/detectable-beard-cover1-768x645.jpg 768w, https:\/\/med-disposable.com\/wp-content\/uploads\/2021\/04\/detectable-beard-cover1-600x504.jpg 600w\" sizes=\"(max-width: 800px) 100vw, 800px\" \/><\/p>\n<p>&nbsp;<\/p>\n<h2>Questions fr\u00e9quemment pos\u00e9es<\/h2>\n<p><strong>1. Ces couvre-barbe d\u00e9tectables sont-ils exempts de latex ?<\/strong><\/p>\n<p>Oui, nos housses de barbe d\u00e9tectables non tiss\u00e9es jetables ne contiennent pas de latex, ce qui les rend adapt\u00e9es aux utilisateurs souffrant d'allergies ou de sensibilit\u00e9s au latex.<\/p>\n<p><strong>2. Ces prot\u00e8ge-barbes d\u00e9tectables peuvent-ils \u00eatre utilis\u00e9s dans des environnements autres que l'industrie alimentaire ?<\/strong><\/p>\n<p>Oui, nos housses de barbe jetables non tiss\u00e9es et d\u00e9tectables conviennent \u00e0 diverses industries, y compris les industries pharmaceutiques, les laboratoires et d'autres environnements o\u00f9 le confinement des poils du visage et la pr\u00e9vention de la contamination sont n\u00e9cessaires.<\/p>\n<p><strong>3. Combien de couvre-barbe d\u00e9tectables y a-t-il dans un paquet ?<\/strong><\/p>\n<p>Le nombre de couvre-barbe d\u00e9tectables dans un paquet d\u00e9pend des options d'emballage disponibles. Pour des d\u00e9tails sp\u00e9cifiques sur les quantit\u00e9s d'emballage, veuillez contacter notre \u00e9quipe de vente.<\/p>\n<p><strong>4. Ces couvre-barbes d\u00e9tectables offrent-ils une protection contre les liquides ou les produits chimiques ?<\/strong><\/p>\n<p>Bien que nos housses de barbe jetables non tiss\u00e9es et d\u00e9tectables permettent de contenir efficacement les poils du visage, elles ne sont pas con\u00e7ues pour offrir une protection contre les fluides ou les produits chimiques.<\/p>\n<p><strong>5. Ces couvre-barbe d\u00e9tectables sont-ils disponibles en diff\u00e9rentes couleurs ?<\/strong><\/p>\n<p>Nos housses de barbe d\u00e9tectables non tiss\u00e9es jetables sont g\u00e9n\u00e9ralement disponibles en blanc. Cependant, pour les demandes sp\u00e9ciales concernant les options de couleur, veuillez contacter notre \u00e9quipe de vente pour discuter des choix disponibles.<\/p>","protected":false},"excerpt":{"rendered":"<p>Nos housses de barbe jetables non tiss\u00e9es et d\u00e9tectables sont con\u00e7ues pour offrir une s\u00e9curit\u00e9 et un confinement sup\u00e9rieurs des poils du visage dans les environnements de transformation des aliments. Fabriqu\u00e9es \u00e0 partir d'un mat\u00e9riau non tiss\u00e9 de haute qualit\u00e9, ces housses de barbe int\u00e8grent une bande m\u00e9tallique d\u00e9tectable, ce qui les rend facilement identifiables par les d\u00e9tecteurs de m\u00e9taux. Cette caract\u00e9ristique de s\u00e9curit\u00e9 suppl\u00e9mentaire garantit la pr\u00e9vention de la contamination des produits dans les installations de transformation des aliments. Id\u00e9ales pour la fabrication de produits alimentaires, la restauration et d'autres industries o\u00f9 le contr\u00f4le de la contamination est crucial, ces housses de barbe d\u00e9tectables aident \u00e0 maintenir les normes d'hygi\u00e8ne et de s\u00e9curit\u00e9.<\/p>","protected":false},"featured_media":1273,"template":"","meta":{"_seopress_robots_primary_cat":"none","_seopress_titles_title":"Disposable Non Woven Detectable Beard Cover - YouFu Medical","_seopress_titles_desc":"This lightweight, soft and breathable fabric is tear resistant and detectable, perfect for the food industry, hospital, and electronic industry. Choose sizes from 46*22cm, 48*23cm, or customize your own. 100 pieces\/bag, 1000 pieces\/ctn. Try now!","_seopress_robots_index":""},"product_brand":[],"product_cat":[46],"product_tag":[91],"class_list":{"0":"post-1270","1":"product","2":"type-product","3":"status-publish","4":"has-post-thumbnail","6":"product_cat-caps","7":"product_tag-beard-cover","9":"first","10":"instock","11":"shipping-taxable","12":"product-type-simple"},"_links":{"self":[{"href":"https:\/\/med-disposable.com\/fr\/wp-json\/wp\/v2\/product\/1270","targetHints":{"allow":["GET"]}}],"collection":[{"href":"https:\/\/med-disposable.com\/fr\/wp-json\/wp\/v2\/product"}],"about":[{"href":"https:\/\/med-disposable.com\/fr\/wp-json\/wp\/v2\/types\/product"}],"version-history":[{"count":0,"href":"https:\/\/med-disposable.com\/fr\/wp-json\/wp\/v2\/product\/1270\/revisions"}],"wp:featuredmedia":[{"embeddable":true,"href":"https:\/\/med-disposable.com\/fr\/wp-json\/wp\/v2\/media\/1273"}],"wp:attachment":[{"href":"https:\/\/med-disposable.com\/fr\/wp-json\/wp\/v2\/media?parent=1270"}],"wp:term":[{"taxonomy":"product_brand","embeddable":true,"href":"https:\/\/med-disposable.com\/fr\/wp-json\/wp\/v2\/product_brand?post=1270"},{"taxonomy":"product_cat","embeddable":true,"href":"https:\/\/med-disposable.com\/fr\/wp-json\/wp\/v2\/product_cat?post=1270"},{"taxonomy":"product_tag","embeddable":true,"href":"https:\/\/med-disposable.com\/fr\/wp-json\/wp\/v2\/product_tag?post=1270"}],"curies":[{"name":"wp","href":"https:\/\/api.w.org\/{rel}","templated":true}]}}