{"id":1325,"date":"2021-04-20T17:46:51","date_gmt":"2021-04-20T09:46:51","guid":{"rendered":"https:\/\/med-disposable.com\/?post_type=product&#038;p=1325"},"modified":"2023-06-06T16:12:57","modified_gmt":"2023-06-06T08:12:57","slug":"tablier-jetable-non-tisse-avec-pellicule-de-pe","status":"publish","type":"product","link":"https:\/\/med-disposable.com\/fr\/product\/disposable-non-woven-with-pe-filmed-apron\/","title":{"rendered":"Tablier jetable non tiss\u00e9 avec film PE"},"content":{"rendered":"<p><strong>Introduction :<\/strong><\/p>\n<p>Nos tabliers non tiss\u00e9s jetables avec film PE sont le choix id\u00e9al pour une protection sup\u00e9rieure contre les d\u00e9versements et les contaminants. Fabriqu\u00e9s en polypropyl\u00e8ne (PP) de haute qualit\u00e9 et recouverts d'un film en poly\u00e9thyl\u00e8ne (PE), ces tabliers offrent \u00e0 la fois confort et protection compl\u00e8te.<\/p>\n<p><img fetchpriority=\"high\" decoding=\"async\" class=\"aligncenter wp-image-7651 size-large\" src=\"https:\/\/med-disposable.com\/wp-content\/uploads\/2021\/04\/40A9626-1024x1024.jpg\" alt=\"\" width=\"800\" height=\"800\" srcset=\"https:\/\/med-disposable.com\/wp-content\/uploads\/2021\/04\/40A9626-1024x1024.jpg 1024w, https:\/\/med-disposable.com\/wp-content\/uploads\/2021\/04\/40A9626-300x300.jpg 300w, https:\/\/med-disposable.com\/wp-content\/uploads\/2021\/04\/40A9626-150x150.jpg 150w, https:\/\/med-disposable.com\/wp-content\/uploads\/2021\/04\/40A9626-768x768.jpg 768w, https:\/\/med-disposable.com\/wp-content\/uploads\/2021\/04\/40A9626-1536x1536.jpg 1536w, https:\/\/med-disposable.com\/wp-content\/uploads\/2021\/04\/40A9626-scaled.jpg 2048w, https:\/\/med-disposable.com\/wp-content\/uploads\/2021\/04\/40A9626-600x600.jpg 600w, https:\/\/med-disposable.com\/wp-content\/uploads\/2021\/04\/40A9626-100x100.jpg 100w\" sizes=\"(max-width: 800px) 100vw, 800px\" \/><\/p>\n<p align=\"justify\" data-spm-anchor-id=\"a2700.details.0.i22.25ea6eddWS8CWD\"><strong>Sp\u00e9cification d\u00e9taill\u00e9e :<\/strong><\/p>\n<table width=\"437\">\n<tbody>\n<tr>\n<td width=\"98\">Taille<\/td>\n<td width=\"339\">70X120cm, 81\u00d7125, 81x140cm, 81x160cm, ou sur mesure<\/td>\n<\/tr>\n<tr>\n<td width=\"98\">Mat\u00e9riau<\/td>\n<td>PP, PP+PE<\/td>\n<\/tr>\n<tr>\n<td width=\"98\">Poids en grammes<\/td>\n<td>18-40gsm<\/td>\n<\/tr>\n<tr>\n<td width=\"98\">Couleur<\/td>\n<td>blanc, bleu, vert, rouge, jaune... personnalisable<\/td>\n<\/tr>\n<tr>\n<td width=\"98\">Style<\/td>\n<td>le cou suspendu ou les cravates sur le cou ;<\/p>\n<p>nou\u00e9s \u00e0 la taille ;<\/p>\n<p>avec ou sans poches<\/p>\n<p>peut \u00eatre personnalis\u00e9<\/td>\n<\/tr>\n<tr>\n<td width=\"98\">Emballage<\/td>\n<td>10pcs\/sac, 100pcs\/ctn, ou selon les besoins<\/td>\n<\/tr>\n<tr>\n<td width=\"98\">Application<\/td>\n<td>cuisine, restaurant, m\u00e9nage, peinture...etc.<\/td>\n<\/tr>\n<\/tbody>\n<\/table>\n<p>&nbsp;<\/p>\n<p><strong>Caract\u00e9ristiques :<\/strong><\/p>\n<ol>\n<li><strong>Mat\u00e9riau en polypropyl\u00e8ne non tiss\u00e9<\/strong>: L'utilisation du polypropyl\u00e8ne offre un confort l\u00e9ger et une bonne respirabilit\u00e9.<\/li>\n<li><strong>Couche de film PE<\/strong>: Une couche de film de poly\u00e9thyl\u00e8ne renforce la r\u00e9sistance du tablier contre les liquides et autres contaminants.<\/li>\n<li><strong>L\u00e9ger et confortable<\/strong>: Malgr\u00e9 leurs qualit\u00e9s protectrices, ces tabliers sont con\u00e7us pour \u00eatre confortables et l\u00e9gers, afin de faciliter les mouvements pendant l'utilisation.<\/li>\n<li><strong>Jetable<\/strong>: Con\u00e7us pour un usage unique, ces tabliers garantissent une hygi\u00e8ne maximale et minimisent le risque de contamination crois\u00e9e.<\/li>\n<li><strong>Large couverture<\/strong>: Offre une large couverture pour prot\u00e9ger les v\u00eatements et la peau contre les d\u00e9versements et les contaminants.<\/li>\n<\/ol>\n<p><img decoding=\"async\" class=\"aligncenter wp-image-7649 size-large\" src=\"https:\/\/med-disposable.com\/wp-content\/uploads\/2021\/04\/40A9624-1024x1024.jpg\" alt=\"\" width=\"800\" height=\"800\" srcset=\"https:\/\/med-disposable.com\/wp-content\/uploads\/2021\/04\/40A9624-1024x1024.jpg 1024w, https:\/\/med-disposable.com\/wp-content\/uploads\/2021\/04\/40A9624-300x300.jpg 300w, https:\/\/med-disposable.com\/wp-content\/uploads\/2021\/04\/40A9624-150x150.jpg 150w, https:\/\/med-disposable.com\/wp-content\/uploads\/2021\/04\/40A9624-768x768.jpg 768w, https:\/\/med-disposable.com\/wp-content\/uploads\/2021\/04\/40A9624-1536x1536.jpg 1536w, https:\/\/med-disposable.com\/wp-content\/uploads\/2021\/04\/40A9624-scaled.jpg 2048w, https:\/\/med-disposable.com\/wp-content\/uploads\/2021\/04\/40A9624-600x600.jpg 600w, https:\/\/med-disposable.com\/wp-content\/uploads\/2021\/04\/40A9624-100x100.jpg 100w\" sizes=\"(max-width: 800px) 100vw, 800px\" \/><\/p>\n<p><strong>Avantages :<\/strong><\/p>\n<ul>\n<li><strong>Protection sup\u00e9rieure<\/strong>: La combinaison du polypropyl\u00e8ne non tiss\u00e9 et d'un film PE offre une excellente r\u00e9sistance aux d\u00e9versements et aux contaminants.<\/li>\n<li><strong>Mati\u00e8re respirante<\/strong>: Le polypropyl\u00e8ne non tiss\u00e9 permet une ventilation ad\u00e9quate, assurant le confort lors d'une utilisation prolong\u00e9e.<\/li>\n<li><strong>Hygi\u00e8ne renforc\u00e9e<\/strong>: La conception jetable permet d'utiliser un tablier neuf \u00e0 chaque fois, r\u00e9duisant ainsi le risque de contamination crois\u00e9e.<\/li>\n<li><strong>Conception pratique<\/strong>: Une large couverture garantit que vos v\u00eatements et votre peau sont bien prot\u00e9g\u00e9s contre les d\u00e9versements ou les contaminants potentiels.<\/li>\n<\/ul>\n<p><img decoding=\"async\" class=\"aligncenter wp-image-7650 size-full\" src=\"https:\/\/med-disposable.com\/wp-content\/uploads\/2021\/04\/40A9625.jpg\" alt=\"\" width=\"700\" height=\"700\" srcset=\"https:\/\/med-disposable.com\/wp-content\/uploads\/2021\/04\/40A9625.jpg 700w, https:\/\/med-disposable.com\/wp-content\/uploads\/2021\/04\/40A9625-300x300.jpg 300w, https:\/\/med-disposable.com\/wp-content\/uploads\/2021\/04\/40A9625-150x150.jpg 150w, https:\/\/med-disposable.com\/wp-content\/uploads\/2021\/04\/40A9625-600x600.jpg 600w, https:\/\/med-disposable.com\/wp-content\/uploads\/2021\/04\/40A9625-100x100.jpg 100w\" sizes=\"(max-width: 700px) 100vw, 700px\" \/><\/p>\n<p><strong>Applications :<\/strong><\/p>\n<p>Ces tabliers non tiss\u00e9s jetables avec film PE sont parfaits pour les milieux m\u00e9dicaux, les laboratoires, les unit\u00e9s de transformation des aliments, les services de nettoyage et tout environnement o\u00f9 une protection contre les contaminants est n\u00e9cessaire.<\/p>\n<p>&nbsp;<\/p>\n<p><strong>Diff\u00e9rences entre les mat\u00e9riaux PP, PP+PE et PE :<\/strong><\/p>\n<table>\n<thead>\n<tr>\n<th><\/th>\n<th><strong>PP (Polypropyl\u00e8ne)<\/strong><\/th>\n<th><strong>PP+PE (Polypropyl\u00e8ne + Poly\u00e9thyl\u00e8ne)<\/strong><\/th>\n<th><strong>PE (Poly\u00e9thyl\u00e8ne)<\/strong><\/th>\n<\/tr>\n<\/thead>\n<tbody>\n<tr>\n<td><strong>La force<\/strong><\/td>\n<td>Mod\u00e9r\u00e9<\/td>\n<td>Haut<\/td>\n<td>Haut<\/td>\n<\/tr>\n<tr>\n<td><strong>Flexibilit\u00e9<\/strong><\/td>\n<td>Haut<\/td>\n<td>Mod\u00e9r\u00e9<\/td>\n<td>Faible<\/td>\n<\/tr>\n<tr>\n<td><strong>R\u00e9sistance \u00e0 l'humidit\u00e9<\/strong><\/td>\n<td>Faible<\/td>\n<td>Haut<\/td>\n<td>Haut<\/td>\n<\/tr>\n<tr>\n<td><strong>Respirabilit\u00e9<\/strong><\/td>\n<td>Haut<\/td>\n<td>Faible<\/td>\n<td>Faible<\/td>\n<\/tr>\n<tr>\n<td><strong>Utilisations typiques<\/strong><\/td>\n<td>V\u00eatements de protection, emballages<\/td>\n<td>V\u00eatements de protection, emballages<\/td>\n<td>v\u00eatements de protection<\/td>\n<\/tr>\n<\/tbody>\n<\/table>\n<p>&nbsp;<\/p>\n<p><strong>FAQs :<\/strong><\/p>\n<ol>\n<li><strong>Pourquoi le polypropyl\u00e8ne non tiss\u00e9 est-il un bon mat\u00e9riau pour ces tabliers ?<\/strong> Le polypropyl\u00e8ne non tiss\u00e9 (PP) est un polym\u00e8re thermoplastique reconnu pour sa durabilit\u00e9, sa r\u00e9sistance \u00e0 l'abrasion et sa respirabilit\u00e9. Sa structure non tiss\u00e9e permet \u00e0 l'air de circuler, ce qui le rend confortable \u00e0 porter pendant de longues p\u00e9riodes. En outre, le PP est un mat\u00e9riau \u00e9conomique, ce qui en fait un choix courant pour les produits jetables tels que les tabliers.<\/li>\n<li><strong>Pourquoi ces tabliers sont-ils recouverts d'une couche de film de poly\u00e9thyl\u00e8ne (PE) ?<\/strong> La couche de film de poly\u00e9thyl\u00e8ne (PE) sur nos tabliers non tiss\u00e9s jetables ajoute une couche suppl\u00e9mentaire de protection contre les d\u00e9versements de liquides et autres contaminants. Le PE est un mat\u00e9riau populaire dans la fabrication de v\u00eatements de protection en raison de ses propri\u00e9t\u00e9s de r\u00e9sistance \u00e0 l'humidit\u00e9. Le film PE augmente les qualit\u00e9s protectrices du tablier sans compromettre le confort et la flexibilit\u00e9.<\/li>\n<li><strong>Quelle est la quantit\u00e9 minimale de commande pour ces tabliers ?<\/strong> La quantit\u00e9 minimale de commande pour nos tabliers non tiss\u00e9s jetables avec film PE peut varier en fonction des exigences sp\u00e9cifiques et de la logistique. Nous vous recommandons de contacter notre service client\u00e8le, qui pourra vous fournir une r\u00e9ponse d\u00e9taill\u00e9e et personnalis\u00e9e en fonction de vos besoins particuliers.<\/li>\n<li><strong>Quels sont les d\u00e9lais de livraison pour les commandes en gros ?<\/strong> Le d\u00e9lai de livraison pour les commandes en gros de nos tabliers non tiss\u00e9s jetables avec film PE d\u00e9pend de plusieurs facteurs, notamment du volume de la commande, de la capacit\u00e9 de production actuelle et de la destination de l'envoi. Soyez assur\u00e9s que nous nous effor\u00e7ons d'honorer toutes les commandes aussi rapidement que possible sans compromettre la qualit\u00e9 de nos produits. Pour obtenir une estimation plus pr\u00e9cise du d\u00e9lai de livraison, nous vous recommandons de contacter notre service client\u00e8le en pr\u00e9cisant les d\u00e9tails de votre commande.<\/li>\n<li><strong>Comment les performances de ces tabliers se comparent-elles \u00e0 celles des tabliers fabriqu\u00e9s \u00e0 partir d'autres mat\u00e9riaux ?<\/strong> La combinaison de polypropyl\u00e8ne non tiss\u00e9 et de film de poly\u00e9thyl\u00e8ne utilis\u00e9e dans nos tabliers offre un \u00e9quilibre sup\u00e9rieur de confort et de protection. Le polypropyl\u00e8ne offre une excellente respirabilit\u00e9 et un grand confort, tandis que le film de poly\u00e9thyl\u00e8ne offre une grande r\u00e9sistance aux d\u00e9versements et aux contaminants. Cet \u00e9quilibre des performances est souvent difficile \u00e0 atteindre avec des tabliers fabriqu\u00e9s \u00e0 partir de mat\u00e9riaux diff\u00e9rents.<\/li>\n<\/ol>","protected":false},"excerpt":{"rendered":"<p>Style : col suspendu ou liens sur le cou ; liens \u00e0 la taille ; avec ou sans poches.<\/p>","protected":false},"featured_media":7641,"template":"","meta":{"_seopress_robots_primary_cat":"none","_seopress_titles_title":"Personalize Your Look with Quality Breathable &amp; Durable Style Options!","_seopress_titles_desc":"Looking for breathable, good-strength and good-elongation fabrics? We customize according to your needs- from size, color, style, packing and application. Find the perfect fabric for you with us now!","_seopress_robots_index":""},"product_brand":[],"product_cat":[45],"product_tag":[77,57],"class_list":{"0":"post-1325","1":"product","2":"type-product","3":"status-publish","4":"has-post-thumbnail","6":"product_cat-apron","7":"product_tag-apron","8":"product_tag-non-woven","10":"first","11":"instock","12":"shipping-taxable","13":"product-type-simple"},"_links":{"self":[{"href":"https:\/\/med-disposable.com\/fr\/wp-json\/wp\/v2\/product\/1325","targetHints":{"allow":["GET"]}}],"collection":[{"href":"https:\/\/med-disposable.com\/fr\/wp-json\/wp\/v2\/product"}],"about":[{"href":"https:\/\/med-disposable.com\/fr\/wp-json\/wp\/v2\/types\/product"}],"version-history":[{"count":0,"href":"https:\/\/med-disposable.com\/fr\/wp-json\/wp\/v2\/product\/1325\/revisions"}],"wp:featuredmedia":[{"embeddable":true,"href":"https:\/\/med-disposable.com\/fr\/wp-json\/wp\/v2\/media\/7641"}],"wp:attachment":[{"href":"https:\/\/med-disposable.com\/fr\/wp-json\/wp\/v2\/media?parent=1325"}],"wp:term":[{"taxonomy":"product_brand","embeddable":true,"href":"https:\/\/med-disposable.com\/fr\/wp-json\/wp\/v2\/product_brand?post=1325"},{"taxonomy":"product_cat","embeddable":true,"href":"https:\/\/med-disposable.com\/fr\/wp-json\/wp\/v2\/product_cat?post=1325"},{"taxonomy":"product_tag","embeddable":true,"href":"https:\/\/med-disposable.com\/fr\/wp-json\/wp\/v2\/product_tag?post=1325"}],"curies":[{"name":"wp","href":"https:\/\/api.w.org\/{rel}","templated":true}]}}