{"id":1348,"date":"2021-04-21T18:22:54","date_gmt":"2021-04-21T10:22:54","guid":{"rendered":"https:\/\/med-disposable.com\/?post_type=product&#038;p=1348"},"modified":"2023-07-04T15:41:24","modified_gmt":"2023-07-04T07:41:24","slug":"masque-jetable-a-charbon-actif-4ply","status":"publish","type":"product","link":"https:\/\/med-disposable.com\/fr\/product\/disposable-4ply-activated-carbon-face-mask\/","title":{"rendered":"Masque facial jetable en charbon actif 4ply"},"content":{"rendered":"<h2>Sp\u00e9cification d\u00e9taill\u00e9e :<\/h2>\n<table width=\"686\">\n<tbody>\n<tr>\n<td width=\"123\">Taille<\/td>\n<td width=\"563\">17.5*9.5cm<\/td>\n<\/tr>\n<tr>\n<td width=\"123\">Mat\u00e9riau<\/td>\n<td width=\"563\">SBPP+ filtre \u00e0 charbon actif+ MB + PP souple<\/td>\n<\/tr>\n<tr>\n<td width=\"123\">Poids<\/td>\n<td width=\"563\">(18\/20\/25\/30) + (35\/40)+(18\/20\/25) + (18\/20\/25\/30)g<\/td>\n<\/tr>\n<tr>\n<td width=\"123\">Style<\/td>\n<td width=\"563\">Boucle d'oreille, \u00e9lastique rond ou plat<\/td>\n<\/tr>\n<tr>\n<td width=\"123\">Emballage<\/td>\n<td width=\"563\">50 pcs\/bo\u00eete, 2000pcs\/ctn, selon les besoins<\/td>\n<\/tr>\n<tr>\n<td width=\"123\">Conception de l'emballage<\/td>\n<td width=\"563\">L'impression des bo\u00eetes int\u00e9rieures et des cartons peut \u00eatre r\u00e9alis\u00e9e selon votre demande.<\/td>\n<\/tr>\n<\/tbody>\n<\/table>\n<figure class=\"wp-block-embed wp-block-embed-youtube is-type-video is-provider-youtube epyt-figure\"><div class=\"wp-block-embed__wrapper\"><div  id=\"_ytid_30665\"  width=\"800\" height=\"450\"  data-origwidth=\"800\" data-origheight=\"450\" data-facadesrc=\"https:\/\/www.youtube.com\/embed\/0nWL1oqUDBw?enablejsapi=1&autoplay=0&cc_load_policy=0&cc_lang_pref=&iv_load_policy=1&loop=0&rel=1&fs=1&playsinline=0&autohide=2&theme=dark&color=red&controls=1&disablekb=0&\" class=\"__youtube_prefs__ epyt-facade no-lazyload\" data-epautoplay=\"1\" ><img decoding=\"async\" data-spai-excluded=\"true\" class=\"epyt-facade-poster skip-lazy\" loading=\"lazy\"  alt=\"Lecteur YouTube\"  src=\"https:\/\/i.ytimg.com\/vi\/0nWL1oqUDBw\/maxresdefault.jpg\"  \/><button class=\"epyt-facade-play\" aria-label=\"Jouer\"><svg data-no-lazy=\"1\" height=\"100%\" version=\"1.1\" viewbox=\"0 0 68 48\" width=\"100%\"><path class=\"ytp-large-play-button-bg\" d=\"M66.52,7.74c-0.78-2.93-2.49-5.41-5.42-6.19C55.79,.13,34,0,34,0S12.21,.13,6.9,1.55 C3.97,2.33,2.27,4.81,1.48,7.74C0.06,13.05,0,24,0,24s0.06,10.95,1.48,16.26c0.78,2.93,2.49,5.41,5.42,6.19 C12.21,47.87,34,48,34,48s21.79-0.13,27.1-1.55c2.93-0.78,4.64-3.26,5.42-6.19C67.94,34.95,68,24,68,24S67.94,13.05,66.52,7.74z\" fill=\"#f00\"><\/path><path d=\"M 45,24 27,14 27,34\" fill=\"#fff\"><\/path><\/svg><\/button><\/div><\/div><\/figure>\n<h2>Caract\u00e9ristiques :<\/h2>\n<ul>\n<li><strong>Protection 4 couches :<\/strong>\u00a0Le masque jetable \u00e0 charbon actif 4 couches est constitu\u00e9 d'une couche ext\u00e9rieure en SBPP, d'un filtre \u00e0 charbon actif, d'une couche en MB pour une filtration \u00e9lev\u00e9e et d'une couche int\u00e9rieure en PP souple pour plus de confort.<\/li>\n<li><strong>Filtre \u00e0 charbon actif :<\/strong>\u00a0Le filtre \u00e0 charbon actif \u00e9limine efficacement les odeurs et les gaz nocifs, offrant ainsi une meilleure protection contre les contaminants et garantissant une respiration plus confortable.<\/li>\n<li><strong>Efficacit\u00e9 de filtration \u00e9lev\u00e9e :<\/strong>\u00a0La couche de charbon fondu souffl\u00e9 (MB) de notre masque de protection jetable au charbon actif offre une grande efficacit\u00e9 de filtration, bloquant efficacement les particules, les bact\u00e9ries et les gouttelettes.<\/li>\n<li><strong>Confortable et respirant :<\/strong>\u00a0La couche interne en polypropyl\u00e8ne (PP) est douce pour la peau et offre une excellente respirabilit\u00e9, ce qui rend le masque confortable \u00e0 porter pendant de longues p\u00e9riodes.<\/li>\n<li><strong>Ajustement s\u00fbr :<\/strong>\u00a0Notre masque jetable \u00e0 4 couches de charbon actif est con\u00e7u avec un fil nasal r\u00e9glable et des boucles d'oreilles \u00e9lastiques, garantissant un ajustement s\u00fbr et confortable pour diff\u00e9rentes formes et tailles de visage.<\/li>\n<\/ul>\n<p><img fetchpriority=\"high\" decoding=\"async\" class=\"aligncenter wp-image-8386 size-large\" src=\"https:\/\/med-disposable.com\/wp-content\/uploads\/2021\/04\/carbon-active-face-mask-5-1024x1024.jpg\" alt=\"\" width=\"800\" height=\"800\" srcset=\"https:\/\/med-disposable.com\/wp-content\/uploads\/2021\/04\/carbon-active-face-mask-5-1024x1024.jpg 1024w, https:\/\/med-disposable.com\/wp-content\/uploads\/2021\/04\/carbon-active-face-mask-5-300x300.jpg 300w, https:\/\/med-disposable.com\/wp-content\/uploads\/2021\/04\/carbon-active-face-mask-5-150x150.jpg 150w, https:\/\/med-disposable.com\/wp-content\/uploads\/2021\/04\/carbon-active-face-mask-5-768x768.jpg 768w, https:\/\/med-disposable.com\/wp-content\/uploads\/2021\/04\/carbon-active-face-mask-5-600x600.jpg 600w, https:\/\/med-disposable.com\/wp-content\/uploads\/2021\/04\/carbon-active-face-mask-5-100x100.jpg 100w, https:\/\/med-disposable.com\/wp-content\/uploads\/2021\/04\/carbon-active-face-mask-5.jpg 1050w\" sizes=\"(max-width: 800px) 100vw, 800px\" \/> <img decoding=\"async\" class=\"aligncenter wp-image-8382 size-large\" src=\"https:\/\/med-disposable.com\/wp-content\/uploads\/2021\/04\/carbon-active-face-mask-1-1024x1024.jpg\" alt=\"\" width=\"800\" height=\"800\" srcset=\"https:\/\/med-disposable.com\/wp-content\/uploads\/2021\/04\/carbon-active-face-mask-1-1024x1024.jpg 1024w, https:\/\/med-disposable.com\/wp-content\/uploads\/2021\/04\/carbon-active-face-mask-1-300x300.jpg 300w, https:\/\/med-disposable.com\/wp-content\/uploads\/2021\/04\/carbon-active-face-mask-1-150x150.jpg 150w, https:\/\/med-disposable.com\/wp-content\/uploads\/2021\/04\/carbon-active-face-mask-1-768x768.jpg 768w, https:\/\/med-disposable.com\/wp-content\/uploads\/2021\/04\/carbon-active-face-mask-1-1536x1536.jpg 1536w, https:\/\/med-disposable.com\/wp-content\/uploads\/2021\/04\/carbon-active-face-mask-1-scaled.jpg 2048w, https:\/\/med-disposable.com\/wp-content\/uploads\/2021\/04\/carbon-active-face-mask-1-600x600.jpg 600w, https:\/\/med-disposable.com\/wp-content\/uploads\/2021\/04\/carbon-active-face-mask-1-100x100.jpg 100w\" sizes=\"(max-width: 800px) 100vw, 800px\" \/><\/p>\n<p>&nbsp;<\/p>\n<h2>FAQ<\/h2>\n<p><strong>Q : Quelle est l'efficacit\u00e9 du filtre \u00e0 charbon actif de ce masque ?<\/strong><\/p>\n<p>R : Le filtre \u00e0 charbon actif de notre masque jetable \u00e0 charbon actif \u00e9limine efficacement les odeurs et les gaz nocifs, offrant ainsi une meilleure protection contre les contaminants et garantissant une respiration plus confortable.<\/p>\n<p><strong>Q : Ce masque prot\u00e8ge-t-il contre les virus ?<\/strong><\/p>\n<p>R : Le masque jetable \u00e0 4 couches de charbon actif offre une grande efficacit\u00e9 de filtration, bloquant efficacement les particules, les bact\u00e9ries et les gouttelettes. Bien qu'aucun masque ne puisse garantir une protection totale contre les virus, ce masque offre une couche de d\u00e9fense suppl\u00e9mentaire.<\/p>\n<p><strong>Q : Comment porter et ajuster correctement le masque jetable \u00e0 charbon actif 4 plis ?<\/strong><\/p>\n<p>R : Pour porter le masque, commencez par le d\u00e9plier et le placer sur votre nez et votre bouche, en veillant \u00e0 ce que la couche int\u00e9rieure en PP souple soit orient\u00e9e vers l'int\u00e9rieur. Ajustez la barrette nasale pour qu'elle soit bien ajust\u00e9e et fixez le masque en place \u00e0 l'aide des boucles d'oreille \u00e9lastiques.<\/p>\n<p><strong>Q : Comment puis-je me d\u00e9barrasser correctement du masque de protection jetable \u00e0 4 couches de charbon actif ?<\/strong><\/p>\n<p>R : Apr\u00e8s chaque utilisation, retirez le masque en ne manipulant que les boucles d'oreille ou les attaches, et jetez-le dans une poubelle. Respectez les r\u00e9glementations et directives locales pour une mise au rebut correcte du masque.<\/p>\n<p><strong>Q : Combien de temps le masque reste-t-il efficace ?<\/strong><\/p>\n<p>R : Le masque doit \u00eatre remplac\u00e9 apr\u00e8s chaque utilisation ou lorsqu'il devient visiblement sale, humide ou endommag\u00e9. L'efficacit\u00e9 du masque peut \u00e9galement diminuer avec le temps en raison de l'exposition aux contaminants et \u00e0 l'humidit\u00e9.<\/p>\n<p>&nbsp;<\/p>","protected":false},"excerpt":{"rendered":"<p>Notre masque jetable \u00e0 4 couches de charbon actif offre une protection et un confort sup\u00e9rieurs pour un usage quotidien. Con\u00e7u avec quatre couches, dont une couche ext\u00e9rieure en SBPP, un filtre \u00e0 charbon actif, une couche souffl\u00e9e par fusion (MB) et une couche int\u00e9rieure en polypropyl\u00e8ne souple (PP), ce masque offre une grande efficacit\u00e9 de filtration et une excellente respirabilit\u00e9. Id\u00e9al pour divers environnements, ce masque convient aux \u00e9tablissements m\u00e9dicaux, aux laboratoires, aux environnements industriels et \u00e0 la vie quotidienne.<\/p>","protected":false},"featured_media":8386,"template":"","meta":{"_seopress_robots_primary_cat":"none","_seopress_titles_title":"Filter Smog with 90% Filtration Efficiency: Activated Carbon Filter in 17.5x9.5cm Face Masks","_seopress_titles_desc":"Protect yourself from smog and other non-oily particles with activated carbon filter face masks with filtration efficiency of 90% or higher &amp; customizable design. Shop now!","_seopress_robots_index":""},"product_brand":[],"product_cat":[100],"product_tag":[60],"class_list":{"0":"post-1348","1":"product","2":"type-product","3":"status-publish","4":"has-post-thumbnail","6":"product_cat-face-mask","7":"product_tag-face-mask","9":"first","10":"instock","11":"shipping-taxable","12":"product-type-simple"},"_links":{"self":[{"href":"https:\/\/med-disposable.com\/fr\/wp-json\/wp\/v2\/product\/1348","targetHints":{"allow":["GET"]}}],"collection":[{"href":"https:\/\/med-disposable.com\/fr\/wp-json\/wp\/v2\/product"}],"about":[{"href":"https:\/\/med-disposable.com\/fr\/wp-json\/wp\/v2\/types\/product"}],"version-history":[{"count":0,"href":"https:\/\/med-disposable.com\/fr\/wp-json\/wp\/v2\/product\/1348\/revisions"}],"wp:featuredmedia":[{"embeddable":true,"href":"https:\/\/med-disposable.com\/fr\/wp-json\/wp\/v2\/media\/8386"}],"wp:attachment":[{"href":"https:\/\/med-disposable.com\/fr\/wp-json\/wp\/v2\/media?parent=1348"}],"wp:term":[{"taxonomy":"product_brand","embeddable":true,"href":"https:\/\/med-disposable.com\/fr\/wp-json\/wp\/v2\/product_brand?post=1348"},{"taxonomy":"product_cat","embeddable":true,"href":"https:\/\/med-disposable.com\/fr\/wp-json\/wp\/v2\/product_cat?post=1348"},{"taxonomy":"product_tag","embeddable":true,"href":"https:\/\/med-disposable.com\/fr\/wp-json\/wp\/v2\/product_tag?post=1348"}],"curies":[{"name":"wp","href":"https:\/\/api.w.org\/{rel}","templated":true}]}}