{"id":1407,"date":"2021-04-25T10:12:19","date_gmt":"2021-04-25T02:12:19","guid":{"rendered":"https:\/\/med-disposable.com\/?post_type=product&#038;p=1407"},"modified":"2023-05-30T16:24:50","modified_gmt":"2023-05-30T08:24:50","slug":"blouse-disolation-sms-non-tissee-aami-niveau-2","status":"publish","type":"product","link":"https:\/\/med-disposable.com\/fr\/product\/aami-level-2-non-woven-sms-isolation-gown\/","title":{"rendered":"Blouse d'isolation SMS non tiss\u00e9e AAMI de niveau 2"},"content":{"rendered":"<h2>Sp\u00e9cifications d\u00e9taill\u00e9es de la blouse d'isolation de niveau 2 :<\/h2>\n<table width=\"128\">\n<tbody>\n<tr>\n<td width=\"64\">Mat\u00e9riau<\/td>\n<td width=\"64\">SMS (Spunbond-Meltblown-Spunbond)<\/td>\n<\/tr>\n<tr>\n<td>Poids en grammes<\/td>\n<td>40-45g<\/td>\n<\/tr>\n<tr>\n<td rowspan=\"4\">Style<\/td>\n<td>Longueur totale, du cou aux genoux<\/td>\n<\/tr>\n<tr>\n<td>Col rond, dos avec attaches, possibilit\u00e9 de velcro sur demande<\/td>\n<\/tr>\n<tr>\n<td>Manches longues avec poignets tricot\u00e9s<\/td>\n<\/tr>\n<tr>\n<td>Taille avec liens<\/td>\n<\/tr>\n<tr>\n<td>Couleur<\/td>\n<td>Bleu, vert ou blanc<\/td>\n<\/tr>\n<tr>\n<td>Niveau de protection :<\/td>\n<td>AAMI niveau 2<\/td>\n<\/tr>\n<tr>\n<td>M\u00e9tal en filament<\/td>\n<td>Thermoscellage par ultrasons<\/td>\n<\/tr>\n<tr>\n<td>Emballage<\/td>\n<td>Non st\u00e9rile : 10 pcs\/sac, 100pcs\/ctn, ou sur demande St\u00e9rile : 1pc\/sac en papier-poly, 50pcs\/ctn<\/td>\n<\/tr>\n<\/tbody>\n<\/table>\n<p>&nbsp;<\/p>\n<p><img fetchpriority=\"high\" decoding=\"async\" class=\"aligncenter wp-image-7344 size-large\" src=\"https:\/\/med-disposable.com\/wp-content\/uploads\/2021\/04\/SMS-isolation-gown-1024x576.jpg\" alt=\"\" width=\"800\" height=\"450\" srcset=\"https:\/\/med-disposable.com\/wp-content\/uploads\/2021\/04\/SMS-isolation-gown-1024x576.jpg 1024w, https:\/\/med-disposable.com\/wp-content\/uploads\/2021\/04\/SMS-isolation-gown-300x169.jpg 300w, https:\/\/med-disposable.com\/wp-content\/uploads\/2021\/04\/SMS-isolation-gown-768x432.jpg 768w, https:\/\/med-disposable.com\/wp-content\/uploads\/2021\/04\/SMS-isolation-gown-600x338.jpg 600w, https:\/\/med-disposable.com\/wp-content\/uploads\/2021\/04\/SMS-isolation-gown.jpg 1280w\" sizes=\"(max-width: 800px) 100vw, 800px\" \/><\/p>\n<p>&nbsp;<\/p>\n<h2>Principales caract\u00e9ristiques et avantages :<\/h2>\n<ol>\n<li>Certifi\u00e9e AAMI niveau 2 : Cette blouse d'isolation r\u00e9pond aux directives strictes de l'Association for the Advancement of Medical Instrumentation (AAMI) pour une protection de niveau 2, offrant une barri\u00e8re fiable contre les fluides et les contaminants.<\/li>\n<li>Mat\u00e9riau SMS non tiss\u00e9 : Fabriqu\u00e9e \u00e0 partir d'un mat\u00e9riau SMS (Spunbond-Meltblown-Spunbond) non tiss\u00e9 de haute qualit\u00e9, cette blouse garantit sa durabilit\u00e9, sa solidit\u00e9 et sa r\u00e9sistance aux liquides.<\/li>\n<li>Couverture compl\u00e8te : La blouse est enti\u00e8rement con\u00e7ue pour offrir une couverture compl\u00e8te du cou aux genoux, avec des manches longues et des poignets tricot\u00e9s pour une protection et un confort accrus.<\/li>\n<li>Ajustement s\u00fbr et r\u00e9glable : La blouse d'isolation est munie d'un lien \u00e0 la taille et d'une fermeture au cou, ce qui permet un ajustement s\u00fbr et personnalisable pour diff\u00e9rentes tailles et formes de corps.<\/li>\n<li>Confortable et respirant : Le mat\u00e9riau SMS non tiss\u00e9 est l\u00e9ger et respirant, ce qui garantit le confort pendant les p\u00e9riodes de port prolong\u00e9es.<\/li>\n<li>Usage unique et jetable : Con\u00e7ue pour un usage unique, cette blouse contribue \u00e0 maintenir un environnement propre et hygi\u00e9nique en r\u00e9duisant le risque de contamination crois\u00e9e.<\/li>\n<\/ol>\n<p>&nbsp;<\/p>\n<p><img decoding=\"async\" class=\"aligncenter wp-image-7341 size-full\" src=\"https:\/\/med-disposable.com\/wp-content\/uploads\/2021\/04\/SMS-gown-untrasonic-6.jpg\" alt=\"\" width=\"700\" height=\"700\" srcset=\"https:\/\/med-disposable.com\/wp-content\/uploads\/2021\/04\/SMS-gown-untrasonic-6.jpg 700w, https:\/\/med-disposable.com\/wp-content\/uploads\/2021\/04\/SMS-gown-untrasonic-6-300x300.jpg 300w, https:\/\/med-disposable.com\/wp-content\/uploads\/2021\/04\/SMS-gown-untrasonic-6-150x150.jpg 150w, https:\/\/med-disposable.com\/wp-content\/uploads\/2021\/04\/SMS-gown-untrasonic-6-600x600.jpg 600w, https:\/\/med-disposable.com\/wp-content\/uploads\/2021\/04\/SMS-gown-untrasonic-6-100x100.jpg 100w\" sizes=\"(max-width: 700px) 100vw, 700px\" \/><\/p>\n<p><img decoding=\"async\" class=\"wp-image-7119 size-large aligncenter\" src=\"https:\/\/med-disposable.com\/wp-content\/uploads\/2023\/05\/AAMI-LEVEL-2-SMS-ISOLATION-GOWN-3-724x1024.png\" alt=\"\" width=\"724\" height=\"1024\" srcset=\"https:\/\/med-disposable.com\/wp-content\/uploads\/2023\/05\/AAMI-LEVEL-2-SMS-ISOLATION-GOWN-3-724x1024.png 724w, https:\/\/med-disposable.com\/wp-content\/uploads\/2023\/05\/AAMI-LEVEL-2-SMS-ISOLATION-GOWN-3-212x300.png 212w, https:\/\/med-disposable.com\/wp-content\/uploads\/2023\/05\/AAMI-LEVEL-2-SMS-ISOLATION-GOWN-3-768x1086.png 768w, https:\/\/med-disposable.com\/wp-content\/uploads\/2023\/05\/AAMI-LEVEL-2-SMS-ISOLATION-GOWN-3-1086x1536.png 1086w, https:\/\/med-disposable.com\/wp-content\/uploads\/2023\/05\/AAMI-LEVEL-2-SMS-ISOLATION-GOWN-3-600x849.png 600w, https:\/\/med-disposable.com\/wp-content\/uploads\/2023\/05\/AAMI-LEVEL-2-SMS-ISOLATION-GOWN-3.png 1414w\" sizes=\"(max-width: 724px) 100vw, 724px\" \/><\/p>\n<h2>Questions que vous pouvez vous poser :<\/h2>\n<ol>\n<li><strong>Que signifie la protection de niveau 2 de l'AAMI ?<\/strong><br \/>\nLa protection AAMI de niveau 2 indique que la blouse d'isolation constitue une barri\u00e8re fiable contre des niveaux faibles \u00e0 mod\u00e9r\u00e9s de fluides et de contaminants, convenant \u00e0 une utilisation dans divers environnements m\u00e9dicaux.<\/li>\n<li><strong>Ces blouses sont-elles r\u00e9utilisables ?<\/strong><br \/>\nCes blouses d'isolement sont con\u00e7ues pour un usage unique et doivent \u00eatre jet\u00e9es apr\u00e8s chaque utilisation afin de maintenir un environnement propre et hygi\u00e9nique.<\/li>\n<li><strong>Puis-je commander des robes de diff\u00e9rentes tailles et couleurs ?<\/strong><br \/>\nOui, Wuhan Youfu propose des tailles et des couleurs personnalisables sur demande. Veuillez contacter notre service client\u00e8le pour plus d'informations.<\/li>\n<li><strong>Comment porter et enlever correctement la blouse ?<\/strong><br \/>\nDes instructions concernant l'enfilage et le retrait des blouses sont incluses dans chaque emballage afin de garantir une utilisation correcte et de minimiser le risque de contamination.<\/li>\n<li><strong>Ces blouses sont-elles sans latex ?<\/strong><br \/>\nOui, nos blouses d'isolation SMS non tiss\u00e9es AAMI de niveau 2 ne contiennent pas de latex, ce qui les rend adapt\u00e9es aux personnes souffrant d'allergies au latex.<\/li>\n<li><strong>Puis-je demander des \u00e9chantillons avant de passer une commande en gros ?<\/strong><br \/>\nOui, Wuhan Youfu peut fournir des \u00e9chantillons sur demande. Veuillez contacter notre service client\u00e8le pour organiser la livraison des \u00e9chantillons.<\/li>\n<\/ol>","protected":false},"excerpt":{"rendered":"<p>La blouse d'isolement non tiss\u00e9e en SMS de niveau 2 de l'AAMI est con\u00e7ue pour offrir une protection et un confort sup\u00e9rieurs aux professionnels de la sant\u00e9, aux patients et aux visiteurs. Cette blouse d'isolation de haute qualit\u00e9 est fabriqu\u00e9e \u00e0 partir d'un mat\u00e9riau SMS non tiss\u00e9 durable qui constitue une barri\u00e8re solide contre les fluides, les particules et les contaminants.<\/p>","protected":false},"featured_media":7338,"template":"","meta":{"_seopress_robots_primary_cat":"none","_seopress_titles_title":"AAMI Level 2 Isolation Gowns: Durable, Adjustable, Breathable Protection.\u201d","_seopress_titles_desc":"Get reliable AAMI Level 2 protection with non-woven SMS isolation gowns! Offering durability, strength, and fluid resistance, with adjustable ties for a secure fit. Contact us to request samples and customize the size and color of your gowns!","_seopress_robots_index":""},"product_brand":[],"product_cat":[43],"product_tag":[97,78],"class_list":{"0":"post-1407","1":"product","2":"type-product","3":"status-publish","4":"has-post-thumbnail","6":"product_cat-gowns","7":"product_tag-aami","8":"product_tag-gown","10":"first","11":"instock","12":"shipping-taxable","13":"product-type-simple"},"_links":{"self":[{"href":"https:\/\/med-disposable.com\/fr\/wp-json\/wp\/v2\/product\/1407","targetHints":{"allow":["GET"]}}],"collection":[{"href":"https:\/\/med-disposable.com\/fr\/wp-json\/wp\/v2\/product"}],"about":[{"href":"https:\/\/med-disposable.com\/fr\/wp-json\/wp\/v2\/types\/product"}],"version-history":[{"count":0,"href":"https:\/\/med-disposable.com\/fr\/wp-json\/wp\/v2\/product\/1407\/revisions"}],"wp:featuredmedia":[{"embeddable":true,"href":"https:\/\/med-disposable.com\/fr\/wp-json\/wp\/v2\/media\/7338"}],"wp:attachment":[{"href":"https:\/\/med-disposable.com\/fr\/wp-json\/wp\/v2\/media?parent=1407"}],"wp:term":[{"taxonomy":"product_brand","embeddable":true,"href":"https:\/\/med-disposable.com\/fr\/wp-json\/wp\/v2\/product_brand?post=1407"},{"taxonomy":"product_cat","embeddable":true,"href":"https:\/\/med-disposable.com\/fr\/wp-json\/wp\/v2\/product_cat?post=1407"},{"taxonomy":"product_tag","embeddable":true,"href":"https:\/\/med-disposable.com\/fr\/wp-json\/wp\/v2\/product_tag?post=1407"}],"curies":[{"name":"wp","href":"https:\/\/api.w.org\/{rel}","templated":true}]}}