{"id":1417,"date":"2021-04-25T10:42:57","date_gmt":"2021-04-25T02:42:57","guid":{"rendered":"https:\/\/med-disposable.com\/?post_type=product&#038;p=1417"},"modified":"2023-07-10T18:12:11","modified_gmt":"2023-07-10T10:12:11","slug":"blouse-sms-jetable-aami-niveau-1-standard","status":"publish","type":"product","link":"https:\/\/med-disposable.com\/fr\/product\/aami-level-1-standard-disposable-sms-gown\/","title":{"rendered":"Blouse SMS jetable standard AAMI de niveau 1"},"content":{"rendered":"<h2>Sp\u00e9cification d\u00e9taill\u00e9e :<\/h2>\n<table width=\"494\">\n<tbody>\n<tr>\n<td width=\"101\">Standard<\/td>\n<td width=\"393\">AAMI niveau 1<\/td>\n<\/tr>\n<tr>\n<td>Taille<\/td>\n<td>120*140cm, 130*150cm, ou selon la demande<\/td>\n<\/tr>\n<tr>\n<td width=\"101\">Mat\u00e9riau<\/td>\n<td width=\"393\">SMS<\/td>\n<\/tr>\n<tr>\n<td width=\"101\">Poids en grammes<\/td>\n<td width=\"393\">35gsm<\/td>\n<\/tr>\n<tr>\n<td width=\"101\">Couleur<\/td>\n<td width=\"393\">Bleu, autres couleurs possibles sur demande<\/td>\n<\/tr>\n<tr>\n<td width=\"101\">Emballage<\/td>\n<td width=\"393\">10 pcs\/sac, 100pcs\/ctn, ou selon la demande<\/td>\n<\/tr>\n<tr>\n<td width=\"101\">Conception de l'emballage<\/td>\n<td width=\"393\">L'impression du sac int\u00e9rieur et du carton ext\u00e9rieur peut \u00eatre personnalis\u00e9e.<\/td>\n<\/tr>\n<\/tbody>\n<\/table>\n<figure class=\"wp-block-embed wp-block-embed-youtube is-type-video is-provider-youtube epyt-figure\"><div class=\"wp-block-embed__wrapper\"><div  id=\"_ytid_99593\"  width=\"800\" height=\"450\"  data-origwidth=\"800\" data-origheight=\"450\" data-facadesrc=\"https:\/\/www.youtube.com\/embed\/Mj4dlVPgLi0?enablejsapi=1&autoplay=0&cc_load_policy=0&cc_lang_pref=&iv_load_policy=1&loop=0&rel=1&fs=1&playsinline=0&autohide=2&theme=dark&color=red&controls=1&disablekb=0&\" class=\"__youtube_prefs__ epyt-facade no-lazyload\" data-epautoplay=\"1\" ><img decoding=\"async\" data-spai-excluded=\"true\" class=\"epyt-facade-poster skip-lazy\" loading=\"lazy\"  alt=\"Lecteur YouTube\"  src=\"https:\/\/i.ytimg.com\/vi\/Mj4dlVPgLi0\/maxresdefault.jpg\"  \/><button class=\"epyt-facade-play\" aria-label=\"Jouer\"><svg data-no-lazy=\"1\" height=\"100%\" version=\"1.1\" viewbox=\"0 0 68 48\" width=\"100%\"><path class=\"ytp-large-play-button-bg\" d=\"M66.52,7.74c-0.78-2.93-2.49-5.41-5.42-6.19C55.79,.13,34,0,34,0S12.21,.13,6.9,1.55 C3.97,2.33,2.27,4.81,1.48,7.74C0.06,13.05,0,24,0,24s0.06,10.95,1.48,16.26c0.78,2.93,2.49,5.41,5.42,6.19 C12.21,47.87,34,48,34,48s21.79-0.13,27.1-1.55c2.93-0.78,4.64-3.26,5.42-6.19C67.94,34.95,68,24,68,24S67.94,13.05,66.52,7.74z\" fill=\"#f00\"><\/path><path d=\"M 45,24 27,14 27,34\" fill=\"#fff\"><\/path><\/svg><\/button><\/div><\/div><\/figure>\n<h2>D\u00e9tailler les styles et les caract\u00e9ristiques de la blouse d'isolation AAMI de niveau 1 :<\/h2>\n<ul>\n<li><strong>Norme AAMI de niveau 1 :<\/strong>\u00a0Notre blouse SMS jetable r\u00e9pond \u00e0 la norme AAMI de niveau 1, offrant une r\u00e9sistance minimale aux fluides et garantissant un environnement s\u00fbr et propre dans divers contextes.<\/li>\n<\/ul>\n<p><img fetchpriority=\"high\" decoding=\"async\" class=\"wp-image-7113 size-large aligncenter\" src=\"https:\/\/med-disposable.com\/wp-content\/uploads\/2023\/05\/AAMI-LEVEL-1-SMS-ISOLATION-GOWN-3-724x1024.png\" alt=\"\" width=\"724\" height=\"1024\" srcset=\"https:\/\/med-disposable.com\/wp-content\/uploads\/2023\/05\/AAMI-LEVEL-1-SMS-ISOLATION-GOWN-3-724x1024.png 724w, https:\/\/med-disposable.com\/wp-content\/uploads\/2023\/05\/AAMI-LEVEL-1-SMS-ISOLATION-GOWN-3-212x300.png 212w, https:\/\/med-disposable.com\/wp-content\/uploads\/2023\/05\/AAMI-LEVEL-1-SMS-ISOLATION-GOWN-3-768x1086.png 768w, https:\/\/med-disposable.com\/wp-content\/uploads\/2023\/05\/AAMI-LEVEL-1-SMS-ISOLATION-GOWN-3-1086x1536.png 1086w, https:\/\/med-disposable.com\/wp-content\/uploads\/2023\/05\/AAMI-LEVEL-1-SMS-ISOLATION-GOWN-3-600x849.png 600w, https:\/\/med-disposable.com\/wp-content\/uploads\/2023\/05\/AAMI-LEVEL-1-SMS-ISOLATION-GOWN-3.png 1414w\" sizes=\"(max-width: 724px) 100vw, 724px\" \/><\/p>\n<ul>\n<li><strong>Mati\u00e8re SMS de haute qualit\u00e9 :<\/strong>\u00a0Fabriqu\u00e9e dans un mat\u00e9riau SMS durable et respirant, notre blouse offre un confort accru et une protection contre la poussi\u00e8re, la salet\u00e9 et les contaminants.<\/li>\n<li><strong>Attaches au col et \u00e0 la taille pour une bonne tenue :<\/strong>\u00a0La robe est dot\u00e9e de liens au niveau du col et de la taille, ce qui garantit un ajustement s\u00fbr et confortable pour diff\u00e9rentes tailles et diff\u00e9rents types de corps.<\/li>\n<li><strong>Manchettes tricot\u00e9es pour un meilleur confort :<\/strong>\u00a0Les poignets tricot\u00e9s apportent un confort suppl\u00e9mentaire et maintiennent un ajustement s\u00fbr autour des poignets, emp\u00eachant les manches de se retrousser pendant l'utilisation.<\/li>\n<li><strong>Scellage thermique par ultrasons pour une meilleure durabilit\u00e9 :<\/strong>\u00a0Notre blouse SMS jetable est fabriqu\u00e9e par thermosoudage ultrasonique, ce qui garantit une meilleure durabilit\u00e9 et r\u00e9duit le risque de d\u00e9chirure pendant l'utilisation.<\/li>\n<\/ul>\n<p>&nbsp;<\/p>\n<p><img decoding=\"async\" class=\"aligncenter wp-image-7344 size-large\" src=\"https:\/\/med-disposable.com\/wp-content\/uploads\/2021\/04\/SMS-isolation-gown-1024x576.jpg\" alt=\"\" width=\"800\" height=\"450\" srcset=\"https:\/\/med-disposable.com\/wp-content\/uploads\/2021\/04\/SMS-isolation-gown-1024x576.jpg 1024w, https:\/\/med-disposable.com\/wp-content\/uploads\/2021\/04\/SMS-isolation-gown-300x169.jpg 300w, https:\/\/med-disposable.com\/wp-content\/uploads\/2021\/04\/SMS-isolation-gown-768x432.jpg 768w, https:\/\/med-disposable.com\/wp-content\/uploads\/2021\/04\/SMS-isolation-gown-600x338.jpg 600w, https:\/\/med-disposable.com\/wp-content\/uploads\/2021\/04\/SMS-isolation-gown.jpg 1280w\" sizes=\"(max-width: 800px) 100vw, 800px\" \/><\/p>","protected":false},"excerpt":{"rendered":"<p>Cette blouse SMS jetable, conforme \u00e0 la norme AAMI de niveau 1, est fabriqu\u00e9e \u00e0 partir d'un mat\u00e9riau SMS (spunbond-meltblown-spunbond) de haute qualit\u00e9 et comporte des attaches au col et \u00e0 la taille, des poignets tricot\u00e9s et un scellage \u00e0 chaud par ultrasons pour une meilleure durabilit\u00e9. Id\u00e9ale pour une utilisation dans les \u00e9tablissements m\u00e9dicaux, les laboratoires et autres, notre blouse SMS jetable offre des performances fiables et une grande commodit\u00e9.<\/p>","protected":false},"featured_media":7338,"template":"","meta":{"_seopress_robots_primary_cat":"none","_seopress_titles_title":"Discover Non-Sterile or Sterilized AAMI Level 1 Ultrasonic Seam PPE Today!","_seopress_titles_desc":"","_seopress_robots_index":""},"product_brand":[],"product_cat":[43],"product_tag":[97,78],"class_list":{"0":"post-1417","1":"product","2":"type-product","3":"status-publish","4":"has-post-thumbnail","6":"product_cat-gowns","7":"product_tag-aami","8":"product_tag-gown","10":"first","11":"instock","12":"shipping-taxable","13":"product-type-simple"},"_links":{"self":[{"href":"https:\/\/med-disposable.com\/fr\/wp-json\/wp\/v2\/product\/1417","targetHints":{"allow":["GET"]}}],"collection":[{"href":"https:\/\/med-disposable.com\/fr\/wp-json\/wp\/v2\/product"}],"about":[{"href":"https:\/\/med-disposable.com\/fr\/wp-json\/wp\/v2\/types\/product"}],"version-history":[{"count":0,"href":"https:\/\/med-disposable.com\/fr\/wp-json\/wp\/v2\/product\/1417\/revisions"}],"wp:featuredmedia":[{"embeddable":true,"href":"https:\/\/med-disposable.com\/fr\/wp-json\/wp\/v2\/media\/7338"}],"wp:attachment":[{"href":"https:\/\/med-disposable.com\/fr\/wp-json\/wp\/v2\/media?parent=1417"}],"wp:term":[{"taxonomy":"product_brand","embeddable":true,"href":"https:\/\/med-disposable.com\/fr\/wp-json\/wp\/v2\/product_brand?post=1417"},{"taxonomy":"product_cat","embeddable":true,"href":"https:\/\/med-disposable.com\/fr\/wp-json\/wp\/v2\/product_cat?post=1417"},{"taxonomy":"product_tag","embeddable":true,"href":"https:\/\/med-disposable.com\/fr\/wp-json\/wp\/v2\/product_tag?post=1417"}],"curies":[{"name":"wp","href":"https:\/\/api.w.org\/{rel}","templated":true}]}}