{"id":1421,"date":"2021-04-25T11:59:56","date_gmt":"2021-04-25T03:59:56","guid":{"rendered":"https:\/\/med-disposable.com\/?post_type=product&#038;p=1421"},"modified":"2023-06-28T11:25:56","modified_gmt":"2023-06-28T03:25:56","slug":"aami-level-3-non-woven-smms-gown","status":"publish","type":"product","link":"https:\/\/med-disposable.com\/fr\/product\/aami-level-3-non-woven-smms-gown\/","title":{"rendered":"Blouse SMMS non tiss\u00e9e AAMI niveau 3"},"content":{"rendered":"<h2>Sp\u00e9cification de base :<\/h2>\n<table width=\"494\">\n<tbody>\n<tr>\n<td width=\"101\">Taille<\/td>\n<td width=\"393\">120*140cm, 130*150cm, ou selon la demande<\/td>\n<\/tr>\n<tr>\n<td width=\"101\">Mat\u00e9riau<\/td>\n<td width=\"393\">SMMS<\/td>\n<\/tr>\n<tr>\n<td width=\"101\">Poids en grammes<\/td>\n<td width=\"393\">35gsm, or other weight as request<\/td>\n<\/tr>\n<tr>\n<td width=\"101\">Couleur<\/td>\n<td width=\"393\">blue, also can be other colors as request<\/td>\n<\/tr>\n<tr>\n<td width=\"101\">Standard<\/td>\n<td width=\"393\">AAMI PB70 Level 3<\/td>\n<\/tr>\n<tr>\n<td width=\"101\">Emballage<\/td>\n<td width=\"393\">10pcs\/sac, 100pcs\/carton, ou selon la demande<\/td>\n<\/tr>\n<\/tbody>\n<\/table>\n<p>&nbsp;<\/p>\n<p><strong>AAMI Level 3 Standard:<\/strong>\u00a0Our non-woven SMMS gown meets the AAMI Level 3 standard, providing moderate to high fluid resistance and ensuring a safe and clean environment in various settings.<\/p>\n<p>&nbsp;<\/p>\n<p><img fetchpriority=\"high\" decoding=\"async\" class=\"wp-image-7107 size-large aligncenter\" src=\"https:\/\/med-disposable.com\/wp-content\/uploads\/2023\/05\/Level-3-SMMS-isolation-gown-3-724x1024.png\" alt=\"\" width=\"724\" height=\"1024\" srcset=\"https:\/\/med-disposable.com\/wp-content\/uploads\/2023\/05\/Level-3-SMMS-isolation-gown-3-724x1024.png 724w, https:\/\/med-disposable.com\/wp-content\/uploads\/2023\/05\/Level-3-SMMS-isolation-gown-3-212x300.png 212w, https:\/\/med-disposable.com\/wp-content\/uploads\/2023\/05\/Level-3-SMMS-isolation-gown-3-768x1086.png 768w, https:\/\/med-disposable.com\/wp-content\/uploads\/2023\/05\/Level-3-SMMS-isolation-gown-3-1086x1536.png 1086w, https:\/\/med-disposable.com\/wp-content\/uploads\/2023\/05\/Level-3-SMMS-isolation-gown-3-600x849.png 600w, https:\/\/med-disposable.com\/wp-content\/uploads\/2023\/05\/Level-3-SMMS-isolation-gown-3.png 1414w\" sizes=\"(max-width: 724px) 100vw, 724px\" \/><\/p>\n<h2>Detail styles and features of AAMI level 3 isolation gown:<\/h2>\n<p><strong>Attaches au col et \u00e0 la taille pour une bonne tenue :<\/strong>\u00a0La robe est dot\u00e9e de liens au niveau du col et de la taille, ce qui garantit un ajustement s\u00fbr et confortable pour diff\u00e9rentes tailles et diff\u00e9rents types de corps.<\/p>\n<p><strong>Scellage thermique par ultrasons pour une meilleure durabilit\u00e9 :<\/strong> Our disposable SMMS gown is constructed with ultrasonic heat sealing, ensuring enhanced durability and reducing the risk of tearing during use.<\/p>\n<p><strong>Blue Color for Professional Appearance:<\/strong>\u00a0The elegant blue color of our AAMI Level 3 gown provides a professional appearance in environments requiring enhanced fluid protection.<\/p>\n<p><strong>High-Quality SMMS Material:<\/strong>\u00a0Made from durable and breathable SMMS material, our gown offers enhanced comfort and protection against fluids, dust, dirt, and contaminants.<\/p>\n<p><strong>Jetable et hygi\u00e9nique :<\/strong>\u00a0Designed for single use, our disposable SMMS gown ensures optimal hygiene and reduces the risk of cross-contamination in various environments.<\/p>\n<p><img decoding=\"async\" class=\"aligncenter wp-image-8519 size-full\" src=\"https:\/\/med-disposable.com\/wp-content\/uploads\/2021\/04\/SMMS-isolation-gown-blue.jpg\" alt=\"\" width=\"800\" height=\"585\" srcset=\"https:\/\/med-disposable.com\/wp-content\/uploads\/2021\/04\/SMMS-isolation-gown-blue.jpg 800w, https:\/\/med-disposable.com\/wp-content\/uploads\/2021\/04\/SMMS-isolation-gown-blue-300x219.jpg 300w, https:\/\/med-disposable.com\/wp-content\/uploads\/2021\/04\/SMMS-isolation-gown-blue-768x562.jpg 768w, https:\/\/med-disposable.com\/wp-content\/uploads\/2021\/04\/SMMS-isolation-gown-blue-600x439.jpg 600w\" sizes=\"(max-width: 800px) 100vw, 800px\" \/><\/p>","protected":false},"excerpt":{"rendered":"<p>Introducing our AAMI Level 3 Standard Non-Woven SMMS Gown, designed to provide optimal protection and comfort in various environments requiring moderate to high fluid resistance. This yellow-colored gown is made from high-quality SMMS (spunbond-meltblown-meltblown-spunbond) material and features ties on the collar and waist, ultrasonic heat sealing for enhanced durability, and reliable performance. Ideal for use in medical facilities, laboratories, and other settings, our disposable SMMS gown offers safety, comfort, and convenience.<\/p>","protected":false},"featured_media":8745,"template":"","meta":{"_seopress_robots_primary_cat":"none","_seopress_titles_title":"Epidemic Protection Suit: Military, Medical, &amp; More - 120*140cm, 130*150cm &amp; Above","_seopress_titles_desc":"","_seopress_robots_index":""},"product_brand":[],"product_cat":[43],"product_tag":[97,78],"class_list":{"0":"post-1421","1":"product","2":"type-product","3":"status-publish","4":"has-post-thumbnail","6":"product_cat-gowns","7":"product_tag-aami","8":"product_tag-gown","10":"first","11":"instock","12":"shipping-taxable","13":"product-type-simple"},"_links":{"self":[{"href":"https:\/\/med-disposable.com\/fr\/wp-json\/wp\/v2\/product\/1421","targetHints":{"allow":["GET"]}}],"collection":[{"href":"https:\/\/med-disposable.com\/fr\/wp-json\/wp\/v2\/product"}],"about":[{"href":"https:\/\/med-disposable.com\/fr\/wp-json\/wp\/v2\/types\/product"}],"version-history":[{"count":0,"href":"https:\/\/med-disposable.com\/fr\/wp-json\/wp\/v2\/product\/1421\/revisions"}],"wp:featuredmedia":[{"embeddable":true,"href":"https:\/\/med-disposable.com\/fr\/wp-json\/wp\/v2\/media\/8745"}],"wp:attachment":[{"href":"https:\/\/med-disposable.com\/fr\/wp-json\/wp\/v2\/media?parent=1421"}],"wp:term":[{"taxonomy":"product_brand","embeddable":true,"href":"https:\/\/med-disposable.com\/fr\/wp-json\/wp\/v2\/product_brand?post=1421"},{"taxonomy":"product_cat","embeddable":true,"href":"https:\/\/med-disposable.com\/fr\/wp-json\/wp\/v2\/product_cat?post=1421"},{"taxonomy":"product_tag","embeddable":true,"href":"https:\/\/med-disposable.com\/fr\/wp-json\/wp\/v2\/product_tag?post=1421"}],"curies":[{"name":"wp","href":"https:\/\/api.w.org\/{rel}","templated":true}]}}