{"id":1425,"date":"2021-04-25T13:38:11","date_gmt":"2021-04-25T05:38:11","guid":{"rendered":"https:\/\/med-disposable.com\/?post_type=product&#038;p=1425"},"modified":"2023-05-23T16:16:20","modified_gmt":"2023-05-23T08:16:20","slug":"veste-impermeable-jetable-non-tissee","status":"publish","type":"product","link":"https:\/\/med-disposable.com\/fr\/product\/disposable-non-woven-waterproof-jacket\/","title":{"rendered":"Veste respirante non tiss\u00e9e \u00e0 usage unique"},"content":{"rendered":"<p>B\u00e9n\u00e9ficiez d'une protection optimale gr\u00e2ce \u00e0 nos vestes respirantes non tiss\u00e9es \u00e0 usage unique. Fabriqu\u00e9es avec soin \u00e0 partir d'un mat\u00e9riau SMS de qualit\u00e9 sup\u00e9rieure, ces vestes offrent une protection in\u00e9gal\u00e9e contre l'exposition aux liquides. Elles sont dot\u00e9es d'un col et de poignets tricot\u00e9s, de boutons-pression sur le devant et de poches en option, ce qui garantit non seulement la s\u00e9curit\u00e9, mais aussi le confort et la praticit\u00e9.<\/p>\n<p><img fetchpriority=\"high\" decoding=\"async\" class=\"aligncenter wp-image-6852 size-large\" src=\"https:\/\/med-disposable.com\/wp-content\/uploads\/2021\/04\/disposable-jacket-lab-coat-9-1024x1024.jpg\" alt=\"\" width=\"800\" height=\"800\" srcset=\"https:\/\/med-disposable.com\/wp-content\/uploads\/2021\/04\/disposable-jacket-lab-coat-9-1024x1024.jpg 1024w, https:\/\/med-disposable.com\/wp-content\/uploads\/2021\/04\/disposable-jacket-lab-coat-9-300x300.jpg 300w, https:\/\/med-disposable.com\/wp-content\/uploads\/2021\/04\/disposable-jacket-lab-coat-9-150x150.jpg 150w, https:\/\/med-disposable.com\/wp-content\/uploads\/2021\/04\/disposable-jacket-lab-coat-9-768x768.jpg 768w, https:\/\/med-disposable.com\/wp-content\/uploads\/2021\/04\/disposable-jacket-lab-coat-9-1536x1536.jpg 1536w, https:\/\/med-disposable.com\/wp-content\/uploads\/2021\/04\/disposable-jacket-lab-coat-9-scaled.jpg 2048w, https:\/\/med-disposable.com\/wp-content\/uploads\/2021\/04\/disposable-jacket-lab-coat-9-600x600.jpg 600w, https:\/\/med-disposable.com\/wp-content\/uploads\/2021\/04\/disposable-jacket-lab-coat-9-100x100.jpg 100w\" sizes=\"(max-width: 800px) 100vw, 800px\" \/><\/p>\n<p><strong>Sp\u00e9cification d\u00e9taill\u00e9e :<\/strong><\/p>\n<table width=\"446\">\n<tbody>\n<tr>\n<td width=\"86\">Taille<\/td>\n<td width=\"360\">M:70*135CM,L:75*140CM,XL:80*150CM, ou sur demande<\/td>\n<\/tr>\n<tr>\n<td width=\"86\">Mat\u00e9riau<\/td>\n<td width=\"360\">SMS<\/td>\n<\/tr>\n<tr>\n<td width=\"86\">Poids en grammes<\/td>\n<td width=\"360\">20-55gsm<\/td>\n<\/tr>\n<tr>\n<td width=\"86\">Style<\/td>\n<td width=\"360\">col tricot\u00e9 (ou col simple sur demande)<\/p>\n<p>Manchettes tricot\u00e9es (ou manchettes \u00e9lastiques sur demande)<\/p>\n<p>boutons-pression (ou fermetures \u00e0 glissi\u00e8re ou velcro)<\/p>\n<p>Avec ou sans poches<\/td>\n<\/tr>\n<tr>\n<td width=\"86\">Couleur<\/td>\n<td width=\"360\">Blanc, bleu, vert, jaune, rose ou autres couleurs<\/td>\n<\/tr>\n<tr>\n<td width=\"86\">Application<\/td>\n<td>Usage g\u00e9n\u00e9ral, nettoyage, h\u00f4pital, laboratoire, industrie alimentaire, etc.<\/td>\n<\/tr>\n<\/tbody>\n<\/table>\n<p>&nbsp;<\/p>\n<p><strong>Caract\u00e9ristiques :<\/strong><\/p>\n<ol>\n<li><strong>Mat\u00e9riau durable<\/strong>: Fabriqu\u00e9es en tissu non tiss\u00e9 SMS de haute qualit\u00e9, nos vestes sont durables, imperm\u00e9ables et con\u00e7ues pour r\u00e9sister aux rigueurs d'un environnement de soins de sant\u00e9 tr\u00e8s actif.<\/li>\n<li><strong>Design confortable<\/strong>: Les vestes sont dot\u00e9es d'un col et de poignets tricot\u00e9s pour une coupe ajust\u00e9e, garantissant le confort m\u00eame en cas de port prolong\u00e9.<\/li>\n<li><strong>Fermeture facile<\/strong>: Le devant de la veste est \u00e9quip\u00e9 de boutons-pression pour faciliter la fermeture et le retrait.<\/li>\n<li><strong>Poches optionnelles<\/strong>: Pour r\u00e9pondre \u00e0 des besoins vari\u00e9s, nos vestes peuvent \u00eatre personnalis\u00e9es en y ajoutant des poches pour ranger des objets essentiels.<\/li>\n<\/ol>\n<p><img decoding=\"async\" class=\"aligncenter wp-image-6858 size-full\" src=\"https:\/\/med-disposable.com\/wp-content\/uploads\/2021\/04\/disposable-jacket-lab-coat-15.jpg\" alt=\"\" width=\"630\" height=\"630\" srcset=\"https:\/\/med-disposable.com\/wp-content\/uploads\/2021\/04\/disposable-jacket-lab-coat-15.jpg 630w, https:\/\/med-disposable.com\/wp-content\/uploads\/2021\/04\/disposable-jacket-lab-coat-15-300x300.jpg 300w, https:\/\/med-disposable.com\/wp-content\/uploads\/2021\/04\/disposable-jacket-lab-coat-15-150x150.jpg 150w, https:\/\/med-disposable.com\/wp-content\/uploads\/2021\/04\/disposable-jacket-lab-coat-15-600x600.jpg 600w, https:\/\/med-disposable.com\/wp-content\/uploads\/2021\/04\/disposable-jacket-lab-coat-15-100x100.jpg 100w\" sizes=\"(max-width: 630px) 100vw, 630px\" \/><\/p>\n<p><strong>Avantages :<\/strong><\/p>\n<ul>\n<li><strong>Protection Premium<\/strong>: Le mat\u00e9riau non tiss\u00e9 SMS constitue une barri\u00e8re efficace contre les fluides, assurant une protection maximale pendant les proc\u00e9dures.<\/li>\n<li><strong>Confort et ajustement<\/strong>: Le col et les poignets tricot\u00e9s offrent un ajustement confortable, r\u00e9duisant le risque d'irritation de la peau, en particulier lors d'une utilisation prolong\u00e9e.<\/li>\n<li><strong>Commodit\u00e9<\/strong>: Les boutons-pression et les poches optionnelles ajoutent au c\u00f4t\u00e9 pratique de la veste, ce qui en fait un choix judicieux pour les professionnels de la sant\u00e9.<\/li>\n<\/ul>\n<p><img decoding=\"async\" class=\"aligncenter wp-image-6860 size-full\" src=\"https:\/\/med-disposable.com\/wp-content\/uploads\/2021\/04\/disposable-jacket-lab-coat-17.jpg\" alt=\"\" width=\"805\" height=\"805\" srcset=\"https:\/\/med-disposable.com\/wp-content\/uploads\/2021\/04\/disposable-jacket-lab-coat-17.jpg 805w, https:\/\/med-disposable.com\/wp-content\/uploads\/2021\/04\/disposable-jacket-lab-coat-17-300x300.jpg 300w, https:\/\/med-disposable.com\/wp-content\/uploads\/2021\/04\/disposable-jacket-lab-coat-17-150x150.jpg 150w, https:\/\/med-disposable.com\/wp-content\/uploads\/2021\/04\/disposable-jacket-lab-coat-17-768x768.jpg 768w, https:\/\/med-disposable.com\/wp-content\/uploads\/2021\/04\/disposable-jacket-lab-coat-17-600x600.jpg 600w, https:\/\/med-disposable.com\/wp-content\/uploads\/2021\/04\/disposable-jacket-lab-coat-17-100x100.jpg 100w\" sizes=\"(max-width: 805px) 100vw, 805px\" \/><\/p>\n<p><strong>Utilisations :<\/strong><\/p>\n<p>Ces vestes imperm\u00e9ables non tiss\u00e9es \u00e0 usage unique sont parfaites pour une utilisation dans divers environnements de soins de sant\u00e9 tels que les h\u00f4pitaux, les cliniques, les laboratoires, etc. Elles sont con\u00e7ues pour offrir une excellente protection contre l'exposition aux liquides, ce qui les rend id\u00e9ales pour les proc\u00e9dures n\u00e9cessitant des mesures de protection suppl\u00e9mentaires.<\/p>\n<p>&nbsp;<\/p>\n<p><strong>Mat\u00e9riau et objet de la conception :<\/strong><\/p>\n<p>Les vestes sont fabriqu\u00e9es \u00e0 partir d'un mat\u00e9riau non tiss\u00e9 SMS (Spunbond Meltblown Spunbond) connu pour sa solidit\u00e9, sa durabilit\u00e9 et ses excellentes propri\u00e9t\u00e9s de r\u00e9sistance aux fluides. La conception, qui comprend des caract\u00e9ristiques telles qu'un col et des poignets tricot\u00e9s, des boutons-pression et des poches optionnelles, met l'accent sur le confort de l'utilisateur et l'aspect pratique, afin que les professionnels de la sant\u00e9 puissent accomplir leurs t\u00e2ches de mani\u00e8re efficace sans compromettre la s\u00e9curit\u00e9.<\/p>\n<p><img loading=\"lazy\" decoding=\"async\" class=\"aligncenter wp-image-6865 size-large\" src=\"https:\/\/med-disposable.com\/wp-content\/uploads\/2021\/04\/disposable-jacket-lab-coat-22-1024x1024.jpg\" alt=\"\" width=\"800\" height=\"800\" srcset=\"https:\/\/med-disposable.com\/wp-content\/uploads\/2021\/04\/disposable-jacket-lab-coat-22-1024x1024.jpg 1024w, https:\/\/med-disposable.com\/wp-content\/uploads\/2021\/04\/disposable-jacket-lab-coat-22-300x300.jpg 300w, https:\/\/med-disposable.com\/wp-content\/uploads\/2021\/04\/disposable-jacket-lab-coat-22-150x150.jpg 150w, https:\/\/med-disposable.com\/wp-content\/uploads\/2021\/04\/disposable-jacket-lab-coat-22-768x768.jpg 768w, https:\/\/med-disposable.com\/wp-content\/uploads\/2021\/04\/disposable-jacket-lab-coat-22-1536x1536.jpg 1536w, https:\/\/med-disposable.com\/wp-content\/uploads\/2021\/04\/disposable-jacket-lab-coat-22-scaled.jpg 2048w, https:\/\/med-disposable.com\/wp-content\/uploads\/2021\/04\/disposable-jacket-lab-coat-22-600x600.jpg 600w, https:\/\/med-disposable.com\/wp-content\/uploads\/2021\/04\/disposable-jacket-lab-coat-22-100x100.jpg 100w\" sizes=\"(max-width: 800px) 100vw, 800px\" \/><\/p>\n<p><strong>FAQs :<\/strong><\/p>\n<ol>\n<li><strong>Qu'est-ce qui fait que le mat\u00e9riau SMS est adapt\u00e9 \u00e0 ces vestes ?<\/strong> SMS signifie Spunbond Meltblown Spunbond, un tissu \u00e0 trois couches r\u00e9put\u00e9 pour sa durabilit\u00e9, sa r\u00e9sistance aux fluides et sa respirabilit\u00e9. Il est donc id\u00e9al pour les v\u00eatements de protection tels que nos vestes imperm\u00e9ables. La solidit\u00e9 du mat\u00e9riau SMS garantit la durabilit\u00e9, tandis que ses propri\u00e9t\u00e9s de r\u00e9sistance aux liquides offrent une excellente protection contre l'exposition aux liquides. De plus, sa respirabilit\u00e9 garantit le confort lors d'une utilisation prolong\u00e9e.<\/li>\n<li><strong>Comment la conception de ces vestes contribue-t-elle au confort et \u00e0 la praticit\u00e9 ?<\/strong> Nos vestes sont con\u00e7ues en pensant \u00e0 l'utilisateur. Le col et les poignets tricot\u00e9s garantissent un ajustement confortable, r\u00e9duisant les risques d'irritation de la peau en cas de port prolong\u00e9. Les boutons-pression facilitent la fermeture et le retrait de la veste, tandis que les poches optionnelles offrent un espace pratique pour ranger les objets essentiels, ce qui ajoute au c\u00f4t\u00e9 pratique du v\u00eatement.<\/li>\n<li><strong>Ces vestes sont-elles personnalisables ?<\/strong> Oui, nos vestes peuvent \u00eatre personnalis\u00e9es pour inclure des poches. Cela permet aux \u00e9tablissements de soins de sant\u00e9 d'adapter leurs commandes \u00e0 des exigences ou \u00e0 des pr\u00e9f\u00e9rences sp\u00e9cifiques, en veillant \u00e0 ce que les vestes r\u00e9pondent parfaitement \u00e0 leurs besoins.<\/li>\n<li><strong>Comment ces vestes am\u00e9liorent-elles la s\u00e9curit\u00e9 dans un \u00e9tablissement de soins de sant\u00e9 ?<\/strong> La fonction premi\u00e8re de ces vestes est de prot\u00e9ger le porteur contre l'exposition aux liquides, un risque courant dans les \u00e9tablissements de sant\u00e9. En formant une barri\u00e8re entre le porteur et les contaminants potentiels, ces vestes am\u00e9liorent consid\u00e9rablement la s\u00e9curit\u00e9 dans divers environnements de soins de sant\u00e9, notamment les h\u00f4pitaux, les cliniques et les laboratoires.<\/li>\n<li><strong>Comment les poches optionnelles am\u00e9liorent-elles la fonctionnalit\u00e9 de ces vestes ?<\/strong> Les poches optionnelles ajoutent \u00e0 l'aspect pratique de ces vestes. Les professionnels de la sant\u00e9 ont souvent besoin d'acc\u00e9der rapidement \u00e0 de petits objets essentiels dans l'exercice de leurs fonctions. Gr\u00e2ce \u00e0 ces poches optionnelles, ils disposent d'un espace pratique pour garder ces objets \u00e0 port\u00e9e de main, ce qui am\u00e9liore l'efficacit\u00e9 et la commodit\u00e9 dans le secteur de la sant\u00e9.<\/li>\n<\/ol>","protected":false},"excerpt":{"rendered":"<p>Style : manchette tricot\u00e9e, avec col tricot\u00e9, boutons \u00e0 nappes sur le devant, personnalisation possible<\/p>","protected":false},"featured_media":6867,"template":"","meta":{"_seopress_robots_primary_cat":"none","_seopress_titles_title":"Disposable non woven breathable jacket - YouFu Medical","_seopress_titles_desc":"Disposable non woven breathable jackets for general purpose, Cleaning, Hospital, Lab, Food Industry, etc. Breathable, excellent to dissipate body heat, against liquid, dust and particulate matter.","_seopress_robots_index":""},"product_brand":[],"product_cat":[48],"product_tag":[318,70,57],"class_list":{"0":"post-1425","1":"product","2":"type-product","3":"status-publish","4":"has-post-thumbnail","6":"product_cat-lab-coat","7":"product_tag-disposable-jacket","8":"product_tag-lab-coat","9":"product_tag-non-woven","11":"first","12":"instock","13":"shipping-taxable","14":"product-type-simple"},"_links":{"self":[{"href":"https:\/\/med-disposable.com\/fr\/wp-json\/wp\/v2\/product\/1425","targetHints":{"allow":["GET"]}}],"collection":[{"href":"https:\/\/med-disposable.com\/fr\/wp-json\/wp\/v2\/product"}],"about":[{"href":"https:\/\/med-disposable.com\/fr\/wp-json\/wp\/v2\/types\/product"}],"version-history":[{"count":0,"href":"https:\/\/med-disposable.com\/fr\/wp-json\/wp\/v2\/product\/1425\/revisions"}],"wp:featuredmedia":[{"embeddable":true,"href":"https:\/\/med-disposable.com\/fr\/wp-json\/wp\/v2\/media\/6867"}],"wp:attachment":[{"href":"https:\/\/med-disposable.com\/fr\/wp-json\/wp\/v2\/media?parent=1425"}],"wp:term":[{"taxonomy":"product_brand","embeddable":true,"href":"https:\/\/med-disposable.com\/fr\/wp-json\/wp\/v2\/product_brand?post=1425"},{"taxonomy":"product_cat","embeddable":true,"href":"https:\/\/med-disposable.com\/fr\/wp-json\/wp\/v2\/product_cat?post=1425"},{"taxonomy":"product_tag","embeddable":true,"href":"https:\/\/med-disposable.com\/fr\/wp-json\/wp\/v2\/product_tag?post=1425"}],"curies":[{"name":"wp","href":"https:\/\/api.w.org\/{rel}","templated":true}]}}