{"id":1461,"date":"2021-04-25T17:51:54","date_gmt":"2021-04-25T09:51:54","guid":{"rendered":"https:\/\/med-disposable.com\/?post_type=product&#038;p=1461"},"modified":"2021-09-01T12:57:15","modified_gmt":"2021-09-01T04:57:15","slug":"disposable-non-woven-bed-cushion-cover-with-elastic","status":"publish","type":"product","link":"https:\/\/med-disposable.com\/fr\/product\/disposable-non-woven-bed-cushion-cover-with-elastic\/","title":{"rendered":"Disposable non woven bed cushion cover with elastic"},"content":{"rendered":"<p>Fonctionnalit\u00e9 :<\/p>\n<p><span data-spm-anchor-id=\"a2700.details.0.i0.7eea2382qN0APJ\">Elastic design\u00a0 -isolate dirt and sweat to wrap the face cushion perfectly,<\/span> keeps face rest clean and sanitary for multiple users, Hypo-Allergenic,\u00a0\u00a0sanitary comfort. Perfect for your massage room, portable massage bed\/chair cushion.<\/p>\n<p>Sp\u00e9cification d\u00e9taill\u00e9e :<\/p>\n<table width=\"418\">\n<tbody>\n<tr>\n<td width=\"126\">Taille<\/td>\n<td width=\"292\">30*28cm, 33*43cm, or as request<\/td>\n<\/tr>\n<tr>\n<td width=\"126\">Mat\u00e9riau<\/td>\n<td width=\"292\">PP, SMS, Spunlace<\/td>\n<\/tr>\n<tr>\n<td width=\"126\">Poids en grammes<\/td>\n<td width=\"292\">25-50gsm<\/td>\n<\/tr>\n<tr>\n<td width=\"126\">Couleur<\/td>\n<td width=\"292\">White, blue, yellow, pink, black or other colors<\/td>\n<\/tr>\n<tr>\n<td width=\"126\">Emballage<\/td>\n<td width=\"292\">50pcs\/bag, 500pcs\/ctn, or as request<\/td>\n<\/tr>\n<\/tbody>\n<\/table>","protected":false},"excerpt":{"rendered":"<p>U shape, crescent shaped;<\/p>\n<p>Non woven material, lightweight, prevent dust, liquid proof, anti-bacterial<\/p>","protected":false},"featured_media":1469,"template":"","meta":{"_seopress_robots_primary_cat":"none","_seopress_titles_title":"Hypo-Allergenic &amp; Sanitary: Elastic Design Face Cushions for Massage Bed &amp; Chair","_seopress_titles_desc":"Check out this elastic design - perfect for your massage room, portable massage bed\/chair cushion - made to isolate dirt and sweat while providing hypo-allergenic comfort. Available in a variety of sizes and colors. Get yours today!","_seopress_robots_index":""},"product_brand":[],"product_cat":[86],"product_tag":[57,98],"class_list":{"0":"post-1461","1":"product","2":"type-product","3":"status-publish","4":"has-post-thumbnail","6":"product_cat-beauty-and-spa","7":"product_tag-non-woven","8":"product_tag-spa","10":"first","11":"instock","12":"shipping-taxable","13":"product-type-simple"},"_links":{"self":[{"href":"https:\/\/med-disposable.com\/fr\/wp-json\/wp\/v2\/product\/1461","targetHints":{"allow":["GET"]}}],"collection":[{"href":"https:\/\/med-disposable.com\/fr\/wp-json\/wp\/v2\/product"}],"about":[{"href":"https:\/\/med-disposable.com\/fr\/wp-json\/wp\/v2\/types\/product"}],"version-history":[{"count":0,"href":"https:\/\/med-disposable.com\/fr\/wp-json\/wp\/v2\/product\/1461\/revisions"}],"wp:featuredmedia":[{"embeddable":true,"href":"https:\/\/med-disposable.com\/fr\/wp-json\/wp\/v2\/media\/1469"}],"wp:attachment":[{"href":"https:\/\/med-disposable.com\/fr\/wp-json\/wp\/v2\/media?parent=1461"}],"wp:term":[{"taxonomy":"product_brand","embeddable":true,"href":"https:\/\/med-disposable.com\/fr\/wp-json\/wp\/v2\/product_brand?post=1461"},{"taxonomy":"product_cat","embeddable":true,"href":"https:\/\/med-disposable.com\/fr\/wp-json\/wp\/v2\/product_cat?post=1461"},{"taxonomy":"product_tag","embeddable":true,"href":"https:\/\/med-disposable.com\/fr\/wp-json\/wp\/v2\/product_tag?post=1461"}],"curies":[{"name":"wp","href":"https:\/\/api.w.org\/{rel}","templated":true}]}}