{"id":1471,"date":"2021-04-26T17:48:17","date_gmt":"2021-04-26T09:48:17","guid":{"rendered":"https:\/\/med-disposable.com\/?post_type=product&#038;p=1471"},"modified":"2023-07-10T18:03:05","modified_gmt":"2023-07-10T10:03:05","slug":"couvre-bottes-jetables-non-tisses-et-impermeables","status":"publish","type":"product","link":"https:\/\/med-disposable.com\/fr\/product\/disposable-non-woven-waterproof-boot-cover\/","title":{"rendered":"Couvre-bottes jetables non tiss\u00e9s et imperm\u00e9ables"},"content":{"rendered":"<h2>Sp\u00e9cification d\u00e9taill\u00e9e :<\/h2>\n<table width=\"433\">\n<tbody>\n<tr>\n<td width=\"97\">Taille<\/td>\n<td width=\"336\">35*45cm, 38*50cm, 42*45cm, ou selon la demande<\/td>\n<\/tr>\n<tr>\n<td width=\"97\">Mat\u00e9riau<\/td>\n<td width=\"336\">PP+PE<\/td>\n<\/tr>\n<tr>\n<td width=\"97\">Poids en grammes<\/td>\n<td width=\"336\">50gsm, autre poids sur demande<\/td>\n<\/tr>\n<tr>\n<td width=\"97\">Couleur<\/td>\n<td width=\"336\">Blanc, bleu, ou selon la demande<\/td>\n<\/tr>\n<tr>\n<td width=\"97\">Emballage<\/td>\n<td width=\"336\">10 pcs\/sachet, 500pcs\/ctn<\/td>\n<\/tr>\n<tr>\n<td width=\"97\">Conception de l'emballage<\/td>\n<td width=\"336\">L'impression des sacs int\u00e9rieurs et des cartons peut \u00eatre r\u00e9alis\u00e9e selon les besoins.<\/td>\n<\/tr>\n<\/tbody>\n<\/table>\n<figure class=\"wp-block-embed wp-block-embed-youtube is-type-video is-provider-youtube epyt-figure\"><div class=\"wp-block-embed__wrapper\"><div  id=\"_ytid_32143\"  width=\"800\" height=\"450\"  data-origwidth=\"800\" data-origheight=\"450\" data-facadesrc=\"https:\/\/www.youtube.com\/embed\/KE6VBKE4-mc?enablejsapi=1&autoplay=0&cc_load_policy=0&cc_lang_pref=&iv_load_policy=1&loop=0&rel=1&fs=1&playsinline=0&autohide=2&theme=dark&color=red&controls=1&disablekb=0&\" class=\"__youtube_prefs__ epyt-facade no-lazyload\" data-epautoplay=\"1\" ><img decoding=\"async\" data-spai-excluded=\"true\" class=\"epyt-facade-poster skip-lazy\" loading=\"lazy\"  alt=\"Lecteur YouTube\"  src=\"https:\/\/i.ytimg.com\/vi\/KE6VBKE4-mc\/maxresdefault.jpg\"  \/><button class=\"epyt-facade-play\" aria-label=\"Jouer\"><svg data-no-lazy=\"1\" height=\"100%\" version=\"1.1\" viewbox=\"0 0 68 48\" width=\"100%\"><path class=\"ytp-large-play-button-bg\" d=\"M66.52,7.74c-0.78-2.93-2.49-5.41-5.42-6.19C55.79,.13,34,0,34,0S12.21,.13,6.9,1.55 C3.97,2.33,2.27,4.81,1.48,7.74C0.06,13.05,0,24,0,24s0.06,10.95,1.48,16.26c0.78,2.93,2.49,5.41,5.42,6.19 C12.21,47.87,34,48,34,48s21.79-0.13,27.1-1.55c2.93-0.78,4.64-3.26,5.42-6.19C67.94,34.95,68,24,68,24S67.94,13.05,66.52,7.74z\" fill=\"#f00\"><\/path><path d=\"M 45,24 27,14 27,34\" fill=\"#fff\"><\/path><\/svg><\/button><\/div><\/div><\/figure>\n<h2>Caract\u00e9ristiques :<\/h2>\n<p><strong>Mat\u00e9riau de haute qualit\u00e9 :<\/strong>\u00a0Nos couvre-bottes imperm\u00e9ables sont fabriqu\u00e9s en PP+PE, ce qui leur conf\u00e8re une durabilit\u00e9 accrue et une protection imperm\u00e9able contre les liquides, la poussi\u00e8re et les contaminants, garantissant ainsi un environnement propre et hygi\u00e9nique.<\/p>\n<p><strong>Protection contre l'eau :<\/strong>\u00a0Le mat\u00e9riau PP+PE cr\u00e9e une barri\u00e8re qui emp\u00eache les liquides de p\u00e9n\u00e9trer dans le couvre-botte, ce qui garantit que vos chaussures restent propres et s\u00e8ches dans divers environnements.<\/p>\n<p><img fetchpriority=\"high\" decoding=\"async\" class=\"aligncenter wp-image-8474 size-large\" src=\"https:\/\/med-disposable.com\/wp-content\/uploads\/2021\/04\/PP-PE-boot-cover-1-1024x1024.jpg\" alt=\"\" width=\"800\" height=\"800\" srcset=\"https:\/\/med-disposable.com\/wp-content\/uploads\/2021\/04\/PP-PE-boot-cover-1-1024x1024.jpg 1024w, https:\/\/med-disposable.com\/wp-content\/uploads\/2021\/04\/PP-PE-boot-cover-1-300x300.jpg 300w, https:\/\/med-disposable.com\/wp-content\/uploads\/2021\/04\/PP-PE-boot-cover-1-150x150.jpg 150w, https:\/\/med-disposable.com\/wp-content\/uploads\/2021\/04\/PP-PE-boot-cover-1-768x768.jpg 768w, https:\/\/med-disposable.com\/wp-content\/uploads\/2021\/04\/PP-PE-boot-cover-1-1536x1536.jpg 1536w, https:\/\/med-disposable.com\/wp-content\/uploads\/2021\/04\/PP-PE-boot-cover-1-scaled.jpg 2048w, https:\/\/med-disposable.com\/wp-content\/uploads\/2021\/04\/PP-PE-boot-cover-1-600x600.jpg 600w, https:\/\/med-disposable.com\/wp-content\/uploads\/2021\/04\/PP-PE-boot-cover-1-100x100.jpg 100w\" sizes=\"(max-width: 800px) 100vw, 800px\" \/><\/p>\n<p><strong>Bandes \u00e9lastiques sur les jambes et les chevilles :<\/strong>\u00a0Les couvre-bottes sont dot\u00e9s de bandes \u00e9lastiques au niveau des jambes et des chevilles, ce qui permet un ajustement s\u00fbr et confortable pour diff\u00e9rentes tailles et types de chaussures. Cette conception permet \u00e9galement de maintenir les couvre-bottes en place pendant l'utilisation.<\/p>\n<p><strong>Jetable et hygi\u00e9nique :<\/strong>\u00a0Ces couvre-bottes sont con\u00e7us pour un usage unique, garantissant une hygi\u00e8ne optimale et r\u00e9duisant le risque de contamination crois\u00e9e dans divers environnements.<\/p>\n<p><img decoding=\"async\" class=\"aligncenter wp-image-8477 size-large\" src=\"https:\/\/med-disposable.com\/wp-content\/uploads\/2021\/04\/PP-PE-boot-cover-4-1024x1024.jpg\" alt=\"\" width=\"800\" height=\"800\" srcset=\"https:\/\/med-disposable.com\/wp-content\/uploads\/2021\/04\/PP-PE-boot-cover-4-1024x1024.jpg 1024w, https:\/\/med-disposable.com\/wp-content\/uploads\/2021\/04\/PP-PE-boot-cover-4-300x300.jpg 300w, https:\/\/med-disposable.com\/wp-content\/uploads\/2021\/04\/PP-PE-boot-cover-4-150x150.jpg 150w, https:\/\/med-disposable.com\/wp-content\/uploads\/2021\/04\/PP-PE-boot-cover-4-768x768.jpg 768w, https:\/\/med-disposable.com\/wp-content\/uploads\/2021\/04\/PP-PE-boot-cover-4-1536x1536.jpg 1536w, https:\/\/med-disposable.com\/wp-content\/uploads\/2021\/04\/PP-PE-boot-cover-4-scaled.jpg 2048w, https:\/\/med-disposable.com\/wp-content\/uploads\/2021\/04\/PP-PE-boot-cover-4-600x600.jpg 600w, https:\/\/med-disposable.com\/wp-content\/uploads\/2021\/04\/PP-PE-boot-cover-4-100x100.jpg 100w\" sizes=\"(max-width: 800px) 100vw, 800px\" \/> <img decoding=\"async\" class=\"aligncenter wp-image-8478 size-large\" src=\"https:\/\/med-disposable.com\/wp-content\/uploads\/2021\/04\/PP-PE-boot-cover-5-1024x1024.jpg\" alt=\"\" width=\"800\" height=\"800\" srcset=\"https:\/\/med-disposable.com\/wp-content\/uploads\/2021\/04\/PP-PE-boot-cover-5-1024x1024.jpg 1024w, https:\/\/med-disposable.com\/wp-content\/uploads\/2021\/04\/PP-PE-boot-cover-5-300x300.jpg 300w, https:\/\/med-disposable.com\/wp-content\/uploads\/2021\/04\/PP-PE-boot-cover-5-150x150.jpg 150w, https:\/\/med-disposable.com\/wp-content\/uploads\/2021\/04\/PP-PE-boot-cover-5-768x768.jpg 768w, https:\/\/med-disposable.com\/wp-content\/uploads\/2021\/04\/PP-PE-boot-cover-5-1536x1536.jpg 1536w, https:\/\/med-disposable.com\/wp-content\/uploads\/2021\/04\/PP-PE-boot-cover-5-scaled.jpg 2048w, https:\/\/med-disposable.com\/wp-content\/uploads\/2021\/04\/PP-PE-boot-cover-5-600x600.jpg 600w, https:\/\/med-disposable.com\/wp-content\/uploads\/2021\/04\/PP-PE-boot-cover-5-100x100.jpg 100w\" sizes=\"(max-width: 800px) 100vw, 800px\" \/><\/p>\n<p>&nbsp;<\/p>\n<p>&nbsp;<\/p>\n<h2>Pourquoi commander un couvre-botte jetable aupr\u00e8s de Wuhan Youfu ?<\/h2>\n<ol>\n<li><strong>Assurance qualit\u00e9 :<\/strong>\u00a0Wuhan Youfu s'engage \u00e0 fournir des produits de haute qualit\u00e9 r\u00e9pondant aux normes internationales. L'entreprise veille \u00e0 ce que tous les produits soient soumis \u00e0 des processus de contr\u00f4le de la qualit\u00e9 stricts afin de garantir leur durabilit\u00e9, leur fiabilit\u00e9 et leurs performances optimales.<\/li>\n<li><strong>Prix comp\u00e9titifs :<\/strong>\u00a0Wuhan Youfu propose des prix comp\u00e9titifs pour ses produits sans compromettre la qualit\u00e9. En choisissant Wuhan Youfu, vous obtiendrez le meilleur rapport qualit\u00e9-prix.<\/li>\n<li><strong>Large gamme de produits :<\/strong>\u00a0Wuhan Youfu propose une large gamme de produits de protection et de produits jetables, notamment des couvre-bottes, des masques de protection, des combinaisons, etc. Vous pouvez ainsi trouver tous les \u00e9quipements de protection dont vous avez besoin en un seul endroit.<\/li>\n<li><strong>Options de personnalisation :<\/strong>\u00a0Wuhan Youfu propose des options de personnalisation pour ses produits, ce qui vous permet d'adapter les produits \u00e0 vos besoins et pr\u00e9f\u00e9rences sp\u00e9cifiques. Vous avez ainsi l'assurance d'obtenir le produit qui r\u00e9pond parfaitement \u00e0 vos besoins.<\/li>\n<li><strong>Livraison rapide :<\/strong>\u00a0Wuhan Youfu dispose d'un r\u00e9seau logistique bien \u00e9tabli qui garantit une livraison rapide et efficace de vos commandes. Cela vous permet de recevoir vos produits en temps voulu et de minimiser les perturbations de vos activit\u00e9s.<\/li>\n<li><strong>Excellent service \u00e0 la client\u00e8le :<\/strong>\u00a0Wuhan Youfu s'enorgueillit de fournir un service \u00e0 la client\u00e8le exceptionnel. L'\u00e9quipe de l'entreprise est r\u00e9active et attentive, et veille \u00e0 ce que vos questions et pr\u00e9occupations soient trait\u00e9es rapidement et efficacement.<\/li>\n<\/ol>","protected":false},"excerpt":{"rendered":"<p>Nous vous pr\u00e9sentons nos couvre-bottes imperm\u00e9ables non tiss\u00e9s jetables, con\u00e7us pour assurer une protection et une propret\u00e9 optimales dans divers environnements. Fabriqu\u00e9s en PP+PE de haute qualit\u00e9, ces couvre-bottes offrent une durabilit\u00e9 accrue et une protection imperm\u00e9able. Les bandes \u00e9lastiques sur les jambes et les chevilles assurent un ajustement s\u00fbr et confortable, ce qui en fait un choix id\u00e9al pour un large \u00e9ventail d'applications.<\/p>","protected":false},"featured_media":8480,"template":"","meta":{"_seopress_robots_primary_cat":"none","_seopress_titles_title":"Disposable non woven anti-skid boot cover - YouFu Medical","_seopress_titles_desc":"Discover the perfect elastic ankle support brace for your needs! Our high quality brace is made with strong materials plus size, breathable and comfortable, ensuring it&#039;s eco-friendly, recyclable, biodegradable, latex free and non-irritating or toxic. Get yours now!","_seopress_robots_index":""},"product_brand":[],"product_cat":[47],"product_tag":[101,57],"class_list":{"0":"post-1471","1":"product","2":"type-product","3":"status-publish","4":"has-post-thumbnail","6":"product_cat-foot-protection","7":"product_tag-boot-cover","8":"product_tag-non-woven","10":"first","11":"instock","12":"shipping-taxable","13":"product-type-simple"},"_links":{"self":[{"href":"https:\/\/med-disposable.com\/fr\/wp-json\/wp\/v2\/product\/1471","targetHints":{"allow":["GET"]}}],"collection":[{"href":"https:\/\/med-disposable.com\/fr\/wp-json\/wp\/v2\/product"}],"about":[{"href":"https:\/\/med-disposable.com\/fr\/wp-json\/wp\/v2\/types\/product"}],"version-history":[{"count":0,"href":"https:\/\/med-disposable.com\/fr\/wp-json\/wp\/v2\/product\/1471\/revisions"}],"wp:featuredmedia":[{"embeddable":true,"href":"https:\/\/med-disposable.com\/fr\/wp-json\/wp\/v2\/media\/8480"}],"wp:attachment":[{"href":"https:\/\/med-disposable.com\/fr\/wp-json\/wp\/v2\/media?parent=1471"}],"wp:term":[{"taxonomy":"product_brand","embeddable":true,"href":"https:\/\/med-disposable.com\/fr\/wp-json\/wp\/v2\/product_brand?post=1471"},{"taxonomy":"product_cat","embeddable":true,"href":"https:\/\/med-disposable.com\/fr\/wp-json\/wp\/v2\/product_cat?post=1471"},{"taxonomy":"product_tag","embeddable":true,"href":"https:\/\/med-disposable.com\/fr\/wp-json\/wp\/v2\/product_tag?post=1471"}],"curies":[{"name":"wp","href":"https:\/\/api.w.org\/{rel}","templated":true}]}}