{"id":15505,"date":"2024-08-27T14:29:34","date_gmt":"2024-08-27T06:29:34","guid":{"rendered":"https:\/\/med-disposable.com\/?post_type=product&#038;p=15505"},"modified":"2025-02-18T16:31:55","modified_gmt":"2025-02-18T08:31:55","slug":"cagoule-chirurgicale-jetable-en-spunlace-avec-attaches","status":"publish","type":"product","link":"https:\/\/med-disposable.com\/fr\/product\/spunlace-disposable-surgical-hood-with-ties\/","title":{"rendered":"Cagoule chirurgicale jetable en spunlace avec attaches"},"content":{"rendered":"<h2><strong>Informations de base sur la cagoule chirurgicale jetable en sparadrap avec liens<\/strong><\/h2>\n<p><b>1.Conception<\/b><\/p>\n<p>1. Enceinte de t\u00eate compl\u00e8te<\/p>\n<p>2. Style d'attache standard. Facile \u00e0 mettre et \u00e0 enlever.<\/p>\n<p>3. Couture autour de l'ouverture.<\/p>\n<p><b>2. Mat\u00e9riau<\/b><\/p>\n<p>Mat\u00e9riau non tiss\u00e9 Spunlace doux, respirant et l\u00e9ger. N'exerce aucune pression sur la t\u00eate. Non toxique et antiallergique, il convient \u00e0 la plupart des gens et est confortable.<\/p>\n<p>Grammage : 40gsm~80gsm.<\/p>\n<p>Couleur : bleu\/blanc\/vert, disponible dans une vari\u00e9t\u00e9 de couleurs, ou selon la demande.<\/p>\n<p><b>3.Taille :<\/b><\/p>\n<p>35cmx 35cm, 36x42cm, ou selon votre demande. Convient aussi bien aux hommes qu'aux femmes.<\/p>\n<p>La taille standard convient \u00e0 la plupart des formes de t\u00eate.<\/p>\n<p><img fetchpriority=\"high\" decoding=\"async\" class=\"wp-image-15511 size-full aligncenter\" src=\"https:\/\/med-disposable.com\/wp-content\/uploads\/2024\/08\/disposable-hood-covers-12.jpg\" alt=\"Professionnel de la sant\u00e9 avec un masque et une charlotte.\" width=\"800\" height=\"800\" srcset=\"https:\/\/med-disposable.com\/wp-content\/uploads\/2024\/08\/disposable-hood-covers-12.jpg 800w, https:\/\/med-disposable.com\/wp-content\/uploads\/2024\/08\/disposable-hood-covers-12-300x300.jpg 300w, https:\/\/med-disposable.com\/wp-content\/uploads\/2024\/08\/disposable-hood-covers-12-150x150.jpg 150w, https:\/\/med-disposable.com\/wp-content\/uploads\/2024\/08\/disposable-hood-covers-12-768x768.jpg 768w, https:\/\/med-disposable.com\/wp-content\/uploads\/2024\/08\/disposable-hood-covers-12-600x600.jpg 600w, https:\/\/med-disposable.com\/wp-content\/uploads\/2024\/08\/disposable-hood-covers-12-100x100.jpg 100w\" sizes=\"(max-width: 800px) 100vw, 800px\" \/><\/p>\n<h2><strong>Avantages de la cagoule chirurgicale jetable Spunlace avec attaches<\/strong><\/h2>\n<ul>\n<li><strong>Confort sup\u00e9rieur<\/strong>: Le tissu non tiss\u00e9 fil\u00e9 ultra-doux offre une sensation de douceur sur la peau, r\u00e9duisant les irritations et am\u00e9liorant le confort.<\/li>\n<li><strong>Protection renforc\u00e9e<\/strong>: La conception de la couverture compl\u00e8te avec des liens sous le menton garantit un ajustement s\u00fbr et une protection fiable contre la poussi\u00e8re, les particules et autres contaminants.<\/li>\n<li><strong>Mati\u00e8re respirante<\/strong>: Le tissu respirant permet une meilleure circulation de l'air, ce qui permet au porteur de rester au frais et \u00e0 l'aise.<\/li>\n<li><strong>Ajustable<\/strong>: Les liens sous le menton permettent d'ajuster la capuche, qui reste ainsi bien en place tout au long de l'utilisation.<\/li>\n<li><strong>Rentabilit\u00e9<\/strong>: Offre une solution \u00e9conomique pour le maintien de l'hygi\u00e8ne sans compromis sur la qualit\u00e9.<\/li>\n<\/ul>\n<p><img decoding=\"async\" class=\"wp-image-15514 size-full aligncenter\" src=\"https:\/\/med-disposable.com\/wp-content\/uploads\/2024\/08\/spunlace-hood-with-ties-2.png\" alt=\"Personne portant une cagoule chirurgicale jetable verte\" width=\"800\" height=\"800\" srcset=\"https:\/\/med-disposable.com\/wp-content\/uploads\/2024\/08\/spunlace-hood-with-ties-2.png 800w, https:\/\/med-disposable.com\/wp-content\/uploads\/2024\/08\/spunlace-hood-with-ties-2-300x300.png 300w, https:\/\/med-disposable.com\/wp-content\/uploads\/2024\/08\/spunlace-hood-with-ties-2-150x150.png 150w, https:\/\/med-disposable.com\/wp-content\/uploads\/2024\/08\/spunlace-hood-with-ties-2-768x768.png 768w, https:\/\/med-disposable.com\/wp-content\/uploads\/2024\/08\/spunlace-hood-with-ties-2-600x600.png 600w, https:\/\/med-disposable.com\/wp-content\/uploads\/2024\/08\/spunlace-hood-with-ties-2-100x100.png 100w\" sizes=\"(max-width: 800px) 100vw, 800px\" \/><\/p>\n<h2><strong>Applications :<\/strong><\/h2>\n<p>La cagoule chirurgicale \u00e0 usage unique est id\u00e9ale pour une utilisation dans tout environnement o\u00f9 le maintien d'un environnement st\u00e9rile et propre est crucial. Cela inclut :<\/p>\n<ul>\n<li><strong>Soins de sant\u00e9<\/strong>: H\u00f4pitaux, cliniques, centres chirurgicaux et cabinets dentaires.<\/li>\n<li><strong>Industriel<\/strong>: Salles blanches, installations de fabrication et production pharmaceutique.<\/li>\n<li><strong>Transformation des aliments<\/strong>: Garantir l'hygi\u00e8ne et la s\u00e9curit\u00e9 dans les environnements de production et de manipulation des denr\u00e9es alimentaires.<\/li>\n<li><strong>Laboratoires<\/strong>: Protection du personnel et des \u00e9chantillons dans les laboratoires de recherche et d'essai.<\/li>\n<\/ul>\n<p><img decoding=\"async\" class=\"wp-image-15515 size-full aligncenter\" src=\"https:\/\/med-disposable.com\/wp-content\/uploads\/2024\/08\/disposable-hoods-14.jpg\" alt=\"Scientifique utilisant une pipette en laboratoire\" width=\"800\" height=\"800\" srcset=\"https:\/\/med-disposable.com\/wp-content\/uploads\/2024\/08\/disposable-hoods-14.jpg 800w, https:\/\/med-disposable.com\/wp-content\/uploads\/2024\/08\/disposable-hoods-14-300x300.jpg 300w, https:\/\/med-disposable.com\/wp-content\/uploads\/2024\/08\/disposable-hoods-14-150x150.jpg 150w, https:\/\/med-disposable.com\/wp-content\/uploads\/2024\/08\/disposable-hoods-14-768x768.jpg 768w, https:\/\/med-disposable.com\/wp-content\/uploads\/2024\/08\/disposable-hoods-14-600x600.jpg 600w, https:\/\/med-disposable.com\/wp-content\/uploads\/2024\/08\/disposable-hoods-14-100x100.jpg 100w\" sizes=\"(max-width: 800px) 100vw, 800px\" \/><\/p>","protected":false},"excerpt":{"rendered":"<p>Ensure maximum protection and comfort in surgical environments with our Spunlace Non-Woven Disposable Surgical Hood with Ties. Designed for medical professionals, this surgical hood offers superior coverage and hygiene, keeping both the wearer and the environment safe from contamination risks.<\/p>","protected":false},"featured_media":15511,"template":"","meta":{"_seopress_robots_primary_cat":"none","_seopress_titles_title":"","_seopress_titles_desc":"","_seopress_robots_index":""},"product_brand":[],"product_cat":[46],"product_tag":[983,982],"class_list":{"0":"post-15505","1":"product","2":"type-product","3":"status-publish","4":"has-post-thumbnail","6":"product_cat-caps","7":"product_tag-disposable-hood","8":"product_tag-disposable-surgical-hood","10":"first","11":"instock","12":"shipping-taxable","13":"product-type-simple"},"_links":{"self":[{"href":"https:\/\/med-disposable.com\/fr\/wp-json\/wp\/v2\/product\/15505","targetHints":{"allow":["GET"]}}],"collection":[{"href":"https:\/\/med-disposable.com\/fr\/wp-json\/wp\/v2\/product"}],"about":[{"href":"https:\/\/med-disposable.com\/fr\/wp-json\/wp\/v2\/types\/product"}],"version-history":[{"count":2,"href":"https:\/\/med-disposable.com\/fr\/wp-json\/wp\/v2\/product\/15505\/revisions"}],"predecessor-version":[{"id":35175,"href":"https:\/\/med-disposable.com\/fr\/wp-json\/wp\/v2\/product\/15505\/revisions\/35175"}],"wp:featuredmedia":[{"embeddable":true,"href":"https:\/\/med-disposable.com\/fr\/wp-json\/wp\/v2\/media\/15511"}],"wp:attachment":[{"href":"https:\/\/med-disposable.com\/fr\/wp-json\/wp\/v2\/media?parent=15505"}],"wp:term":[{"taxonomy":"product_brand","embeddable":true,"href":"https:\/\/med-disposable.com\/fr\/wp-json\/wp\/v2\/product_brand?post=15505"},{"taxonomy":"product_cat","embeddable":true,"href":"https:\/\/med-disposable.com\/fr\/wp-json\/wp\/v2\/product_cat?post=15505"},{"taxonomy":"product_tag","embeddable":true,"href":"https:\/\/med-disposable.com\/fr\/wp-json\/wp\/v2\/product_tag?post=15505"}],"curies":[{"name":"wp","href":"https:\/\/api.w.org\/{rel}","templated":true}]}}