{"id":1594,"date":"2021-05-08T13:58:52","date_gmt":"2021-05-08T05:58:52","guid":{"rendered":"https:\/\/med-disposable.com\/?post_type=product&#038;p=1594"},"modified":"2023-04-13T16:20:14","modified_gmt":"2023-04-13T08:20:14","slug":"bavette-dentaire-jetable-foulard-dentaire","status":"publish","type":"product","link":"https:\/\/med-disposable.com\/fr\/product\/disposable-dental-bib-dental-scarf\/","title":{"rendered":"Bavoir dentaire jetable, foulard dentaire"},"content":{"rendered":"<p><strong>Pr\u00e9sentation du produit :<\/strong><\/p>\n<p>Nos bavoirs et \u00e9charpes dentaires jetables sont con\u00e7us pour offrir une protection et une hygi\u00e8ne maximales pendant les proc\u00e9dures dentaires. Ces produits sont fabriqu\u00e9s \u00e0 partir de mat\u00e9riaux imperm\u00e9ables de haute qualit\u00e9 qui offrent une protection et un confort sup\u00e9rieurs, ce qui en fait le choix id\u00e9al pour une large gamme d'applications dentaires.<\/p>\n<p>Nos bavoirs et \u00e9charpes dentaires sont disponibles dans une large gamme de couleurs et de tailles, ce qui leur permet de s'adapter parfaitement \u00e0 tout cabinet ou clinique dentaire. Ils sont con\u00e7us pour \u00eatre faciles \u00e0 utiliser et \u00e0 jeter, ce qui en fait une solution pratique et hygi\u00e9nique pour les proc\u00e9dures dentaires.<\/p>\n<p><img fetchpriority=\"high\" decoding=\"async\" class=\"aligncenter wp-image-5546 size-full\" src=\"https:\/\/med-disposable.com\/wp-content\/uploads\/2021\/05\/1681366801284.jpg\" alt=\"\" width=\"800\" height=\"703\" srcset=\"https:\/\/med-disposable.com\/wp-content\/uploads\/2021\/05\/1681366801284.jpg 800w, https:\/\/med-disposable.com\/wp-content\/uploads\/2021\/05\/1681366801284-300x264.jpg 300w, https:\/\/med-disposable.com\/wp-content\/uploads\/2021\/05\/1681366801284-768x675.jpg 768w, https:\/\/med-disposable.com\/wp-content\/uploads\/2021\/05\/1681366801284-600x527.jpg 600w\" sizes=\"(max-width: 800px) 100vw, 800px\" \/><\/p>\n<p>&nbsp;<\/p>\n<p><strong>Sp\u00e9cification de base :<\/strong><\/p>\n<table width=\"418\">\n<tbody>\n<tr>\n<td width=\"126\">Taille<\/td>\n<td width=\"292\">33cm*45.5cm, ou sur mesure<\/td>\n<\/tr>\n<tr>\n<td width=\"126\">Mat\u00e9riau<\/td>\n<td>2ply papier+1ply film PE<\/td>\n<\/tr>\n<tr>\n<td width=\"126\">Couleur<\/td>\n<td>bleu, jaune, rose, orange.... toutes les couleurs sont disponibles<\/td>\n<\/tr>\n<\/tbody>\n<\/table>\n<p><img decoding=\"async\" class=\"aligncenter wp-image-5548 size-full\" src=\"https:\/\/med-disposable.com\/wp-content\/uploads\/2021\/05\/O1CN01AmC4bf1u5dbEu97CO_3403315986.jpg\" alt=\"\" width=\"800\" height=\"612\" srcset=\"https:\/\/med-disposable.com\/wp-content\/uploads\/2021\/05\/O1CN01AmC4bf1u5dbEu97CO_3403315986.jpg 800w, https:\/\/med-disposable.com\/wp-content\/uploads\/2021\/05\/O1CN01AmC4bf1u5dbEu97CO_3403315986-300x230.jpg 300w, https:\/\/med-disposable.com\/wp-content\/uploads\/2021\/05\/O1CN01AmC4bf1u5dbEu97CO_3403315986-768x588.jpg 768w, https:\/\/med-disposable.com\/wp-content\/uploads\/2021\/05\/O1CN01AmC4bf1u5dbEu97CO_3403315986-600x459.jpg 600w\" sizes=\"(max-width: 800px) 100vw, 800px\" \/><\/p>\n<p>&nbsp;<\/p>\n<p><strong>Avantages :<\/strong><\/p>\n<p>1. l'hygi\u00e8ne : Nos bavoirs et \u00e9charpes dentaires jetables sont con\u00e7us pour offrir une solution hygi\u00e9nique et pratique aux proc\u00e9dures dentaires, garantissant la s\u00e9curit\u00e9 et le confort des patients.<\/p>\n<p>2. le confort : Nos bavoirs et \u00e9charpes dentaires jetables sont fabriqu\u00e9s \u00e0 partir de papier absorbant et de mat\u00e9riaux PE imperm\u00e9ables qui offrent une protection et un confort sup\u00e9rieurs pendant les proc\u00e9dures dentaires.<\/p>\n<p>3. commodit\u00e9 : Nos bavoirs et foulards dentaires jetables sont faciles \u00e0 utiliser et \u00e0 \u00e9liminer, ce qui en fait une solution pratique pour les professionnels dentaires.<\/p>\n<p>&nbsp;<\/p>\n<p><strong>Fonctionnalit\u00e9 :<\/strong><\/p>\n<p><span class=\"src\" data-group=\"0-0\">Excellente protection gr\u00e2ce \u00e0 un motif gaufr\u00e9 horizontal et \u00e0 un bord hydrophobe unique ;<\/span><br \/>\n<span class=\"src\" data-group=\"2-0\">Protection accrue du patient gr\u00e2ce \u00e0 une couche suppl\u00e9mentaire de papier et un support en plastique. <\/span><span class=\"src\" data-group=\"2-1\">Convient pour les proc\u00e9dures mineures, comme les nettoyages, lorsqu'une protection suppl\u00e9mentaire est souhait\u00e9e.<\/span><\/p>\n<p><img decoding=\"async\" class=\"aligncenter wp-image-5545 size-full\" src=\"https:\/\/med-disposable.com\/wp-content\/uploads\/2021\/05\/6caa69e98514ea5f2300ebc5c88bb05.jpg\" alt=\"\" width=\"800\" height=\"754\" srcset=\"https:\/\/med-disposable.com\/wp-content\/uploads\/2021\/05\/6caa69e98514ea5f2300ebc5c88bb05.jpg 800w, https:\/\/med-disposable.com\/wp-content\/uploads\/2021\/05\/6caa69e98514ea5f2300ebc5c88bb05-300x283.jpg 300w, https:\/\/med-disposable.com\/wp-content\/uploads\/2021\/05\/6caa69e98514ea5f2300ebc5c88bb05-768x724.jpg 768w, https:\/\/med-disposable.com\/wp-content\/uploads\/2021\/05\/6caa69e98514ea5f2300ebc5c88bb05-600x566.jpg 600w\" sizes=\"(max-width: 800px) 100vw, 800px\" \/><\/p>\n<p>&nbsp;<\/p>\n<p><strong>Utilisations :<\/strong><\/p>\n<ul>\n<li>Proc\u00e9dures dentaires : Nos bavoirs et \u00e9charpes dentaires jetables sont con\u00e7us pour offrir une protection et une hygi\u00e8ne sup\u00e9rieures pendant les proc\u00e9dures dentaires, telles que les nettoyages de routine, les obturations, les extractions et les interventions chirurgicales.<\/li>\n<li>Manger et boire : Nos bavoirs peuvent \u00e9galement \u00eatre utilis\u00e9s comme bavoirs jetables pour les enfants et les personnes \u00e2g\u00e9es pendant les repas, gr\u00e2ce \u00e0 leurs mat\u00e9riaux de haute qualit\u00e9 et imperm\u00e9ables qui offrent un maximum de confort et d'absorption.<\/li>\n<\/ul>\n<p><img loading=\"lazy\" decoding=\"async\" class=\"aligncenter wp-image-5540 size-full\" src=\"https:\/\/med-disposable.com\/wp-content\/uploads\/2021\/05\/O1CN01uq6mQf1u5dbBKwszL_3403315986.jpg\" alt=\"\" width=\"800\" height=\"891\" srcset=\"https:\/\/med-disposable.com\/wp-content\/uploads\/2021\/05\/O1CN01uq6mQf1u5dbBKwszL_3403315986.jpg 800w, https:\/\/med-disposable.com\/wp-content\/uploads\/2021\/05\/O1CN01uq6mQf1u5dbBKwszL_3403315986-269x300.jpg 269w, https:\/\/med-disposable.com\/wp-content\/uploads\/2021\/05\/O1CN01uq6mQf1u5dbBKwszL_3403315986-768x855.jpg 768w, https:\/\/med-disposable.com\/wp-content\/uploads\/2021\/05\/O1CN01uq6mQf1u5dbBKwszL_3403315986-600x668.jpg 600w\" sizes=\"(max-width: 800px) 100vw, 800px\" \/><\/p>\n<p><strong>Occasions applicables :<\/strong><\/p>\n<ul>\n<li>Cliniques et cabinets dentaires : Nos bavoirs et \u00e9charpes dentaires jetables sont id\u00e9aux pour les cliniques et cabinets dentaires, car ils offrent une protection hygi\u00e9nique et pratique aux patients et aux professionnels des soins dentaires.<\/li>\n<li>H\u00f4pitaux : Nos bavoirs et \u00e9charpes dentaires jetables peuvent \u00e9galement \u00eatre utilis\u00e9s en milieu hospitalier, offrant une solution polyvalente et pratique pour toute une s\u00e9rie de besoins en mati\u00e8re d'hygi\u00e8ne et de protection.<\/li>\n<li>Maisons de retraite et \u00e9tablissements de soins : Nos bavoirs sont parfaits pour les maisons de retraite et les \u00e9tablissements de soins, car ils offrent une solution confortable et hygi\u00e9nique pour les repas des patients \u00e2g\u00e9s.<\/li>\n<\/ul>\n<p>Nos bavoirs et \u00e9charpes dentaires jetables offrent une solution polyvalente et pratique \u00e0 toute une s\u00e9rie de besoins en mati\u00e8re d'hygi\u00e8ne et de protection, ce qui en fait un outil essentiel pour tout \u00e9tablissement de soins de sant\u00e9.<\/p>\n<p><img loading=\"lazy\" decoding=\"async\" class=\"aligncenter wp-image-5549 size-full\" src=\"https:\/\/med-disposable.com\/wp-content\/uploads\/2021\/05\/O1CN01Q6LPJl1hs6W9IClsX_650994332.jpg\" alt=\"\" width=\"800\" height=\"800\" srcset=\"https:\/\/med-disposable.com\/wp-content\/uploads\/2021\/05\/O1CN01Q6LPJl1hs6W9IClsX_650994332.jpg 800w, https:\/\/med-disposable.com\/wp-content\/uploads\/2021\/05\/O1CN01Q6LPJl1hs6W9IClsX_650994332-300x300.jpg 300w, https:\/\/med-disposable.com\/wp-content\/uploads\/2021\/05\/O1CN01Q6LPJl1hs6W9IClsX_650994332-150x150.jpg 150w, https:\/\/med-disposable.com\/wp-content\/uploads\/2021\/05\/O1CN01Q6LPJl1hs6W9IClsX_650994332-768x768.jpg 768w, https:\/\/med-disposable.com\/wp-content\/uploads\/2021\/05\/O1CN01Q6LPJl1hs6W9IClsX_650994332-600x600.jpg 600w, https:\/\/med-disposable.com\/wp-content\/uploads\/2021\/05\/O1CN01Q6LPJl1hs6W9IClsX_650994332-100x100.jpg 100w\" sizes=\"(max-width: 800px) 100vw, 800px\" \/><\/p>\n<p><strong>QUESTIONS ET R\u00c9PONSES :<\/strong><\/p>\n<p>1) Quelles sont les tailles et les couleurs disponibles pour vos bavoirs et \u00e9charpes dentaires jetables ?<br \/>\nNous proposons un large \u00e9ventail de tailles pour nos bavoirs et foulards dentaires jetables, con\u00e7us pour s'adapter aux patients de tous \u00e2ges et de toutes tailles. Nos produits sont disponibles dans une large gamme de couleurs, garantissant une adaptation parfaite \u00e0 tout cabinet dentaire ou clinique.<\/p>\n<p>2) Pouvez-vous proposer des options de personnalisation pour vos bavoirs et \u00e9charpes dentaires jetables ?<br \/>\nOui, nous proposons des options de personnalisation pour nos bavoirs et foulards dentaires jetables, y compris la possibilit\u00e9 d'ajouter des logos, des marques ou d'autres dessins personnalis\u00e9s. Contactez-nous pour plus d'informations sur nos options de personnalisation.<\/p>\n<p>3. vos bavoirs et foulards dentaires jetables conviennent-ils pour toutes les proc\u00e9dures dentaires, y compris la chirurgie ?<br \/>\nOui, nos bavoirs et foulards dentaires jetables conviennent \u00e0 toutes les proc\u00e9dures dentaires, y compris la chirurgie. Ils sont con\u00e7us pour assurer une protection et une hygi\u00e8ne maximales lors de toute intervention dentaire.<\/p>\n<p>4. combien de bavoirs et d'\u00e9charpes sont inclus dans chaque paquet ?<br \/>\nNous proposons nos bavoirs et foulards dentaires jetables en diff\u00e9rentes quantit\u00e9s par paquet, allant de 250 \u00e0 500 pi\u00e8ces par paquet. La quantit\u00e9 par paquet d\u00e9pend du produit et de la taille sp\u00e9cifiques.<\/p>\n<p><img loading=\"lazy\" decoding=\"async\" class=\"aligncenter wp-image-5544 size-full\" src=\"https:\/\/med-disposable.com\/wp-content\/uploads\/2021\/05\/O1CN01oGku4d1hs6RIejalT_650994332.jpg\" alt=\"\" width=\"800\" height=\"672\" srcset=\"https:\/\/med-disposable.com\/wp-content\/uploads\/2021\/05\/O1CN01oGku4d1hs6RIejalT_650994332.jpg 800w, https:\/\/med-disposable.com\/wp-content\/uploads\/2021\/05\/O1CN01oGku4d1hs6RIejalT_650994332-300x252.jpg 300w, https:\/\/med-disposable.com\/wp-content\/uploads\/2021\/05\/O1CN01oGku4d1hs6RIejalT_650994332-768x645.jpg 768w, https:\/\/med-disposable.com\/wp-content\/uploads\/2021\/05\/O1CN01oGku4d1hs6RIejalT_650994332-600x504.jpg 600w\" sizes=\"(max-width: 800px) 100vw, 800px\" \/> <img loading=\"lazy\" decoding=\"async\" class=\"aligncenter wp-image-5543 size-full\" src=\"https:\/\/med-disposable.com\/wp-content\/uploads\/2021\/05\/O1CN01Myyr2j1hs6RAObsIm_650994332.jpg\" alt=\"\" width=\"800\" height=\"1144\" srcset=\"https:\/\/med-disposable.com\/wp-content\/uploads\/2021\/05\/O1CN01Myyr2j1hs6RAObsIm_650994332.jpg 800w, https:\/\/med-disposable.com\/wp-content\/uploads\/2021\/05\/O1CN01Myyr2j1hs6RAObsIm_650994332-210x300.jpg 210w, https:\/\/med-disposable.com\/wp-content\/uploads\/2021\/05\/O1CN01Myyr2j1hs6RAObsIm_650994332-716x1024.jpg 716w, https:\/\/med-disposable.com\/wp-content\/uploads\/2021\/05\/O1CN01Myyr2j1hs6RAObsIm_650994332-768x1098.jpg 768w, https:\/\/med-disposable.com\/wp-content\/uploads\/2021\/05\/O1CN01Myyr2j1hs6RAObsIm_650994332-600x858.jpg 600w\" sizes=\"(max-width: 800px) 100vw, 800px\" \/><\/p>\n<p>5. proposez-vous des \u00e9chantillons gratuits de vos bavoirs et foulards dentaires jetables \u00e0 des fins de test ?<br \/>\nOui, nous proposons des \u00e9chantillons gratuits de nos bavoirs et foulards dentaires jetables \u00e0 des fins de test. Si vous souhaitez recevoir un \u00e9chantillon, veuillez nous contacter et nous fournir des informations sur votre entreprise et les produits sp\u00e9cifiques qui vous int\u00e9ressent. Nous ferons de notre mieux pour vous fournir un \u00e9chantillon d\u00e8s que possible.<\/p>\n<p>6. vos bavoirs et \u00e9charpes dentaires jetables conviennent-ils \u00e0 la dentisterie p\u00e9diatrique ?<br \/>\nOui, nos bavoirs et \u00e9charpes dentaires jetables peuvent \u00eatre utilis\u00e9s en dentisterie p\u00e9diatrique. Ils sont con\u00e7us pour offrir une protection et une hygi\u00e8ne sup\u00e9rieures aux patients de tous \u00e2ges, y compris les enfants. Nos bavoirs sont fabriqu\u00e9s \u00e0 partir de mat\u00e9riaux imperm\u00e9ables de haute qualit\u00e9 qui offrent un maximum de confort et d'absorption, ce qui en fait un choix parfait pour les proc\u00e9dures dentaires p\u00e9diatriques. En outre, nos bavoirs sont disponibles dans une gamme de couleurs et de motifs qui ne manqueront pas de plaire aux enfants, contribuant ainsi \u00e0 cr\u00e9er une atmosph\u00e8re plus d\u00e9tendue et plus confortable pendant les rendez-vous dentaires.<\/p>\n<p><img loading=\"lazy\" decoding=\"async\" class=\"aligncenter wp-image-5527 size-large\" src=\"https:\/\/med-disposable.com\/wp-content\/uploads\/2021\/05\/40A0431-1024x1024.jpg\" alt=\"\" width=\"800\" height=\"800\" srcset=\"https:\/\/med-disposable.com\/wp-content\/uploads\/2021\/05\/40A0431-1024x1024.jpg 1024w, https:\/\/med-disposable.com\/wp-content\/uploads\/2021\/05\/40A0431-300x300.jpg 300w, https:\/\/med-disposable.com\/wp-content\/uploads\/2021\/05\/40A0431-150x150.jpg 150w, https:\/\/med-disposable.com\/wp-content\/uploads\/2021\/05\/40A0431-768x768.jpg 768w, https:\/\/med-disposable.com\/wp-content\/uploads\/2021\/05\/40A0431-1536x1536.jpg 1536w, https:\/\/med-disposable.com\/wp-content\/uploads\/2021\/05\/40A0431-scaled.jpg 2048w, https:\/\/med-disposable.com\/wp-content\/uploads\/2021\/05\/40A0431-600x600.jpg 600w, https:\/\/med-disposable.com\/wp-content\/uploads\/2021\/05\/40A0431-100x100.jpg 100w\" sizes=\"(max-width: 800px) 100vw, 800px\" \/><\/p>","protected":false},"excerpt":{"rendered":"<p>Mat\u00e9riau : 100% P\u00e2te \u00e0 bois et film PE, 2 \u00e9paisseurs de papier + 1 \u00e9paisseur de film PE<\/p>","protected":false},"featured_media":1599,"template":"","meta":{"_seopress_robots_primary_cat":"none","_seopress_titles_title":"Superior Protection &amp; Comfort w\/ Our Disposable Dental Bibs &amp; Scarfs - Quality &amp; Convenience for Any Healthcare Setting","_seopress_titles_desc":"Disposable Dental Bib &amp; Dental Scarf for Dentists - Material: 100% wooden paper, medical grade PE film.  Enhanced patient protection with additional layer of paper and plastic backing.","_seopress_robots_index":""},"product_brand":[],"product_cat":[87],"product_tag":[107,260,73,259],"class_list":{"0":"post-1594","1":"product","2":"type-product","3":"status-publish","4":"has-post-thumbnail","6":"product_cat-healthcare","7":"product_tag-dental-bib","8":"product_tag-dental-scarf","9":"product_tag-disposable","10":"product_tag-patient-bib","12":"first","13":"instock","14":"shipping-taxable","15":"product-type-simple"},"_links":{"self":[{"href":"https:\/\/med-disposable.com\/fr\/wp-json\/wp\/v2\/product\/1594","targetHints":{"allow":["GET"]}}],"collection":[{"href":"https:\/\/med-disposable.com\/fr\/wp-json\/wp\/v2\/product"}],"about":[{"href":"https:\/\/med-disposable.com\/fr\/wp-json\/wp\/v2\/types\/product"}],"version-history":[{"count":0,"href":"https:\/\/med-disposable.com\/fr\/wp-json\/wp\/v2\/product\/1594\/revisions"}],"wp:featuredmedia":[{"embeddable":true,"href":"https:\/\/med-disposable.com\/fr\/wp-json\/wp\/v2\/media\/1599"}],"wp:attachment":[{"href":"https:\/\/med-disposable.com\/fr\/wp-json\/wp\/v2\/media?parent=1594"}],"wp:term":[{"taxonomy":"product_brand","embeddable":true,"href":"https:\/\/med-disposable.com\/fr\/wp-json\/wp\/v2\/product_brand?post=1594"},{"taxonomy":"product_cat","embeddable":true,"href":"https:\/\/med-disposable.com\/fr\/wp-json\/wp\/v2\/product_cat?post=1594"},{"taxonomy":"product_tag","embeddable":true,"href":"https:\/\/med-disposable.com\/fr\/wp-json\/wp\/v2\/product_tag?post=1594"}],"curies":[{"name":"wp","href":"https:\/\/api.w.org\/{rel}","templated":true}]}}