{"id":16016,"date":"2024-09-13T18:20:30","date_gmt":"2024-09-13T10:20:30","guid":{"rendered":"https:\/\/med-disposable.com\/?post_type=product&#038;p=16016"},"modified":"2024-09-18T18:13:35","modified_gmt":"2024-09-18T10:13:35","slug":"housses-dappui-tete-jetables-pour-les-avions","status":"publish","type":"product","link":"https:\/\/med-disposable.com\/fr\/product\/disposable-headrest-covers-for-airplanes\/","title":{"rendered":"Housses d'appui-t\u00eate jetables pour les avions"},"content":{"rendered":"<p><strong>Description des housses d'appui-t\u00eate d'avion<\/strong>:<\/p>\n<ul>\n<li><strong>Mat\u00e9riau<\/strong>: Fabriqu\u00e9 \u00e0 partir d'un mat\u00e9riau non tiss\u00e9 en PP (polypropyl\u00e8ne) de haute qualit\u00e9, garantissant durabilit\u00e9 et confort.<\/li>\n<li><strong>Conception<\/strong>: Forme carr\u00e9e et formes personnalis\u00e9es disponibles sur demande.<\/li>\n<li><strong>Pi\u00e8ce jointe<\/strong>: Deux cordes solides cousues sur le dessus permettent de fixer fermement la housse au coussin, l'emp\u00eachant ainsi de tomber.<\/li>\n<li><strong>Couleur<\/strong>: Couleur blanche standard avec options de couleurs personnalis\u00e9es.<\/li>\n<li><strong>Personnalisation<\/strong>: L'impression de LOGO sur mesure est disponible pour promouvoir votre marque ou pour la personnaliser.<\/li>\n<li><strong>Hygi\u00e8ne<\/strong>: Il offre une surface propre et hygi\u00e9nique aux voyageurs, am\u00e9liorant ainsi leur confort et leur satisfaction.<\/li>\n<\/ul>\n<p><img fetchpriority=\"high\" decoding=\"async\" class=\"wp-image-13807 size-full aligncenter\" src=\"https:\/\/med-disposable.com\/wp-content\/uploads\/2024\/08\/\u5fae\u4fe1\u56fe\u7247_20240807165346.png\" alt=\"Serviettes de table portant la marque EgyptAir.\" width=\"795\" height=\"753\" srcset=\"https:\/\/med-disposable.com\/wp-content\/uploads\/2024\/08\/\u5fae\u4fe1\u56fe\u7247_20240807165346.png 795w, https:\/\/med-disposable.com\/wp-content\/uploads\/2024\/08\/\u5fae\u4fe1\u56fe\u7247_20240807165346-300x284.png 300w, https:\/\/med-disposable.com\/wp-content\/uploads\/2024\/08\/\u5fae\u4fe1\u56fe\u7247_20240807165346-768x727.png 768w, https:\/\/med-disposable.com\/wp-content\/uploads\/2024\/08\/\u5fae\u4fe1\u56fe\u7247_20240807165346-600x568.png 600w\" sizes=\"(max-width: 795px) 100vw, 795px\" \/><\/p>\n<h3>Caract\u00e9ristiques principales<\/h3>\n<ul>\n<li><strong>Haute qualit\u00e9<\/strong>: Mat\u00e9riau PP non tiss\u00e9 durable.<\/li>\n<li><strong>Ajustement s\u00e9curis\u00e9<\/strong>: Deux cordes assurent le maintien en place de la couverture.<\/li>\n<li><strong>Personnalisable<\/strong>: Options de formes, de couleurs et d'impression de logos personnalis\u00e9s.<\/li>\n<li><strong>Hygi\u00e9nique<\/strong>: La conception \u00e0 usage unique garantit la propret\u00e9.<\/li>\n<\/ul>\n<figure id=\"attachment_16027\" aria-describedby=\"caption-attachment-16027\" style=\"width: 800px\" class=\"wp-caption aligncenter\"><img decoding=\"async\" class=\"wp-image-16027 size-full\" src=\"https:\/\/med-disposable.com\/wp-content\/uploads\/2024\/09\/disposable-headrest-cover-5.jpg\" alt=\"Turkmenistan Airlines et le sac d&#039;apprentissage BabyBoss\" width=\"800\" height=\"800\" srcset=\"https:\/\/med-disposable.com\/wp-content\/uploads\/2024\/09\/disposable-headrest-cover-5.jpg 800w, https:\/\/med-disposable.com\/wp-content\/uploads\/2024\/09\/disposable-headrest-cover-5-300x300.jpg 300w, https:\/\/med-disposable.com\/wp-content\/uploads\/2024\/09\/disposable-headrest-cover-5-150x150.jpg 150w, https:\/\/med-disposable.com\/wp-content\/uploads\/2024\/09\/disposable-headrest-cover-5-768x768.jpg 768w, https:\/\/med-disposable.com\/wp-content\/uploads\/2024\/09\/disposable-headrest-cover-5-600x600.jpg 600w, https:\/\/med-disposable.com\/wp-content\/uploads\/2024\/09\/disposable-headrest-cover-5-100x100.jpg 100w\" sizes=\"(max-width: 800px) 100vw, 800px\" \/><figcaption id=\"caption-attachment-16027\" class=\"wp-caption-text\">housses d'appui-t\u00eate jetables pour les avions<\/figcaption><\/figure>\n<figure id=\"attachment_16026\" aria-describedby=\"caption-attachment-16026\" style=\"width: 800px\" class=\"wp-caption aligncenter\"><img decoding=\"async\" class=\"wp-image-16026 size-full\" src=\"https:\/\/med-disposable.com\/wp-content\/uploads\/2024\/09\/disposable-headrest-cover-4.jpg\" alt=\"Gros plan sur un mat\u00e9riau non tiss\u00e9.\" width=\"800\" height=\"800\" srcset=\"https:\/\/med-disposable.com\/wp-content\/uploads\/2024\/09\/disposable-headrest-cover-4.jpg 800w, https:\/\/med-disposable.com\/wp-content\/uploads\/2024\/09\/disposable-headrest-cover-4-300x300.jpg 300w, https:\/\/med-disposable.com\/wp-content\/uploads\/2024\/09\/disposable-headrest-cover-4-150x150.jpg 150w, https:\/\/med-disposable.com\/wp-content\/uploads\/2024\/09\/disposable-headrest-cover-4-768x768.jpg 768w, https:\/\/med-disposable.com\/wp-content\/uploads\/2024\/09\/disposable-headrest-cover-4-600x600.jpg 600w, https:\/\/med-disposable.com\/wp-content\/uploads\/2024\/09\/disposable-headrest-cover-4-100x100.jpg 100w\" sizes=\"(max-width: 800px) 100vw, 800px\" \/><figcaption id=\"caption-attachment-16026\" class=\"wp-caption-text\">housses d'appui-t\u00eate jetables pour les avions<\/figcaption><\/figure>\n<h3><\/h3>\n<h3>FAQ sur les housses d'appui-t\u00eate jetables pour les avions<\/h3>\n<p><strong>1. En quel mat\u00e9riau les housses d'appui-t\u00eate jetables sont-elles fabriqu\u00e9es ?<\/strong><br \/>\nNos housses d'appui-t\u00eate jetables sont fabriqu\u00e9es \u00e0 partir d'un mat\u00e9riau non tiss\u00e9 en PP (polypropyl\u00e8ne) de haute qualit\u00e9, \u00e0 la fois durable et confortable.<\/p>\n<p><strong>2. Comment les housses d'appui-t\u00eate se fixent-elles au si\u00e8ge de l'avion ?<\/strong><br \/>\nChaque housse d'appui-t\u00eate est munie de deux cordes solides cousues en haut, ce qui permet de l'attacher solidement \u00e0 l'appui-t\u00eate du si\u00e8ge d'avion et de la maintenir en place pendant toute la dur\u00e9e du vol.<\/p>\n<p><strong>3. Les housses d'appui-t\u00eate sont-elles disponibles en diff\u00e9rentes formes et tailles ?<\/strong><br \/>\nOui, la forme standard est carr\u00e9e, mais nous pouvons adapter des formes et des tailles personnalis\u00e9es sur demande pour s'adapter \u00e0 diff\u00e9rents types de si\u00e8ges.<\/p>\n<p><strong>4. Est-il possible d'obtenir les housses d'appui-t\u00eate en diff\u00e9rentes couleurs ?<\/strong><br \/>\nOui, notre couleur standard est le blanc, mais nous proposons \u00e9galement des options de couleurs personnalis\u00e9es pour r\u00e9pondre \u00e0 vos pr\u00e9f\u00e9rences ou \u00e0 vos besoins en mati\u00e8re d'image de marque.<\/p>\n<p><strong>5. Est-il possible d'imprimer un logo personnalis\u00e9 sur les housses d'appui-t\u00eate ?<\/strong><br \/>\nAbsolument ! Nous proposons des services d'impression de logos personnalis\u00e9s pour vous aider \u00e0 promouvoir votre marque ou \u00e0 personnaliser les couvertures \u00e0 des fins sp\u00e9cifiques.<\/p>\n<p><strong>6. Les housses d'appui-t\u00eate sont-elles r\u00e9utilisables ou \u00e0 usage unique ?<\/strong><br \/>\nNos housses d'appui-t\u00eate sont con\u00e7ues pour un usage unique, offrant une surface hygi\u00e9nique \u00e0 chaque passager et permettant une \u00e9limination facile apr\u00e8s utilisation.<\/p>\n<p><strong>7. Comment jeter les housses d'appui-t\u00eate apr\u00e8s utilisation ?<\/strong><br \/>\nLes housses d'appui-t\u00eate peuvent \u00eatre jet\u00e9es dans les poubelles ordinaires. Elles sont con\u00e7ues pour un usage unique afin de respecter les normes d'hygi\u00e8ne.<\/p>\n<p><strong>8. Les housses d'appui-t\u00eate sont-elles hypoallerg\u00e9niques ?<\/strong><br \/>\nOui, le mat\u00e9riau PP non tiss\u00e9 est hypoallerg\u00e9nique et peut \u00eatre utilis\u00e9 par les personnes ayant une peau sensible ou des allergies.<\/p>\n<p><strong>9. Les housses d'appui-t\u00eate apportent-elles un confort suppl\u00e9mentaire ?<\/strong><br \/>\nSi l'objectif premier des housses d'appui-t\u00eate est de maintenir l'hygi\u00e8ne, le mat\u00e9riau non tiss\u00e9 doux ajoute \u00e9galement une couche de confort pour le passager.<\/p>\n<p><strong>10. Comment les housses d'appui-t\u00eate sont-elles emball\u00e9es ?<\/strong><br \/>\nNos housses d'appui-t\u00eate sont emball\u00e9es en vrac, chaque housse \u00e9tant pli\u00e9e individuellement et regroup\u00e9e pour faciliter la distribution.<\/p>\n<p><strong>11. Puis-je commander un \u00e9chantillon avant d'effectuer un achat en gros ?<\/strong><br \/>\nOui, nous proposons des \u00e9chantillons afin que vous puissiez \u00e9valuer la qualit\u00e9 et l'ajustement de nos housses d'appui-t\u00eate avant de passer une commande plus importante.<\/p>\n<p><strong>12. Quelle est la quantit\u00e9 minimale de commande pour les couleurs ou les logos personnalis\u00e9s ?<\/strong><br \/>\nLa quantit\u00e9 minimale de commande pour les couleurs ou les logos personnalis\u00e9s varie. Veuillez contacter notre \u00e9quipe de vente pour obtenir des d\u00e9tails sp\u00e9cifiques concernant vos besoins de personnalisation.<\/p>\n<p><strong>13. Combien de temps faut-il pour traiter et exp\u00e9dier une commande ?<\/strong><br \/>\nLes d\u00e9lais de traitement varient en fonction de la taille de la commande et des exigences de personnalisation. En r\u00e8gle g\u00e9n\u00e9rale, les commandes sont trait\u00e9es dans un d\u00e9lai de 5 \u00e0 7 jours ouvrables, les d\u00e9lais d'exp\u00e9dition d\u00e9pendant de votre lieu de r\u00e9sidence.<\/p>\n<p><strong>14. Existe-t-il des remises pour les achats en gros ?<\/strong><br \/>\nOui, nous offrons des remises pour les achats en gros. Veuillez contacter notre \u00e9quipe de vente pour plus d'informations sur les prix et les remises pour les commandes importantes.<\/p>\n<p><strong>15. Comment puis-je commander des housses d'appui-t\u00eate jetables ?<\/strong><br \/>\nVous pouvez passer commande directement sur notre site web ou contacter notre \u00e9quipe de vente par courrier \u00e9lectronique ou par t\u00e9l\u00e9phone pour obtenir de l'aide sur les commandes personnalis\u00e9es.<\/p>\n<p><strong>16. Quels modes de paiement acceptez-vous ?<\/strong><br \/>\nNous acceptons diff\u00e9rents modes de paiement, notamment les cartes de cr\u00e9dit\/d\u00e9bit, PayPal et les virements bancaires. Des options suppl\u00e9mentaires peuvent \u00eatre disponibles pour les commandes en gros.<\/p>\n<p><strong>17. Proposez-vous un service d'exp\u00e9dition internationale ?<\/strong><br \/>\nOui, nous exp\u00e9dions nos housses d'appui-t\u00eate jetables dans le monde entier. Les frais et d\u00e9lais d'exp\u00e9dition varient en fonction de la destination.<\/p>\n<p><strong>18. Que faire si j'ai des probl\u00e8mes avec ma commande ?<\/strong><br \/>\nSi vous rencontrez des probl\u00e8mes avec votre commande, veuillez contacter notre service client\u00e8le. Nous sommes l\u00e0 pour vous aider \u00e0 r\u00e9soudre tout probl\u00e8me et \u00e0 assurer votre satisfaction.<\/p>","protected":false},"excerpt":{"rendered":"<p>Description of airplanes&#8217; headrest covers: Material: Made from high-quality PP (polypropylene) nonwoven material, ensuring durability and comfort. Design: Square shape with optional custom shapes available upon request. Attachment: Two sturdy ropes stitched on the top to secure the cover firmly to the cushion, preventing it from falling off. Color: Standard white color with options for [&hellip;]<\/p>\n","protected":false},"featured_media":15871,"template":"","meta":{"_seopress_robots_primary_cat":"none","_seopress_titles_title":"","_seopress_titles_desc":"","_seopress_robots_index":""},"product_brand":[],"product_cat":[49],"product_tag":[699],"class_list":{"0":"post-16016","1":"product","2":"type-product","3":"status-publish","4":"has-post-thumbnail","6":"product_cat-bed-linens","7":"product_tag-disposable-headrest-covers","9":"first","10":"instock","11":"shipping-taxable","12":"product-type-simple"},"_links":{"self":[{"href":"https:\/\/med-disposable.com\/fr\/wp-json\/wp\/v2\/product\/16016","targetHints":{"allow":["GET"]}}],"collection":[{"href":"https:\/\/med-disposable.com\/fr\/wp-json\/wp\/v2\/product"}],"about":[{"href":"https:\/\/med-disposable.com\/fr\/wp-json\/wp\/v2\/types\/product"}],"version-history":[{"count":0,"href":"https:\/\/med-disposable.com\/fr\/wp-json\/wp\/v2\/product\/16016\/revisions"}],"wp:featuredmedia":[{"embeddable":true,"href":"https:\/\/med-disposable.com\/fr\/wp-json\/wp\/v2\/media\/15871"}],"wp:attachment":[{"href":"https:\/\/med-disposable.com\/fr\/wp-json\/wp\/v2\/media?parent=16016"}],"wp:term":[{"taxonomy":"product_brand","embeddable":true,"href":"https:\/\/med-disposable.com\/fr\/wp-json\/wp\/v2\/product_brand?post=16016"},{"taxonomy":"product_cat","embeddable":true,"href":"https:\/\/med-disposable.com\/fr\/wp-json\/wp\/v2\/product_cat?post=16016"},{"taxonomy":"product_tag","embeddable":true,"href":"https:\/\/med-disposable.com\/fr\/wp-json\/wp\/v2\/product_tag?post=16016"}],"curies":[{"name":"wp","href":"https:\/\/api.w.org\/{rel}","templated":true}]}}