{"id":1644,"date":"2021-05-08T17:30:04","date_gmt":"2021-05-08T09:30:04","guid":{"rendered":"https:\/\/med-disposable.com\/?post_type=product&#038;p=1644"},"modified":"2023-09-22T11:10:10","modified_gmt":"2023-09-22T03:10:10","slug":"impermeable-reutilisable-en-pvc","status":"publish","type":"product","link":"https:\/\/med-disposable.com\/fr\/product\/reusable-pvc-rain-coat\/","title":{"rendered":"Imperm\u00e9able r\u00e9utilisable en PVC"},"content":{"rendered":"<p>B\u00e9n\u00e9ficiez d'une protection sup\u00e9rieure contre la pluie gr\u00e2ce \u00e0 notre imperm\u00e9able r\u00e9utilisable en PVC. Fabriqu\u00e9 avec pr\u00e9cision dans un mat\u00e9riau PVC de premi\u00e8re qualit\u00e9, cet imperm\u00e9able est non seulement con\u00e7u pour vous prot\u00e9ger de la pluie, mais il le fait en mettant l'accent sur le confort et la long\u00e9vit\u00e9. Sa myriade de caract\u00e9ristiques vous permet de rester au sec sans faire de compromis sur le style ou la fonctionnalit\u00e9.<\/p>\n<p><img fetchpriority=\"high\" decoding=\"async\" class=\"aligncenter wp-image-10368 size-full\" src=\"https:\/\/med-disposable.com\/wp-content\/uploads\/2021\/05\/PVC-RAINCOAT.jpg\" alt=\"\" width=\"801\" height=\"800\" srcset=\"https:\/\/med-disposable.com\/wp-content\/uploads\/2021\/05\/PVC-RAINCOAT.jpg 801w, https:\/\/med-disposable.com\/wp-content\/uploads\/2021\/05\/PVC-RAINCOAT-300x300.jpg 300w, https:\/\/med-disposable.com\/wp-content\/uploads\/2021\/05\/PVC-RAINCOAT-150x150.jpg 150w, https:\/\/med-disposable.com\/wp-content\/uploads\/2021\/05\/PVC-RAINCOAT-768x767.jpg 768w, https:\/\/med-disposable.com\/wp-content\/uploads\/2021\/05\/PVC-RAINCOAT-600x599.jpg 600w, https:\/\/med-disposable.com\/wp-content\/uploads\/2021\/05\/PVC-RAINCOAT-100x100.jpg 100w\" sizes=\"(max-width: 801px) 100vw, 801px\" \/><\/p>\n<p><strong>Sp\u00e9cification de base :<\/strong><\/p>\n<table width=\"476\">\n<tbody>\n<tr>\n<td width=\"86\">Mat\u00e9riau<\/td>\n<td width=\"390\">PVC<\/td>\n<\/tr>\n<tr>\n<td width=\"86\">Poids en grammes<\/td>\n<td>0.10mm-0.3mm, ou selon la demande<\/td>\n<\/tr>\n<tr>\n<td width=\"86\">Style<\/td>\n<td width=\"390\">Type de pull ou de cardigan,<\/p>\n<p>Devant avec boutons ou fermeture \u00e0 glissi\u00e8re,<\/p>\n<p>Avec ou sans poches,<\/p>\n<p>Casquette avec ou sans cordon de serrage,<\/p>\n<p>Manchette \u00e9lastique ou manchette ouverte<\/td>\n<\/tr>\n<tr>\n<td width=\"86\">Couleur<\/td>\n<td>transparent, blanc, bleu, vert, rouge, jaune... peut \u00eatre personnalis\u00e9<\/td>\n<\/tr>\n<\/tbody>\n<\/table>\n<p>&nbsp;<\/p>\n<p><strong>Caract\u00e9ristiques :<\/strong><\/p>\n<ul>\n<li><strong>PVC de haute qualit\u00e9 Mat\u00e9riau :<\/strong> Fabriqu\u00e9 en PVC durable qui offre une r\u00e9sistance sup\u00e9rieure \u00e0 l'eau, ce qui vous permet de rester au sec en toutes circonstances.<\/li>\n<li><strong>Capuche attenante avec fermeture par cordon de serrage :<\/strong> Une conception qui assure une protection maximale contre la pluie tout en vous permettant de l'ajuster pour plus de confort.<\/li>\n<li><strong>Fermeture \u00e0 glissi\u00e8re en plastique :<\/strong> Protection suppl\u00e9mentaire contre les fortes averses, garantissant l'absence d'infiltration d'eau.<\/li>\n<li><strong>Manches raglan :<\/strong> Il offre un meilleur confort et une plus grande mobilit\u00e9.<\/li>\n<li><strong>Ouverture r\u00e9glable des poignets :<\/strong> Ajustez la coupe en fonction de vos besoins, avec des options avec ou sans boutons-pression.<\/li>\n<li><strong>Poches plaqu\u00e9es :<\/strong> Id\u00e9alement plac\u00e9 pour un acc\u00e8s facile, il est con\u00e7u sans rabat pour une apparence \u00e9l\u00e9gante.<\/li>\n<li><strong>Ouverture des jambes r\u00e9glable :<\/strong> Personnalisez l'ajustement pour une protection et un confort optimaux, disponible avec ou sans boutons-pression.<\/li>\n<\/ul>\n<p><img decoding=\"async\" class=\"aligncenter wp-image-10369 size-full\" src=\"https:\/\/med-disposable.com\/wp-content\/uploads\/2021\/05\/raincoat3.jpg\" alt=\"\" width=\"800\" height=\"527\" srcset=\"https:\/\/med-disposable.com\/wp-content\/uploads\/2021\/05\/raincoat3.jpg 800w, https:\/\/med-disposable.com\/wp-content\/uploads\/2021\/05\/raincoat3-300x198.jpg 300w, https:\/\/med-disposable.com\/wp-content\/uploads\/2021\/05\/raincoat3-768x506.jpg 768w, https:\/\/med-disposable.com\/wp-content\/uploads\/2021\/05\/raincoat3-600x395.jpg 600w\" sizes=\"(max-width: 800px) 100vw, 800px\" \/><\/p>\n<p><strong>Avantages :<\/strong><\/p>\n<ol>\n<li><strong>Design confortable :<\/strong> L'utilisation de PVC de qualit\u00e9 sup\u00e9rieure garantit que l'imperm\u00e9able est doux au toucher tout en offrant une protection maximale.<\/li>\n<li><strong>Grande durabilit\u00e9 :<\/strong> Cet imperm\u00e9able est con\u00e7u pour un usage r\u00e9p\u00e9t\u00e9, ce qui lui assure une longue dur\u00e9e de vie et un excellent rapport qualit\u00e9-prix.<\/li>\n<li><strong>Aspect \u00e9l\u00e9gant :<\/strong> Alliant fonctionnalit\u00e9 et design, cet imperm\u00e9able arbore un look moderne adapt\u00e9 \u00e0 diverses occasions.<\/li>\n<li><strong>Entretien facile :<\/strong> R\u00e9utilisable, il est facile \u00e0 nettoyer et \u00e0 entretenir, ce qui lui permet de rester en parfait \u00e9tat plus longtemps.<\/li>\n<\/ol>\n<p><img decoding=\"async\" class=\"aligncenter wp-image-10370 size-full\" src=\"https:\/\/med-disposable.com\/wp-content\/uploads\/2021\/05\/PVC-RAINCOAT21.jpg\" alt=\"\" width=\"801\" height=\"800\" srcset=\"https:\/\/med-disposable.com\/wp-content\/uploads\/2021\/05\/PVC-RAINCOAT21.jpg 801w, https:\/\/med-disposable.com\/wp-content\/uploads\/2021\/05\/PVC-RAINCOAT21-300x300.jpg 300w, https:\/\/med-disposable.com\/wp-content\/uploads\/2021\/05\/PVC-RAINCOAT21-150x150.jpg 150w, https:\/\/med-disposable.com\/wp-content\/uploads\/2021\/05\/PVC-RAINCOAT21-768x767.jpg 768w, https:\/\/med-disposable.com\/wp-content\/uploads\/2021\/05\/PVC-RAINCOAT21-600x599.jpg 600w, https:\/\/med-disposable.com\/wp-content\/uploads\/2021\/05\/PVC-RAINCOAT21-100x100.jpg 100w\" sizes=\"(max-width: 801px) 100vw, 801px\" \/><\/p>\n<p><strong>Applications :<\/strong><\/p>\n<p>L'imperm\u00e9able r\u00e9utilisable en PVC est polyvalent, ce qui le rend id\u00e9al pour :<\/p>\n<ul>\n<li>\u00c9v\u00e9nements et concerts en plein air<\/li>\n<li>Camping et exp\u00e9ditions en plein air<\/li>\n<li>Trajets quotidiens et utilisation urbaine<\/li>\n<li>Travail sur le terrain et activit\u00e9s professionnelles en plein air<\/li>\n<li>Trousses d'urgence<\/li>\n<\/ul>\n<p><img loading=\"lazy\" decoding=\"async\" class=\"aligncenter wp-image-10371 size-full\" src=\"https:\/\/med-disposable.com\/wp-content\/uploads\/2021\/05\/PVC-RAINCOAT2.jpg\" alt=\"\" width=\"801\" height=\"800\" srcset=\"https:\/\/med-disposable.com\/wp-content\/uploads\/2021\/05\/PVC-RAINCOAT2.jpg 801w, https:\/\/med-disposable.com\/wp-content\/uploads\/2021\/05\/PVC-RAINCOAT2-300x300.jpg 300w, https:\/\/med-disposable.com\/wp-content\/uploads\/2021\/05\/PVC-RAINCOAT2-150x150.jpg 150w, https:\/\/med-disposable.com\/wp-content\/uploads\/2021\/05\/PVC-RAINCOAT2-768x767.jpg 768w, https:\/\/med-disposable.com\/wp-content\/uploads\/2021\/05\/PVC-RAINCOAT2-600x599.jpg 600w, https:\/\/med-disposable.com\/wp-content\/uploads\/2021\/05\/PVC-RAINCOAT2-100x100.jpg 100w\" sizes=\"(max-width: 801px) 100vw, 801px\" \/><\/p>\n<p><strong>FAQs :<\/strong><\/p>\n<ol>\n<li><strong>Quelles strat\u00e9gies de prix de gros proposez-vous pour l'imperm\u00e9able r\u00e9utilisable en PVC ?<\/strong><br \/>\nConscients des besoins de nos acheteurs en gros, nous proposons des options de prix \u00e9chelonn\u00e9s, avec des r\u00e9ductions notables \u00e0 mesure que la quantit\u00e9 command\u00e9e augmente. Nous nous engageons \u00e0 offrir des prix comp\u00e9titifs sans compromettre la qualit\u00e9.<\/li>\n<li><strong>Comment est conditionn\u00e9 l'envoi en vrac de l'imperm\u00e9able r\u00e9utilisable en PVC ?<\/strong><br \/>\nPour les commandes en gros, chaque imperm\u00e9able est emball\u00e9 individuellement pour en garantir l'int\u00e9grit\u00e9. Ils sont ensuite emball\u00e9s de mani\u00e8re s\u00e9curis\u00e9e dans des cartons sp\u00e9cialement con\u00e7us pour supporter les rigueurs du transport international.<\/li>\n<li><strong>Pouvez-vous personnaliser les commandes \u00e0 grande \u00e9chelle ?<\/strong><br \/>\nCertainement ! Pour les commandes importantes, nous proposons diverses options de personnalisation, allant de l'image de marque aux retouches de design. Notre objectif est de r\u00e9pondre \u00e0 des besoins uniques, en veillant \u00e0 ce que nos produits soient conformes \u00e0 l'image de votre marque.<\/li>\n<li><strong>Proposez-vous des alternatives ou des emballages respectueux de l'environnement pour les commandes en gros ?<\/strong><br \/>\nBien que notre imperm\u00e9able en PVC r\u00e9utilisable standard r\u00e9duise d\u00e9j\u00e0 les d\u00e9chets environnementaux en raison de sa nature r\u00e9utilisable, nous explorons \u00e9galement en permanence des options d'emballage durables et des alternatives de produits afin de r\u00e9duire davantage notre impact sur l'environnement.<\/li>\n<\/ol>","protected":false},"excerpt":{"rendered":"<p>Style : capuche attach\u00e9e avec cordon de serrage, devant temp\u00eate avec fermetures \u00e0 glissi\u00e8re en plastique, manches raglan,<\/p>\n<p>ouverture r\u00e9glable des poignets avec ou sans boutons-pression, poches plaqu\u00e9es avec ou sans rabat, ouverture r\u00e9glable des jambes avec ou sans boutons-pression<\/p>","protected":false},"featured_media":1648,"template":"","meta":{"_seopress_robots_primary_cat":"none","_seopress_titles_title":"OEM\/ODM AvailableHigh Quality Reusable PVC Jackets: Tear Resistant, Waterproof, Personalizable!","_seopress_titles_desc":"Reusable PVC rain coat - Adjustable cuff opening with or without snap, patch pockets with or without flap, adjustable leg opening with or without snaps.","_seopress_robots_index":""},"product_brand":[],"product_cat":[50],"product_tag":[75,109],"class_list":{"0":"post-1644","1":"product","2":"type-product","3":"status-publish","4":"has-post-thumbnail","6":"product_cat-rain-coat","7":"product_tag-plastic","8":"product_tag-rain-coat","10":"first","11":"instock","12":"shipping-taxable","13":"product-type-simple"},"_links":{"self":[{"href":"https:\/\/med-disposable.com\/fr\/wp-json\/wp\/v2\/product\/1644","targetHints":{"allow":["GET"]}}],"collection":[{"href":"https:\/\/med-disposable.com\/fr\/wp-json\/wp\/v2\/product"}],"about":[{"href":"https:\/\/med-disposable.com\/fr\/wp-json\/wp\/v2\/types\/product"}],"version-history":[{"count":0,"href":"https:\/\/med-disposable.com\/fr\/wp-json\/wp\/v2\/product\/1644\/revisions"}],"wp:featuredmedia":[{"embeddable":true,"href":"https:\/\/med-disposable.com\/fr\/wp-json\/wp\/v2\/media\/1648"}],"wp:attachment":[{"href":"https:\/\/med-disposable.com\/fr\/wp-json\/wp\/v2\/media?parent=1644"}],"wp:term":[{"taxonomy":"product_brand","embeddable":true,"href":"https:\/\/med-disposable.com\/fr\/wp-json\/wp\/v2\/product_brand?post=1644"},{"taxonomy":"product_cat","embeddable":true,"href":"https:\/\/med-disposable.com\/fr\/wp-json\/wp\/v2\/product_cat?post=1644"},{"taxonomy":"product_tag","embeddable":true,"href":"https:\/\/med-disposable.com\/fr\/wp-json\/wp\/v2\/product_tag?post=1644"}],"curies":[{"name":"wp","href":"https:\/\/api.w.org\/{rel}","templated":true}]}}