{"id":1651,"date":"2021-05-08T17:56:10","date_gmt":"2021-05-08T09:56:10","guid":{"rendered":"https:\/\/med-disposable.com\/?post_type=product&#038;p=1651"},"modified":"2023-06-27T11:55:55","modified_gmt":"2023-06-27T03:55:55","slug":"manteau-de-pluie-en-eva-de-qualite-superieure","status":"publish","type":"product","link":"https:\/\/med-disposable.com\/fr\/product\/top-quality-eva-rain-coat\/","title":{"rendered":"Imperm\u00e9able en EVA de premi\u00e8re qualit\u00e9"},"content":{"rendered":"<h2>Sp\u00e9cification de base :<\/h2>\n<table width=\"476\">\n<tbody>\n<tr>\n<td width=\"86\">Taille<\/td>\n<td width=\"390\">S, M, L ou taille personnalis\u00e9e<\/td>\n<\/tr>\n<tr>\n<td width=\"86\">Mat\u00e9riau<\/td>\n<td>EVA<\/td>\n<\/tr>\n<tr>\n<td width=\"86\">Poids en grammes<\/td>\n<td>0.10mm-0.15mm, ou selon la demande<\/td>\n<\/tr>\n<tr>\n<td width=\"86\">Style<\/td>\n<td width=\"390\">Devant avec boutons ou fermeture \u00e0 glissi\u00e8re,<\/p>\n<p>Avec ou sans poches,<\/p>\n<p>Casquette avec ou sans cordon de serrage,<\/p>\n<p>Manchette \u00e9lastique ou manchette ouverte<\/td>\n<\/tr>\n<tr>\n<td width=\"86\">Couleur<\/td>\n<td>transparent, blanc, bleu, vert, rouge, jaune... peut \u00eatre personnalis\u00e9<\/td>\n<\/tr>\n<\/tbody>\n<\/table>\n<p>Dot\u00e9 d'une capuche avec corde r\u00e9tractable, d'un devant avec boutons pour faciliter l'enfilage et le retrait, et de points de connexion sans couture, cet imperm\u00e9able en EVA offre un ajustement s\u00fbr et confortable tout en garantissant la facilit\u00e9 de mouvement. Notre imperm\u00e9able en EVA de qualit\u00e9 sup\u00e9rieure est parfait pour les activit\u00e9s de plein air, les \u00e9v\u00e9nements et l'usage quotidien. Il offre une protection fiable contre la pluie et les conditions humides sans compromettre le style et le confort.<\/p>\n<p><img fetchpriority=\"high\" decoding=\"async\" class=\"aligncenter wp-image-8677 size-large\" src=\"https:\/\/med-disposable.com\/wp-content\/uploads\/2021\/05\/EVA-raincoat-1024x1024.jpg\" alt=\"\" width=\"800\" height=\"800\" srcset=\"https:\/\/med-disposable.com\/wp-content\/uploads\/2021\/05\/EVA-raincoat-1024x1024.jpg 1024w, https:\/\/med-disposable.com\/wp-content\/uploads\/2021\/05\/EVA-raincoat-300x300.jpg 300w, https:\/\/med-disposable.com\/wp-content\/uploads\/2021\/05\/EVA-raincoat-150x150.jpg 150w, https:\/\/med-disposable.com\/wp-content\/uploads\/2021\/05\/EVA-raincoat-768x768.jpg 768w, https:\/\/med-disposable.com\/wp-content\/uploads\/2021\/05\/EVA-raincoat-600x600.jpg 600w, https:\/\/med-disposable.com\/wp-content\/uploads\/2021\/05\/EVA-raincoat-100x100.jpg 100w, https:\/\/med-disposable.com\/wp-content\/uploads\/2021\/05\/EVA-raincoat.jpg 1500w\" sizes=\"(max-width: 800px) 100vw, 800px\" \/><\/p>\n<h2>Caract\u00e9ristiques principales<\/h2>\n<ul>\n<li><strong>Mat\u00e9riau<\/strong>: Fabriqu\u00e9 en EVA de haute qualit\u00e9, notre imperm\u00e9able est l\u00e9ger, imperm\u00e9able, durable et respectueux de l'environnement, offrant une protection optimale dans les environnements humides.<\/li>\n<li><strong>Capuchon avec corde r\u00e9tractable<\/strong>: La capuche est dot\u00e9e d'une corde r\u00e9tractable pour un ajustement facile, assurant une couverture compl\u00e8te de la t\u00eate et un ajustement s\u00fbr, vous gardant au sec et prot\u00e9g\u00e9 m\u00eame en cas de forte pluie.<\/li>\n<li><strong>Face avant avec boutons<\/strong>: Le devant avec boutons assure un ajustement s\u00fbr et confortable, facilitant l'enfilage et le retrait de l'imperm\u00e9able tout en conservant une apparence propre et \u00e9l\u00e9gante.<\/li>\n<li><strong>Points de connexion sans soudure<\/strong>: Notre imperm\u00e9able en EVA est con\u00e7u de mani\u00e8re \u00e0 ce qu'il n'y ait aucun espace dans les points de connexion, ce qui garantit une protection compl\u00e8te contre la pluie et les infiltrations d'eau.<\/li>\n<\/ul>\n<p><img decoding=\"async\" class=\"aligncenter wp-image-1655 size-large\" src=\"https:\/\/med-disposable.com\/wp-content\/uploads\/2021\/05\/H7ed1e69297f5460389692476b6da74a3m-1024x1024.jpg\" alt=\"\" width=\"800\" height=\"800\" srcset=\"https:\/\/med-disposable.com\/wp-content\/uploads\/2021\/05\/H7ed1e69297f5460389692476b6da74a3m-1024x1024.jpg 1024w, https:\/\/med-disposable.com\/wp-content\/uploads\/2021\/05\/H7ed1e69297f5460389692476b6da74a3m-300x300.jpg 300w, https:\/\/med-disposable.com\/wp-content\/uploads\/2021\/05\/H7ed1e69297f5460389692476b6da74a3m-150x150.jpg 150w, https:\/\/med-disposable.com\/wp-content\/uploads\/2021\/05\/H7ed1e69297f5460389692476b6da74a3m-768x768.jpg 768w, https:\/\/med-disposable.com\/wp-content\/uploads\/2021\/05\/H7ed1e69297f5460389692476b6da74a3m-600x600.jpg 600w, https:\/\/med-disposable.com\/wp-content\/uploads\/2021\/05\/H7ed1e69297f5460389692476b6da74a3m-100x100.jpg 100w, https:\/\/med-disposable.com\/wp-content\/uploads\/2021\/05\/H7ed1e69297f5460389692476b6da74a3m.jpg 1500w\" sizes=\"(max-width: 800px) 100vw, 800px\" \/><\/p>\n<p>&nbsp;<\/p>\n<h2>FAQ<\/h2>\n<h4>Q1 : Qu'est-ce que le mat\u00e9riau EVA et quels sont ses avantages ?<\/h4>\n<p>R : L'EVA (\u00e9thyl\u00e8ne-ac\u00e9tate de vinyle) est un mat\u00e9riau de haute qualit\u00e9, l\u00e9ger et durable, imperm\u00e9able et respectueux de l'environnement. Parmi les avantages de l'EVA, citons sa flexibilit\u00e9, sa r\u00e9sistance \u00e0 la fissuration et ses excellentes propri\u00e9t\u00e9s d'isolation. Ces caract\u00e9ristiques en font un choix id\u00e9al pour les imperm\u00e9ables, offrant une protection fiable contre la pluie et les conditions humides.<\/p>\n<h4>Q2 : L'imperm\u00e9able EVA peut-il \u00eatre facilement pli\u00e9 et rang\u00e9 ?<\/h4>\n<p>R : Oui, la l\u00e9g\u00e8ret\u00e9 et la souplesse du mat\u00e9riau EVA permettent de plier et de ranger facilement l'imperm\u00e9able lorsqu'il n'est pas utilis\u00e9. Il s'agit donc d'une option pratique et portable pour les d\u00e9placements quotidiens, les activit\u00e9s de plein air et les situations d'urgence.<\/p>\n<h4>Q3 : Comment nettoyer et entretenir mon imperm\u00e9able EVA ?<\/h4>\n<p>R : Pour nettoyer votre imperm\u00e9able EVA, il suffit de l'essuyer avec un chiffon humide et du savon doux si n\u00e9cessaire. Laissez l'imperm\u00e9able s\u00e9cher compl\u00e8tement \u00e0 l'air libre avant de le plier et de le ranger. \u00c9vitez d'utiliser des produits chimiques agressifs ou des mat\u00e9riaux abrasifs, car ils risquent d'endommager le mat\u00e9riau EVA.<\/p>\n<h4>Q4 : L'imperm\u00e9able EVA convient-il \u00e0 toutes les saisons ?<\/h4>\n<p>R : Bien que l'imperm\u00e9able en EVA offre une excellente protection contre la pluie et les conditions humides, il peut ne pas \u00eatre suffisamment isolant par temps extr\u00eamement froid. Dans ce cas, vous devrez peut-\u00eatre porter des v\u00eatements suppl\u00e9mentaires sous l'imperm\u00e9able pour plus de chaleur.<\/p>\n<h4>Q5 : Existe-t-il diff\u00e9rents styles et couleurs pour l'imperm\u00e9able EVA ?<\/h4>\n<p>R : Notre imperm\u00e9able EVA de qualit\u00e9 sup\u00e9rieure est disponible dans une vari\u00e9t\u00e9 de couleurs, ce qui vous permet de choisir la couleur qui convient le mieux \u00e0 vos pr\u00e9f\u00e9rences et \u00e0 vos besoins. Pour toute question concernant les diff\u00e9rents styles et les options de personnalisation, veuillez contacter notre \u00e9quipe de vente.<\/p>","protected":false},"excerpt":{"rendered":"<p>Restez au sec et prot\u00e9g\u00e9 avec style gr\u00e2ce \u00e0 notre imperm\u00e9able en EVA de qualit\u00e9 sup\u00e9rieure. Fabriqu\u00e9 en \u00e9thyl\u00e8ne-ac\u00e9tate de vinyle (EVA) de haute qualit\u00e9, cet imperm\u00e9able est non seulement imperm\u00e9able, mais aussi l\u00e9ger, durable et \u00e9cologique, assurant une protection maximale contre la pluie et les conditions humides.<\/p>","protected":false},"featured_media":1653,"template":"","meta":{"_seopress_robots_primary_cat":"none","_seopress_titles_title":"Reusable EVA with Tear-Resistant Features in S,M,L or Custom Defined Sizes","_seopress_titles_desc":"Top quality EVA rain coat are adjustable cuff opening with or without snap, patch pockets with or without flap, adjustable leg opening with or without snaps.","_seopress_robots_index":""},"product_brand":[],"product_cat":[50],"product_tag":[110,109],"class_list":{"0":"post-1651","1":"product","2":"type-product","3":"status-publish","4":"has-post-thumbnail","6":"product_cat-rain-coat","7":"product_tag-eva","8":"product_tag-rain-coat","10":"first","11":"instock","12":"shipping-taxable","13":"product-type-simple"},"_links":{"self":[{"href":"https:\/\/med-disposable.com\/fr\/wp-json\/wp\/v2\/product\/1651","targetHints":{"allow":["GET"]}}],"collection":[{"href":"https:\/\/med-disposable.com\/fr\/wp-json\/wp\/v2\/product"}],"about":[{"href":"https:\/\/med-disposable.com\/fr\/wp-json\/wp\/v2\/types\/product"}],"version-history":[{"count":0,"href":"https:\/\/med-disposable.com\/fr\/wp-json\/wp\/v2\/product\/1651\/revisions"}],"wp:featuredmedia":[{"embeddable":true,"href":"https:\/\/med-disposable.com\/fr\/wp-json\/wp\/v2\/media\/1653"}],"wp:attachment":[{"href":"https:\/\/med-disposable.com\/fr\/wp-json\/wp\/v2\/media?parent=1651"}],"wp:term":[{"taxonomy":"product_brand","embeddable":true,"href":"https:\/\/med-disposable.com\/fr\/wp-json\/wp\/v2\/product_brand?post=1651"},{"taxonomy":"product_cat","embeddable":true,"href":"https:\/\/med-disposable.com\/fr\/wp-json\/wp\/v2\/product_cat?post=1651"},{"taxonomy":"product_tag","embeddable":true,"href":"https:\/\/med-disposable.com\/fr\/wp-json\/wp\/v2\/product_tag?post=1651"}],"curies":[{"name":"wp","href":"https:\/\/api.w.org\/{rel}","templated":true}]}}