{"id":1669,"date":"2021-05-13T18:17:36","date_gmt":"2021-05-13T10:17:36","guid":{"rendered":"https:\/\/med-disposable.com\/?post_type=product&#038;p=1669"},"modified":"2023-07-10T18:14:06","modified_gmt":"2023-07-10T10:14:06","slug":"blouse-disolation-cpe-jetable-aami-niveau-1-standard","status":"publish","type":"product","link":"https:\/\/med-disposable.com\/fr\/product\/disposable-cpe-isolation-gown-aami-level-1-standard\/","title":{"rendered":"Blouse d'isolement CPE \u00e0 usage unique Norme AAMI niveau 1"},"content":{"rendered":"<h2>Sp\u00e9cification de base :<\/h2>\n<table width=\"642\">\n<tbody>\n<tr>\n<td width=\"129\">Mat\u00e9riau :<\/td>\n<td width=\"513\">100% Poly\u00e9thyl\u00e8ne chlor\u00e9 (CPE)<\/td>\n<\/tr>\n<tr>\n<td>Poids du mat\u00e9riau :<\/td>\n<td>35g\/pc<\/td>\n<\/tr>\n<tr>\n<td>Standard :<\/td>\n<td>niveau 1<\/td>\n<\/tr>\n<tr>\n<td>Taille :<\/td>\n<td>190*115cm, 120*195cm, 125*200cm, ou selon les besoins<\/td>\n<\/tr>\n<tr>\n<td>Couleur :<\/td>\n<td>Bleu, jaune ou personnalis\u00e9<\/td>\n<\/tr>\n<tr>\n<td>Emballage :<\/td>\n<td>1pc\/sac, 10pcs\/sac interm\u00e9diaire, 100pcs\/carton ou sur mesure<\/td>\n<\/tr>\n<tr>\n<td>Rapport d'essai :<\/td>\n<td>rapport de niveau 1<\/td>\n<\/tr>\n<\/tbody>\n<\/table>\n<figure class=\"wp-block-embed wp-block-embed-youtube is-type-video is-provider-youtube epyt-figure\"><div class=\"wp-block-embed__wrapper\"><div  id=\"_ytid_78838\"  width=\"800\" height=\"450\"  data-origwidth=\"800\" data-origheight=\"450\" data-facadesrc=\"https:\/\/www.youtube.com\/embed\/obf3hf0MCUU?enablejsapi=1&autoplay=0&cc_load_policy=0&cc_lang_pref=&iv_load_policy=1&loop=0&rel=1&fs=1&playsinline=0&autohide=2&theme=dark&color=red&controls=1&disablekb=0&\" class=\"__youtube_prefs__ epyt-facade no-lazyload\" data-epautoplay=\"1\" ><img decoding=\"async\" data-spai-excluded=\"true\" class=\"epyt-facade-poster skip-lazy\" loading=\"lazy\"  alt=\"Lecteur YouTube\"  src=\"https:\/\/i.ytimg.com\/vi\/obf3hf0MCUU\/maxresdefault.jpg\"  \/><button class=\"epyt-facade-play\" aria-label=\"Jouer\"><svg data-no-lazy=\"1\" height=\"100%\" version=\"1.1\" viewbox=\"0 0 68 48\" width=\"100%\"><path class=\"ytp-large-play-button-bg\" d=\"M66.52,7.74c-0.78-2.93-2.49-5.41-5.42-6.19C55.79,.13,34,0,34,0S12.21,.13,6.9,1.55 C3.97,2.33,2.27,4.81,1.48,7.74C0.06,13.05,0,24,0,24s0.06,10.95,1.48,16.26c0.78,2.93,2.49,5.41,5.42,6.19 C12.21,47.87,34,48,34,48s21.79-0.13,27.1-1.55c2.93-0.78,4.64-3.26,5.42-6.19C67.94,34.95,68,24,68,24S67.94,13.05,66.52,7.74z\" fill=\"#f00\"><\/path><path d=\"M 45,24 27,14 27,34\" fill=\"#fff\"><\/path><\/svg><\/button><\/div><\/div><\/figure>\n<p>&nbsp;<\/p>\n<p><strong>Norme AAMI de niveau 1 :<\/strong>\u00a0Notre blouse d'isolation CPE jetable r\u00e9pond \u00e0 la norme AAMI de niveau 1, offrant une r\u00e9sistance minimale aux fluides et garantissant un environnement s\u00fbr et propre dans divers contextes.<\/p>\n<p><img fetchpriority=\"high\" decoding=\"async\" class=\"aligncenter wp-image-7104 size-large\" src=\"https:\/\/med-disposable.com\/wp-content\/uploads\/2023\/05\/Level-2-3-CPE-isolation-gown-3-724x1024.png\" alt=\"\" width=\"724\" height=\"1024\" srcset=\"https:\/\/med-disposable.com\/wp-content\/uploads\/2023\/05\/Level-2-3-CPE-isolation-gown-3-724x1024.png 724w, https:\/\/med-disposable.com\/wp-content\/uploads\/2023\/05\/Level-2-3-CPE-isolation-gown-3-212x300.png 212w, https:\/\/med-disposable.com\/wp-content\/uploads\/2023\/05\/Level-2-3-CPE-isolation-gown-3-768x1086.png 768w, https:\/\/med-disposable.com\/wp-content\/uploads\/2023\/05\/Level-2-3-CPE-isolation-gown-3-1086x1536.png 1086w, https:\/\/med-disposable.com\/wp-content\/uploads\/2023\/05\/Level-2-3-CPE-isolation-gown-3-600x849.png 600w, https:\/\/med-disposable.com\/wp-content\/uploads\/2023\/05\/Level-2-3-CPE-isolation-gown-3.png 1414w\" sizes=\"(max-width: 724px) 100vw, 724px\" \/><\/p>\n<h2>D\u00e9tailler les styles et les caract\u00e9ristiques des blouses FPC de niveau 1 :<\/h2>\n<p><strong>Mat\u00e9riau CPE de haute qualit\u00e9 :<\/strong>\u00a0Fabriqu\u00e9e en poly\u00e9thyl\u00e8ne chlor\u00e9 (CPE) durable et l\u00e9ger, notre blouse offre un confort et une protection accrus contre les fluides, la poussi\u00e8re, la salet\u00e9 et les contaminants.<\/p>\n<p><strong>Poignets avec trous pour le pouce pour une bonne tenue :<\/strong>\u00a0La blouse est dot\u00e9e de poignets \u00e0 trous de pouce, qui assurent un bon maintien des poignets et emp\u00eachent les manches de se retrousser pendant l'utilisation.<\/p>\n<p><strong>Dos ouvert pour un meilleur confort :<\/strong>\u00a0Le dos ouvert de notre blouse d'isolation CPE offre un confort accru et une meilleure respirabilit\u00e9, ce qui la rend adapt\u00e9e \u00e0 un port prolong\u00e9 dans divers contextes.<\/p>\n<p><strong>Attache \u00e0 la taille pour une bonne tenue :<\/strong>\u00a0La robe est dot\u00e9e de liens \u00e0 la taille, ce qui garantit un ajustement s\u00fbr et confortable pour les diff\u00e9rentes tailles et types de corps.<\/p>\n<p><strong>Jetable et hygi\u00e9nique :<\/strong>\u00a0Con\u00e7ue pour un usage unique, notre blouse d'isolement CPE jetable garantit une hygi\u00e8ne optimale et r\u00e9duit le risque de contamination crois\u00e9e dans divers environnements.<\/p>\n<p><img decoding=\"async\" class=\"aligncenter wp-image-5433 size-full\" src=\"https:\/\/med-disposable.com\/wp-content\/uploads\/2023\/04\/CPE-gown-blue.jpg\" alt=\"\" width=\"800\" height=\"800\" srcset=\"https:\/\/med-disposable.com\/wp-content\/uploads\/2023\/04\/CPE-gown-blue.jpg 800w, https:\/\/med-disposable.com\/wp-content\/uploads\/2023\/04\/CPE-gown-blue-300x300.jpg 300w, https:\/\/med-disposable.com\/wp-content\/uploads\/2023\/04\/CPE-gown-blue-150x150.jpg 150w, https:\/\/med-disposable.com\/wp-content\/uploads\/2023\/04\/CPE-gown-blue-768x768.jpg 768w, https:\/\/med-disposable.com\/wp-content\/uploads\/2023\/04\/CPE-gown-blue-600x600.jpg 600w, https:\/\/med-disposable.com\/wp-content\/uploads\/2023\/04\/CPE-gown-blue-100x100.jpg 100w\" sizes=\"(max-width: 800px) 100vw, 800px\" \/><\/p>\n<h2>FAQ<\/h2>\n<h4>Q : Quelle est la diff\u00e9rence entre le mat\u00e9riel CPE et le mat\u00e9riel SMS ?<\/h4>\n<p>R : Le CPE (poly\u00e9thyl\u00e8ne chlor\u00e9) est un mat\u00e9riau plastique l\u00e9ger, imperm\u00e9able et durable, tandis que le SMS (spunbond-meltblown-spunbond) est un tissu non tiss\u00e9 fabriqu\u00e9 \u00e0 partir de fibres de polypropyl\u00e8ne. Les blouses CPE sont plus r\u00e9sistantes aux liquides, tandis que les blouses SMS sont plus respirantes et confortables.<\/p>\n<h4>Q : La blouse d'isolation CPE \u00e0 usage unique est-elle sans latex ?<\/h4>\n<p>R : Oui, notre blouse d'isolation CPE jetable est fabriqu\u00e9e en poly\u00e9thyl\u00e8ne chlor\u00e9 sans latex, ce qui la rend adapt\u00e9e aux personnes allergiques au latex.<\/p>\n<h4>Q : La robe couvre-t-elle tout le corps ?<\/h4>\n<p>R : La blouse d'isolation CPE \u00e0 usage unique couvre l'avant et les c\u00f4t\u00e9s du corps, avec un dos ouvert pour un meilleur confort et une meilleure respirabilit\u00e9. Elle est con\u00e7ue pour prot\u00e9ger le porteur d'une exposition minimale aux liquides et n'est pas destin\u00e9e \u00e0 \u00eatre utilis\u00e9e dans des environnements o\u00f9 les niveaux d'exposition aux liquides sont \u00e9lev\u00e9s.<\/p>\n<h4>Q : Comment puis-je me d\u00e9barrasser correctement de la blouse apr\u00e8s l'avoir utilis\u00e9e ?<\/h4>\n<p>R : Apr\u00e8s avoir utilis\u00e9 la blouse d'isolation CPE jetable, retirez-la avec pr\u00e9caution en la roulant loin de votre corps et \u00e9vitez de toucher l'ext\u00e9rieur de la blouse. Jetez la blouse dans une poubelle pr\u00e9vue \u00e0 cet effet, conform\u00e9ment aux directives d'\u00e9limination de votre \u00e9tablissement.<\/p>\n<h4>Q : Puis-je commander la robe en diff\u00e9rentes couleurs ?<\/h4>\n<p>R : Veuillez contacter notre service client\u00e8le pour vous renseigner sur les options de couleur disponibles pour la blouse d'isolation CPE jetable.<\/p>","protected":false},"excerpt":{"rendered":"<p>Nous vous pr\u00e9sentons notre blouse d'isolation CPE jetable, con\u00e7ue pour offrir une protection et un confort optimaux dans divers environnements n\u00e9cessitant une r\u00e9sistance minimale aux fluides. Cette blouse est fabriqu\u00e9e en poly\u00e9thyl\u00e8ne chlor\u00e9 (CPE) de haute qualit\u00e9 et r\u00e9pond \u00e0 la norme AAMI de niveau 1. Elle comporte des trous pour les pouces sur les poignets, un dos ouvert et des liens \u00e0 la taille pour un ajustement s\u00fbr et confortable. Id\u00e9ale pour les \u00e9tablissements m\u00e9dicaux, les laboratoires et autres, notre blouse d'isolement jetable en CPE offre s\u00e9curit\u00e9, confort et commodit\u00e9.<\/p>","protected":false},"featured_media":4197,"template":"","meta":{"_seopress_robots_primary_cat":"none","_seopress_titles_title":"Isolation Gown - Disposable CPE isolation gown AAMI level 1 standard","_seopress_titles_desc":"Disposable CPE isolation gown AAMI level 1 standard - Style: long sleeves, with thumb hole, open back, back collar with broken point. Check out now.","_seopress_robots_index":""},"product_brand":[],"product_cat":[43],"product_tag":[97,78],"class_list":{"0":"post-1669","1":"product","2":"type-product","3":"status-publish","4":"has-post-thumbnail","6":"product_cat-gowns","7":"product_tag-aami","8":"product_tag-gown","10":"first","11":"instock","12":"shipping-taxable","13":"product-type-simple"},"_links":{"self":[{"href":"https:\/\/med-disposable.com\/fr\/wp-json\/wp\/v2\/product\/1669","targetHints":{"allow":["GET"]}}],"collection":[{"href":"https:\/\/med-disposable.com\/fr\/wp-json\/wp\/v2\/product"}],"about":[{"href":"https:\/\/med-disposable.com\/fr\/wp-json\/wp\/v2\/types\/product"}],"version-history":[{"count":0,"href":"https:\/\/med-disposable.com\/fr\/wp-json\/wp\/v2\/product\/1669\/revisions"}],"wp:featuredmedia":[{"embeddable":true,"href":"https:\/\/med-disposable.com\/fr\/wp-json\/wp\/v2\/media\/4197"}],"wp:attachment":[{"href":"https:\/\/med-disposable.com\/fr\/wp-json\/wp\/v2\/media?parent=1669"}],"wp:term":[{"taxonomy":"product_brand","embeddable":true,"href":"https:\/\/med-disposable.com\/fr\/wp-json\/wp\/v2\/product_brand?post=1669"},{"taxonomy":"product_cat","embeddable":true,"href":"https:\/\/med-disposable.com\/fr\/wp-json\/wp\/v2\/product_cat?post=1669"},{"taxonomy":"product_tag","embeddable":true,"href":"https:\/\/med-disposable.com\/fr\/wp-json\/wp\/v2\/product_tag?post=1669"}],"curies":[{"name":"wp","href":"https:\/\/api.w.org\/{rel}","templated":true}]}}