{"id":1764,"date":"2021-05-18T18:06:50","date_gmt":"2021-05-18T10:06:50","guid":{"rendered":"https:\/\/med-disposable.com\/?post_type=product&#038;p=1764"},"modified":"2023-06-06T15:58:08","modified_gmt":"2023-06-06T07:58:08","slug":"tablier-jetable-en-plastique-colore","status":"publish","type":"product","link":"https:\/\/med-disposable.com\/fr\/product\/disposable-colorful-plastic-cpe-apron\/","title":{"rendered":"Tablier jetable en plastique color\u00e9 pour CPE"},"content":{"rendered":"<p><strong>Introduction :<\/strong><\/p>\n<p>B\u00e9n\u00e9ficiez d'une protection sup\u00e9rieure avec style gr\u00e2ce \u00e0 nos tabliers jetables en plastique color\u00e9 CPE. Fabriqu\u00e9s en poly\u00e9thyl\u00e8ne chlor\u00e9 (CPE) durable, ces tabliers offrent une protection exceptionnelle contre les contaminants, tandis que la vari\u00e9t\u00e9 des couleurs permet un codage d\u00e9partemental facile ou une pr\u00e9f\u00e9rence personnelle.<\/p>\n<p><img fetchpriority=\"high\" decoding=\"async\" class=\"aligncenter wp-image-5050 size-full\" src=\"https:\/\/med-disposable.com\/wp-content\/uploads\/2023\/03\/plastic-apron-1.jpg\" alt=\"\" width=\"700\" height=\"700\" srcset=\"https:\/\/med-disposable.com\/wp-content\/uploads\/2023\/03\/plastic-apron-1.jpg 700w, https:\/\/med-disposable.com\/wp-content\/uploads\/2023\/03\/plastic-apron-1-300x300.jpg 300w, https:\/\/med-disposable.com\/wp-content\/uploads\/2023\/03\/plastic-apron-1-150x150.jpg 150w, https:\/\/med-disposable.com\/wp-content\/uploads\/2023\/03\/plastic-apron-1-600x600.jpg 600w, https:\/\/med-disposable.com\/wp-content\/uploads\/2023\/03\/plastic-apron-1-100x100.jpg 100w\" sizes=\"(max-width: 700px) 100vw, 700px\" \/><\/p>\n<p><strong>Caract\u00e9ristiques :<\/strong><\/p>\n<ol>\n<li><strong>Poly\u00e9thyl\u00e8ne chlor\u00e9 Mat\u00e9riau<\/strong>: Nos tabliers sont fabriqu\u00e9s dans un mat\u00e9riau robuste, le CPE, qui garantit une r\u00e9sistance sup\u00e9rieure aux divers contaminants.<\/li>\n<li><strong>Couleurs vives<\/strong>: Disponible dans une vari\u00e9t\u00e9 de couleurs pour un attrait esth\u00e9tique et un codage d\u00e9partemental facile.<\/li>\n<li><strong>Confortable et l\u00e9ger<\/strong>: Malgr\u00e9 la solidit\u00e9 du mat\u00e9riau, nos tabliers CPE conservent une conception l\u00e9g\u00e8re et confortable, id\u00e9ale pour un port prolong\u00e9.<\/li>\n<li><strong>Design jetable<\/strong>: Pour \u00e9viter la contamination crois\u00e9e et garantir une hygi\u00e8ne maximale, nos tabliers CPE sont \u00e0 usage unique.<\/li>\n<li><strong>Adaptation universelle<\/strong>: Ces tabliers sont con\u00e7us pour assurer le confort et la s\u00e9curit\u00e9 de tous les utilisateurs.<\/li>\n<\/ol>\n<p>&nbsp;<\/p>\n<p><strong>Sp\u00e9cification de base :<\/strong><\/p>\n<table width=\"437\">\n<tbody>\n<tr>\n<td width=\"98\">Taille<\/td>\n<td width=\"339\">70X120cm, 81\u00d7125, 81x140cm, 81x160cm, ou sur mesure<\/td>\n<\/tr>\n<tr>\n<td width=\"98\">Mat\u00e9riau<\/td>\n<td>CPE<\/td>\n<\/tr>\n<tr>\n<td width=\"98\">Poids en grammes<\/td>\n<td>0,02mm, 0,025mm, 0,03mm, ou selon la demande<\/td>\n<\/tr>\n<tr>\n<td width=\"98\">Couleur<\/td>\n<td>transparent, blanc, bleu, vert, rouge, jaune... peut \u00eatre personnalis\u00e9<\/td>\n<\/tr>\n<tr>\n<td width=\"98\">Emballage<\/td>\n<td>10pcs\/sac, 1000pcs\/ctn, ou selon les besoins<\/td>\n<\/tr>\n<\/tbody>\n<\/table>\n<figure id=\"attachment_3767\" aria-describedby=\"caption-attachment-3767\" style=\"width: 800px\" class=\"wp-caption alignnone\"><img decoding=\"async\" class=\"wp-image-3767 size-full\" src=\"https:\/\/med-disposable.com\/wp-content\/uploads\/2022\/04\/colored-apron.webp\" alt=\"\" width=\"800\" height=\"800\" srcset=\"https:\/\/med-disposable.com\/wp-content\/uploads\/2022\/04\/colored-apron.webp 800w, https:\/\/med-disposable.com\/wp-content\/uploads\/2022\/04\/colored-apron-300x300.webp 300w, https:\/\/med-disposable.com\/wp-content\/uploads\/2022\/04\/colored-apron-150x150.webp 150w, https:\/\/med-disposable.com\/wp-content\/uploads\/2022\/04\/colored-apron-768x768.webp 768w, https:\/\/med-disposable.com\/wp-content\/uploads\/2022\/04\/colored-apron-600x600.webp 600w, https:\/\/med-disposable.com\/wp-content\/uploads\/2022\/04\/colored-apron-100x100.webp 100w\" sizes=\"(max-width: 800px) 100vw, 800px\" \/><figcaption id=\"caption-attachment-3767\" class=\"wp-caption-text\">Tabliers en plastique de couleur<\/figcaption><\/figure>\n<p><strong>Avantages :<\/strong><\/p>\n<ul>\n<li><strong>Protection sup\u00e9rieure<\/strong>: Nos tabliers CPE offrent un haut niveau de protection contre les d\u00e9versements de liquides, les graisses et autres contaminants.<\/li>\n<li><strong>Code couleur<\/strong>: La grande vari\u00e9t\u00e9 de couleurs disponibles permet une identification facile et un codage par d\u00e9partement, am\u00e9liorant ainsi l'efficacit\u00e9 de l'organisation.<\/li>\n<li><strong>Port confortable<\/strong>: L\u00e9gers et confortables, ces tabliers n'entravent pas la mobilit\u00e9 et favorisent des conditions de travail efficaces.<\/li>\n<li><strong>Hygi\u00e8ne et s\u00e9curit\u00e9<\/strong>: La conception \u00e0 usage unique r\u00e9duit le risque de contamination crois\u00e9e, garantissant une hygi\u00e8ne et une s\u00e9curit\u00e9 maximales.<\/li>\n<\/ul>\n<p>&nbsp;<\/p>\n<p><strong>Utilisations :<\/strong><\/p>\n<p>Ces tabliers jetables en plastique color\u00e9 sont parfaits pour une vari\u00e9t\u00e9 d'environnements, tels que les unit\u00e9s de transformation des aliments, les installations m\u00e9dicales, les laboratoires, les services de nettoyage et d'autres environnements o\u00f9 une protection contre les contaminants est n\u00e9cessaire.<\/p>\n<p>&nbsp;<\/p>\n<p><strong>Diff\u00e9rences entre les mat\u00e9riaux CPE, HDPE et LDPE :<\/strong><\/p>\n<table>\n<thead>\n<tr>\n<th><\/th>\n<th><strong>CPE (poly\u00e9thyl\u00e8ne chlor\u00e9)<\/strong><\/th>\n<th><strong>PEHD (poly\u00e9thyl\u00e8ne haute densit\u00e9)<\/strong><\/th>\n<th><strong>LDPE (poly\u00e9thyl\u00e8ne basse densit\u00e9)<\/strong><\/th>\n<\/tr>\n<\/thead>\n<tbody>\n<tr>\n<td><strong>La force<\/strong><\/td>\n<td>Haut<\/td>\n<td>Haut<\/td>\n<td>Moins \u00e9lev\u00e9 que le PEHD et le CPE<\/td>\n<\/tr>\n<tr>\n<td><strong>Flexibilit\u00e9<\/strong><\/td>\n<td>Haut<\/td>\n<td>Moins flexible<\/td>\n<td>Plus flexible<\/td>\n<\/tr>\n<tr>\n<td><strong>R\u00e9sistance \u00e0 la fissuration<\/strong><\/td>\n<td>Tr\u00e8s \u00e9lev\u00e9<\/td>\n<td>Plus r\u00e9sistant<\/td>\n<td>Moins r\u00e9sistant<\/td>\n<\/tr>\n<tr>\n<td><strong>Transparence<\/strong><\/td>\n<td>Opaque<\/td>\n<td>Translucide<\/td>\n<td>Transparent<\/td>\n<\/tr>\n<tr>\n<td><strong>Utilisations typiques<\/strong><\/td>\n<td>Produits r\u00e9sistants comme les v\u00eatements de protection<\/td>\n<td>Biens durables comme les bouteilles<\/td>\n<td>Produits flexibles tels que les sacs en plastique<\/td>\n<\/tr>\n<\/tbody>\n<\/table>\n<hr \/>\n<p><img decoding=\"async\" class=\"aligncenter wp-image-6906 size-full\" src=\"https:\/\/med-disposable.com\/wp-content\/uploads\/2023\/05\/a02f4074-6040-48bc-961c-fc6a04a25f9b.png\" alt=\"\" width=\"800\" height=\"264\" srcset=\"https:\/\/med-disposable.com\/wp-content\/uploads\/2023\/05\/a02f4074-6040-48bc-961c-fc6a04a25f9b.png 800w, https:\/\/med-disposable.com\/wp-content\/uploads\/2023\/05\/a02f4074-6040-48bc-961c-fc6a04a25f9b-300x99.png 300w, https:\/\/med-disposable.com\/wp-content\/uploads\/2023\/05\/a02f4074-6040-48bc-961c-fc6a04a25f9b-768x253.png 768w, https:\/\/med-disposable.com\/wp-content\/uploads\/2023\/05\/a02f4074-6040-48bc-961c-fc6a04a25f9b-600x198.png 600w\" sizes=\"(max-width: 800px) 100vw, 800px\" \/><\/p>\n<p><strong>FAQs :<\/strong><\/p>\n<ol>\n<li><strong>Comment l'utilisation de tabliers CPE jetables contribue-t-elle \u00e0 l'hygi\u00e8ne et \u00e0 la s\u00e9curit\u00e9 dans les environnements de travail ?<\/strong> Les tabliers jetables CPE jouent un r\u00f4le crucial dans le maintien de normes \u00e9lev\u00e9es d'hygi\u00e8ne et de s\u00e9curit\u00e9 dans divers environnements de travail. Ils cr\u00e9ent une barri\u00e8re protectrice entre le porteur et les contaminants potentiels. Comme ils sont con\u00e7us pour un usage unique, les risques de contamination crois\u00e9e sont consid\u00e9rablement r\u00e9duits. Apr\u00e8s utilisation, le tablier peut \u00eatre jet\u00e9 de mani\u00e8re responsable, ce qui garantit encore davantage la propret\u00e9 et la s\u00e9curit\u00e9 de l'environnement de travail.<\/li>\n<li><strong>En quoi le code couleur de ces tabliers peut-il \u00eatre utile \u00e0 notre organisation ?<\/strong> La gamme de couleurs dans laquelle nos tabliers jetables en plastique color\u00e9 sont disponibles peut \u00eatre un atout pr\u00e9cieux pour votre organisation. Le code couleur permet d'identifier facilement les diff\u00e9rentes \u00e9quipes, en particulier dans les grandes organisations. Il permet \u00e9galement une reconnaissance rapide en cas d'urgence. En outre, il peut \u00eatre utilis\u00e9 pour indiquer la hi\u00e9rarchie ou pour s\u00e9parer le personnel en fonction des t\u00e2ches sp\u00e9cifiques ou des d\u00e9partements, am\u00e9liorant ainsi l'efficacit\u00e9 de l'organisation.<\/li>\n<li><strong>Quelle est la taille de ces tabliers CPE ? Peuvent-ils \u00eatre personnalis\u00e9s ?<\/strong> Nos tabliers jetables en plastique color\u00e9 pour CPE sont con\u00e7us pour s'adapter \u00e0 une large gamme de tailles, garantissant un ajustement confortable et s\u00fbr pour tous les utilisateurs. Pour les commandes plus importantes, nous proposons des options de personnalisation, y compris des ajustements de taille, en fonction des besoins du client. Pour plus de d\u00e9tails et de questions, nous vous recommandons de contacter notre \u00e9quipe de service \u00e0 la client\u00e8le qui pourra vous fournir des informations pr\u00e9cises en fonction de vos besoins.<\/li>\n<li><strong>Quelle est la quantit\u00e9 minimale de commande pour ces tabliers CPE ?<\/strong> La quantit\u00e9 minimum de commande pour nos tabliers jetables en plastique color\u00e9 peut varier en fonction des exigences sp\u00e9cifiques et de la logistique. Pour une r\u00e9ponse d\u00e9taill\u00e9e et personnalis\u00e9e, veuillez contacter notre service client\u00e8le qui pourra vous aider en fonction de vos besoins particuliers.<\/li>\n<li><strong>Dans quel d\u00e9lai puis-je recevoir une commande en gros de ces tabliers CPE ?<\/strong> Le d\u00e9lai de livraison d'une commande en gros de nos tabliers jetables en plastique color\u00e9 pour CPE d\u00e9pend de plusieurs facteurs, dont la taille de la commande, la capacit\u00e9 de production existante et la destination de l'envoi. Notre \u00e9quipe s'efforce de traiter toutes les commandes aussi rapidement que possible sans compromettre la qualit\u00e9 de nos produits. Pour une estimation plus pr\u00e9cise de la livraison, nous vous sugg\u00e9rons de contacter notre service client\u00e8le en pr\u00e9cisant les d\u00e9tails de votre commande.<\/li>\n<\/ol>","protected":false},"excerpt":{"rendered":"<p>Mat\u00e9riau CPE gaufr\u00e9, adapt\u00e9 aux hommes et aux femmes ;<\/p>\n<p>Toutes les couleurs sont disponibles.<\/p>","protected":false},"featured_media":1767,"template":"","meta":{"_seopress_robots_primary_cat":"none","_seopress_titles_title":"Feature-Rich CPE Sheeting: Waterproof, Oil-Proof, Odorless &amp; Tougher Than Ever!","_seopress_titles_desc":"Explore a range of disposable colorful plastic CPE apron at med-disposable.com. Embossed CPE material, suitable for men and women. All colors are available.","_seopress_robots_index":""},"product_brand":[],"product_cat":[45],"product_tag":[77,114],"class_list":{"0":"post-1764","1":"product","2":"type-product","3":"status-publish","4":"has-post-thumbnail","6":"product_cat-apron","7":"product_tag-apron","8":"product_tag-cpe","10":"first","11":"instock","12":"shipping-taxable","13":"product-type-simple"},"_links":{"self":[{"href":"https:\/\/med-disposable.com\/fr\/wp-json\/wp\/v2\/product\/1764","targetHints":{"allow":["GET"]}}],"collection":[{"href":"https:\/\/med-disposable.com\/fr\/wp-json\/wp\/v2\/product"}],"about":[{"href":"https:\/\/med-disposable.com\/fr\/wp-json\/wp\/v2\/types\/product"}],"version-history":[{"count":0,"href":"https:\/\/med-disposable.com\/fr\/wp-json\/wp\/v2\/product\/1764\/revisions"}],"wp:featuredmedia":[{"embeddable":true,"href":"https:\/\/med-disposable.com\/fr\/wp-json\/wp\/v2\/media\/1767"}],"wp:attachment":[{"href":"https:\/\/med-disposable.com\/fr\/wp-json\/wp\/v2\/media?parent=1764"}],"wp:term":[{"taxonomy":"product_brand","embeddable":true,"href":"https:\/\/med-disposable.com\/fr\/wp-json\/wp\/v2\/product_brand?post=1764"},{"taxonomy":"product_cat","embeddable":true,"href":"https:\/\/med-disposable.com\/fr\/wp-json\/wp\/v2\/product_cat?post=1764"},{"taxonomy":"product_tag","embeddable":true,"href":"https:\/\/med-disposable.com\/fr\/wp-json\/wp\/v2\/product_tag?post=1764"}],"curies":[{"name":"wp","href":"https:\/\/api.w.org\/{rel}","templated":true}]}}