{"id":1774,"date":"2021-05-18T18:25:42","date_gmt":"2021-05-18T10:25:42","guid":{"rendered":"https:\/\/med-disposable.com\/?post_type=product&#038;p=1774"},"modified":"2023-06-06T15:11:03","modified_gmt":"2023-06-06T07:11:03","slug":"tablier-non-tisse-microporeux","status":"publish","type":"product","link":"https:\/\/med-disposable.com\/fr\/product\/microporous-non-woven-apron\/","title":{"rendered":"Tablier non tiss\u00e9 microporeux"},"content":{"rendered":"<p><strong>Introduction :<\/strong><\/p>\n<p>Restez prot\u00e9g\u00e9 et confortable avec notre tablier non tiss\u00e9 microporeux. Con\u00e7u sp\u00e9cifiquement pour les environnements exigeants, ce tablier constitue une excellente barri\u00e8re contre les particules, les \u00e9claboussures de liquides et certains produits chimiques, assurant ainsi une protection et un confort maximum \u00e0 l'utilisateur.<\/p>\n<p><img fetchpriority=\"high\" decoding=\"async\" class=\"alignnone wp-image-7624 size-large\" src=\"https:\/\/med-disposable.com\/wp-content\/uploads\/2021\/05\/40A9527-1024x1024.jpg\" alt=\"\" width=\"800\" height=\"800\" srcset=\"https:\/\/med-disposable.com\/wp-content\/uploads\/2021\/05\/40A9527-1024x1024.jpg 1024w, https:\/\/med-disposable.com\/wp-content\/uploads\/2021\/05\/40A9527-300x300.jpg 300w, https:\/\/med-disposable.com\/wp-content\/uploads\/2021\/05\/40A9527-150x150.jpg 150w, https:\/\/med-disposable.com\/wp-content\/uploads\/2021\/05\/40A9527-768x768.jpg 768w, https:\/\/med-disposable.com\/wp-content\/uploads\/2021\/05\/40A9527-1536x1536.jpg 1536w, https:\/\/med-disposable.com\/wp-content\/uploads\/2021\/05\/40A9527-scaled.jpg 2048w, https:\/\/med-disposable.com\/wp-content\/uploads\/2021\/05\/40A9527-600x600.jpg 600w, https:\/\/med-disposable.com\/wp-content\/uploads\/2021\/05\/40A9527-100x100.jpg 100w\" sizes=\"(max-width: 800px) 100vw, 800px\" \/><\/p>\n<p><strong>Sp\u00e9cification d\u00e9taill\u00e9e :<\/strong><\/p>\n<table width=\"437\">\n<tbody>\n<tr>\n<td width=\"98\">Taille<\/td>\n<td width=\"339\">70X120cm, 81\u00d7125, 81x140cm, 81x160cm, ou sur mesure<\/td>\n<\/tr>\n<tr>\n<td width=\"98\">Mat\u00e9riau<\/td>\n<td>Microporeux<\/td>\n<\/tr>\n<tr>\n<td width=\"98\">Poids<\/td>\n<td>45-65gsm<\/td>\n<\/tr>\n<tr>\n<td width=\"98\">Couleur<\/td>\n<td>blanc<\/td>\n<\/tr>\n<tr>\n<td width=\"98\">Style<\/td>\n<td>col suspendu ; liens \u00e0 l'arri\u00e8re de la taille ; avec ou sans poches<\/td>\n<\/tr>\n<tr>\n<td width=\"98\">Emballage<\/td>\n<td>10pcs\/sac ou bo\u00eete, 100pcs\/ctn, ou selon les besoins<\/td>\n<\/tr>\n<tr>\n<td width=\"98\">Application<\/td>\n<td>Industrie alimentaire, M\u00e9dical, H\u00f4pital, Laboratoire, Produits pharmaceutiques, Lieu de travail<\/td>\n<\/tr>\n<\/tbody>\n<\/table>\n<p><img decoding=\"async\" class=\"aligncenter wp-image-7628 size-large\" src=\"https:\/\/med-disposable.com\/wp-content\/uploads\/2021\/05\/40A9532-1024x1024.jpg\" alt=\"\" width=\"800\" height=\"800\" srcset=\"https:\/\/med-disposable.com\/wp-content\/uploads\/2021\/05\/40A9532-1024x1024.jpg 1024w, https:\/\/med-disposable.com\/wp-content\/uploads\/2021\/05\/40A9532-300x300.jpg 300w, https:\/\/med-disposable.com\/wp-content\/uploads\/2021\/05\/40A9532-150x150.jpg 150w, https:\/\/med-disposable.com\/wp-content\/uploads\/2021\/05\/40A9532-768x768.jpg 768w, https:\/\/med-disposable.com\/wp-content\/uploads\/2021\/05\/40A9532-1536x1536.jpg 1536w, https:\/\/med-disposable.com\/wp-content\/uploads\/2021\/05\/40A9532-scaled.jpg 2048w, https:\/\/med-disposable.com\/wp-content\/uploads\/2021\/05\/40A9532-600x600.jpg 600w, https:\/\/med-disposable.com\/wp-content\/uploads\/2021\/05\/40A9532-100x100.jpg 100w\" sizes=\"(max-width: 800px) 100vw, 800px\" \/><\/p>\n<p><strong>Caract\u00e9ristiques :<\/strong><\/p>\n<ol>\n<li><strong>Mat\u00e9riau microporeux<\/strong>: Le tablier est fabriqu\u00e9 \u00e0 partir d'un mat\u00e9riau microporeux de haute qualit\u00e9 qui constitue une barri\u00e8re efficace contre divers contaminants.<\/li>\n<li><strong>L\u00e9ger et confortable<\/strong>: Malgr\u00e9 le haut niveau de protection qu'il offre, le tablier reste l\u00e9ger et confortable \u00e0 porter pendant de longues p\u00e9riodes.<\/li>\n<li><strong>Durable<\/strong>: Nos tabliers sont robustes et durables, capables de r\u00e9sister aux exigences rigoureuses de divers environnements.<\/li>\n<li><strong>Jetable<\/strong>: Pour maintenir des normes d'hygi\u00e8ne \u00e9lev\u00e9es et pr\u00e9venir la contamination crois\u00e9e, ces tabliers sont jetables.<\/li>\n<\/ol>\n<p><img decoding=\"async\" class=\"alignnone wp-image-7629 size-large\" src=\"https:\/\/med-disposable.com\/wp-content\/uploads\/2021\/05\/40A9533-1024x1024.jpg\" alt=\"\" width=\"800\" height=\"800\" srcset=\"https:\/\/med-disposable.com\/wp-content\/uploads\/2021\/05\/40A9533-1024x1024.jpg 1024w, https:\/\/med-disposable.com\/wp-content\/uploads\/2021\/05\/40A9533-300x300.jpg 300w, https:\/\/med-disposable.com\/wp-content\/uploads\/2021\/05\/40A9533-150x150.jpg 150w, https:\/\/med-disposable.com\/wp-content\/uploads\/2021\/05\/40A9533-768x768.jpg 768w, https:\/\/med-disposable.com\/wp-content\/uploads\/2021\/05\/40A9533-1536x1536.jpg 1536w, https:\/\/med-disposable.com\/wp-content\/uploads\/2021\/05\/40A9533-scaled.jpg 2048w, https:\/\/med-disposable.com\/wp-content\/uploads\/2021\/05\/40A9533-600x600.jpg 600w, https:\/\/med-disposable.com\/wp-content\/uploads\/2021\/05\/40A9533-100x100.jpg 100w\" sizes=\"(max-width: 800px) 100vw, 800px\" \/><\/p>\n<p><strong>Avantages :<\/strong><\/p>\n<ul>\n<li><strong>Haute protection<\/strong>: Le mat\u00e9riau microporeux offre une protection sup\u00e9rieure contre les particules, les \u00e9claboussures de liquides et certains produits chimiques.<\/li>\n<li><strong>Confort et efficacit\u00e9<\/strong>: Malgr\u00e9 le haut niveau de protection, ces tabliers sont agr\u00e9ables \u00e0 porter, ce qui garantit l'efficacit\u00e9 de l'utilisateur.<\/li>\n<li><strong>Hygi\u00e8ne et s\u00e9curit\u00e9<\/strong>: En tant que produit jetable, ces tabliers favorisent l'hygi\u00e8ne et minimisent le risque de contamination crois\u00e9e.<\/li>\n<\/ul>\n<p>&nbsp;<\/p>\n<p><strong>Applications :<\/strong><\/p>\n<p>Le tablier non tiss\u00e9 microporeux convient \u00e0 une vari\u00e9t\u00e9 d'environnements o\u00f9 la protection et l'hygi\u00e8ne sont primordiales, tels que les laboratoires, les unit\u00e9s de production et les \u00e9tablissements de soins de sant\u00e9.<\/p>\n<p><img loading=\"lazy\" decoding=\"async\" class=\"aligncenter wp-image-5009 size-full\" src=\"https:\/\/med-disposable.com\/wp-content\/uploads\/2023\/03\/white-disposable-apron.jpg\" alt=\"\" width=\"700\" height=\"393\" srcset=\"https:\/\/med-disposable.com\/wp-content\/uploads\/2023\/03\/white-disposable-apron.jpg 700w, https:\/\/med-disposable.com\/wp-content\/uploads\/2023\/03\/white-disposable-apron-300x168.jpg 300w, https:\/\/med-disposable.com\/wp-content\/uploads\/2023\/03\/white-disposable-apron-600x337.jpg 600w\" sizes=\"(max-width: 700px) 100vw, 700px\" \/><\/p>\n<p><strong>Avantages de l'utilisation de mat\u00e9riaux microporeux :<\/strong><\/p>\n<p>Les mat\u00e9riaux microporeux offrent plusieurs avantages importants :<\/p>\n<ul>\n<li><strong>Respirabilit\u00e9<\/strong>: Le mat\u00e9riau microporeux permet le passage de l'air et de la vapeur, ce qui rend le tablier respirant et confortable pour un usage prolong\u00e9.<\/li>\n<li><strong>Protection des barri\u00e8res<\/strong>: Malgr\u00e9 sa respirabilit\u00e9, le mat\u00e9riau microporeux agit comme une barri\u00e8re solide contre les particules, les \u00e9claboussures de liquides et certains produits chimiques.<\/li>\n<li><strong>L\u00e9ger<\/strong>: Le mat\u00e9riau est l\u00e9ger et flexible, offrant une protection \u00e9lev\u00e9e sans entraver la mobilit\u00e9 ou le confort.<\/li>\n<\/ul>\n<p>&nbsp;<\/p>\n<p><strong>FAQs :<\/strong><\/p>\n<ol>\n<li><strong>Qu'est-ce qui fait que le mat\u00e9riau microporeux convient \u00e0 ces tabliers ?<\/strong> Le mat\u00e9riau microporeux convient \u00e0 ces tabliers en raison de ses propri\u00e9t\u00e9s uniques. Il est respirant, ce qui permet de porter confortablement le tablier pendant de longues p\u00e9riodes. En m\u00eame temps, il constitue une barri\u00e8re solide contre les contaminants, prot\u00e9geant ainsi efficacement l'utilisateur. Sa l\u00e9g\u00e8ret\u00e9 et sa souplesse facilitent \u00e9galement les mouvements, contribuant ainsi \u00e0 l'efficacit\u00e9 de l'utilisateur.<\/li>\n<li><strong>Comment sont le confort et la coupe de ces tabliers ?<\/strong> Ces tabliers ont \u00e9t\u00e9 con\u00e7us en tenant compte du confort de l'utilisateur. Le mat\u00e9riau microporeux est respirant et l\u00e9ger, ce qui rend le tablier agr\u00e9able \u00e0 porter, m\u00eame pendant de longues p\u00e9riodes. La conception du tablier permet \u00e9galement de se d\u00e9placer facilement, ce qui am\u00e9liore encore le confort et l'efficacit\u00e9 de l'utilisateur.<\/li>\n<li><strong>Les tabliers peuvent-ils \u00eatre personnalis\u00e9s avec le logo ou la marque de notre organisation ?<\/strong> En fonction du volume de la commande, les personnalisations telles que les logos et les \u00e9l\u00e9ments de marque peuvent g\u00e9n\u00e9ralement \u00eatre accept\u00e9es. Si vous \u00eates int\u00e9ress\u00e9 par des tabliers personnalis\u00e9s, veuillez contacter notre service client\u00e8le pour discuter de vos besoins sp\u00e9cifiques.<\/li>\n<li><strong>Quel est le d\u00e9lai de livraison pour les commandes en gros ?<\/strong> Le d\u00e9lai de livraison pour les commandes en gros d\u00e9pend de plusieurs facteurs, notamment de la quantit\u00e9 command\u00e9e, du calendrier de production actuel et de la n\u00e9cessit\u00e9 \u00e9ventuelle d'une personnalisation. Nous nous effor\u00e7ons d'honorer toutes les commandes aussi rapidement que possible tout en maintenant nos normes de qualit\u00e9 \u00e9lev\u00e9es. Pour obtenir une estimation plus pr\u00e9cise, veuillez contacter notre service client\u00e8le en pr\u00e9cisant les d\u00e9tails de votre commande.<\/li>\n<li><strong>Quel type de protection ces tabliers offrent-ils ?<\/strong> Les tabliers non tiss\u00e9s microporeux constituent une barri\u00e8re efficace contre les particules, les \u00e9claboussures de liquides et certains produits chimiques, offrant ainsi une protection \u00e9lev\u00e9e \u00e0 l'utilisateur. Le mat\u00e9riau est \u00e9galement respirant, ce qui contribue au confort de l'utilisateur, m\u00eame pendant des p\u00e9riodes d'utilisation prolong\u00e9es.<\/li>\n<\/ol>","protected":false},"excerpt":{"rendered":"<p>Mat\u00e9riau microporeux, protection frontale avec un tissu respirant, permettant \u00e0 la vapeur d'eau de s'\u00e9chapper afin de maintenir le porteur plus \u00e0 l'aise que beaucoup d'autres tissus.<\/p>","protected":false},"featured_media":7624,"template":"","meta":{"_seopress_robots_primary_cat":"none","_seopress_titles_title":"Home use Microporous Material: Soft, Waterproof, Breathable &amp; Eco-Friendly - Detail Specs &amp; Sizes!","_seopress_titles_desc":"Microporous non-woven apron - Microporous material, white color, soft, waterproof, breathable, comfortable to wear. Environmentally friendly \u2013 can be recycled after use.","_seopress_robots_index":""},"product_brand":[],"product_cat":[45],"product_tag":[77,96],"class_list":{"0":"post-1774","1":"product","2":"type-product","3":"status-publish","4":"has-post-thumbnail","6":"product_cat-apron","7":"product_tag-apron","8":"product_tag-microporous","10":"first","11":"instock","12":"shipping-taxable","13":"product-type-simple"},"_links":{"self":[{"href":"https:\/\/med-disposable.com\/fr\/wp-json\/wp\/v2\/product\/1774","targetHints":{"allow":["GET"]}}],"collection":[{"href":"https:\/\/med-disposable.com\/fr\/wp-json\/wp\/v2\/product"}],"about":[{"href":"https:\/\/med-disposable.com\/fr\/wp-json\/wp\/v2\/types\/product"}],"version-history":[{"count":0,"href":"https:\/\/med-disposable.com\/fr\/wp-json\/wp\/v2\/product\/1774\/revisions"}],"wp:featuredmedia":[{"embeddable":true,"href":"https:\/\/med-disposable.com\/fr\/wp-json\/wp\/v2\/media\/7624"}],"wp:attachment":[{"href":"https:\/\/med-disposable.com\/fr\/wp-json\/wp\/v2\/media?parent=1774"}],"wp:term":[{"taxonomy":"product_brand","embeddable":true,"href":"https:\/\/med-disposable.com\/fr\/wp-json\/wp\/v2\/product_brand?post=1774"},{"taxonomy":"product_cat","embeddable":true,"href":"https:\/\/med-disposable.com\/fr\/wp-json\/wp\/v2\/product_cat?post=1774"},{"taxonomy":"product_tag","embeddable":true,"href":"https:\/\/med-disposable.com\/fr\/wp-json\/wp\/v2\/product_tag?post=1774"}],"curies":[{"name":"wp","href":"https:\/\/api.w.org\/{rel}","templated":true}]}}