{"id":1789,"date":"2021-05-20T17:56:32","date_gmt":"2021-05-20T09:56:32","guid":{"rendered":"https:\/\/med-disposable.com\/?post_type=product&#038;p=1789"},"modified":"2023-06-29T11:16:04","modified_gmt":"2023-06-29T03:16:04","slug":"linge-de-lit-jetable-impermeable-smspe","status":"publish","type":"product","link":"https:\/\/med-disposable.com\/fr\/product\/disposable-waterproof-smspe-bed-linens\/","title":{"rendered":"Linge de lit jetable imperm\u00e9able SMS+PE"},"content":{"rendered":"<p><strong>Pr\u00e9sentation du produit :<\/strong><\/p>\n<p>Nous vous pr\u00e9sentons notre linge de lit jetable imperm\u00e9able SMS+PE - le meilleur choix pour les h\u00f4pitaux et les centres de soins de sant\u00e9 qui visent l'excellence en mati\u00e8re de confort, d'hygi\u00e8ne et de commodit\u00e9 pour les patients. Fabriqu\u00e9s \u00e0 partir d'un m\u00e9lange haut de gamme de mat\u00e9riaux SMS (Spunbond Meltblown Spunbond) et de poly\u00e9thyl\u00e8ne (PE), ces draps de lit offrent une protection imperm\u00e9able de 100%, ce qui en fait un choix de confiance dans les \u00e9tablissements de soins de sant\u00e9.<\/p>\n<p><img fetchpriority=\"high\" decoding=\"async\" class=\"aligncenter wp-image-8105 size-large\" src=\"https:\/\/med-disposable.com\/wp-content\/uploads\/2023\/06\/lp-bed-linens-2-793x1024.png\" alt=\"\" width=\"793\" height=\"1024\" srcset=\"https:\/\/med-disposable.com\/wp-content\/uploads\/2023\/06\/lp-bed-linens-2-793x1024.png 793w, https:\/\/med-disposable.com\/wp-content\/uploads\/2023\/06\/lp-bed-linens-2-232x300.png 232w, https:\/\/med-disposable.com\/wp-content\/uploads\/2023\/06\/lp-bed-linens-2-768x992.png 768w, https:\/\/med-disposable.com\/wp-content\/uploads\/2023\/06\/lp-bed-linens-2-1189x1536.png 1189w, https:\/\/med-disposable.com\/wp-content\/uploads\/2023\/06\/lp-bed-linens-2-1586x2048.png 1586w, https:\/\/med-disposable.com\/wp-content\/uploads\/2023\/06\/lp-bed-linens-2-600x775.png 600w, https:\/\/med-disposable.com\/wp-content\/uploads\/2023\/06\/lp-bed-linens-2.png 2048w\" sizes=\"(max-width: 793px) 100vw, 793px\" \/><\/p>\n<p><strong>Caract\u00e9ristiques du produit :<\/strong><\/p>\n<p>Nos draps de lit jetables imperm\u00e9ables SMS+PE pr\u00e9sentent plusieurs caract\u00e9ristiques impressionnantes :<\/p>\n<ul>\n<li><em>Mat\u00e9riau :<\/em> Cr\u00e9\u00e9s \u00e0 partir d'un m\u00e9lange de mat\u00e9riaux SMS et PE, ces draps offrent une protection in\u00e9gal\u00e9e contre les liquides sans compromettre le confort.<\/li>\n<li><em>Imperm\u00e9able \u00e0 l'eau :<\/em> Ces draps sont imperm\u00e9ables (100%), ce qui garantit que les lits restent secs et propres, m\u00eame en cas d'\u00e9claboussures ou de fluides corporels.<\/li>\n<li><em>Doux et doux pour la peau :<\/em> Malgr\u00e9 leur durabilit\u00e9, ces draps sont incroyablement doux, offrant une surface confortable et agr\u00e9able pour la peau des patients.<\/li>\n<li><em>Vari\u00e9t\u00e9 de couleurs :<\/em> Disponible dans toutes les couleurs, ce qui vous permet d'assortir le linge \u00e0 la palette de couleurs de votre \u00e9tablissement ou \u00e0 la codification de votre service.<\/li>\n<\/ul>\n<p><img decoding=\"async\" class=\"aligncenter wp-image-8789 size-full\" src=\"https:\/\/med-disposable.com\/wp-content\/uploads\/2021\/05\/bed-cover.jpg\" alt=\"\" width=\"730\" height=\"730\" srcset=\"https:\/\/med-disposable.com\/wp-content\/uploads\/2021\/05\/bed-cover.jpg 730w, https:\/\/med-disposable.com\/wp-content\/uploads\/2021\/05\/bed-cover-300x300.jpg 300w, https:\/\/med-disposable.com\/wp-content\/uploads\/2021\/05\/bed-cover-150x150.jpg 150w, https:\/\/med-disposable.com\/wp-content\/uploads\/2021\/05\/bed-cover-600x600.jpg 600w, https:\/\/med-disposable.com\/wp-content\/uploads\/2021\/05\/bed-cover-100x100.jpg 100w\" sizes=\"(max-width: 730px) 100vw, 730px\" \/><\/p>\n<p><strong>Sp\u00e9cification de base :<\/strong><\/p>\n<table width=\"448\">\n<tbody>\n<tr>\n<td width=\"118\">Taille<\/td>\n<td width=\"330\">90*200cm, 100*220cm, 140*240cm, ou sur demande<\/td>\n<\/tr>\n<tr>\n<td width=\"118\">Mat\u00e9riau<\/td>\n<td width=\"330\">SMS<\/td>\n<\/tr>\n<tr>\n<td width=\"118\">Poids<\/td>\n<td width=\"330\">35-55gsm<\/td>\n<\/tr>\n<tr>\n<td width=\"118\">Couleur<\/td>\n<td width=\"330\">Blanc, bleu, bleu fonc\u00e9, ou selon la demande<\/td>\n<\/tr>\n<tr>\n<td width=\"118\">Style<\/td>\n<td width=\"330\">avec \u00e9lastique aux deux extr\u00e9mit\u00e9s ; \u00e9lastique aux quatre coins ; \u00e9lastique sur tout le pourtour, selon votre demande<\/td>\n<\/tr>\n<\/tbody>\n<\/table>\n<p><img decoding=\"async\" class=\"aligncenter\" src=\"https:\/\/med-disposable.com\/wp-content\/uploads\/2021\/05\/sms-material.png.webp\" alt=\"\" width=\"517\" height=\"295\" \/><\/p>\n<p><strong>Avantages :<\/strong><\/p>\n<p>Opter pour notre linge de lit jetable imperm\u00e9able SMS+PE pr\u00e9sente de nombreux avantages :<\/p>\n<ul>\n<li><em>Hygi\u00e8ne renforc\u00e9e :<\/em> L'imperm\u00e9abilit\u00e9 de ces draps emp\u00eache tout liquide de s'infiltrer, ce qui permet de garder le matelas sous-jacent propre et de r\u00e9duire le risque de contamination.<\/li>\n<li><em>Confort du patient :<\/em> Fabriqu\u00e9s dans un mat\u00e9riau doux et agr\u00e9able pour la peau, ces draps offrent une surface confortable, am\u00e9liorant ainsi l'exp\u00e9rience globale du patient.<\/li>\n<li><em>Facilit\u00e9 d'utilisation et d'entretien :<\/em> Comme il s'agit de linge jetable, il n'est pas n\u00e9cessaire de le laver r\u00e9guli\u00e8rement, ce qui permet d'\u00e9conomiser du temps et des ressources tout en maintenant des normes d'hygi\u00e8ne \u00e9lev\u00e9es.<\/li>\n<li><em>Esth\u00e9tiquement agr\u00e9able :<\/em> Disponibles dans une vari\u00e9t\u00e9 de couleurs, ils peuvent rehausser l'attrait esth\u00e9tique de votre \u00e9tablissement.<\/li>\n<\/ul>\n<p>&nbsp;<\/p>\n<p><strong>Utilisations :<\/strong><\/p>\n<p>Les draps jetables imperm\u00e9ables SMS+PE sont largement utilis\u00e9s dans les \u00e9tablissements de sant\u00e9, y compris les h\u00f4pitaux, les cliniques et les centres de soins. Ils constituent un outil efficace pour maintenir les normes d'hygi\u00e8ne tout en offrant un confort aux patients pendant leur parcours m\u00e9dical.<\/p>\n<p>&nbsp;<\/p>\n<p><strong>FAQ :<\/strong><\/p>\n<p><strong>1. Comment ce linge de lit contribue-t-il au maintien de l'hygi\u00e8ne dans les \u00e9tablissements de soins de sant\u00e9 ?<\/strong><\/p>\n<p>Dans les \u00e9tablissements de sant\u00e9, le maintien des normes d'hygi\u00e8ne est crucial pour pr\u00e9venir la contamination crois\u00e9e et les infections nosocomiales. Notre linge de lit jetable imperm\u00e9able SMS+PE offre une solution efficace en fournissant une surface propre et fra\u00eeche \u00e0 chaque patient. Ils sont imperm\u00e9ables (100%), ce qui emp\u00eache tout liquide de p\u00e9n\u00e9trer et permet de garder le matelas sous-jacent propre.<\/p>\n<p><strong>2. Le linge peut-il \u00eatre personnalis\u00e9 en fonction d'exigences sp\u00e9cifiques ?<\/strong><\/p>\n<p>Nous sommes conscients des besoins uniques de chaque \u00e9tablissement de sant\u00e9. Bien que notre produit standard soit con\u00e7u pour r\u00e9pondre \u00e0 un large \u00e9ventail d'exigences, nous sommes dispos\u00e9s \u00e0 discuter des options de personnalisation potentielles. Il peut s'agir de tailles diff\u00e9rentes, d'\u00e9paisseurs diff\u00e9rentes ou de choix de couleurs sp\u00e9cifiques pour s'aligner sur l'esth\u00e9tique de votre \u00e9tablissement ou sur le codage de votre service.<\/p>\n<p><strong>3. Existe-t-il des remises pour les commandes en gros ?<\/strong><\/p>\n<p>Oui, nous offrons des remises sp\u00e9ciales pour les commandes de grandes quantit\u00e9s. Ces remises varient en fonction de la taille de la commande. Notre \u00e9quipe de vente est toujours pr\u00eate \u00e0 discuter de ces d\u00e9tails et \u00e0 fournir des informations plus compl\u00e8tes. N'h\u00e9sitez pas \u00e0 nous contacter pour plus de d\u00e9tails.<\/p>\n<p><strong>4. Comment ce linge am\u00e9liore-t-il le confort du patient ?<\/strong><\/p>\n<p>Le confort du patient est au c\u0153ur de la conception de nos produits. Nos draps de lit jetables imperm\u00e9ables SMS+PE sont fabriqu\u00e9s \u00e0 partir de mat\u00e9riaux doux et respectueux de la peau, offrant une surface confortable aux patients. Malgr\u00e9 leur solidit\u00e9 et leur durabilit\u00e9, ces draps sont doux pour la peau, ce qui peut grandement am\u00e9liorer l'exp\u00e9rience globale du patient pendant son s\u00e9jour dans un \u00e9tablissement de soins de sant\u00e9.<\/p>","protected":false},"excerpt":{"rendered":"<p>Mat\u00e9riau non tiss\u00e9 SMS, film PE enduit.<\/p>\n<p>Tous les styles sont disponibles, selon vos besoins, et l'emballage peut \u00e9galement \u00eatre personnalis\u00e9.<\/p>","protected":false},"featured_media":1791,"template":"","meta":{"_seopress_robots_primary_cat":"none","_seopress_titles_title":"Feature: 100% Waterproof Soft &amp; Skin Friendly for Healthcare, Hospitals. Size, Material, Color Options.","_seopress_titles_desc":"Disposable waterproof SMS+PE Bed Linens are widely used in hospital and healthcare center. 100% waterproof, soft, skin friendly. Available in all colors.","_seopress_robots_index":""},"product_brand":[],"product_cat":[49],"product_tag":[69,71],"class_list":{"0":"post-1789","1":"product","2":"type-product","3":"status-publish","4":"has-post-thumbnail","6":"product_cat-bed-linens","7":"product_tag-bed-sheet","8":"product_tag-sms","10":"first","11":"instock","12":"shipping-taxable","13":"product-type-simple"},"_links":{"self":[{"href":"https:\/\/med-disposable.com\/fr\/wp-json\/wp\/v2\/product\/1789","targetHints":{"allow":["GET"]}}],"collection":[{"href":"https:\/\/med-disposable.com\/fr\/wp-json\/wp\/v2\/product"}],"about":[{"href":"https:\/\/med-disposable.com\/fr\/wp-json\/wp\/v2\/types\/product"}],"version-history":[{"count":0,"href":"https:\/\/med-disposable.com\/fr\/wp-json\/wp\/v2\/product\/1789\/revisions"}],"wp:featuredmedia":[{"embeddable":true,"href":"https:\/\/med-disposable.com\/fr\/wp-json\/wp\/v2\/media\/1791"}],"wp:attachment":[{"href":"https:\/\/med-disposable.com\/fr\/wp-json\/wp\/v2\/media?parent=1789"}],"wp:term":[{"taxonomy":"product_brand","embeddable":true,"href":"https:\/\/med-disposable.com\/fr\/wp-json\/wp\/v2\/product_brand?post=1789"},{"taxonomy":"product_cat","embeddable":true,"href":"https:\/\/med-disposable.com\/fr\/wp-json\/wp\/v2\/product_cat?post=1789"},{"taxonomy":"product_tag","embeddable":true,"href":"https:\/\/med-disposable.com\/fr\/wp-json\/wp\/v2\/product_tag?post=1789"}],"curies":[{"name":"wp","href":"https:\/\/api.w.org\/{rel}","templated":true}]}}