{"id":1855,"date":"2021-05-26T15:25:44","date_gmt":"2021-05-26T07:25:44","guid":{"rendered":"https:\/\/med-disposable.com\/?post_type=product&#038;p=1855"},"modified":"2023-07-03T10:53:13","modified_gmt":"2023-07-03T02:53:13","slug":"manchon-de-bras-jetable-en-pe-colore","status":"publish","type":"product","link":"https:\/\/med-disposable.com\/fr\/product\/colorful-disposable-pe-arm-sleeve-cover\/","title":{"rendered":"Prot\u00e8ge-bras jetable en PE color\u00e9"},"content":{"rendered":"<h2>Sp\u00e9cification de base :<\/h2>\n<table class=\"aliDataTable\" border=\"1\" cellspacing=\"0\" cellpadding=\"0\">\n<tbody>\n<tr align=\"left\">\n<td data-spm-anchor-id=\"a2700.details.0.i24.147a7010ITm1cy\"><span data-spm-anchor-id=\"a2700.details.0.i23.147a7010ITm1cy\">\u00a0Taille<\/span><\/td>\n<td>\u00a0La taille normale est de 22*40cm(16\u2033), mais d'autres tailles peuvent \u00eatre personnalis\u00e9es.<\/td>\n<\/tr>\n<tr align=\"left\">\n<td>\u00a0Mat\u00e9riau<\/td>\n<td>\u00a0PE<\/td>\n<\/tr>\n<tr align=\"left\">\n<td>\u00a0Poids<\/td>\n<td><span data-spm-anchor-id=\"a2700.details.0.i25.147a7010ITm1cy\">\u00a02,5-8g par pi\u00e8ce, ou selon la demande<\/span><\/td>\n<\/tr>\n<tr align=\"left\">\n<td>\u00a0Couleur<\/td>\n<td>\u00a0bleu, blanc, jaune, rouge, vert, noir, transparent, selon les besoins du client<\/td>\n<\/tr>\n<tr align=\"left\">\n<td>\u00a0Emballage<\/td>\n<td>\u00a010pcs\/rouleau, 100pcs\/sac, 1000pcs\/carton<\/td>\n<\/tr>\n<\/tbody>\n<\/table>\n<div  id=\"_ytid_68107\"  width=\"800\" height=\"450\"  data-origwidth=\"800\" data-origheight=\"450\" data-facadesrc=\"https:\/\/www.youtube.com\/embed\/T8o2WBVPUs4?enablejsapi=1&#038;autoplay=0&#038;cc_load_policy=0&#038;cc_lang_pref=&#038;iv_load_policy=1&#038;loop=0&#038;rel=1&#038;fs=1&#038;playsinline=0&#038;autohide=2&#038;theme=dark&#038;color=red&#038;controls=1&#038;disablekb=0&#038;\" class=\"__youtube_prefs__ epyt-facade epyt-is-override  no-lazyload\" data-epautoplay=\"1\" ><img decoding=\"async\" data-spai-excluded=\"true\" class=\"epyt-facade-poster skip-lazy\" loading=\"lazy\"  alt=\"Lecteur YouTube\"  src=\"https:\/\/i.ytimg.com\/vi\/T8o2WBVPUs4\/maxresdefault.jpg\"  \/><button class=\"epyt-facade-play\" aria-label=\"Jouer\"><svg data-no-lazy=\"1\" height=\"100%\" version=\"1.1\" viewbox=\"0 0 68 48\" width=\"100%\"><path class=\"ytp-large-play-button-bg\" d=\"M66.52,7.74c-0.78-2.93-2.49-5.41-5.42-6.19C55.79,.13,34,0,34,0S12.21,.13,6.9,1.55 C3.97,2.33,2.27,4.81,1.48,7.74C0.06,13.05,0,24,0,24s0.06,10.95,1.48,16.26c0.78,2.93,2.49,5.41,5.42,6.19 C12.21,47.87,34,48,34,48s21.79-0.13,27.1-1.55c2.93-0.78,4.64-3.26,5.42-6.19C67.94,34.95,68,24,68,24S67.94,13.05,66.52,7.74z\" fill=\"#f00\"><\/path><path d=\"M 45,24 27,14 27,34\" fill=\"#fff\"><\/path><\/svg><\/button><\/div>\n<h2>Caract\u00e9ristiques principales<\/h2>\n<ul>\n<li><strong>Mat\u00e9riau<\/strong>: Fabriqu\u00e9es en PE de haute qualit\u00e9, nos housses de bras jetables sont l\u00e9g\u00e8res, imperm\u00e9ables et durables, offrant une protection optimale contre les liquides et les contaminants.<\/li>\n<li><strong>Elastique des deux c\u00f4t\u00e9s<\/strong>: L'\u00e9lastique sur les deux c\u00f4t\u00e9s assure un ajustement s\u00fbr et confortable, permettant un mouvement facile et une flexibilit\u00e9 pendant le port des housses de manche.<\/li>\n<li><strong>Design jetable<\/strong>: Nos housses de bras en plastique PE sont con\u00e7ues pour un usage unique, ce qui garantit une hygi\u00e8ne optimale et r\u00e9duit le risque de contamination crois\u00e9e.<\/li>\n<li><strong>S\u00e9lection color\u00e9e<\/strong>: Choisissez parmi une large gamme de couleurs pour r\u00e9pondre \u00e0 vos pr\u00e9f\u00e9rences personnelles ou pour vous harmoniser avec votre tenue de travail. Toutes les couleurs sont disponibles pour ajouter une touche de style \u00e0 votre \u00e9quipement de protection.<\/li>\n<li><strong>Taille universelle<\/strong>: Les housses de bras jetables sont con\u00e7ues pour s'adapter confortablement \u00e0 la plupart des tailles de bras, ce qui les rend utilisables par un large \u00e9ventail de personnes.<\/li>\n<\/ul>\n<p><img fetchpriority=\"high\" decoding=\"async\" class=\"aligncenter wp-image-3792 size-large\" src=\"https:\/\/med-disposable.com\/wp-content\/uploads\/2022\/04\/color-plastic-arm-sleeves-1024x1024.jpg\" alt=\"\" width=\"800\" height=\"800\" srcset=\"https:\/\/med-disposable.com\/wp-content\/uploads\/2022\/04\/color-plastic-arm-sleeves-1024x1024.jpg 1024w, https:\/\/med-disposable.com\/wp-content\/uploads\/2022\/04\/color-plastic-arm-sleeves-300x300.jpg 300w, https:\/\/med-disposable.com\/wp-content\/uploads\/2022\/04\/color-plastic-arm-sleeves-150x150.jpg 150w, https:\/\/med-disposable.com\/wp-content\/uploads\/2022\/04\/color-plastic-arm-sleeves-768x768.jpg 768w, https:\/\/med-disposable.com\/wp-content\/uploads\/2022\/04\/color-plastic-arm-sleeves-1536x1536.jpg 1536w, https:\/\/med-disposable.com\/wp-content\/uploads\/2022\/04\/color-plastic-arm-sleeves-scaled.jpg 2048w, https:\/\/med-disposable.com\/wp-content\/uploads\/2022\/04\/color-plastic-arm-sleeves-600x600.jpg 600w, https:\/\/med-disposable.com\/wp-content\/uploads\/2022\/04\/color-plastic-arm-sleeves-100x100.jpg 100w, https:\/\/med-disposable.com\/wp-content\/uploads\/2022\/04\/elementor\/thumbs\/color-plastic-arm-sleeves-scaled-q9rpvg1e2epg4x9tnhusl646ugeeskk7utsw1v0wy8.jpg 200w\" sizes=\"(max-width: 800px) 100vw, 800px\" \/><\/p>\n<h2>Applications<\/h2>\n<p>Nos housses de bras jetables en PE color\u00e9 conviennent \u00e0 une utilisation dans une vari\u00e9t\u00e9 de contextes, notamment<\/p>\n<ul>\n<li>Installations de transformation et de manutention des aliments<\/li>\n<li>\u00c9tablissements m\u00e9dicaux et h\u00f4pitaux<\/li>\n<li>Laboratoires et centres de recherche<\/li>\n<li>Travaux de peinture et de nettoyage<\/li>\n<li>Environnements industriels et de fabrication<\/li>\n<\/ul>\n<p><img decoding=\"async\" class=\"aligncenter wp-image-8685 size-full\" src=\"https:\/\/med-disposable.com\/wp-content\/uploads\/2021\/05\/arm-sleeve-application.jpg\" alt=\"\" width=\"800\" height=\"800\" srcset=\"https:\/\/med-disposable.com\/wp-content\/uploads\/2021\/05\/arm-sleeve-application.jpg 800w, https:\/\/med-disposable.com\/wp-content\/uploads\/2021\/05\/arm-sleeve-application-300x300.jpg 300w, https:\/\/med-disposable.com\/wp-content\/uploads\/2021\/05\/arm-sleeve-application-150x150.jpg 150w, https:\/\/med-disposable.com\/wp-content\/uploads\/2021\/05\/arm-sleeve-application-768x768.jpg 768w, https:\/\/med-disposable.com\/wp-content\/uploads\/2021\/05\/arm-sleeve-application-600x600.jpg 600w, https:\/\/med-disposable.com\/wp-content\/uploads\/2021\/05\/arm-sleeve-application-100x100.jpg 100w\" sizes=\"(max-width: 800px) 100vw, 800px\" \/><\/p>\n<p>&nbsp;<\/p>\n<h2>Pourquoi choisir de commander \u00e0 Wuhan Youfu ?<\/h2>\n<p>Lorsque vous envisagez d'acheter des v\u00eatements de protection et d'autres produits connexes, Wuhan Youfu devrait \u00eatre votre premier choix pour plusieurs raisons :<\/p>\n<ol>\n<li><strong>Produits de haute qualit\u00e9<\/strong>: Wuhan Youfu est fier de fournir des produits de qualit\u00e9 sup\u00e9rieure fabriqu\u00e9s \u00e0 partir de mat\u00e9riaux fiables et durables. Nous veillons \u00e0 ce que nos produits soient conformes aux normes industrielles et offrent des performances fiables pour r\u00e9pondre aux besoins de nos clients.<\/li>\n<li><strong>Large gamme de produits<\/strong>: Nous proposons une s\u00e9lection vari\u00e9e de v\u00eatements de protection et de produits connexes, notamment des prot\u00e8ge-bras jetables, des imperm\u00e9ables et d'autres \u00e9quipements de protection individuelle. Notre vaste gamme de produits vous permet de trouver le produit qui r\u00e9pond \u00e0 vos besoins et exigences sp\u00e9cifiques.<\/li>\n<li><strong>Prix comp\u00e9titifs<\/strong>: \u00c0 Wuhan Youfu, nous nous effor\u00e7ons d'offrir des prix comp\u00e9titifs pour nos produits sans compromettre la qualit\u00e9. Notre objectif est de fournir \u00e0 nos clients le meilleur rapport qualit\u00e9-prix pour leur investissement.<\/li>\n<li><strong>Options de personnalisation<\/strong>: Nous comprenons que chaque client a des pr\u00e9f\u00e9rences et des exigences qui lui sont propres. Notre \u00e9quipe est pr\u00eate \u00e0 travailler avec vous pour fournir des solutions personnalis\u00e9es, y compris des options de couleur et des commandes en vrac, afin de r\u00e9pondre \u00e0 vos besoins sp\u00e9cifiques.<\/li>\n<li><strong>Excellent service \u00e0 la client\u00e8le<\/strong>: Notre \u00e9quipe de vente et de service \u00e0 la client\u00e8le est toujours disponible pour r\u00e9pondre \u00e0 vos questions. Nous nous effor\u00e7ons d'assurer une exp\u00e9rience fluide et satisfaisante \u00e0 nos clients, de la commande \u00e0 la r\u00e9ception des produits.<\/li>\n<li><strong>Livraison rapide<\/strong>: Nous comprenons l'importance d'une livraison rapide, en particulier lorsqu'il s'agit de v\u00eatements de protection et d'autres produits essentiels. Wuhan Youfu assure une livraison rapide et efficace de vos commandes, afin que vous puissiez disposer des produits dont vous avez besoin quand vous en avez besoin.<\/li>\n<li><strong>Exp\u00e9rience et r\u00e9putation<\/strong>: Avec des ann\u00e9es d'exp\u00e9rience dans l'industrie, Wuhan Youfu s'est forg\u00e9 une solide r\u00e9putation en fournissant des produits de haute qualit\u00e9 et un excellent service \u00e0 la client\u00e8le. Nous avons gagn\u00e9 la confiance et la loyaut\u00e9 de nos clients et continuons \u00e0 maintenir notre engagement envers l'excellence.<\/li>\n<\/ol>\n<p><img decoding=\"async\" class=\"aligncenter wp-image-8679 size-full\" src=\"https:\/\/med-disposable.com\/wp-content\/uploads\/2021\/05\/arm-sleeve-packing-1.jpg\" alt=\"\" width=\"800\" height=\"800\" srcset=\"https:\/\/med-disposable.com\/wp-content\/uploads\/2021\/05\/arm-sleeve-packing-1.jpg 800w, https:\/\/med-disposable.com\/wp-content\/uploads\/2021\/05\/arm-sleeve-packing-1-300x300.jpg 300w, https:\/\/med-disposable.com\/wp-content\/uploads\/2021\/05\/arm-sleeve-packing-1-150x150.jpg 150w, https:\/\/med-disposable.com\/wp-content\/uploads\/2021\/05\/arm-sleeve-packing-1-768x768.jpg 768w, https:\/\/med-disposable.com\/wp-content\/uploads\/2021\/05\/arm-sleeve-packing-1-600x600.jpg 600w, https:\/\/med-disposable.com\/wp-content\/uploads\/2021\/05\/arm-sleeve-packing-1-100x100.jpg 100w\" sizes=\"(max-width: 800px) 100vw, 800px\" \/><\/p>\n<p><img loading=\"lazy\" decoding=\"async\" class=\"aligncenter wp-image-8683 size-full\" src=\"https:\/\/med-disposable.com\/wp-content\/uploads\/2021\/05\/arm-sleeve-packing-5.jpg\" alt=\"\" width=\"800\" height=\"598\" srcset=\"https:\/\/med-disposable.com\/wp-content\/uploads\/2021\/05\/arm-sleeve-packing-5.jpg 800w, https:\/\/med-disposable.com\/wp-content\/uploads\/2021\/05\/arm-sleeve-packing-5-300x224.jpg 300w, https:\/\/med-disposable.com\/wp-content\/uploads\/2021\/05\/arm-sleeve-packing-5-768x574.jpg 768w, https:\/\/med-disposable.com\/wp-content\/uploads\/2021\/05\/arm-sleeve-packing-5-600x449.jpg 600w\" sizes=\"(max-width: 800px) 100vw, 800px\" \/><\/p>","protected":false},"excerpt":{"rendered":"<p>Ajoutez une touche de couleur \u00e0 votre \u00e9quipement de protection avec nos housses de bras jetables en PE color\u00e9. Fabriqu\u00e9es en poly\u00e9thyl\u00e8ne (PE) de haute qualit\u00e9, ces housses de bras sont l\u00e9g\u00e8res, imperm\u00e9ables et durables, assurant une protection maximale contre les liquides et autres contaminants.<\/p>","protected":false},"featured_media":8126,"template":"","meta":{"_seopress_robots_primary_cat":"none","_seopress_titles_title":"Wrist &amp; Forearm Protection: Wear-Resisting, Soft, Good Toughness CPE Sleeves","_seopress_titles_desc":"Leading Supplier of Disposable CPE plastic Arm Sleeve Cover. CPE material, end with rubber elastic. Different colors\/weight\/size are available.","_seopress_robots_index":""},"product_brand":[],"product_cat":[51],"product_tag":[74],"class_list":{"0":"post-1855","1":"product","2":"type-product","3":"status-publish","4":"has-post-thumbnail","6":"product_cat-sleeve-cover","7":"product_tag-arm-sleeve","9":"first","10":"instock","11":"shipping-taxable","12":"product-type-simple"},"_links":{"self":[{"href":"https:\/\/med-disposable.com\/fr\/wp-json\/wp\/v2\/product\/1855","targetHints":{"allow":["GET"]}}],"collection":[{"href":"https:\/\/med-disposable.com\/fr\/wp-json\/wp\/v2\/product"}],"about":[{"href":"https:\/\/med-disposable.com\/fr\/wp-json\/wp\/v2\/types\/product"}],"version-history":[{"count":0,"href":"https:\/\/med-disposable.com\/fr\/wp-json\/wp\/v2\/product\/1855\/revisions"}],"wp:featuredmedia":[{"embeddable":true,"href":"https:\/\/med-disposable.com\/fr\/wp-json\/wp\/v2\/media\/8126"}],"wp:attachment":[{"href":"https:\/\/med-disposable.com\/fr\/wp-json\/wp\/v2\/media?parent=1855"}],"wp:term":[{"taxonomy":"product_brand","embeddable":true,"href":"https:\/\/med-disposable.com\/fr\/wp-json\/wp\/v2\/product_brand?post=1855"},{"taxonomy":"product_cat","embeddable":true,"href":"https:\/\/med-disposable.com\/fr\/wp-json\/wp\/v2\/product_cat?post=1855"},{"taxonomy":"product_tag","embeddable":true,"href":"https:\/\/med-disposable.com\/fr\/wp-json\/wp\/v2\/product_tag?post=1855"}],"curies":[{"name":"wp","href":"https:\/\/api.w.org\/{rel}","templated":true}]}}