{"id":1878,"date":"2021-06-09T18:15:39","date_gmt":"2021-06-09T10:15:39","guid":{"rendered":"https:\/\/med-disposable.com\/?post_type=product&#038;p=1878"},"modified":"2023-06-29T10:53:59","modified_gmt":"2023-06-29T02:53:59","slug":"rouleau-de-drap-de-lit-jetable-en-pp-pe-pour-lexamen-hospitalier","status":"publish","type":"product","link":"https:\/\/med-disposable.com\/fr\/product\/disposable-pp-pe-bed-sheet-roll-for-hospital-examination\/","title":{"rendered":"Rouleau de drap de lit jetable en PP+PE pour l'examen hospitalier"},"content":{"rendered":"<p>Notre rouleau de drap de lit jetable en PP\/PE pour les examens hospitaliers est une solution id\u00e9ale pour les \u00e9tablissements de sant\u00e9 qui s'engagent \u00e0 maintenir des normes exceptionnelles d'hygi\u00e8ne et de confort. Ces draps sont con\u00e7us avec un tissu non tiss\u00e9 de qualit\u00e9 sup\u00e9rieure pour garantir aux patients une exp\u00e9rience douce, respirante et respectueuse de la peau pendant les examens m\u00e9dicaux ou les proc\u00e9dures.<\/p>\n<p><img fetchpriority=\"high\" decoding=\"async\" class=\"aligncenter wp-image-8780 size-full\" src=\"https:\/\/med-disposable.com\/wp-content\/uploads\/2021\/06\/H166e1d4878d74ac5aad56f809fc8e28bH-1.jpg\" alt=\"\" width=\"800\" height=\"800\" srcset=\"https:\/\/med-disposable.com\/wp-content\/uploads\/2021\/06\/H166e1d4878d74ac5aad56f809fc8e28bH-1.jpg 800w, https:\/\/med-disposable.com\/wp-content\/uploads\/2021\/06\/H166e1d4878d74ac5aad56f809fc8e28bH-1-300x300.jpg 300w, https:\/\/med-disposable.com\/wp-content\/uploads\/2021\/06\/H166e1d4878d74ac5aad56f809fc8e28bH-1-150x150.jpg 150w, https:\/\/med-disposable.com\/wp-content\/uploads\/2021\/06\/H166e1d4878d74ac5aad56f809fc8e28bH-1-768x768.jpg 768w, https:\/\/med-disposable.com\/wp-content\/uploads\/2021\/06\/H166e1d4878d74ac5aad56f809fc8e28bH-1-600x600.jpg 600w, https:\/\/med-disposable.com\/wp-content\/uploads\/2021\/06\/H166e1d4878d74ac5aad56f809fc8e28bH-1-100x100.jpg 100w\" sizes=\"(max-width: 800px) 100vw, 800px\" \/><\/p>\n<p><strong>Caract\u00e9ristiques du produit :<\/strong><\/p>\n<p>Nos rouleaux de draps de lit jetables en PP\/PE sont con\u00e7us avec des caract\u00e9ristiques cl\u00e9s visant \u00e0 r\u00e9pondre aux normes les plus \u00e9lev\u00e9es en mati\u00e8re de soins de sant\u00e9 :<\/p>\n<ul>\n<li><em>Mat\u00e9riau :<\/em> Fabriqu\u00e9s \u00e0 partir d'un tissu non tiss\u00e9 tr\u00e8s doux, ces draps sont respirants et doux pour la peau, ce qui les rend adapt\u00e9s \u00e0 tous les types de patients, y compris ceux qui ont une peau sensible.<\/li>\n<li><em>Distribution :<\/em> Pr\u00e9sent\u00e9es en rouleau, ces feuilles peuvent \u00eatre facilement distribu\u00e9es et coup\u00e9es \u00e0 la longueur souhait\u00e9e, ce qui offre une grande flexibilit\u00e9 et r\u00e9duit les d\u00e9chets.<\/li>\n<li><em>Jetable :<\/em> Ces feuilles sont \u00e0 usage unique, ce qui favorise un niveau d'hygi\u00e8ne \u00e9lev\u00e9 et r\u00e9duit le risque de contamination crois\u00e9e.<\/li>\n<\/ul>\n<p><img decoding=\"async\" class=\"aligncenter wp-image-6548 size-large\" src=\"https:\/\/med-disposable.com\/wp-content\/uploads\/2021\/03\/bed-sheet-roll-1024x1024.jpg\" alt=\"\" width=\"800\" height=\"800\" srcset=\"https:\/\/med-disposable.com\/wp-content\/uploads\/2021\/03\/bed-sheet-roll-1024x1024.jpg 1024w, https:\/\/med-disposable.com\/wp-content\/uploads\/2021\/03\/bed-sheet-roll-300x300.jpg 300w, https:\/\/med-disposable.com\/wp-content\/uploads\/2021\/03\/bed-sheet-roll-150x150.jpg 150w, https:\/\/med-disposable.com\/wp-content\/uploads\/2021\/03\/bed-sheet-roll-768x768.jpg 768w, https:\/\/med-disposable.com\/wp-content\/uploads\/2021\/03\/bed-sheet-roll-1536x1536.jpg 1536w, https:\/\/med-disposable.com\/wp-content\/uploads\/2021\/03\/bed-sheet-roll-scaled.jpg 2048w, https:\/\/med-disposable.com\/wp-content\/uploads\/2021\/03\/bed-sheet-roll-600x600.jpg 600w, https:\/\/med-disposable.com\/wp-content\/uploads\/2021\/03\/bed-sheet-roll-100x100.jpg 100w\" sizes=\"(max-width: 800px) 100vw, 800px\" \/><\/p>\n<p><strong>Sp\u00e9cification de base :<\/strong><\/p>\n<table border=\"1\">\n<tbody>\n<tr>\n<td><strong><span data-spm-anchor-id=\"a2700.details.0.i22.4d5b485eu9zz9d\">Mat\u00e9riau<\/span><\/strong><\/td>\n<td>PP non tiss\u00e9 + PE<\/td>\n<\/tr>\n<tr>\n<td><strong>Taille<\/strong><\/td>\n<td>50cm*100m,60cm*60m,80cm*60m,customized<\/td>\n<\/tr>\n<tr>\n<td><strong>Poids<\/strong><\/td>\n<td>20gsm-40gsm<\/td>\n<\/tr>\n<tr>\n<td><strong>Couleur<\/strong><\/td>\n<td>Blanc, rose, bleu ou selon la demande<\/td>\n<\/tr>\n<tr>\n<td><strong>Emballage<\/strong><\/td>\n<td><span data-spm-anchor-id=\"a2700.details.0.i23.4d5b485eu9zz9d\">1 rouleau\/sac, 10 rouleaux\/ctn, ou selon les besoins<\/span><\/td>\n<\/tr>\n<\/tbody>\n<\/table>\n<p>&nbsp;<\/p>\n<p><strong>Avantages :<\/strong><\/p>\n<p>Le choix de notre rouleau de drap de lit jetable en PP\/PE pour votre \u00e9tablissement m\u00e9dical offre plusieurs avantages cl\u00e9s :<\/p>\n<ul>\n<li><em>Hygi\u00e8ne renforc\u00e9e :<\/em> La nature jetable de ces draps aide \u00e0 pr\u00e9venir la propagation des infections, garantissant un environnement propre et s\u00fbr pour les patients et les professionnels de la sant\u00e9.<\/li>\n<li><em>Confortable :<\/em> L'utilisation d'un tissu non tiss\u00e9 doux, respirant et respectueux de la peau am\u00e9liore le confort du patient pendant les examens.<\/li>\n<li><em>Commodit\u00e9 et efficacit\u00e9 :<\/em> Le syst\u00e8me de distribution des rouleaux simplifie la pr\u00e9paration des lits, ce qui permet \u00e0 votre personnel d'\u00e9conomiser du temps et des efforts.<\/li>\n<li><em>Rentabilit\u00e9 :<\/em> En \u00e9liminant le besoin de lavage, ces draps de lit jetables peuvent contribuer \u00e0 r\u00e9duire les co\u00fbts \u00e0 long terme.<\/li>\n<\/ul>\n<p><img decoding=\"async\" class=\"aligncenter wp-image-7969 size-full\" src=\"https:\/\/med-disposable.com\/wp-content\/uploads\/2021\/05\/bed-sheets-details_\u526f\u672c-1.jpg\" alt=\"\" width=\"800\" height=\"696\" srcset=\"https:\/\/med-disposable.com\/wp-content\/uploads\/2021\/05\/bed-sheets-details_\u526f\u672c-1.jpg 800w, https:\/\/med-disposable.com\/wp-content\/uploads\/2021\/05\/bed-sheets-details_\u526f\u672c-1-300x261.jpg 300w, https:\/\/med-disposable.com\/wp-content\/uploads\/2021\/05\/bed-sheets-details_\u526f\u672c-1-768x668.jpg 768w, https:\/\/med-disposable.com\/wp-content\/uploads\/2021\/05\/bed-sheets-details_\u526f\u672c-1-600x522.jpg 600w\" sizes=\"(max-width: 800px) 100vw, 800px\" \/><\/p>\n<p><strong>Utilisations :<\/strong><\/p>\n<p>Nos rouleaux de draps de lit jetables en PP\/PE sont id\u00e9aux pour une utilisation dans une vari\u00e9t\u00e9 d'environnements de soins de sant\u00e9. Ils sont le plus souvent utilis\u00e9s dans les h\u00f4pitaux pour les tables d'examen, mais ils conviennent \u00e9galement aux cliniques, aux maisons de retraite et \u00e0 d'autres \u00e9tablissements m\u00e9dicaux.<\/p>\n<p><img loading=\"lazy\" decoding=\"async\" class=\"aligncenter wp-image-3422 size-large\" src=\"https:\/\/med-disposable.com\/wp-content\/uploads\/2022\/03\/Disposable-bed-sheet-roll-t-1024x1024.jpg\" alt=\"Rouleau de drap de lit jetable\" width=\"800\" height=\"800\" srcset=\"https:\/\/med-disposable.com\/wp-content\/uploads\/2022\/03\/Disposable-bed-sheet-roll-t-1024x1024.jpg 1024w, https:\/\/med-disposable.com\/wp-content\/uploads\/2022\/03\/Disposable-bed-sheet-roll-t-300x300.jpg 300w, https:\/\/med-disposable.com\/wp-content\/uploads\/2022\/03\/Disposable-bed-sheet-roll-t-150x150.jpg 150w, https:\/\/med-disposable.com\/wp-content\/uploads\/2022\/03\/Disposable-bed-sheet-roll-t-768x768.jpg 768w, https:\/\/med-disposable.com\/wp-content\/uploads\/2022\/03\/Disposable-bed-sheet-roll-t-1536x1536.jpg 1536w, https:\/\/med-disposable.com\/wp-content\/uploads\/2022\/03\/Disposable-bed-sheet-roll-t-scaled.jpg 2048w, https:\/\/med-disposable.com\/wp-content\/uploads\/2022\/03\/Disposable-bed-sheet-roll-t-600x600.jpg 600w, https:\/\/med-disposable.com\/wp-content\/uploads\/2022\/03\/Disposable-bed-sheet-roll-t-100x100.jpg 100w\" sizes=\"(max-width: 800px) 100vw, 800px\" \/><\/p>\n<p>&nbsp;<\/p>\n<p><strong>FAQ :<\/strong><\/p>\n<p><strong>1. Comment ces draps de lit jetables am\u00e9liorent-ils les normes d'hygi\u00e8ne dans les \u00e9tablissements de soins de sant\u00e9 ?<\/strong><\/p>\n<p>L'utilisation de rouleaux de draps de lit jetables en PP\/PE am\u00e9liore consid\u00e9rablement l'hygi\u00e8ne dans les \u00e9tablissements de sant\u00e9. Con\u00e7us pour un usage unique, ces draps contribuent \u00e0 \u00e9liminer le risque de contamination crois\u00e9e entre les patients. Chaque patient re\u00e7oit un drap propre et frais, ce qui cr\u00e9e un environnement plus s\u00fbr et plus hygi\u00e9nique.<\/p>\n<p><strong>2. Ces rouleaux de drap peuvent-ils \u00eatre personnalis\u00e9s pour r\u00e9pondre \u00e0 des besoins sp\u00e9cifiques ?<\/strong><\/p>\n<p>Nous sommes conscients que les besoins varient d'un \u00e9tablissement de sant\u00e9 \u00e0 l'autre. Bien que notre produit standard soit con\u00e7u pour r\u00e9pondre \u00e0 un large \u00e9ventail de besoins, nous sommes dispos\u00e9s \u00e0 discuter des options de personnalisation potentielles. Il peut s'agir de tailles, de couleurs ou d'emballages diff\u00e9rents. Veuillez contacter notre service client\u00e8le pour discuter de vos besoins sp\u00e9cifiques.<\/p>\n<p><strong>3. Comment puis-je b\u00e9n\u00e9ficier de remises pour les commandes de grandes quantit\u00e9s ?<\/strong><\/p>\n<p>Nous proposons des prix sp\u00e9ciaux aux clients qui souhaitent acheter en grandes quantit\u00e9s. Les sp\u00e9cificit\u00e9s de ces remises varient en fonction de la taille de la commande, et notre \u00e9quipe de vente est toujours disponible pour fournir des informations plus d\u00e9taill\u00e9es. Nous encourageons les clients int\u00e9ress\u00e9s \u00e0 prendre contact avec nous pour discuter des possibilit\u00e9s.<\/p>","protected":false},"excerpt":{"rendered":"<p>Perfor\u00e9 et facile \u00e0 d\u00e9chirer.<\/p>\n<p>PP+PE non tiss\u00e9, doux, imperm\u00e9able et r\u00e9sistant \u00e0 l'huile.<\/p>\n<p>Con\u00e7u pour les examens en milieu hospitalier.<\/p>","protected":false},"featured_media":8780,"template":"","meta":{"_seopress_robots_primary_cat":"none","_seopress_titles_title":"Non-Woven PP &amp; PE: Block Liquids &amp; Stains Without Sacrificing Comfort","_seopress_titles_desc":"Manufacturers of Disposable PP+PE bed sheet roll for hospital examination. Soft texture, effectively block liquids and stains.","_seopress_robots_index":""},"product_brand":[],"product_cat":[49],"product_tag":[69,57],"class_list":{"0":"post-1878","1":"product","2":"type-product","3":"status-publish","4":"has-post-thumbnail","6":"product_cat-bed-linens","7":"product_tag-bed-sheet","8":"product_tag-non-woven","10":"first","11":"instock","12":"shipping-taxable","13":"product-type-simple"},"_links":{"self":[{"href":"https:\/\/med-disposable.com\/fr\/wp-json\/wp\/v2\/product\/1878","targetHints":{"allow":["GET"]}}],"collection":[{"href":"https:\/\/med-disposable.com\/fr\/wp-json\/wp\/v2\/product"}],"about":[{"href":"https:\/\/med-disposable.com\/fr\/wp-json\/wp\/v2\/types\/product"}],"version-history":[{"count":0,"href":"https:\/\/med-disposable.com\/fr\/wp-json\/wp\/v2\/product\/1878\/revisions"}],"wp:featuredmedia":[{"embeddable":true,"href":"https:\/\/med-disposable.com\/fr\/wp-json\/wp\/v2\/media\/8780"}],"wp:attachment":[{"href":"https:\/\/med-disposable.com\/fr\/wp-json\/wp\/v2\/media?parent=1878"}],"wp:term":[{"taxonomy":"product_brand","embeddable":true,"href":"https:\/\/med-disposable.com\/fr\/wp-json\/wp\/v2\/product_brand?post=1878"},{"taxonomy":"product_cat","embeddable":true,"href":"https:\/\/med-disposable.com\/fr\/wp-json\/wp\/v2\/product_cat?post=1878"},{"taxonomy":"product_tag","embeddable":true,"href":"https:\/\/med-disposable.com\/fr\/wp-json\/wp\/v2\/product_tag?post=1878"}],"curies":[{"name":"wp","href":"https:\/\/api.w.org\/{rel}","templated":true}]}}