{"id":1920,"date":"2021-06-08T18:19:36","date_gmt":"2021-06-08T10:19:36","guid":{"rendered":"https:\/\/med-disposable.com\/?post_type=product&#038;p=1920"},"modified":"2023-07-21T18:12:04","modified_gmt":"2023-07-21T10:12:04","slug":"combinaison-sms-jetable-avec-bonnets-et-couvre-bottes","status":"publish","type":"product","link":"https:\/\/med-disposable.com\/fr\/product\/disposable-sms-coverall-with-caps-and-boot-cover\/","title":{"rendered":"Combinaison jetable SMS avec capuchons et couvre-bottes"},"content":{"rendered":"<p><strong>Pr\u00e9sentation du produit :<\/strong><\/p>\n<p>Nous d\u00e9voilons notre combinaison SMS jetable, m\u00e9ticuleusement con\u00e7ue pour offrir une couverture compl\u00e8te. Fabriqu\u00e9e \u00e0 partir d'un mat\u00e9riau SMS de haute qualit\u00e9, la combinaison comprend une cagoule et des bottes, et se d\u00e9cline en diff\u00e9rentes couleurs selon vos pr\u00e9f\u00e9rences, assurant une protection ultime tout en am\u00e9liorant votre image professionnelle.<\/p>\n<figure class=\"wp-block-embed wp-block-embed-youtube is-type-video is-provider-youtube epyt-figure\"><div class=\"wp-block-embed__wrapper\"><div  id=\"_ytid_59423\"  width=\"800\" height=\"450\"  data-origwidth=\"800\" data-origheight=\"450\" data-facadesrc=\"https:\/\/www.youtube.com\/embed\/gdzmMZXja6A?enablejsapi=1&autoplay=0&cc_load_policy=0&cc_lang_pref=&iv_load_policy=1&loop=0&rel=1&fs=1&playsinline=0&autohide=2&theme=dark&color=red&controls=1&disablekb=0&\" class=\"__youtube_prefs__ epyt-facade no-lazyload\" data-epautoplay=\"1\" ><img decoding=\"async\" data-spai-excluded=\"true\" class=\"epyt-facade-poster skip-lazy\" loading=\"lazy\"  alt=\"Lecteur YouTube\"  src=\"https:\/\/i.ytimg.com\/vi\/gdzmMZXja6A\/maxresdefault.jpg\"  \/><button class=\"epyt-facade-play\" aria-label=\"Jouer\"><svg data-no-lazy=\"1\" height=\"100%\" version=\"1.1\" viewbox=\"0 0 68 48\" width=\"100%\"><path class=\"ytp-large-play-button-bg\" d=\"M66.52,7.74c-0.78-2.93-2.49-5.41-5.42-6.19C55.79,.13,34,0,34,0S12.21,.13,6.9,1.55 C3.97,2.33,2.27,4.81,1.48,7.74C0.06,13.05,0,24,0,24s0.06,10.95,1.48,16.26c0.78,2.93,2.49,5.41,5.42,6.19 C12.21,47.87,34,48,34,48s21.79-0.13,27.1-1.55c2.93-0.78,4.64-3.26,5.42-6.19C67.94,34.95,68,24,68,24S67.94,13.05,66.52,7.74z\" fill=\"#f00\"><\/path><path d=\"M 45,24 27,14 27,34\" fill=\"#fff\"><\/path><\/svg><\/button><\/div><\/div><\/figure>\n<p><strong>Sp\u00e9cification d\u00e9taill\u00e9e :<\/strong><\/p>\n<table width=\"445\">\n<tbody>\n<tr>\n<td width=\"98\">Taille<\/td>\n<td width=\"347\">M-5XL<\/td>\n<\/tr>\n<tr>\n<td>Mat\u00e9riau<\/td>\n<td>SMS<\/td>\n<\/tr>\n<tr>\n<td>Poids en grammes<\/td>\n<td>50gsm, sur demande<\/td>\n<\/tr>\n<tr>\n<td width=\"98\">Style<\/td>\n<td width=\"347\">Avec capuchon et poignets \u00e9lastiques<\/p>\n<p>Fermeture \u00e0 glissi\u00e8re sur le devant : fermeture \u00e0 glissi\u00e8re en une pi\u00e8ce, sans rabat<\/p>\n<p>Taille : \u00e9lastique<\/p>\n<p>Avec couvercle de coffre<\/td>\n<\/tr>\n<tr>\n<td width=\"98\">Couleur<\/td>\n<td width=\"347\">Bleu, \u00e9galement blanc, bleu marine, noir selon la demande<\/td>\n<\/tr>\n<\/tbody>\n<\/table>\n<p><img fetchpriority=\"high\" decoding=\"async\" class=\"aligncenter wp-image-9313 size-large\" src=\"https:\/\/med-disposable.com\/wp-content\/uploads\/2021\/06\/40A0055-1024x1024.jpg\" alt=\"\" width=\"800\" height=\"800\" srcset=\"https:\/\/med-disposable.com\/wp-content\/uploads\/2021\/06\/40A0055-1024x1024.jpg 1024w, https:\/\/med-disposable.com\/wp-content\/uploads\/2021\/06\/40A0055-300x300.jpg 300w, https:\/\/med-disposable.com\/wp-content\/uploads\/2021\/06\/40A0055-150x150.jpg 150w, https:\/\/med-disposable.com\/wp-content\/uploads\/2021\/06\/40A0055-768x768.jpg 768w, https:\/\/med-disposable.com\/wp-content\/uploads\/2021\/06\/40A0055-1536x1536.jpg 1536w, https:\/\/med-disposable.com\/wp-content\/uploads\/2021\/06\/40A0055-scaled.jpg 2048w, https:\/\/med-disposable.com\/wp-content\/uploads\/2021\/06\/40A0055-600x600.jpg 600w, https:\/\/med-disposable.com\/wp-content\/uploads\/2021\/06\/40A0055-100x100.jpg 100w\" sizes=\"(max-width: 800px) 100vw, 800px\" \/><\/p>\n<p><strong>Caract\u00e9ristiques du produit :<\/strong><\/p>\n<p>La combinaison jetable SMS pr\u00e9sente plusieurs caract\u00e9ristiques distinctives :<\/p>\n<ol>\n<li><strong>Mat\u00e9riau :<\/strong> Fabriqu\u00e9 en mat\u00e9riau SMS, connu pour sa solidit\u00e9, sa durabilit\u00e9 et sa r\u00e9sistance \u00e0 divers risques.<\/li>\n<li><strong>Conception :<\/strong> La combinaison comprend une capuche et des couvre-bottes, offrant une couverture totale du corps et garantissant une protection maximale.<\/li>\n<li><strong>Personnalisation de la couleur :<\/strong> Disponibles dans une large gamme de couleurs, ils permettent de s'aligner sur votre marque et favorisent une apparence professionnelle coh\u00e9rente.<\/li>\n<\/ol>\n<p><img decoding=\"async\" class=\"aligncenter wp-image-9310 size-full\" src=\"https:\/\/med-disposable.com\/wp-content\/uploads\/2021\/06\/40A0052.jpg\" alt=\"\" width=\"700\" height=\"700\" srcset=\"https:\/\/med-disposable.com\/wp-content\/uploads\/2021\/06\/40A0052.jpg 700w, https:\/\/med-disposable.com\/wp-content\/uploads\/2021\/06\/40A0052-300x300.jpg 300w, https:\/\/med-disposable.com\/wp-content\/uploads\/2021\/06\/40A0052-150x150.jpg 150w, https:\/\/med-disposable.com\/wp-content\/uploads\/2021\/06\/40A0052-600x600.jpg 600w, https:\/\/med-disposable.com\/wp-content\/uploads\/2021\/06\/40A0052-100x100.jpg 100w\" sizes=\"(max-width: 700px) 100vw, 700px\" \/><\/p>\n<p><strong>Avantages du produit :<\/strong><\/p>\n<ol>\n<li><strong>Protection sup\u00e9rieure :<\/strong> La combinaison jetable SMS offre une protection compl\u00e8te contre la poussi\u00e8re, la salet\u00e9, les \u00e9claboussures et autres risques potentiels, ce qui en fait un excellent choix pour de nombreuses industries.<\/li>\n<li><strong>Confort et mobilit\u00e9 :<\/strong> Malgr\u00e9 sa conception protectrice robuste, la combinaison est confortable \u00e0 porter et permet des mouvements illimit\u00e9s, ce qui garantit que la productivit\u00e9 n'est pas compromise.<\/li>\n<li><strong>Alignement de la marque :<\/strong> Disponibles en diff\u00e9rentes couleurs, ces costumes peuvent facilement s'aligner sur les couleurs de votre marque, renfor\u00e7ant ainsi l'identit\u00e9 de l'entreprise sur le lieu de travail.<\/li>\n<\/ol>\n<p><img decoding=\"async\" class=\"aligncenter wp-image-9312 size-full\" src=\"https:\/\/med-disposable.com\/wp-content\/uploads\/2021\/06\/40A0054.jpg\" alt=\"\" width=\"875\" height=\"875\" srcset=\"https:\/\/med-disposable.com\/wp-content\/uploads\/2021\/06\/40A0054.jpg 875w, https:\/\/med-disposable.com\/wp-content\/uploads\/2021\/06\/40A0054-300x300.jpg 300w, https:\/\/med-disposable.com\/wp-content\/uploads\/2021\/06\/40A0054-150x150.jpg 150w, https:\/\/med-disposable.com\/wp-content\/uploads\/2021\/06\/40A0054-768x768.jpg 768w, https:\/\/med-disposable.com\/wp-content\/uploads\/2021\/06\/40A0054-600x600.jpg 600w, https:\/\/med-disposable.com\/wp-content\/uploads\/2021\/06\/40A0054-100x100.jpg 100w\" sizes=\"(max-width: 875px) 100vw, 875px\" \/><\/p>\n<p><img loading=\"lazy\" decoding=\"async\" class=\"aligncenter wp-image-9316 size-large\" src=\"https:\/\/med-disposable.com\/wp-content\/uploads\/2021\/06\/coverall-sms-1-768x1024.jpg\" alt=\"\" width=\"768\" height=\"1024\" srcset=\"https:\/\/med-disposable.com\/wp-content\/uploads\/2021\/06\/coverall-sms-1-768x1024.jpg 768w, https:\/\/med-disposable.com\/wp-content\/uploads\/2021\/06\/coverall-sms-1-225x300.jpg 225w, https:\/\/med-disposable.com\/wp-content\/uploads\/2021\/06\/coverall-sms-1-600x800.jpg 600w, https:\/\/med-disposable.com\/wp-content\/uploads\/2021\/06\/coverall-sms-1.jpg 1080w\" sizes=\"(max-width: 768px) 100vw, 768px\" \/><\/p>\n<p><strong>Utilisations du produit :<\/strong><\/p>\n<p>La combinaison jetable SMS est tr\u00e8s polyvalente, ce qui la rend adapt\u00e9e \u00e0 diverses industries telles que les soins de sant\u00e9, l'industrie alimentaire, la fabrication, les services de nettoyage et tout autre secteur n\u00e9cessitant une protection compl\u00e8te du corps.<\/p>\n<p>&nbsp;<\/p>\n<p><strong>FAQs :<\/strong><\/p>\n<ol>\n<li><strong>Quelles sont les tailles disponibles pour la combinaison jetable SMS ?<\/strong> La combinaison jetable SMS est disponible dans une large gamme de tailles, s'adaptant \u00e0 un ensemble vari\u00e9 de types de corps. Quelle que soit la taille, chaque combinaison assure une protection et un confort \u00e9tendus.<\/li>\n<li><strong>Comment la combinaison jetable SMS garantit-elle la qualit\u00e9 et la s\u00e9curit\u00e9 ?<\/strong> Nos combinaisons SMS jetables sont produites dans le cadre de mesures strictes de contr\u00f4le de la qualit\u00e9 et sont conformes aux normes de s\u00e9curit\u00e9 internationales. Chaque \u00e9tape de la production fait l'objet d'un contr\u00f4le m\u00e9ticuleux afin de garantir que le produit final r\u00e9ponde aux normes de qualit\u00e9 et de s\u00e9curit\u00e9 les plus strictes.<\/li>\n<li><strong>Qu'est-ce qui rend la combinaison jetable SMS confortable pour un port prolong\u00e9 ?<\/strong> Le confort de la combinaison jetable SMS peut \u00eatre attribu\u00e9 \u00e0 son mat\u00e9riau SMS respirant et \u00e0 sa coupe g\u00e9n\u00e9reuse qui permet de bouger librement. Cela permet aux porteurs de s'acquitter confortablement de leurs t\u00e2ches, m\u00eame lorsqu'ils portent la combinaison pendant de longues p\u00e9riodes.<\/li>\n<li><strong>La combinaison jetable SMS peut-elle \u00eatre personnalis\u00e9e en fonction de la marque de l'entreprise ?<\/strong> Oui, en fonction du volume de votre commande, nous pouvons personnaliser la combinaison jetable SMS avec le logo de votre entreprise, votre nom ou d'autres exigences sp\u00e9cifiques. Veuillez contacter notre service client\u00e8le pour discuter de vos besoins.<\/li>\n<\/ol>","protected":false},"excerpt":{"rendered":"<p>Mat\u00e9riau non tiss\u00e9 SMS, imperm\u00e9able, respirant, r\u00e9sistant \u00e0 la d\u00e9chirure ;<\/p>\n<p>Style : capuchon et poignets \u00e9lastiques, taille \u00e9lastique, fermeture \u00e0 glissi\u00e8re en une seule pi\u00e8ce, avec couvre-bottes.<\/p>","protected":false},"featured_media":9305,"template":"","meta":{"_seopress_robots_primary_cat":"none","_seopress_titles_title":"SMS Nonwoven Fabric: Block Splashing Liquid, Prevent Dust, 5XL Sizes Available.","_seopress_titles_desc":"Disposable SMS coverall with caps and boot cover - SMS non-woven fabric, effective block the outside splashing liquid, avoid direct contact, can filter fine particles, dust, etc.","_seopress_robots_index":""},"product_brand":[],"product_cat":[44],"product_tag":[64,71],"class_list":{"0":"post-1920","1":"product","2":"type-product","3":"status-publish","4":"has-post-thumbnail","6":"product_cat-coverall","7":"product_tag-coverall","8":"product_tag-sms","10":"first","11":"instock","12":"shipping-taxable","13":"product-type-simple"},"_links":{"self":[{"href":"https:\/\/med-disposable.com\/fr\/wp-json\/wp\/v2\/product\/1920","targetHints":{"allow":["GET"]}}],"collection":[{"href":"https:\/\/med-disposable.com\/fr\/wp-json\/wp\/v2\/product"}],"about":[{"href":"https:\/\/med-disposable.com\/fr\/wp-json\/wp\/v2\/types\/product"}],"version-history":[{"count":0,"href":"https:\/\/med-disposable.com\/fr\/wp-json\/wp\/v2\/product\/1920\/revisions"}],"wp:featuredmedia":[{"embeddable":true,"href":"https:\/\/med-disposable.com\/fr\/wp-json\/wp\/v2\/media\/9305"}],"wp:attachment":[{"href":"https:\/\/med-disposable.com\/fr\/wp-json\/wp\/v2\/media?parent=1920"}],"wp:term":[{"taxonomy":"product_brand","embeddable":true,"href":"https:\/\/med-disposable.com\/fr\/wp-json\/wp\/v2\/product_brand?post=1920"},{"taxonomy":"product_cat","embeddable":true,"href":"https:\/\/med-disposable.com\/fr\/wp-json\/wp\/v2\/product_cat?post=1920"},{"taxonomy":"product_tag","embeddable":true,"href":"https:\/\/med-disposable.com\/fr\/wp-json\/wp\/v2\/product_tag?post=1920"}],"curies":[{"name":"wp","href":"https:\/\/api.w.org\/{rel}","templated":true}]}}