{"id":2006,"date":"2021-06-22T16:11:40","date_gmt":"2021-06-22T08:11:40","guid":{"rendered":"https:\/\/med-disposable.com\/?post_type=product&#038;p=2006"},"modified":"2023-07-10T18:04:42","modified_gmt":"2023-07-10T10:04:42","slug":"disposable-standard-pp-non-woven-shoe-cover","status":"publish","type":"product","link":"https:\/\/med-disposable.com\/fr\/product\/disposable-standard-pp-non-woven-shoe-cover\/","title":{"rendered":"Disposable standard PP non woven shoe cover"},"content":{"rendered":"<h2>Sp\u00e9cification de base :<\/h2>\n<table width=\"592\">\n<tbody>\n<tr>\n<td width=\"69\">Taille<\/td>\n<td width=\"523\">15*40cm, 17*42cm ou sur mesure<\/td>\n<\/tr>\n<tr>\n<td width=\"69\">Mat\u00e9riau<\/td>\n<td width=\"523\">PP non tiss\u00e9<\/td>\n<\/tr>\n<tr>\n<td width=\"69\">Poids<\/td>\n<td width=\"523\">\n<p data-spm-anchor-id=\"a2700.details.0.i30.74fa601a6ywQxv\">G\u00e9n\u00e9ralement 30-45 g\/m\u00b2, peut \u00eatre personnalis\u00e9<\/p>\n<\/td>\n<\/tr>\n<tr>\n<td width=\"69\">Couleur<\/td>\n<td width=\"523\">blanc, bleu, vert ou personnalis\u00e9<\/td>\n<\/tr>\n<tr>\n<td width=\"69\">Emballage<\/td>\n<td width=\"523\">\u00a010pcs\/roll, 100pcs\/bag, 2000pcs\/carton, or as request<\/td>\n<\/tr>\n<\/tbody>\n<\/table>\n<figure class=\"wp-block-embed wp-block-embed-youtube is-type-video is-provider-youtube epyt-figure\"><div class=\"wp-block-embed__wrapper\"><div  id=\"_ytid_56760\"  width=\"800\" height=\"450\"  data-origwidth=\"800\" data-origheight=\"450\" data-facadesrc=\"https:\/\/www.youtube.com\/embed\/HPAJ3B4j8Is?enablejsapi=1&autoplay=0&cc_load_policy=0&cc_lang_pref=&iv_load_policy=1&loop=0&rel=1&fs=1&playsinline=0&autohide=2&theme=dark&color=red&controls=1&disablekb=0&\" class=\"__youtube_prefs__ epyt-facade no-lazyload\" data-epautoplay=\"1\" ><img decoding=\"async\" data-spai-excluded=\"true\" class=\"epyt-facade-poster skip-lazy\" loading=\"lazy\"  alt=\"Lecteur YouTube\"  src=\"https:\/\/i.ytimg.com\/vi\/HPAJ3B4j8Is\/maxresdefault.jpg\"  \/><button class=\"epyt-facade-play\" aria-label=\"Jouer\"><svg data-no-lazy=\"1\" height=\"100%\" version=\"1.1\" viewbox=\"0 0 68 48\" width=\"100%\"><path class=\"ytp-large-play-button-bg\" d=\"M66.52,7.74c-0.78-2.93-2.49-5.41-5.42-6.19C55.79,.13,34,0,34,0S12.21,.13,6.9,1.55 C3.97,2.33,2.27,4.81,1.48,7.74C0.06,13.05,0,24,0,24s0.06,10.95,1.48,16.26c0.78,2.93,2.49,5.41,5.42,6.19 C12.21,47.87,34,48,34,48s21.79-0.13,27.1-1.55c2.93-0.78,4.64-3.26,5.42-6.19C67.94,34.95,68,24,68,24S67.94,13.05,66.52,7.74z\" fill=\"#f00\"><\/path><path d=\"M 45,24 27,14 27,34\" fill=\"#fff\"><\/path><\/svg><\/button><\/div><\/div><\/figure>\n<h2><\/h2>\n<h2>Features of disposale PP shoe covers:<\/h2>\n<p><strong>Mat\u00e9riau de haute qualit\u00e9 :<\/strong>\u00a0Our disposable shoe covers are made from durable polypropylene (PP) non-woven material, providing enhanced durability and barrier protection against liquids, dust, and contaminants, ensuring a clean and hygienic environment.<\/p>\n<p><img fetchpriority=\"high\" decoding=\"async\" class=\"aligncenter wp-image-8487 size-full\" src=\"https:\/\/med-disposable.com\/wp-content\/uploads\/2021\/06\/shoe-cover-PP.jpg\" alt=\"\" width=\"750\" height=\"750\" srcset=\"https:\/\/med-disposable.com\/wp-content\/uploads\/2021\/06\/shoe-cover-PP.jpg 750w, https:\/\/med-disposable.com\/wp-content\/uploads\/2021\/06\/shoe-cover-PP-300x300.jpg 300w, https:\/\/med-disposable.com\/wp-content\/uploads\/2021\/06\/shoe-cover-PP-150x150.jpg 150w, https:\/\/med-disposable.com\/wp-content\/uploads\/2021\/06\/shoe-cover-PP-600x600.jpg 600w, https:\/\/med-disposable.com\/wp-content\/uploads\/2021\/06\/shoe-cover-PP-100x100.jpg 100w\" sizes=\"(max-width: 750px) 100vw, 750px\" \/><\/p>\n<p><strong>Bandes \u00e9lastiques pour une bonne tenue :<\/strong>\u00a0Les bandes \u00e9lastiques autour de l'ouverture des couvre-chaussures garantissent un ajustement s\u00fbr et confortable pour diff\u00e9rentes tailles et types de chaussures. Cette conception permet \u00e9galement de maintenir les couvre-chaussures en place pendant l'utilisation.<\/p>\n<p><img decoding=\"async\" class=\"aligncenter wp-image-8493 size-full\" src=\"https:\/\/med-disposable.com\/wp-content\/uploads\/2021\/06\/standard-shoe-cover-6.jpg\" alt=\"\" width=\"800\" height=\"800\" srcset=\"https:\/\/med-disposable.com\/wp-content\/uploads\/2021\/06\/standard-shoe-cover-6.jpg 800w, https:\/\/med-disposable.com\/wp-content\/uploads\/2021\/06\/standard-shoe-cover-6-300x300.jpg 300w, https:\/\/med-disposable.com\/wp-content\/uploads\/2021\/06\/standard-shoe-cover-6-150x150.jpg 150w, https:\/\/med-disposable.com\/wp-content\/uploads\/2021\/06\/standard-shoe-cover-6-768x768.jpg 768w, https:\/\/med-disposable.com\/wp-content\/uploads\/2021\/06\/standard-shoe-cover-6-600x600.jpg 600w, https:\/\/med-disposable.com\/wp-content\/uploads\/2021\/06\/standard-shoe-cover-6-100x100.jpg 100w\" sizes=\"(max-width: 800px) 100vw, 800px\" \/><\/p>\n<p><strong>Jetable et hygi\u00e9nique :<\/strong>\u00a0These shoe covers are designed for single use, ensuring optimal hygiene and reducing the risk of cross-contamination in various environments.<\/p>\n<p>&nbsp;<\/p>\n<h2>Applications :<\/h2>\n<p>Suitable for use in various settings, such as medical facilities, cleanrooms, laboratories, construction sites, and other environments requiring enhanced cleanliness and protection, our Disposable Standard PP Non-Woven Shoe Covers provide reliable performance and convenience.<\/p>\n<p>&nbsp;<\/p>\n<p><img decoding=\"async\" class=\"aligncenter wp-image-8486 size-large\" src=\"https:\/\/med-disposable.com\/wp-content\/uploads\/2021\/06\/PP-shoe-cover-application-1024x576.jpg\" alt=\"\" width=\"800\" height=\"450\" srcset=\"https:\/\/med-disposable.com\/wp-content\/uploads\/2021\/06\/PP-shoe-cover-application-1024x576.jpg 1024w, https:\/\/med-disposable.com\/wp-content\/uploads\/2021\/06\/PP-shoe-cover-application-300x169.jpg 300w, https:\/\/med-disposable.com\/wp-content\/uploads\/2021\/06\/PP-shoe-cover-application-768x432.jpg 768w, https:\/\/med-disposable.com\/wp-content\/uploads\/2021\/06\/PP-shoe-cover-application-600x338.jpg 600w, https:\/\/med-disposable.com\/wp-content\/uploads\/2021\/06\/PP-shoe-cover-application.jpg 1280w\" sizes=\"(max-width: 800px) 100vw, 800px\" \/><\/p>","protected":false},"excerpt":{"rendered":"<p>Made from high-quality polypropylene (PP) non-woven material, these shoe covers offer enhanced durability and barrier protection. The elastic bands around the opening ensure a secure and comfortable fit, making them an ideal choice for a wide range of applications.<\/p>","protected":false},"featured_media":8494,"template":"","meta":{"_seopress_robots_primary_cat":"none","_seopress_titles_title":"Non Woven Shoe Covers: Ideal for Any Foot Size, Easy to Pull Up &amp; Remove!","_seopress_titles_desc":"Disposable standard PP non-woven shoe covers suitable for home, travel, party, car, garden, all most indoor and outdoor can be used. Eco-friendly, up to ankle length &amp; of standard size.","_seopress_robots_index":""},"product_brand":[],"product_cat":[47],"product_tag":[115,66],"class_list":{"0":"post-2006","1":"product","2":"type-product","3":"status-publish","4":"has-post-thumbnail","6":"product_cat-foot-protection","7":"product_tag-pp-non-woven","8":"product_tag-shoe-cover","10":"first","11":"instock","12":"shipping-taxable","13":"product-type-simple"},"_links":{"self":[{"href":"https:\/\/med-disposable.com\/fr\/wp-json\/wp\/v2\/product\/2006","targetHints":{"allow":["GET"]}}],"collection":[{"href":"https:\/\/med-disposable.com\/fr\/wp-json\/wp\/v2\/product"}],"about":[{"href":"https:\/\/med-disposable.com\/fr\/wp-json\/wp\/v2\/types\/product"}],"version-history":[{"count":0,"href":"https:\/\/med-disposable.com\/fr\/wp-json\/wp\/v2\/product\/2006\/revisions"}],"wp:featuredmedia":[{"embeddable":true,"href":"https:\/\/med-disposable.com\/fr\/wp-json\/wp\/v2\/media\/8494"}],"wp:attachment":[{"href":"https:\/\/med-disposable.com\/fr\/wp-json\/wp\/v2\/media?parent=2006"}],"wp:term":[{"taxonomy":"product_brand","embeddable":true,"href":"https:\/\/med-disposable.com\/fr\/wp-json\/wp\/v2\/product_brand?post=2006"},{"taxonomy":"product_cat","embeddable":true,"href":"https:\/\/med-disposable.com\/fr\/wp-json\/wp\/v2\/product_cat?post=2006"},{"taxonomy":"product_tag","embeddable":true,"href":"https:\/\/med-disposable.com\/fr\/wp-json\/wp\/v2\/product_tag?post=2006"}],"curies":[{"name":"wp","href":"https:\/\/api.w.org\/{rel}","templated":true}]}}