{"id":2028,"date":"2021-06-28T17:03:54","date_gmt":"2021-06-28T09:03:54","guid":{"rendered":"https:\/\/med-disposable.com\/?post_type=product&#038;p=2028"},"modified":"2023-04-14T15:14:38","modified_gmt":"2023-04-14T07:14:38","slug":"blouse-de-visiteur-jetable-en-pp-non-tisse","status":"publish","type":"product","link":"https:\/\/med-disposable.com\/fr\/product\/disposable-pp-non-woven-visitor-gown-coat\/","title":{"rendered":"Blouse de visite jetable en PP non tiss\u00e9"},"content":{"rendered":"<p>Sp\u00e9cification de base :<\/p>\n<table width=\"604\">\n<tbody>\n<tr>\n<td width=\"82\">Mat\u00e9riau<\/td>\n<td width=\"522\">PP non tiss\u00e9<\/td>\n<\/tr>\n<tr>\n<td>Taille<\/td>\n<td>M:115*135CM,L:120*140CM,XL:130*150CM, ou selon les besoins<\/td>\n<\/tr>\n<tr>\n<td>Poids<\/td>\n<td>Le poids le plus courant est le PP40g, mais nous pouvons produire du PP20-60gsm selon vos besoins.<\/td>\n<\/tr>\n<tr>\n<td>Couleur<\/td>\n<td>En g\u00e9n\u00e9ral, la couleur peut \u00eatre blanche ou bleue, mais elle peut aussi \u00eatre d'autres couleurs comme le vert, le rose, le noir...<\/td>\n<\/tr>\n<tr>\n<td>Emballage<\/td>\n<td>10pcs\/sac, 100pcs\/carton, ou selon la demande<\/td>\n<\/tr>\n<tr>\n<td>Style<\/td>\n<td width=\"522\">avec col simple, ou simplement col rond sans col ;<br \/>\nPoignets \u00e9lastiques, ou poignets tricot\u00e9s sur demande ;<br \/>\nLa face avant peut \u00eatre munie de boutons ou de velcro ;<br \/>\nAvec une poche, ou trois poches, ou sans poche.<br \/>\nLes styles personnalis\u00e9s sont toujours les bienvenus.<\/td>\n<\/tr>\n<tr>\n<td>Certificats<\/td>\n<td>ISO13485, FDA, marquage CE<\/td>\n<\/tr>\n<\/tbody>\n<\/table>\n<p><img fetchpriority=\"high\" decoding=\"async\" class=\"aligncenter wp-image-5622 size-full\" src=\"https:\/\/med-disposable.com\/wp-content\/uploads\/2021\/06\/PP-lab-coat.jpg\" alt=\"\" width=\"800\" height=\"800\" srcset=\"https:\/\/med-disposable.com\/wp-content\/uploads\/2021\/06\/PP-lab-coat.jpg 800w, https:\/\/med-disposable.com\/wp-content\/uploads\/2021\/06\/PP-lab-coat-300x300.jpg 300w, https:\/\/med-disposable.com\/wp-content\/uploads\/2021\/06\/PP-lab-coat-150x150.jpg 150w, https:\/\/med-disposable.com\/wp-content\/uploads\/2021\/06\/PP-lab-coat-768x768.jpg 768w, https:\/\/med-disposable.com\/wp-content\/uploads\/2021\/06\/PP-lab-coat-600x600.jpg 600w, https:\/\/med-disposable.com\/wp-content\/uploads\/2021\/06\/PP-lab-coat-100x100.jpg 100w\" sizes=\"(max-width: 800px) 100vw, 800px\" \/><\/p>\n<p>&nbsp;<\/p>\n<p>Les blouses jetables pour visiteurs conviennent \u00e0 une vari\u00e9t\u00e9 d'applications, notamment<\/p>\n<ul>\n<li><strong>H\u00f4pitaux et cliniques<\/strong>: Notre blouse pour visiteurs est id\u00e9ale pour les h\u00f4pitaux et les cliniques, o\u00f9 la protection contre les liquides et la poussi\u00e8re est essentielle.<\/li>\n<li><strong>Maisons de retraite<\/strong>: Notre blouse pour visiteurs offre une protection suppl\u00e9mentaire aux r\u00e9sidents et au personnel des maisons de retraite et des centres d'aide \u00e0 la vie autonome.<\/li>\n<li><strong>Laboratoires<\/strong>: Notre blouse pour visiteurs convient aux laboratoires, o\u00f9 la protection contre les risques chimiques et biologiques est essentielle.<\/li>\n<li><strong>Environnements publics<\/strong>: Notre blouse pour visiteurs peut \u00eatre utilis\u00e9e dans des environnements publics, tels que les \u00e9coles, les a\u00e9roports et les transports publics, afin de minimiser le risque de contamination et d'infection.<\/li>\n<\/ul>\n<p><img decoding=\"async\" class=\"aligncenter wp-image-5621 size-full\" src=\"https:\/\/med-disposable.com\/wp-content\/uploads\/2021\/06\/\u4e0b\u8f7d.jpg\" alt=\"\" width=\"800\" height=\"640\" srcset=\"https:\/\/med-disposable.com\/wp-content\/uploads\/2021\/06\/\u4e0b\u8f7d.jpg 800w, https:\/\/med-disposable.com\/wp-content\/uploads\/2021\/06\/\u4e0b\u8f7d-300x240.jpg 300w, https:\/\/med-disposable.com\/wp-content\/uploads\/2021\/06\/\u4e0b\u8f7d-768x614.jpg 768w, https:\/\/med-disposable.com\/wp-content\/uploads\/2021\/06\/\u4e0b\u8f7d-600x480.jpg 600w\" sizes=\"(max-width: 800px) 100vw, 800px\" \/><\/p>\n<p>&nbsp;<\/p>\n<p>Caract\u00e9ristiques :<\/p>\n<ul>\n<li><strong>Barri\u00e8re de protection<\/strong>: Notre blouse pour visiteurs est con\u00e7ue pour constituer une barri\u00e8re protectrice contre les liquides, la poussi\u00e8re et autres contaminants. Le mat\u00e9riau non tiss\u00e9 en PP durable offre une protection fiable \u00e0 vos visiteurs et \u00e0 votre personnel.<\/li>\n<li><strong>Respirant et confortable<\/strong>: Malgr\u00e9 ses capacit\u00e9s de protection, notre blouse pour visiteurs est respirante et agr\u00e9able \u00e0 porter. Le mat\u00e9riau l\u00e9ger permet de se d\u00e9placer facilement et ne provoque pas d'inconfort ou d'irritation.<\/li>\n<li><strong>Jetable et pratique<\/strong>: Notre blouse de visiteur jetable est con\u00e7ue pour \u00eatre pratique et facile \u00e0 utiliser. Il suffit de l'enfiler par-dessus les v\u00eatements et de la jeter lorsque vous avez termin\u00e9. C'est donc une excellente option pour les endroits o\u00f9 il n'est pas possible ou pratique de se laver et de se d\u00e9sinfecter fr\u00e9quemment.<\/li>\n<li><strong>Plusieurs tailles disponibles<\/strong>: Notre blouse de visiteur est disponible dans une vari\u00e9t\u00e9 de tailles pour s'adapter \u00e0 diff\u00e9rents types de corps et de tailles, garantissant un ajustement confortable pour tout le monde.<\/li>\n<\/ul>\n<p><img decoding=\"async\" class=\"aligncenter wp-image-5614 size-full\" src=\"https:\/\/med-disposable.com\/wp-content\/uploads\/2021\/06\/40A9865.jpg\" alt=\"\" width=\"800\" height=\"800\" srcset=\"https:\/\/med-disposable.com\/wp-content\/uploads\/2021\/06\/40A9865.jpg 800w, https:\/\/med-disposable.com\/wp-content\/uploads\/2021\/06\/40A9865-300x300.jpg 300w, https:\/\/med-disposable.com\/wp-content\/uploads\/2021\/06\/40A9865-150x150.jpg 150w, https:\/\/med-disposable.com\/wp-content\/uploads\/2021\/06\/40A9865-768x768.jpg 768w, https:\/\/med-disposable.com\/wp-content\/uploads\/2021\/06\/40A9865-600x600.jpg 600w, https:\/\/med-disposable.com\/wp-content\/uploads\/2021\/06\/40A9865-100x100.jpg 100w\" sizes=\"(max-width: 800px) 100vw, 800px\" \/><\/p>\n<p>&nbsp;<\/p>\n<p><strong>Questions que vous pouvez vous poser<\/strong>:<\/p>\n<ol>\n<li>Pourquoi devrais-je choisir Wuhan Youfu comme fournisseur de manteaux jetables pour visiteurs ?<\/li>\n<\/ol>\n<p>Wuhan Youfu est un fabricant professionnel qui a 10 ans d'exp\u00e9rience dans la production et l'exportation de produits de protection jetables de haute qualit\u00e9. Nous nous engageons \u00e0 fournir \u00e0 nos clients une protection fiable, un port confortable et des prix comp\u00e9titifs. Nous proposons \u00e9galement des options de personnalisation pour r\u00e9pondre aux besoins et exigences sp\u00e9cifiques de nos clients, en veillant \u00e0 ce qu'ils re\u00e7oivent les meilleurs produits et services possibles.<\/p>\n<p>&nbsp;<\/p>\n<p>2. La blouse du visiteur est-elle respirante ?<\/p>\n<p>Oui, notre blouse de visiteur est fabriqu\u00e9e dans un mat\u00e9riau l\u00e9ger et respirant, ce qui permet de la porter confortablement et d'en faciliter les mouvements.<\/p>\n<p>&nbsp;<\/p>\n<p>3. Le manteau de la robe du visiteur est-il respectueux de l'environnement ?<\/p>\n<p>Notre blouse pour visiteurs n'est pas consid\u00e9r\u00e9e comme respectueuse de l'environnement, car elle est con\u00e7ue pour un usage unique et doit \u00eatre jet\u00e9e apr\u00e8s chaque utilisation.<\/p>\n<p>&nbsp;<\/p>\n<ol start=\"4\">\n<li>Quelle est la mati\u00e8re du manteau de la robe du visiteur ?<\/li>\n<\/ol>\n<p>Notre blouse pour visiteurs est fabriqu\u00e9e en PP non tiss\u00e9, qui offre une protection fiable contre les liquides et la poussi\u00e8re.<\/p>\n<p>&nbsp;<\/p>\n<ol start=\"5\">\n<li>Le manteau de la robe du visiteur peut-il \u00eatre personnalis\u00e9 ?<\/li>\n<\/ol>\n<p>Oui, nous pouvons personnaliser nos blouses de visiteurs en fonction des besoins et exigences sp\u00e9cifiques de nos clients, tels que la taille, le mat\u00e9riau et l'emballage.<\/p>\n<p>&nbsp;<\/p>\n<p>6. Quel est le d\u00e9lai de paiement en cas de commande ?<\/p>\n<p>En g\u00e9n\u00e9ral, pour la premi\u00e8re commande, il faut payer 30% TT \u00e0 l'avance, et le solde avant le chargement. La LC est \u00e9galement disponible en cas de besoin.<\/p>\n<p>&nbsp;<\/p>\n<p>7. Quel est le MOQ pour les blouses de visiteurs ?<\/p>\n<p>Le MOQ pour les manteaux visiteurs de style normal est de 5 000 pi\u00e8ces, et pour les styles personnalis\u00e9s, de 10 000 pi\u00e8ces.<\/p>","protected":false},"excerpt":{"rendered":"<p>Prot\u00e9gez vos visiteurs et votre personnel avec notre blouse jetable de haute qualit\u00e9 en PP non tiss\u00e9. Fabriqu\u00e9e dans un mat\u00e9riau durable et respirant, cette blouse pour visiteurs offre une excellente protection contre les liquides et la poussi\u00e8re, tout en \u00e9tant confortable \u00e0 porter.<\/p>","protected":false},"featured_media":5611,"template":"","meta":{"_seopress_robots_primary_cat":"none","_seopress_titles_title":"PP Non Woven Visitor Gown Coat: Durable, Breathable Protective Barrier in M, L, XL","_seopress_titles_desc":"Visitor Gown Coats - PP non woven visitor coats provide cost-effective protection. It\u2019s made from lightweight material that keeps costs down.","_seopress_robots_index":""},"product_brand":[],"product_cat":[48],"product_tag":[70,57],"class_list":{"0":"post-2028","1":"product","2":"type-product","3":"status-publish","4":"has-post-thumbnail","6":"product_cat-lab-coat","7":"product_tag-lab-coat","8":"product_tag-non-woven","10":"first","11":"instock","12":"shipping-taxable","13":"product-type-simple"},"_links":{"self":[{"href":"https:\/\/med-disposable.com\/fr\/wp-json\/wp\/v2\/product\/2028","targetHints":{"allow":["GET"]}}],"collection":[{"href":"https:\/\/med-disposable.com\/fr\/wp-json\/wp\/v2\/product"}],"about":[{"href":"https:\/\/med-disposable.com\/fr\/wp-json\/wp\/v2\/types\/product"}],"version-history":[{"count":0,"href":"https:\/\/med-disposable.com\/fr\/wp-json\/wp\/v2\/product\/2028\/revisions"}],"wp:featuredmedia":[{"embeddable":true,"href":"https:\/\/med-disposable.com\/fr\/wp-json\/wp\/v2\/media\/5611"}],"wp:attachment":[{"href":"https:\/\/med-disposable.com\/fr\/wp-json\/wp\/v2\/media?parent=2028"}],"wp:term":[{"taxonomy":"product_brand","embeddable":true,"href":"https:\/\/med-disposable.com\/fr\/wp-json\/wp\/v2\/product_brand?post=2028"},{"taxonomy":"product_cat","embeddable":true,"href":"https:\/\/med-disposable.com\/fr\/wp-json\/wp\/v2\/product_cat?post=2028"},{"taxonomy":"product_tag","embeddable":true,"href":"https:\/\/med-disposable.com\/fr\/wp-json\/wp\/v2\/product_tag?post=2028"}],"curies":[{"name":"wp","href":"https:\/\/api.w.org\/{rel}","templated":true}]}}