{"id":2089,"date":"2021-07-08T15:56:09","date_gmt":"2021-07-08T07:56:09","guid":{"rendered":"https:\/\/med-disposable.com\/?post_type=product&#038;p=2089"},"modified":"2023-06-26T18:28:23","modified_gmt":"2023-06-26T10:28:23","slug":"blouses-jetables-en-pp-non-tisse-longueur-genoux","status":"publish","type":"product","link":"https:\/\/med-disposable.com\/fr\/product\/disposable-pp-non-woven-knee-length-smocks\/","title":{"rendered":"Blouses jetables en PP non tiss\u00e9 au niveau des genoux"},"content":{"rendered":"<h2>Sp\u00e9cification de base :<\/h2>\n<table width=\"672\">\n<tbody>\n<tr>\n<td width=\"91\">Mat\u00e9riau<\/td>\n<td width=\"581\">PP non tiss\u00e9<\/td>\n<\/tr>\n<tr>\n<td>Taille<\/td>\n<td>M:115*135CM,L:120*140CM,XL:130*150CM, ou selon les besoins<\/td>\n<\/tr>\n<tr>\n<td>Poids<\/td>\n<td>PP 30g, 40g, ou selon la demande<\/td>\n<\/tr>\n<tr>\n<td>Couleur<\/td>\n<td>Blanc, bleu, autres couleurs sur demande<\/td>\n<\/tr>\n<tr>\n<td>Emballage<\/td>\n<td>10pcs\/sac, 100pcs\/carton, ou selon la demande<\/td>\n<\/tr>\n<tr>\n<td>Application<\/td>\n<td>laboratoire, h\u00f4pital, construction de b\u00e2timents, usine \u00e9lectronique, fabrication, usage quotidien...etc.<\/td>\n<\/tr>\n<\/tbody>\n<\/table>\n<p>Dot\u00e9es d'un devant \u00e0 5 boutons, d'un col simple, de poignets \u00e9lastiques et sans poches, ces blouses offrent un ajustement s\u00fbr et confortable tout en garantissant une grande libert\u00e9 de mouvement. Disponibles en blanc et en bleu, nos blouses jetables au genou conviennent \u00e0 un large \u00e9ventail d'applications, notamment dans les secteurs de la sant\u00e9, des laboratoires, de la restauration et d'autres environnements professionnels.<\/p>\n<p><img fetchpriority=\"high\" decoding=\"async\" class=\"aligncenter wp-image-8650 size-full\" src=\"https:\/\/med-disposable.com\/wp-content\/uploads\/2021\/07\/PP-lab-coat-with-buttons-6.jpg\" alt=\"\" width=\"800\" height=\"800\" srcset=\"https:\/\/med-disposable.com\/wp-content\/uploads\/2021\/07\/PP-lab-coat-with-buttons-6.jpg 800w, https:\/\/med-disposable.com\/wp-content\/uploads\/2021\/07\/PP-lab-coat-with-buttons-6-300x300.jpg 300w, https:\/\/med-disposable.com\/wp-content\/uploads\/2021\/07\/PP-lab-coat-with-buttons-6-150x150.jpg 150w, https:\/\/med-disposable.com\/wp-content\/uploads\/2021\/07\/PP-lab-coat-with-buttons-6-768x768.jpg 768w, https:\/\/med-disposable.com\/wp-content\/uploads\/2021\/07\/PP-lab-coat-with-buttons-6-600x600.jpg 600w, https:\/\/med-disposable.com\/wp-content\/uploads\/2021\/07\/PP-lab-coat-with-buttons-6-100x100.jpg 100w\" sizes=\"(max-width: 800px) 100vw, 800px\" \/><\/p>\n<h2>Styles et caract\u00e9ristiques des blouses en PP non tiss\u00e9<\/h2>\n<ul>\n<li><strong>Mat\u00e9riau<\/strong>: Fabriqu\u00e9es en PP non tiss\u00e9 de haute qualit\u00e9, nos blouses aux genoux sont l\u00e9g\u00e8res, respirantes et r\u00e9sistantes aux liquides, offrant une protection optimale dans divers contextes professionnels.<\/li>\n<li><strong>Face avant avec 5 boutons<\/strong>: Le devant \u00e0 5 boutons assure un ajustement s\u00fbr et confortable, facilitant l'enfilage et le retrait de la blouse tout en conservant une apparence professionnelle et propre.<\/li>\n<li><strong>Col simple<\/strong>: La conception \u00e0 col unique offre une protection et une couverture suppl\u00e9mentaires pour la zone du cou, r\u00e9duisant le risque de contamination et garantissant un ajustement s\u00fbr.<\/li>\n<li><strong>Poignets \u00e9lastiques<\/strong>: Les poignets \u00e9lastiques s'ajustent parfaitement aux poignets, emp\u00eachant les manches de se retrousser et garantissant une protection maximale contre les d\u00e9versements et la contamination.<\/li>\n<li><strong>Pas de poches<\/strong>: L'absence de poches sur nos blouses jetables permet de minimiser les zones potentielles de contamination et de maintenir une apparence propre et professionnelle.<\/li>\n<li><strong>Couleurs<\/strong>: Nos blouses jetables aux genoux sont disponibles en blanc et en bleu, ce qui vous permet de choisir la couleur qui convient le mieux \u00e0 votre environnement professionnel.<\/li>\n<\/ul>\n<p><img decoding=\"async\" class=\"aligncenter wp-image-8651 size-full\" src=\"https:\/\/med-disposable.com\/wp-content\/uploads\/2021\/07\/PP-lab-coat-with-buttons.png\" alt=\"\" width=\"800\" height=\"800\" srcset=\"https:\/\/med-disposable.com\/wp-content\/uploads\/2021\/07\/PP-lab-coat-with-buttons.png 800w, https:\/\/med-disposable.com\/wp-content\/uploads\/2021\/07\/PP-lab-coat-with-buttons-300x300.png 300w, https:\/\/med-disposable.com\/wp-content\/uploads\/2021\/07\/PP-lab-coat-with-buttons-150x150.png 150w, https:\/\/med-disposable.com\/wp-content\/uploads\/2021\/07\/PP-lab-coat-with-buttons-768x768.png 768w, https:\/\/med-disposable.com\/wp-content\/uploads\/2021\/07\/PP-lab-coat-with-buttons-600x600.png 600w, https:\/\/med-disposable.com\/wp-content\/uploads\/2021\/07\/PP-lab-coat-with-buttons-100x100.png 100w\" sizes=\"(max-width: 800px) 100vw, 800px\" \/><\/p>","protected":false},"excerpt":{"rendered":"<p>Nos blouses jetables en PP non tiss\u00e9 sont con\u00e7ues pour offrir un niveau \u00e9lev\u00e9 de protection, de confort et de durabilit\u00e9 dans divers environnements professionnels. Fabriqu\u00e9es en polypropyl\u00e8ne (PP) non tiss\u00e9 de haute qualit\u00e9, ces blouses sont l\u00e9g\u00e8res, respirantes et r\u00e9sistantes aux liquides, ce qui garantit une protection maximale contre les d\u00e9versements et la contamination.<\/p>","protected":false},"featured_media":5306,"template":"","meta":{"_seopress_robots_primary_cat":"none","_seopress_titles_title":"Disposable PP non woven Knee Length Smocks- YouFu Medical","_seopress_titles_desc":"Discover comfortable, safe and stylish knee length non-woven fabric masks in extra large sizes; air permeable and hard-wearing, with water repellent protection and quick closing zipper for use in hospitals, buildings and everyday.","_seopress_robots_index":""},"product_brand":[],"product_cat":[48],"product_tag":[70,57],"class_list":{"0":"post-2089","1":"product","2":"type-product","3":"status-publish","4":"has-post-thumbnail","6":"product_cat-lab-coat","7":"product_tag-lab-coat","8":"product_tag-non-woven","10":"first","11":"instock","12":"shipping-taxable","13":"product-type-simple"},"_links":{"self":[{"href":"https:\/\/med-disposable.com\/fr\/wp-json\/wp\/v2\/product\/2089","targetHints":{"allow":["GET"]}}],"collection":[{"href":"https:\/\/med-disposable.com\/fr\/wp-json\/wp\/v2\/product"}],"about":[{"href":"https:\/\/med-disposable.com\/fr\/wp-json\/wp\/v2\/types\/product"}],"version-history":[{"count":0,"href":"https:\/\/med-disposable.com\/fr\/wp-json\/wp\/v2\/product\/2089\/revisions"}],"wp:featuredmedia":[{"embeddable":true,"href":"https:\/\/med-disposable.com\/fr\/wp-json\/wp\/v2\/media\/5306"}],"wp:attachment":[{"href":"https:\/\/med-disposable.com\/fr\/wp-json\/wp\/v2\/media?parent=2089"}],"wp:term":[{"taxonomy":"product_brand","embeddable":true,"href":"https:\/\/med-disposable.com\/fr\/wp-json\/wp\/v2\/product_brand?post=2089"},{"taxonomy":"product_cat","embeddable":true,"href":"https:\/\/med-disposable.com\/fr\/wp-json\/wp\/v2\/product_cat?post=2089"},{"taxonomy":"product_tag","embeddable":true,"href":"https:\/\/med-disposable.com\/fr\/wp-json\/wp\/v2\/product_tag?post=2089"}],"curies":[{"name":"wp","href":"https:\/\/api.w.org\/{rel}","templated":true}]}}