{"id":21165,"date":"2024-11-19T17:58:11","date_gmt":"2024-11-19T09:58:11","guid":{"rendered":"https:\/\/med-disposable.com\/?post_type=product&#038;p=21165"},"modified":"2024-11-28T16:31:40","modified_gmt":"2024-11-28T08:31:40","slug":"torchons-jetables-en-rouleau-serviettes-propres-jetables","status":"publish","type":"product","link":"https:\/\/med-disposable.com\/fr\/product\/disposable-dish-cloths-on-a-roll-disposable-clean-towels\/","title":{"rendered":"torchons jetables en rouleau serviettes propres jetables"},"content":{"rendered":"<h2>Sp\u00e9cifications<\/h2>\n<table width=\"603\">\n<tbody>\n<tr>\n<td width=\"78\">Mat\u00e9riau<\/td>\n<td width=\"525\">55% viscose+45%polyester, ou non tiss\u00e9, coton, autres mat\u00e9riaux sur demande<\/td>\n<\/tr>\n<tr>\n<td>Taille<\/td>\n<td>30x20cm\/pi\u00e8ce, 50pcs\/rouleau, ou selon la demande<\/td>\n<\/tr>\n<tr>\n<td>Poids<\/td>\n<td>30-180g, sur demande<\/td>\n<\/tr>\n<tr>\n<td>Couleur<\/td>\n<td>Blanc, bleu, rose, orange, vert, toutes couleurs sur demande<\/td>\n<\/tr>\n<tr>\n<td>Emballage<\/td>\n<td>1 rouleau\/sac, 10 rouleaux\/carton, ou selon la demande<\/td>\n<\/tr>\n<\/tbody>\n<\/table>\n<p><img fetchpriority=\"high\" decoding=\"async\" class=\"wp-image-21128 size-full aligncenter\" src=\"https:\/\/med-disposable.com\/wp-content\/uploads\/2024\/11\/disposable-dish-wipes-6.jpg\" alt=\"Tissu non tiss\u00e9 adapt\u00e9 \u00e0 de multiples surfaces.\" width=\"800\" height=\"693\" srcset=\"https:\/\/med-disposable.com\/wp-content\/uploads\/2024\/11\/disposable-dish-wipes-6.jpg 800w, https:\/\/med-disposable.com\/wp-content\/uploads\/2024\/11\/disposable-dish-wipes-6-300x260.jpg 300w, https:\/\/med-disposable.com\/wp-content\/uploads\/2024\/11\/disposable-dish-wipes-6-768x665.jpg 768w, https:\/\/med-disposable.com\/wp-content\/uploads\/2024\/11\/disposable-dish-wipes-6-600x520.jpg 600w\" sizes=\"(max-width: 800px) 100vw, 800px\" \/><\/p>\n<p><img decoding=\"async\" class=\"wp-image-21125 size-full aligncenter\" src=\"https:\/\/med-disposable.com\/wp-content\/uploads\/2024\/11\/disposable-dish-wipes-3.jpg\" alt=\"Nettoyage de la surface en acier inoxydable \u00e0 l&#039;aide d&#039;un chiffon r\u00e9utilisable.\" width=\"800\" height=\"646\" srcset=\"https:\/\/med-disposable.com\/wp-content\/uploads\/2024\/11\/disposable-dish-wipes-3.jpg 800w, https:\/\/med-disposable.com\/wp-content\/uploads\/2024\/11\/disposable-dish-wipes-3-300x242.jpg 300w, https:\/\/med-disposable.com\/wp-content\/uploads\/2024\/11\/disposable-dish-wipes-3-768x620.jpg 768w, https:\/\/med-disposable.com\/wp-content\/uploads\/2024\/11\/disposable-dish-wipes-3-600x485.jpg 600w\" sizes=\"(max-width: 800px) 100vw, 800px\" \/><\/p>\n<p><img decoding=\"async\" class=\"wp-image-21124 size-full aligncenter\" src=\"https:\/\/med-disposable.com\/wp-content\/uploads\/2024\/11\/disposable-dish-wipes-2.png\" alt=\"Deux rouleaux de tissu bleu pour le nettoyage\" width=\"800\" height=\"800\" srcset=\"https:\/\/med-disposable.com\/wp-content\/uploads\/2024\/11\/disposable-dish-wipes-2.png 800w, https:\/\/med-disposable.com\/wp-content\/uploads\/2024\/11\/disposable-dish-wipes-2-300x300.png 300w, https:\/\/med-disposable.com\/wp-content\/uploads\/2024\/11\/disposable-dish-wipes-2-150x150.png 150w, https:\/\/med-disposable.com\/wp-content\/uploads\/2024\/11\/disposable-dish-wipes-2-768x768.png 768w, https:\/\/med-disposable.com\/wp-content\/uploads\/2024\/11\/disposable-dish-wipes-2-600x600.png 600w, https:\/\/med-disposable.com\/wp-content\/uploads\/2024\/11\/disposable-dish-wipes-2-100x100.png 100w\" sizes=\"(max-width: 800px) 100vw, 800px\" \/><\/p>\n<h2>Caract\u00e9ristiques principales<\/h2>\n<ul>\n<li><strong>Choix de mat\u00e9riaux de premi\u00e8re qualit\u00e9 :<\/strong>\n<ul>\n<li>55% Viscose + 45% Polyester<\/li>\n<li>Non-tiss\u00e9, coton ou autres mat\u00e9riaux selon la demande<\/li>\n<\/ul>\n<\/li>\n<li><strong>Des tailles polyvalentes :<\/strong>\n<ul>\n<li>Standard : 30\u00d720 cm par pi\u00e8ce<\/li>\n<li>50 pi\u00e8ces par rouleau<\/li>\n<li>Dimensions personnalis\u00e9es disponibles sur demande<\/li>\n<\/ul>\n<\/li>\n<li><strong>Adaptable Poids :<\/strong>\n<ul>\n<li>De 30 \u00e0 180 g, ils peuvent \u00eatre adapt\u00e9s \u00e0 vos besoins sp\u00e9cifiques.<\/li>\n<\/ul>\n<\/li>\n<li><strong>Couleurs vives :<\/strong>\n<ul>\n<li>Disponible dans une vari\u00e9t\u00e9 de couleurs incluant le blanc, le bleu, le rose, l'orange et le vert.<\/li>\n<li>Couleurs personnalis\u00e9es disponibles sur demande<\/li>\n<\/ul>\n<\/li>\n<li><strong>Emballage flexible :<\/strong>\n<ul>\n<li>Standard : 1 rouleau par sac, 10 rouleaux par carton<\/li>\n<li>Options d'emballage personnalis\u00e9es disponibles<\/li>\n<\/ul>\n<\/li>\n<\/ul>\n<p><img loading=\"lazy\" decoding=\"async\" class=\"wp-image-21137 size-full\" src=\"https:\/\/med-disposable.com\/wp-content\/uploads\/2024\/11\/disposable-dish-wipes-15.jpg\" alt=\"Nettoyage des surfaces avec des chiffons bleus.\" width=\"1001\" height=\"1001\" srcset=\"https:\/\/med-disposable.com\/wp-content\/uploads\/2024\/11\/disposable-dish-wipes-15.jpg 1001w, https:\/\/med-disposable.com\/wp-content\/uploads\/2024\/11\/disposable-dish-wipes-15-300x300.jpg 300w, https:\/\/med-disposable.com\/wp-content\/uploads\/2024\/11\/disposable-dish-wipes-15-150x150.jpg 150w, https:\/\/med-disposable.com\/wp-content\/uploads\/2024\/11\/disposable-dish-wipes-15-768x768.jpg 768w, https:\/\/med-disposable.com\/wp-content\/uploads\/2024\/11\/disposable-dish-wipes-15-600x600.jpg 600w, https:\/\/med-disposable.com\/wp-content\/uploads\/2024\/11\/disposable-dish-wipes-15-100x100.jpg 100w\" sizes=\"(max-width: 1001px) 100vw, 1001px\" \/><\/p>\n<h2>Comment l'utiliser<\/h2>\n<ol>\n<li><strong>D\u00e9chirer :<\/strong>\u00a0D\u00e9tachez facilement du rouleau la longueur de tissu souhait\u00e9e.<\/li>\n<li><strong>Propre :<\/strong>\u00a0Utilisez le chiffon pour nettoyer la vaisselle, les surfaces ou tout autre endroit n\u00e9cessitant un nettoyage en profondeur.<\/li>\n<li><strong>\u00c9liminer :<\/strong>\u00a0Apr\u00e8s utilisation, il suffit de jeter le chiffon pour pr\u00e9server l'hygi\u00e8ne et la propret\u00e9.<\/li>\n<\/ol>\n<p><img loading=\"lazy\" decoding=\"async\" class=\"wp-image-21133 size-full aligncenter\" src=\"https:\/\/med-disposable.com\/wp-content\/uploads\/2024\/11\/disposable-dish-wipes-11.jpg\" alt=\"Personne tirant une serviette en papier rose d&#039;un support mural.\" width=\"800\" height=\"800\" srcset=\"https:\/\/med-disposable.com\/wp-content\/uploads\/2024\/11\/disposable-dish-wipes-11.jpg 800w, https:\/\/med-disposable.com\/wp-content\/uploads\/2024\/11\/disposable-dish-wipes-11-300x300.jpg 300w, https:\/\/med-disposable.com\/wp-content\/uploads\/2024\/11\/disposable-dish-wipes-11-150x150.jpg 150w, https:\/\/med-disposable.com\/wp-content\/uploads\/2024\/11\/disposable-dish-wipes-11-768x768.jpg 768w, https:\/\/med-disposable.com\/wp-content\/uploads\/2024\/11\/disposable-dish-wipes-11-600x600.jpg 600w, https:\/\/med-disposable.com\/wp-content\/uploads\/2024\/11\/disposable-dish-wipes-11-100x100.jpg 100w\" sizes=\"(max-width: 800px) 100vw, 800px\" \/><\/p>\n<h2>Pourquoi choisir nos lavettes jetables en rouleau ?<\/h2>\n<ul>\n<li><strong>Commodit\u00e9 :<\/strong>\u00a0Conception jetable pour une utilisation et une \u00e9limination faciles, garantissant un processus de nettoyage hygi\u00e9nique.<\/li>\n<li><strong>Polyvalence :<\/strong>\u00a0Parfait pour une large gamme d'applications de nettoyage, de la cuisine \u00e0 l'int\u00e9rieur des voitures.<\/li>\n<li><strong>Personnalisable :<\/strong>\u00a0Adaptez les chiffons \u00e0 vos besoins sp\u00e9cifiques gr\u00e2ce aux diff\u00e9rentes options de mat\u00e9riau, de taille, de poids, de couleur et d'emballage.<\/li>\n<li><strong>Rentabilit\u00e9 :<\/strong>\u00a0Disponibles en vrac, ils constituent une solution \u00e9conomique pour les besoins des m\u00e9nages et des entreprises.<\/li>\n<\/ul>\n<p><img loading=\"lazy\" decoding=\"async\" class=\"wp-image-21159 size-full aligncenter\" src=\"https:\/\/med-disposable.com\/wp-content\/uploads\/2024\/11\/disposable-dish-wipes-35.jpg\" alt=\"Chiffons de nettoyage color\u00e9s pour les t\u00e2ches m\u00e9nag\u00e8res.\" width=\"800\" height=\"743\" srcset=\"https:\/\/med-disposable.com\/wp-content\/uploads\/2024\/11\/disposable-dish-wipes-35.jpg 800w, https:\/\/med-disposable.com\/wp-content\/uploads\/2024\/11\/disposable-dish-wipes-35-300x279.jpg 300w, https:\/\/med-disposable.com\/wp-content\/uploads\/2024\/11\/disposable-dish-wipes-35-768x713.jpg 768w, https:\/\/med-disposable.com\/wp-content\/uploads\/2024\/11\/disposable-dish-wipes-35-600x557.jpg 600w\" sizes=\"(max-width: 800px) 100vw, 800px\" \/><\/p>","protected":false},"excerpt":{"rendered":"<p>Specifications Material 55% viscose+45%polyester, or non woven, cotton, other materials as request Size 30x20cm\/piece, 50pcs\/roll, or as request Weight 30-180g, as request Color White, blue, pink, orange, green, any colors as request Packing 1roll\/bag, 10rolls\/carton, or as request Key Features Premium Material Choices: 55% Viscose + 45% Polyester Non-woven, cotton, or other materials as requested [&hellip;]<\/p>\n","protected":false},"featured_media":21136,"template":"","meta":{"_seopress_robots_primary_cat":"none","_seopress_titles_title":"","_seopress_titles_desc":"","_seopress_robots_index":""},"product_brand":[],"product_cat":[87],"product_tag":[818],"class_list":{"0":"post-21165","1":"product","2":"type-product","3":"status-publish","4":"has-post-thumbnail","6":"product_cat-healthcare","7":"product_tag-disposable-dish-cloths-on-a-roll","9":"first","10":"instock","11":"shipping-taxable","12":"product-type-simple"},"_links":{"self":[{"href":"https:\/\/med-disposable.com\/fr\/wp-json\/wp\/v2\/product\/21165","targetHints":{"allow":["GET"]}}],"collection":[{"href":"https:\/\/med-disposable.com\/fr\/wp-json\/wp\/v2\/product"}],"about":[{"href":"https:\/\/med-disposable.com\/fr\/wp-json\/wp\/v2\/types\/product"}],"version-history":[{"count":0,"href":"https:\/\/med-disposable.com\/fr\/wp-json\/wp\/v2\/product\/21165\/revisions"}],"wp:featuredmedia":[{"embeddable":true,"href":"https:\/\/med-disposable.com\/fr\/wp-json\/wp\/v2\/media\/21136"}],"wp:attachment":[{"href":"https:\/\/med-disposable.com\/fr\/wp-json\/wp\/v2\/media?parent=21165"}],"wp:term":[{"taxonomy":"product_brand","embeddable":true,"href":"https:\/\/med-disposable.com\/fr\/wp-json\/wp\/v2\/product_brand?post=21165"},{"taxonomy":"product_cat","embeddable":true,"href":"https:\/\/med-disposable.com\/fr\/wp-json\/wp\/v2\/product_cat?post=21165"},{"taxonomy":"product_tag","embeddable":true,"href":"https:\/\/med-disposable.com\/fr\/wp-json\/wp\/v2\/product_tag?post=21165"}],"curies":[{"name":"wp","href":"https:\/\/api.w.org\/{rel}","templated":true}]}}