{"id":2131,"date":"2021-07-13T10:31:46","date_gmt":"2021-07-13T02:31:46","guid":{"rendered":"https:\/\/med-disposable.com\/?post_type=product&#038;p=2131"},"modified":"2023-06-29T11:44:16","modified_gmt":"2023-06-29T03:44:16","slug":"nouveau-style-de-drap-de-transfert-absorbant-et-impermeable","status":"publish","type":"product","link":"https:\/\/med-disposable.com\/fr\/product\/new-style-absorbent-and-waterproof-patient-transfer-sheet\/","title":{"rendered":"Nouveau mod\u00e8le de drap de transfert absorbant et imperm\u00e9able"},"content":{"rendered":"<p>Nous vous pr\u00e9sentons notre nouveau mod\u00e8le de drap de transfert pour patients, absorbant et imperm\u00e9able. Il s'agit d'un outil tr\u00e8s fonctionnel et crucial pour les prestataires de soins de sant\u00e9, qui leur permet de d\u00e9placer les patients de mani\u00e8re s\u00fbre et efficace. Ce drap, qui couvre toute la longueur du corps, est con\u00e7u de mani\u00e8re unique avec 4 \u00e0 6 poign\u00e9es de chaque c\u00f4t\u00e9 pour une prise ferme et s\u00fbre. Fabriqu\u00e9e \u00e0 partir d'un nouveau mat\u00e9riau absorbant, elle est excellente pour d\u00e9placer rapidement les patients, en particulier ceux qui pr\u00e9sentent des infections ou qui sont susceptibles d'\u00eatre contamin\u00e9s par des fluides corporels.<\/p>\n<p><img fetchpriority=\"high\" decoding=\"async\" class=\"aligncenter wp-image-7498 size-full\" src=\"https:\/\/med-disposable.com\/wp-content\/uploads\/2021\/03\/transfer-sheet.png\" alt=\"\" width=\"800\" height=\"800\" srcset=\"https:\/\/med-disposable.com\/wp-content\/uploads\/2021\/03\/transfer-sheet.png 800w, https:\/\/med-disposable.com\/wp-content\/uploads\/2021\/03\/transfer-sheet-300x300.png 300w, https:\/\/med-disposable.com\/wp-content\/uploads\/2021\/03\/transfer-sheet-150x150.png 150w, https:\/\/med-disposable.com\/wp-content\/uploads\/2021\/03\/transfer-sheet-768x768.png 768w, https:\/\/med-disposable.com\/wp-content\/uploads\/2021\/03\/transfer-sheet-600x600.png 600w, https:\/\/med-disposable.com\/wp-content\/uploads\/2021\/03\/transfer-sheet-100x100.png 100w\" sizes=\"(max-width: 800px) 100vw, 800px\" \/><\/p>\n<p><strong>Caract\u00e9ristiques du produit :<\/strong><\/p>\n<p>Notre nouveau drap de transfert absorbant et imperm\u00e9able est dot\u00e9 de plusieurs caract\u00e9ristiques impressionnantes :<\/p>\n<ul>\n<li><em>Mat\u00e9riau durable :<\/em> Fabriqu\u00e9s \u00e0 partir d'un nouveau mat\u00e9riau absorbant, ces draps sont \u00e0 la fois durables et imperm\u00e9ables, offrant une performance exceptionnelle lors des transferts de patients.<\/li>\n<li><em>Poign\u00e9es faciles \u00e0 saisir :<\/em> Dot\u00e9s de 4 \u00e0 6 poign\u00e9es de chaque c\u00f4t\u00e9, ces draps permettent une prise en main ferme et s\u00fbre, r\u00e9duisant ainsi le risque de blessures lors des mouvements du patient.<\/li>\n<li><em>Longueur du corps :<\/em> Couvrant toute la longueur du corps, ces draps offrent une couverture compl\u00e8te et un soutien aux patients pendant les transferts.<\/li>\n<li><em>Vari\u00e9t\u00e9 de couleurs :<\/em> Disponibles dans une large gamme de couleurs pour s'adapter \u00e0 l'esth\u00e9tique de votre \u00e9tablissement ou \u00e0 la codification de votre service.<\/li>\n<\/ul>\n<p><img decoding=\"async\" class=\"aligncenter wp-image-8796 size-full\" src=\"https:\/\/med-disposable.com\/wp-content\/uploads\/2021\/07\/Hf80dc79785bb412d97e2c91655ff5f2fp-1-1.jpg\" alt=\"\" width=\"800\" height=\"800\" srcset=\"https:\/\/med-disposable.com\/wp-content\/uploads\/2021\/07\/Hf80dc79785bb412d97e2c91655ff5f2fp-1-1.jpg 800w, https:\/\/med-disposable.com\/wp-content\/uploads\/2021\/07\/Hf80dc79785bb412d97e2c91655ff5f2fp-1-1-300x300.jpg 300w, https:\/\/med-disposable.com\/wp-content\/uploads\/2021\/07\/Hf80dc79785bb412d97e2c91655ff5f2fp-1-1-150x150.jpg 150w, https:\/\/med-disposable.com\/wp-content\/uploads\/2021\/07\/Hf80dc79785bb412d97e2c91655ff5f2fp-1-1-768x768.jpg 768w, https:\/\/med-disposable.com\/wp-content\/uploads\/2021\/07\/Hf80dc79785bb412d97e2c91655ff5f2fp-1-1-600x600.jpg 600w, https:\/\/med-disposable.com\/wp-content\/uploads\/2021\/07\/Hf80dc79785bb412d97e2c91655ff5f2fp-1-1-100x100.jpg 100w\" sizes=\"(max-width: 800px) 100vw, 800px\" \/><\/p>\n<p><strong>Sp\u00e9cification de base :<\/strong><\/p>\n<table width=\"448\">\n<tbody>\n<tr>\n<td width=\"118\">Taille<\/td>\n<td width=\"330\">190x85cm, 200x90cm, ou sur mesure<\/td>\n<\/tr>\n<tr>\n<td width=\"118\">Mat\u00e9riau<\/td>\n<td width=\"330\">PP hydrophile non tiss\u00e9+ film coul\u00e9 ou microporeux ou film PE<\/td>\n<\/tr>\n<tr>\n<td width=\"118\">Poids en grammes<\/td>\n<td width=\"330\">70-120gsm<\/td>\n<\/tr>\n<tr>\n<td width=\"118\">Style<\/td>\n<td width=\"330\">Couture ultrasonique, avec 5 \u00e0 6 poign\u00e9es sur deux c\u00f4t\u00e9s<\/td>\n<\/tr>\n<tr>\n<td width=\"118\">Application<\/td>\n<td width=\"330\">salles d'urgence, unit\u00e9s de soins intensifs, salles d'op\u00e9ration, ambulances, services de transport, h\u00f4pitaux et \u00e9tablissements de soins de sant\u00e9<\/td>\n<\/tr>\n<\/tbody>\n<\/table>\n<p>&nbsp;<\/p>\n<p><strong>Avantages :<\/strong><\/p>\n<p>Le choix de nos draps de transfert de patients absorbants et imperm\u00e9ables New-Style offre plusieurs avantages cl\u00e9s :<\/p>\n<ul>\n<li><em>Am\u00e9lioration de la s\u00e9curit\u00e9 des patients :<\/em> Les poign\u00e9es faciles \u00e0 saisir et le mat\u00e9riau durable r\u00e9duisent le risque de blessures lors des transferts de patients, am\u00e9liorant ainsi la s\u00e9curit\u00e9 des patients.<\/li>\n<li><em>Hygi\u00e8ne et contr\u00f4le des infections :<\/em> Le mat\u00e9riau absorbant et imperm\u00e9able fait de ces draps un excellent choix pour les patients souffrant d'infections ou d'une contamination potentielle par des fluides corporels.<\/li>\n<li><em>Efficacit\u00e9 :<\/em> La facilit\u00e9 d'utilisation de ces feuilles de transfert permet un d\u00e9placement plus rapide des patients, am\u00e9liorant ainsi l'efficacit\u00e9 globale de votre \u00e9tablissement de sant\u00e9.<\/li>\n<li><em>Rentabilit\u00e9 :<\/em> R\u00e9utilisables et faciles \u00e0 nettoyer, ces feuilles permettent de r\u00e9aliser des \u00e9conomies \u00e0 long terme par rapport aux solutions jetables.<\/li>\n<\/ul>\n<p><img decoding=\"async\" class=\"alignnone wp-image-7499 size-full\" src=\"https:\/\/med-disposable.com\/wp-content\/uploads\/2021\/03\/Medical-Patient-Hospital-Moving-Transfer-Sheet-Pad.jpg\" alt=\"\" width=\"800\" height=\"800\" srcset=\"https:\/\/med-disposable.com\/wp-content\/uploads\/2021\/03\/Medical-Patient-Hospital-Moving-Transfer-Sheet-Pad.jpg 800w, https:\/\/med-disposable.com\/wp-content\/uploads\/2021\/03\/Medical-Patient-Hospital-Moving-Transfer-Sheet-Pad-300x300.jpg 300w, https:\/\/med-disposable.com\/wp-content\/uploads\/2021\/03\/Medical-Patient-Hospital-Moving-Transfer-Sheet-Pad-150x150.jpg 150w, https:\/\/med-disposable.com\/wp-content\/uploads\/2021\/03\/Medical-Patient-Hospital-Moving-Transfer-Sheet-Pad-768x768.jpg 768w, https:\/\/med-disposable.com\/wp-content\/uploads\/2021\/03\/Medical-Patient-Hospital-Moving-Transfer-Sheet-Pad-600x600.jpg 600w, https:\/\/med-disposable.com\/wp-content\/uploads\/2021\/03\/Medical-Patient-Hospital-Moving-Transfer-Sheet-Pad-100x100.jpg 100w\" sizes=\"(max-width: 800px) 100vw, 800px\" \/><\/p>\n<p><strong>Utilisations :<\/strong><\/p>\n<p>Les draps de transfert de patients absorbants et imperm\u00e9ables New-Style sont id\u00e9aux pour une utilisation dans divers environnements de soins de sant\u00e9, tels que les h\u00f4pitaux, les cliniques, les maisons de retraite et les services m\u00e9dicaux d'urgence. Elles constituent un outil efficace pour transf\u00e9rer les patients en toute s\u00e9curit\u00e9, en particulier ceux qui pr\u00e9sentent des infections ou qui sont susceptibles d'\u00eatre contamin\u00e9s par des fluides corporels.<\/p>\n<p>&nbsp;<\/p>\n<p><b>FAQ :<\/b><\/p>\n<p><strong>1. Comment ces fiches de transfert de patients am\u00e9liorent-elles la s\u00e9curit\u00e9 lors des transferts de patients ?<\/strong><\/p>\n<p>La conception et le mat\u00e9riau de nos nouvelles alaises de transfert absorbantes et imperm\u00e9ables am\u00e9liorent consid\u00e9rablement la s\u00e9curit\u00e9 lors des transferts de patients. Les draps sont fabriqu\u00e9s \u00e0 partir d'un mat\u00e9riau durable et absorbant, offrant une surface solide et stable pour le transfert des patients. En outre, l'inclusion de 4 \u00e0 6 poign\u00e9es de chaque c\u00f4t\u00e9 permet une prise ferme et s\u00fbre, r\u00e9duisant ainsi le risque de chute du patient ou d'autres blessures pendant le mouvement.<\/p>\n<p><strong>2. Comment ces fiches contribuent-elles \u00e0 la lutte contre les infections dans les \u00e9tablissements de soins de sant\u00e9 ?<\/strong><\/p>\n<p>Le contr\u00f4le des infections est une pr\u00e9occupation majeure dans les \u00e9tablissements de sant\u00e9. Nos draps de transfert pour patients sont con\u00e7us dans cette optique. Fabriqu\u00e9es dans un mat\u00e9riau imperm\u00e9able et absorbant, elles emp\u00eachent les fluides corporels de s'infiltrer, minimisant ainsi le risque de contamination. Ils constituent donc un excellent choix pour le transfert des patients atteints d'infections ou susceptibles d'\u00eatre contamin\u00e9s par des liquides corporels.<\/p>\n<p><strong>3. Ces feuilles de transfert de patients peuvent-elles \u00eatre personnalis\u00e9es en fonction de nos besoins sp\u00e9cifiques ?<\/strong><\/p>\n<p>Nous sommes conscients que les \u00e9tablissements de soins de sant\u00e9 peuvent avoir des exigences uniques. Bien que notre produit standard soit con\u00e7u pour r\u00e9pondre \u00e0 un large \u00e9ventail de besoins, nous sommes dispos\u00e9s \u00e0 discuter des options de personnalisation potentielles. Il peut s'agir de diff\u00e9rentes tailles, couleurs ou m\u00eame du nombre de poign\u00e9es. Veuillez contacter notre service client\u00e8le pour discuter de vos besoins sp\u00e9cifiques.<\/p>","protected":false},"excerpt":{"rendered":"<p>Le drap de transfert du patient est un drap de transfert sur toute la longueur du corps, avec 4 \u00e0 6 poign\u00e9es d\u00e9coup\u00e9es de chaque c\u00f4t\u00e9 pour aider les soignants \u00e0 obtenir une prise ferme et s\u00fbre.<\/p>\n<p>Gr\u00e2ce \u00e0 son nouveau mat\u00e9riau, il est excellent pour les patients en mouvement rapide et constitue une solution optimale pour le transfert de patients atteints d'infections ou susceptibles d'\u00eatre contamin\u00e9s par des fluides corporels.<\/p>","protected":false},"featured_media":2133,"template":"","meta":{"_seopress_robots_primary_cat":"none","_seopress_titles_title":"New style absorbent and waterproof patient transfer sheet - YouFu Medical","_seopress_titles_desc":"This transfer sheet is made of ultra-durable, waterproof non-woven PP material, helping to create a safer, more hygienic environment. Can hold up to 300lbs and comes in sizes of 190x85cm or 200x90cm. Perfect for medical\/critical care areas such as emergency rooms, ICU, operating rooms, and more.","_seopress_robots_index":""},"product_brand":[],"product_cat":[49],"product_tag":[84],"class_list":{"0":"post-2131","1":"product","2":"type-product","3":"status-publish","4":"has-post-thumbnail","6":"product_cat-bed-linens","7":"product_tag-transfer-sheet","9":"first","10":"instock","11":"shipping-taxable","12":"product-type-simple"},"_links":{"self":[{"href":"https:\/\/med-disposable.com\/fr\/wp-json\/wp\/v2\/product\/2131","targetHints":{"allow":["GET"]}}],"collection":[{"href":"https:\/\/med-disposable.com\/fr\/wp-json\/wp\/v2\/product"}],"about":[{"href":"https:\/\/med-disposable.com\/fr\/wp-json\/wp\/v2\/types\/product"}],"version-history":[{"count":0,"href":"https:\/\/med-disposable.com\/fr\/wp-json\/wp\/v2\/product\/2131\/revisions"}],"wp:featuredmedia":[{"embeddable":true,"href":"https:\/\/med-disposable.com\/fr\/wp-json\/wp\/v2\/media\/2133"}],"wp:attachment":[{"href":"https:\/\/med-disposable.com\/fr\/wp-json\/wp\/v2\/media?parent=2131"}],"wp:term":[{"taxonomy":"product_brand","embeddable":true,"href":"https:\/\/med-disposable.com\/fr\/wp-json\/wp\/v2\/product_brand?post=2131"},{"taxonomy":"product_cat","embeddable":true,"href":"https:\/\/med-disposable.com\/fr\/wp-json\/wp\/v2\/product_cat?post=2131"},{"taxonomy":"product_tag","embeddable":true,"href":"https:\/\/med-disposable.com\/fr\/wp-json\/wp\/v2\/product_tag?post=2131"}],"curies":[{"name":"wp","href":"https:\/\/api.w.org\/{rel}","templated":true}]}}