{"id":2223,"date":"2021-07-23T17:24:12","date_gmt":"2021-07-23T09:24:12","guid":{"rendered":"https:\/\/med-disposable.com\/?post_type=product&#038;p=2223"},"modified":"2023-05-08T10:57:31","modified_gmt":"2023-05-08T02:57:31","slug":"tablier-jetable-en-plastique-pour-lindustrie-alimentaire","status":"publish","type":"product","link":"https:\/\/med-disposable.com\/fr\/product\/disposable-plastic-apron-for-food-processing-industry\/","title":{"rendered":"Tablier en plastique jetable pour l'industrie alimentaire"},"content":{"rendered":"<p><strong>Introduction :<\/strong><br \/>\nNos tabliers jetables en plastique sont sp\u00e9cialement con\u00e7us pour offrir une protection, une durabilit\u00e9 et un confort sup\u00e9rieurs pour une vari\u00e9t\u00e9 d'applications dans les secteurs de la transformation des aliments et de l'industrie. Ces tabliers sont fabriqu\u00e9s \u00e0 partir d'un mat\u00e9riau plastique de haute qualit\u00e9, \u00e0 la fois l\u00e9ger et r\u00e9sistant aux produits chimiques, aux liquides et \u00e0 l'abrasion, ce qui garantit des performances optimales dans les environnements exigeants. Nos tabliers jetables sont disponibles en poly\u00e9thyl\u00e8ne basse densit\u00e9 (LDPE) et en poly\u00e9thyl\u00e8ne haute densit\u00e9 (HDPE) pour r\u00e9pondre \u00e0 vos besoins et pr\u00e9f\u00e9rences sp\u00e9cifiques.<\/p>\n<p>&nbsp;<\/p>\n<p><strong>Sp\u00e9cification d\u00e9taill\u00e9e :<\/strong><\/p>\n<table width=\"708\">\n<tbody>\n<tr>\n<td width=\"115\"><span data-spm-anchor-id=\"a2700.details.0.i21.1dd814e7UhvXUJ\">Mat\u00e9riau<\/span><\/td>\n<td width=\"593\">LDPE\/HDPE\/CPE<\/td>\n<\/tr>\n<tr>\n<td>Poids<\/td>\n<td>3g, 5g, 7g, 9g, ou selon la demande<\/td>\n<\/tr>\n<tr>\n<td>\u00c9paisseur<\/td>\n<td>0,01~0,045mm, ou selon la demande<\/td>\n<\/tr>\n<tr>\n<td>Logo<\/td>\n<td>OEM disponible<\/td>\n<\/tr>\n<tr>\n<td>Taille<\/td>\n<td>24\u00d742inch\/\/ 28\u00d746inch, 61 x 107cm\/\/ 71 x 117cm, OEM possible<\/td>\n<\/tr>\n<tr>\n<td>Couleur<\/td>\n<td>blanc, transparent, bleu, rouge, vert, etc.<\/td>\n<\/tr>\n<tr>\n<td>Emballage<\/td>\n<td>100pcs\/sac, 10 sacs\/ctn ou 100pcs\/bo\u00eete, 10 bo\u00eetes\/ctn.<\/td>\n<\/tr>\n<tr>\n<td>Conception de l'emballage<\/td>\n<td>toutes les bo\u00eetes int\u00e9rieures et les cartons peuvent \u00eatre imprim\u00e9s selon votre conception<\/td>\n<\/tr>\n<tr>\n<td>Style<\/td>\n<td>Surface lisse ou gaufr\u00e9e<\/td>\n<\/tr>\n<\/tbody>\n<\/table>\n<p><img fetchpriority=\"high\" decoding=\"async\" class=\"aligncenter wp-image-6260 size-full\" src=\"https:\/\/med-disposable.com\/wp-content\/uploads\/2021\/07\/white-pe-apron.jpg\" alt=\"\" width=\"800\" height=\"800\" srcset=\"https:\/\/med-disposable.com\/wp-content\/uploads\/2021\/07\/white-pe-apron.jpg 800w, https:\/\/med-disposable.com\/wp-content\/uploads\/2021\/07\/white-pe-apron-300x300.jpg 300w, https:\/\/med-disposable.com\/wp-content\/uploads\/2021\/07\/white-pe-apron-150x150.jpg 150w, https:\/\/med-disposable.com\/wp-content\/uploads\/2021\/07\/white-pe-apron-768x768.jpg 768w, https:\/\/med-disposable.com\/wp-content\/uploads\/2021\/07\/white-pe-apron-600x600.jpg 600w, https:\/\/med-disposable.com\/wp-content\/uploads\/2021\/07\/white-pe-apron-100x100.jpg 100w\" sizes=\"(max-width: 800px) 100vw, 800px\" \/><\/p>\n<p><strong>Caract\u00e9ristiques :<\/strong><\/p>\n<ol>\n<li>Fabriqu\u00e9 en PEBD ou PEHD de haute qualit\u00e9 pour une durabilit\u00e9 maximale et une r\u00e9sistance aux produits chimiques et aux liquides.<\/li>\n<li>Conception l\u00e9g\u00e8re et confortable pour un port prolong\u00e9 et une grande facilit\u00e9 de mouvement.<\/li>\n<li>Disponible dans une vari\u00e9t\u00e9 de couleurs pour r\u00e9pondre \u00e0 vos pr\u00e9f\u00e9rences et \u00e0 votre application.<\/li>\n<li>La sangle de cou et les liens \u00e0 la taille sont r\u00e9glables pour un ajustement s\u00fbr et personnalis\u00e9.<\/li>\n<li>Prix \u00e9conomique pour une utilisation unique et rentable.<\/li>\n<li>Respectueux de l'environnement et recyclable, en fonction des installations de recyclage locales.<\/li>\n<li>Fabriqu\u00e9 selon des normes strictes de contr\u00f4le de la qualit\u00e9 afin de garantir la coh\u00e9rence et la fiabilit\u00e9.<\/li>\n<\/ol>\n<p><img decoding=\"async\" class=\"aligncenter wp-image-6263 size-full\" src=\"https:\/\/med-disposable.com\/wp-content\/uploads\/2021\/07\/how-to-wear-an-apron.jpg\" alt=\"\" width=\"800\" height=\"800\" srcset=\"https:\/\/med-disposable.com\/wp-content\/uploads\/2021\/07\/how-to-wear-an-apron.jpg 800w, https:\/\/med-disposable.com\/wp-content\/uploads\/2021\/07\/how-to-wear-an-apron-300x300.jpg 300w, https:\/\/med-disposable.com\/wp-content\/uploads\/2021\/07\/how-to-wear-an-apron-150x150.jpg 150w, https:\/\/med-disposable.com\/wp-content\/uploads\/2021\/07\/how-to-wear-an-apron-768x768.jpg 768w, https:\/\/med-disposable.com\/wp-content\/uploads\/2021\/07\/how-to-wear-an-apron-600x600.jpg 600w, https:\/\/med-disposable.com\/wp-content\/uploads\/2021\/07\/how-to-wear-an-apron-100x100.jpg 100w\" sizes=\"(max-width: 800px) 100vw, 800px\" \/><\/p>\n<p><strong>Avantages :<\/strong><\/p>\n<ol>\n<li>Protection sup\u00e9rieure : Ces tabliers offrent une excellente r\u00e9sistance aux produits chimiques, aux liquides et \u00e0 l'abrasion, ce qui les rend id\u00e9aux pour une utilisation dans des environnements exigeants.<\/li>\n<li>Confortable et l\u00e9ger : Le mat\u00e9riau plastique est l\u00e9ger et flexible, ce qui garantit un port confortable pendant de longues p\u00e9riodes.<\/li>\n<li>Ajustement personnalisable : La sangle de cou et les attaches de taille r\u00e9glables permettent un ajustement s\u00fbr et personnalis\u00e9 pour diff\u00e9rents types de corps.<\/li>\n<li>Polyvalent : convient \u00e0 une utilisation dans diverses industries, y compris la transformation des aliments, la fabrication et les services de nettoyage.<\/li>\n<li>Rentable : La conception jetable et le prix comp\u00e9titif font de ces tabliers un choix \u00e9conomique pour diverses applications.<\/li>\n<\/ol>\n<p>&nbsp;<\/p>\n<p><strong>LDPE vs. HDPE : <\/strong><\/p>\n<p>Le poly\u00e9thyl\u00e8ne basse densit\u00e9 (PEBD) et le poly\u00e9thyl\u00e8ne haute densit\u00e9 (PEHD) sont deux types de mat\u00e9riaux plastiques utilis\u00e9s dans la production de tabliers jetables. Le PEBD est plus souple, plus flexible et a un point de fusion plus bas que le PEHD. Les tabliers en PEBD sont g\u00e9n\u00e9ralement plus confortables et offrent une plus grande facilit\u00e9 de mouvement, ce qui les rend adapt\u00e9s aux t\u00e2ches qui n\u00e9cessitent une plus grande flexibilit\u00e9. En revanche, le PEHD est un mat\u00e9riau plus solide et plus rigide, dont le point de fusion est plus \u00e9lev\u00e9. Les tabliers en PEHD offrent une plus grande r\u00e9sistance aux produits chimiques et aux liquides, ce qui les rend id\u00e9aux pour les t\u00e2ches qui impliquent des conditions plus exigeantes et des niveaux d'exposition plus \u00e9lev\u00e9s aux produits chimiques ou aux liquides.<\/p>\n<p><img decoding=\"async\" class=\"aligncenter wp-image-6262 size-full\" src=\"https:\/\/med-disposable.com\/wp-content\/uploads\/2021\/07\/hdpe-and-ldpe.jpg\" alt=\"\" width=\"800\" height=\"264\" srcset=\"https:\/\/med-disposable.com\/wp-content\/uploads\/2021\/07\/hdpe-and-ldpe.jpg 800w, https:\/\/med-disposable.com\/wp-content\/uploads\/2021\/07\/hdpe-and-ldpe-300x99.jpg 300w, https:\/\/med-disposable.com\/wp-content\/uploads\/2021\/07\/hdpe-and-ldpe-768x253.jpg 768w, https:\/\/med-disposable.com\/wp-content\/uploads\/2021\/07\/hdpe-and-ldpe-600x198.jpg 600w\" sizes=\"(max-width: 800px) 100vw, 800px\" \/><\/p>\n<p>&nbsp;<\/p>\n<p><strong>Utilisations :<\/strong><\/p>\n<ol>\n<li>Transformation alimentaire : Id\u00e9al pour les travailleurs des installations de transformation des aliments, des cuisines commerciales et des services de restauration afin de maintenir les normes d'hygi\u00e8ne et de prot\u00e9ger contre les d\u00e9versements et les \u00e9claboussures.<\/li>\n<li>Fabrication : Convient \u00e0 une utilisation dans divers environnements de fabrication, o\u00f9 une protection contre les produits chimiques et les liquides est n\u00e9cessaire.<\/li>\n<li>Services de nettoyage : Parfait pour le personnel d'entretien et de nettoyage afin de prot\u00e9ger les v\u00eatements et la peau des produits chimiques de nettoyage et des d\u00e9bris.<\/li>\n<li>Usage personnel : Id\u00e9al pour un usage domestique lorsque vous cuisinez, nettoyez ou effectuez d'autres t\u00e2ches n\u00e9cessitant une protection contre les d\u00e9versements et les \u00e9claboussures.<\/li>\n<\/ol>\n<p><img loading=\"lazy\" decoding=\"async\" class=\"aligncenter wp-image-6264 size-full\" src=\"https:\/\/med-disposable.com\/wp-content\/uploads\/2021\/07\/usage-of-the-apron.jpg\" alt=\"\" width=\"800\" height=\"1053\" srcset=\"https:\/\/med-disposable.com\/wp-content\/uploads\/2021\/07\/usage-of-the-apron.jpg 800w, https:\/\/med-disposable.com\/wp-content\/uploads\/2021\/07\/usage-of-the-apron-228x300.jpg 228w, https:\/\/med-disposable.com\/wp-content\/uploads\/2021\/07\/usage-of-the-apron-778x1024.jpg 778w, https:\/\/med-disposable.com\/wp-content\/uploads\/2021\/07\/usage-of-the-apron-768x1011.jpg 768w, https:\/\/med-disposable.com\/wp-content\/uploads\/2021\/07\/usage-of-the-apron-600x790.jpg 600w\" sizes=\"(max-width: 800px) 100vw, 800px\" \/><\/p>\n<p><strong>QUESTIONS ET R\u00c9PONSES :<\/strong><\/p>\n<p><strong>1) Quelle est la diff\u00e9rence entre les tabliers LDPE et HDPE, et comment choisir celui qui convient \u00e0 mes besoins ?<\/strong><\/p>\n<p>Les tabliers en PEBD (poly\u00e9thyl\u00e8ne basse densit\u00e9) sont plus souples, plus flexibles et ont un point de fusion plus bas que les tabliers en PEHD (poly\u00e9thyl\u00e8ne haute densit\u00e9). Ils sont g\u00e9n\u00e9ralement plus confortables et offrent une plus grande facilit\u00e9 de mouvement, ce qui les rend appropri\u00e9s pour les t\u00e2ches qui n\u00e9cessitent plus de flexibilit\u00e9. Les tabliers en PEHD, en revanche, sont plus solides, plus rigides et ont un point de fusion plus \u00e9lev\u00e9. Ils offrent une plus grande r\u00e9sistance aux produits chimiques et aux liquides, ce qui les rend id\u00e9aux pour les t\u00e2ches impliquant des conditions plus exigeantes et des niveaux d'exposition plus \u00e9lev\u00e9s aux produits chimiques ou aux liquides. Pour choisir le tablier adapt\u00e9 \u00e0 vos besoins, tenez compte des exigences sp\u00e9cifiques de votre application, telles que le niveau d'exposition aux produits chimiques et aux liquides, le besoin de flexibilit\u00e9 et de confort, ainsi que votre budget.<\/p>\n<p>&nbsp;<\/p>\n<p><strong>2) Ces tabliers en plastique jetables sont-ils disponibles en diff\u00e9rentes tailles et couleurs ?<\/strong><\/p>\n<p>Oui, nos tabliers en plastique jetables sont disponibles dans une vari\u00e9t\u00e9 de couleurs pour r\u00e9pondre \u00e0 vos pr\u00e9f\u00e9rences et \u00e0 votre application. Cela permet d'identifier et de diff\u00e9rencier facilement les travailleurs des diff\u00e9rents services ou zones d'un \u00e9tablissement. En outre, les tabliers sont dot\u00e9s de sangles de cou et de liens de taille r\u00e9glables pour s'adapter \u00e0 diff\u00e9rents types de corps, garantissant ainsi un ajustement s\u00fbr et personnalis\u00e9 pour tous les utilisateurs. Si vous avez des besoins sp\u00e9cifiques en termes de taille ou de couleur pour votre organisation, veuillez contacter directement notre \u00e9quipe de vente pour discuter des options disponibles et trouver la meilleure solution pour vos besoins.<\/p>\n<p><img loading=\"lazy\" decoding=\"async\" class=\"aligncenter wp-image-6261 size-full\" src=\"https:\/\/med-disposable.com\/wp-content\/uploads\/2021\/07\/colored-pe-apron.jpg\" alt=\"\" width=\"800\" height=\"800\" srcset=\"https:\/\/med-disposable.com\/wp-content\/uploads\/2021\/07\/colored-pe-apron.jpg 800w, https:\/\/med-disposable.com\/wp-content\/uploads\/2021\/07\/colored-pe-apron-300x300.jpg 300w, https:\/\/med-disposable.com\/wp-content\/uploads\/2021\/07\/colored-pe-apron-150x150.jpg 150w, https:\/\/med-disposable.com\/wp-content\/uploads\/2021\/07\/colored-pe-apron-768x768.jpg 768w, https:\/\/med-disposable.com\/wp-content\/uploads\/2021\/07\/colored-pe-apron-600x600.jpg 600w, https:\/\/med-disposable.com\/wp-content\/uploads\/2021\/07\/colored-pe-apron-100x100.jpg 100w\" sizes=\"(max-width: 800px) 100vw, 800px\" \/><\/p>\n<p><strong>3) Puis-je commander ces tabliers en plastique jetables en gros pour mon organisation ?<\/strong><\/p>\n<p>Oui, nous proposons des options d'achat en gros pour les clients qui ont besoin de grandes quantit\u00e9s de nos tabliers en plastique jetables. Pour discuter de vos besoins sp\u00e9cifiques et recevoir un devis personnalis\u00e9, veuillez contacter directement notre \u00e9quipe de vente. Nous nous engageons \u00e0 fournir des prix comp\u00e9titifs et une livraison fiable \u00e0 nos clients estim\u00e9s, en veillant \u00e0 ce que vous disposiez de l'\u00e9quipement de protection n\u00e9cessaire pour votre organisation.<\/p>\n<p>&nbsp;<\/p>\n<p><strong>4. ces tabliers en plastique jetables conviennent-ils \u00e0 une utilisation en milieu m\u00e9dical ?<\/strong><\/p>\n<p>Bien que nos tabliers jetables en plastique soient principalement con\u00e7us pour la transformation des aliments et les applications industrielles, ils peuvent fournir un niveau de protection de base dans les environnements m\u00e9dicaux o\u00f9 la r\u00e9sistance aux liquides n'est pas une exigence critique. Toutefois, pour les environnements m\u00e9dicaux pr\u00e9sentant un risque plus \u00e9lev\u00e9 d'exposition aux liquides, nous recommandons d'utiliser des v\u00eatements de protection sp\u00e9cialis\u00e9s de qualit\u00e9 m\u00e9dicale, tels que des blouses d'isolation, qui sont conformes aux directives ANSI\/AAMI en mati\u00e8re de barri\u00e8re contre les liquides.<\/p>\n<p>&nbsp;<\/p>\n<p><strong>5. ces tabliers en plastique jetables sont-ils r\u00e9sistants \u00e0 tous les types de produits chimiques ?<\/strong><\/p>\n<p>Nos tabliers jetables en plastique fabriqu\u00e9s \u00e0 partir de LDPE ou de HDPE offrent une excellente r\u00e9sistance \u00e0 une large gamme de produits chimiques couramment rencontr\u00e9s dans l'industrie alimentaire et dans les milieux industriels. Toutefois, il est essentiel de noter que la r\u00e9sistance des tabliers peut varier en fonction du produit chimique sp\u00e9cifique, de sa concentration et de la dur\u00e9e d'exposition. Pour garantir le niveau de protection appropri\u00e9 \u00e0 votre application sp\u00e9cifique, nous vous recommandons d'examiner la compatibilit\u00e9 du mat\u00e9riau avec les produits chimiques avec lesquels vous travaillerez et de proc\u00e9der \u00e0 une \u00e9valuation approfondie des risques.<\/p>\n<p>&nbsp;<\/p>","protected":false},"excerpt":{"rendered":"<p>Avec ouverture au niveau du cou<\/p>\n<p>Pas facile \u00e0 d\u00e9chirer<\/p>\n<p>La couleur et l'impression peuvent \u00eatre personnalis\u00e9es<\/p>","protected":false},"featured_media":6253,"template":"","meta":{"_seopress_robots_primary_cat":"none","_seopress_titles_title":"Superior Protection &amp; Comfort: Our Disposable Plastic Aprons (LDPE\/HDPE\/CPE)","_seopress_titles_desc":"Get superior protection and comfort from our plastic disposable aprons, available in LDPE and HDPE materials to suit your specific needs.","_seopress_robots_index":""},"product_brand":[],"product_cat":[45],"product_tag":[133,290,289,132],"class_list":{"0":"post-2223","1":"product","2":"type-product","3":"status-publish","4":"has-post-thumbnail","6":"product_cat-apron","7":"product_tag-anti-oil","8":"product_tag-disposable-apron","9":"product_tag-pe-apron","10":"product_tag-plastic-apron","12":"first","13":"instock","14":"shipping-taxable","15":"product-type-simple"},"_links":{"self":[{"href":"https:\/\/med-disposable.com\/fr\/wp-json\/wp\/v2\/product\/2223","targetHints":{"allow":["GET"]}}],"collection":[{"href":"https:\/\/med-disposable.com\/fr\/wp-json\/wp\/v2\/product"}],"about":[{"href":"https:\/\/med-disposable.com\/fr\/wp-json\/wp\/v2\/types\/product"}],"version-history":[{"count":0,"href":"https:\/\/med-disposable.com\/fr\/wp-json\/wp\/v2\/product\/2223\/revisions"}],"wp:featuredmedia":[{"embeddable":true,"href":"https:\/\/med-disposable.com\/fr\/wp-json\/wp\/v2\/media\/6253"}],"wp:attachment":[{"href":"https:\/\/med-disposable.com\/fr\/wp-json\/wp\/v2\/media?parent=2223"}],"wp:term":[{"taxonomy":"product_brand","embeddable":true,"href":"https:\/\/med-disposable.com\/fr\/wp-json\/wp\/v2\/product_brand?post=2223"},{"taxonomy":"product_cat","embeddable":true,"href":"https:\/\/med-disposable.com\/fr\/wp-json\/wp\/v2\/product_cat?post=2223"},{"taxonomy":"product_tag","embeddable":true,"href":"https:\/\/med-disposable.com\/fr\/wp-json\/wp\/v2\/product_tag?post=2223"}],"curies":[{"name":"wp","href":"https:\/\/api.w.org\/{rel}","templated":true}]}}