{"id":2235,"date":"2021-07-26T11:54:32","date_gmt":"2021-07-26T03:54:32","guid":{"rendered":"https:\/\/med-disposable.com\/?post_type=product&#038;p=2235"},"modified":"2023-06-26T17:59:32","modified_gmt":"2023-06-26T09:59:32","slug":"gants-de-toilette-a-usage-unique-pour-les-patients","status":"publish","type":"product","link":"https:\/\/med-disposable.com\/fr\/product\/one-time-use-body-wash-gloves-for-patient-use\/","title":{"rendered":"Gants de lavage corporel \u00e0 usage unique pour les patients"},"content":{"rendered":"<h2>Sp\u00e9cification de base :<\/h2>\n<table width=\"418\">\n<tbody>\n<tr>\n<td width=\"126\">Taille<\/td>\n<td width=\"292\">15*22cm, 16.5*23cm, 23cm*23cm, ou selon la demande<\/td>\n<\/tr>\n<tr>\n<td width=\"126\">Mat\u00e9riau<\/td>\n<td width=\"292\">film microporeux rev\u00eatu de non-tiss\u00e9 aiguillet\u00e9<\/td>\n<\/tr>\n<tr>\n<td width=\"126\">Poids en grammes<\/td>\n<td>50gsm, ou autre poids sur demande<\/td>\n<\/tr>\n<tr>\n<td width=\"126\">Couleur<\/td>\n<td width=\"292\">Blanc, ou autres couleurs personnalis\u00e9es<\/td>\n<\/tr>\n<tr>\n<td width=\"126\">Style<\/td>\n<td width=\"292\">Forme carr\u00e9e, gants de toilette<\/td>\n<\/tr>\n<\/tbody>\n<\/table>\n<p>Ces gants de toilette sont de couleur blanche et sont con\u00e7us pour s'adapter \u00e0 diff\u00e9rentes tailles de mains. Ils sont destin\u00e9s \u00e0 un usage unique, garantissant une hygi\u00e8ne maximale et r\u00e9duisant le risque de contamination crois\u00e9e.<\/p>\n<p><img fetchpriority=\"high\" decoding=\"async\" class=\"aligncenter wp-image-8626 size-large\" src=\"https:\/\/med-disposable.com\/wp-content\/uploads\/2021\/07\/wash-glove-2-1024x1024.jpg\" alt=\"\" width=\"800\" height=\"800\" srcset=\"https:\/\/med-disposable.com\/wp-content\/uploads\/2021\/07\/wash-glove-2-1024x1024.jpg 1024w, https:\/\/med-disposable.com\/wp-content\/uploads\/2021\/07\/wash-glove-2-300x300.jpg 300w, https:\/\/med-disposable.com\/wp-content\/uploads\/2021\/07\/wash-glove-2-150x150.jpg 150w, https:\/\/med-disposable.com\/wp-content\/uploads\/2021\/07\/wash-glove-2-768x768.jpg 768w, https:\/\/med-disposable.com\/wp-content\/uploads\/2021\/07\/wash-glove-2-1536x1536.jpg 1536w, https:\/\/med-disposable.com\/wp-content\/uploads\/2021\/07\/wash-glove-2-scaled.jpg 2048w, https:\/\/med-disposable.com\/wp-content\/uploads\/2021\/07\/wash-glove-2-600x600.jpg 600w, https:\/\/med-disposable.com\/wp-content\/uploads\/2021\/07\/wash-glove-2-100x100.jpg 100w\" sizes=\"(max-width: 800px) 100vw, 800px\" \/><\/p>\n<h2>Caract\u00e9ristiques principales<\/h2>\n<p><strong>Mat\u00e9riau<\/strong>: Fabriqu\u00e9s \u00e0 partir d'un mat\u00e9riau non tiss\u00e9 aiguillet\u00e9 recouvert d'un film PE, nos gants de toilette sont durables, r\u00e9sistants \u00e0 l'eau et s\u00fbrs pour l'utilisation par les patients.<\/p>\n<p><strong>Forme carr\u00e9e sans doigts<\/strong>: La forme carr\u00e9e unique sans doigts permet une manipulation ais\u00e9e et un nettoyage complet du corps du patient, garantissant des soins personnels efficaces et pratiques.<\/p>\n<p><strong>Usage unique<\/strong>: Ces gants sont con\u00e7us pour un usage unique, favorisant une hygi\u00e8ne maximale et r\u00e9duisant le risque de contamination crois\u00e9e dans les \u00e9tablissements de sant\u00e9.<\/p>\n<p><strong>Taille unique<\/strong>: Les gants sont con\u00e7us pour s'adapter \u00e0 diff\u00e9rentes tailles de mains, ce qui permet aux professionnels de la sant\u00e9 et aux soignants de les utiliser.<\/p>\n<p><img decoding=\"async\" class=\"aligncenter wp-image-8632 size-large\" src=\"https:\/\/med-disposable.com\/wp-content\/uploads\/2021\/07\/wash-glove-8-1024x1024.jpg\" alt=\"\" width=\"800\" height=\"800\" srcset=\"https:\/\/med-disposable.com\/wp-content\/uploads\/2021\/07\/wash-glove-8-1024x1024.jpg 1024w, https:\/\/med-disposable.com\/wp-content\/uploads\/2021\/07\/wash-glove-8-300x300.jpg 300w, https:\/\/med-disposable.com\/wp-content\/uploads\/2021\/07\/wash-glove-8-150x150.jpg 150w, https:\/\/med-disposable.com\/wp-content\/uploads\/2021\/07\/wash-glove-8-768x768.jpg 768w, https:\/\/med-disposable.com\/wp-content\/uploads\/2021\/07\/wash-glove-8-1536x1536.jpg 1536w, https:\/\/med-disposable.com\/wp-content\/uploads\/2021\/07\/wash-glove-8-scaled.jpg 2048w, https:\/\/med-disposable.com\/wp-content\/uploads\/2021\/07\/wash-glove-8-600x600.jpg 600w, https:\/\/med-disposable.com\/wp-content\/uploads\/2021\/07\/wash-glove-8-100x100.jpg 100w\" sizes=\"(max-width: 800px) 100vw, 800px\" \/> <img decoding=\"async\" class=\"aligncenter wp-image-8636 size-large\" src=\"https:\/\/med-disposable.com\/wp-content\/uploads\/2021\/07\/wash-glove-12-1024x1024.jpg\" alt=\"\" width=\"800\" height=\"800\" srcset=\"https:\/\/med-disposable.com\/wp-content\/uploads\/2021\/07\/wash-glove-12-1024x1024.jpg 1024w, https:\/\/med-disposable.com\/wp-content\/uploads\/2021\/07\/wash-glove-12-300x300.jpg 300w, https:\/\/med-disposable.com\/wp-content\/uploads\/2021\/07\/wash-glove-12-150x150.jpg 150w, https:\/\/med-disposable.com\/wp-content\/uploads\/2021\/07\/wash-glove-12-768x768.jpg 768w, https:\/\/med-disposable.com\/wp-content\/uploads\/2021\/07\/wash-glove-12-1536x1536.jpg 1536w, https:\/\/med-disposable.com\/wp-content\/uploads\/2021\/07\/wash-glove-12-scaled.jpg 2048w, https:\/\/med-disposable.com\/wp-content\/uploads\/2021\/07\/wash-glove-12-600x600.jpg 600w, https:\/\/med-disposable.com\/wp-content\/uploads\/2021\/07\/wash-glove-12-100x100.jpg 100w\" sizes=\"(max-width: 800px) 100vw, 800px\" \/><\/p>","protected":false},"excerpt":{"rendered":"<p>Nos gants de toilette \u00e0 usage unique sont sp\u00e9cialement con\u00e7us pour les patients et constituent une solution pratique et hygi\u00e9nique pour les soins personnels dans les h\u00f4pitaux, les maisons de retraite et autres \u00e9tablissements de sant\u00e9. Ces gants sont fabriqu\u00e9s \u00e0 partir d'un mat\u00e9riau non tiss\u00e9 aiguillet\u00e9 enduit d'un film microporeux, ce qui garantit leur durabilit\u00e9 et leur r\u00e9sistance \u00e0 l'eau. La forme carr\u00e9e sans doigts permet une manipulation ais\u00e9e et un nettoyage minutieux du corps du patient.<\/p>","protected":false},"featured_media":8626,"template":"","meta":{"_seopress_robots_primary_cat":"none","_seopress_titles_title":"Logo printing Customized printing, silk screen, heat transfer printing, etc2 Layers Body Wash Mitts: Soft Outer Layer, 100% Waterproof Inner Layer.","_seopress_titles_desc":"Optional Use for hand shower Certification ISO\/CE\r\n\r\nThe perfect addition for your shower, Body Wash Mitts Gloves are 2 layers w\/ a soft outer layer &amp; PE film interior for 100% waterproof protection. Come in sizes 15*22cm, 16.5*23cm &amp; 23cm*23cm. Available in White or other colors as customized.ISO\/CE Certified!","_seopress_robots_index":""},"product_brand":[],"product_cat":[87],"product_tag":[57,135],"class_list":{"0":"post-2235","1":"product","2":"type-product","3":"status-publish","4":"has-post-thumbnail","6":"product_cat-healthcare","7":"product_tag-non-woven","8":"product_tag-wash-glove","10":"first","11":"instock","12":"shipping-taxable","13":"product-type-simple"},"_links":{"self":[{"href":"https:\/\/med-disposable.com\/fr\/wp-json\/wp\/v2\/product\/2235","targetHints":{"allow":["GET"]}}],"collection":[{"href":"https:\/\/med-disposable.com\/fr\/wp-json\/wp\/v2\/product"}],"about":[{"href":"https:\/\/med-disposable.com\/fr\/wp-json\/wp\/v2\/types\/product"}],"version-history":[{"count":0,"href":"https:\/\/med-disposable.com\/fr\/wp-json\/wp\/v2\/product\/2235\/revisions"}],"wp:featuredmedia":[{"embeddable":true,"href":"https:\/\/med-disposable.com\/fr\/wp-json\/wp\/v2\/media\/8626"}],"wp:attachment":[{"href":"https:\/\/med-disposable.com\/fr\/wp-json\/wp\/v2\/media?parent=2235"}],"wp:term":[{"taxonomy":"product_brand","embeddable":true,"href":"https:\/\/med-disposable.com\/fr\/wp-json\/wp\/v2\/product_brand?post=2235"},{"taxonomy":"product_cat","embeddable":true,"href":"https:\/\/med-disposable.com\/fr\/wp-json\/wp\/v2\/product_cat?post=2235"},{"taxonomy":"product_tag","embeddable":true,"href":"https:\/\/med-disposable.com\/fr\/wp-json\/wp\/v2\/product_tag?post=2235"}],"curies":[{"name":"wp","href":"https:\/\/api.w.org\/{rel}","templated":true}]}}