{"id":2269,"date":"2021-07-30T11:36:28","date_gmt":"2021-07-30T03:36:28","guid":{"rendered":"https:\/\/med-disposable.com\/?post_type=product&#038;p=2269"},"modified":"2025-03-04T17:37:54","modified_gmt":"2025-03-04T09:37:54","slug":"housse-mortuaire-jetable-pour-lhopital","status":"publish","type":"product","link":"https:\/\/med-disposable.com\/fr\/product\/disposable-body-bag-for-hospital\/","title":{"rendered":"Sac de transport \u00e0 usage unique pour l'h\u00f4pital"},"content":{"rendered":"<p>La housse mortuaire est dot\u00e9e d'une fermeture \u00e0 glissi\u00e8re sur l'un de ses c\u00f4t\u00e9s, ce qui facilite la mise en place et le retrait du corps, tandis que sa couleur bleue lui conf\u00e8re un aspect professionnel. La housse est \u00e0 la fois l\u00e9g\u00e8re et r\u00e9sistante, ce qui la rend adapt\u00e9e \u00e0 diverses situations o\u00f9 il est n\u00e9cessaire de contenir une personne d\u00e9c\u00e9d\u00e9e en toute s\u00e9curit\u00e9.<\/p>\n<p><img fetchpriority=\"high\" decoding=\"async\" class=\"aligncenter wp-image-2282 size-full\" src=\"https:\/\/med-disposable.com\/wp-content\/uploads\/2021\/07\/body-bag4.jpg\" alt=\"\" width=\"800\" height=\"681\" srcset=\"https:\/\/med-disposable.com\/wp-content\/uploads\/2021\/07\/body-bag4.jpg 800w, https:\/\/med-disposable.com\/wp-content\/uploads\/2021\/07\/body-bag4-300x255.jpg 300w, https:\/\/med-disposable.com\/wp-content\/uploads\/2021\/07\/body-bag4-768x654.jpg 768w, https:\/\/med-disposable.com\/wp-content\/uploads\/2021\/07\/body-bag4-600x511.jpg 600w\" sizes=\"(max-width: 800px) 100vw, 800px\" \/><\/p>\n<h2>Sp\u00e9cification d\u00e9taill\u00e9e :<\/h2>\n<table class=\"table\" border=\"0\" width=\"100%\" cellspacing=\"0\" cellpadding=\"0\">\n<tbody>\n<tr class=\"firstRow\">\n<td>Poids du tissu<\/td>\n<td>120gsm ou peut \u00eatre personnalis\u00e9<\/td>\n<\/tr>\n<tr>\n<td>Tissu<\/td>\n<td>PP+PE<\/td>\n<\/tr>\n<tr>\n<td>Couleurs<\/td>\n<td>Bleu, blanc, etc.<\/td>\n<\/tr>\n<tr>\n<td>Conception de la bo\u00eete d'emballage<\/td>\n<td>OEM ou standard<\/td>\n<\/tr>\n<tr>\n<td>Applications<\/td>\n<td>h\u00f4pital, m\u00e9dical, fun\u00e9railles, catastrophe, militaire, urgence...<\/td>\n<\/tr>\n<tr>\n<td>Style<\/td>\n<td>Sans trous pour les mains<\/td>\n<\/tr>\n<\/tbody>\n<\/table>\n<p>&nbsp;<\/p>\n<h2>Caract\u00e9ristiques principales<\/h2>\n<ul>\n<li><strong>Mat\u00e9riau<\/strong>: Fabriqu\u00e9 \u00e0 partir d'une combinaison de tissu PP (polypropyl\u00e8ne) non tiss\u00e9 et de film PE (poly\u00e9thyl\u00e8ne), notre sac mortuaire jetable est r\u00e9sistant \u00e0 la d\u00e9chirure, imperm\u00e9able et constitue une barri\u00e8re efficace contre les contaminants.<\/li>\n<li><strong>Fermeture \u00e0 glissi\u00e8re<\/strong>: Une fermeture \u00e0 glissi\u00e8re robuste et \u00e9tanche longe l'un des c\u00f4t\u00e9s du sac, assurant une fermeture facile et s\u00fbre. La fermeture \u00e0 glissi\u00e8re est con\u00e7ue pour minimiser le risque de fuite et maintenir un environnement hygi\u00e9nique.<\/li>\n<li><strong>Couleur<\/strong>: La housse mortuaire est d'une couleur bleue professionnelle, adapt\u00e9e \u00e0 l'utilisation dans les h\u00f4pitaux et autres \u00e9tablissements m\u00e9dicaux.<\/li>\n<li><strong>Taille<\/strong>: Notre housse mortuaire jetable est con\u00e7ue pour s'adapter \u00e0 diff\u00e9rentes tailles de corps, offrant un espace suffisant pour un confinement s\u00fbr.<\/li>\n<li><strong>Durabilit\u00e9<\/strong>: Le mat\u00e9riau PP+PE de haute qualit\u00e9 garantit la solidit\u00e9 et l'int\u00e9grit\u00e9 du sac mortuaire, m\u00eame en cas de poids \u00e9lev\u00e9.<\/li>\n<\/ul>\n<p><img decoding=\"async\" class=\"aligncenter wp-image-2283 size-full\" src=\"https:\/\/med-disposable.com\/wp-content\/uploads\/2021\/07\/body-bag5.jpg\" alt=\"\" width=\"800\" height=\"800\" srcset=\"https:\/\/med-disposable.com\/wp-content\/uploads\/2021\/07\/body-bag5.jpg 800w, https:\/\/med-disposable.com\/wp-content\/uploads\/2021\/07\/body-bag5-300x300.jpg 300w, https:\/\/med-disposable.com\/wp-content\/uploads\/2021\/07\/body-bag5-150x150.jpg 150w, https:\/\/med-disposable.com\/wp-content\/uploads\/2021\/07\/body-bag5-768x768.jpg 768w, https:\/\/med-disposable.com\/wp-content\/uploads\/2021\/07\/body-bag5-600x600.jpg 600w, https:\/\/med-disposable.com\/wp-content\/uploads\/2021\/07\/body-bag5-100x100.jpg 100w\" sizes=\"(max-width: 800px) 100vw, 800px\" \/> <img decoding=\"async\" class=\"aligncenter wp-image-2285 size-full\" src=\"https:\/\/med-disposable.com\/wp-content\/uploads\/2021\/07\/body-bag7.jpg\" alt=\"\" width=\"642\" height=\"800\" srcset=\"https:\/\/med-disposable.com\/wp-content\/uploads\/2021\/07\/body-bag7.jpg 642w, https:\/\/med-disposable.com\/wp-content\/uploads\/2021\/07\/body-bag7-241x300.jpg 241w, https:\/\/med-disposable.com\/wp-content\/uploads\/2021\/07\/body-bag7-600x748.jpg 600w\" sizes=\"(max-width: 642px) 100vw, 642px\" \/><\/p>\n<p>&nbsp;<\/p>\n<h2>Applications :<\/h2>\n<p>Notre housse mortuaire \u00e0 usage unique peut \u00eatre utilis\u00e9e dans divers contextes m\u00e9dicaux, notamment<\/p>\n<ul>\n<li>H\u00f4pitaux<\/li>\n<li>Morgues<\/li>\n<li>Pompes fun\u00e8bres<\/li>\n<li>Situations d'urgence<\/li>\n<\/ul>\n<p>&nbsp;<\/p>\n<h2>Comment l'utiliser<\/h2>\n<ol>\n<li>Poser le sac mortuaire jetable \u00e0 plat sur une surface propre, en veillant \u00e0 ce que la fermeture \u00e9clair soit compl\u00e8tement ouverte.<\/li>\n<li>Placez soigneusement la personne d\u00e9c\u00e9d\u00e9e \u00e0 l'int\u00e9rieur du sac mortuaire, en veillant \u00e0 ce que son corps soit enti\u00e8rement enferm\u00e9.<\/li>\n<li>Fermez la fermeture \u00e0 glissi\u00e8re, en fixant le corps \u00e0 l'int\u00e9rieur du sac.<\/li>\n<li>Transporter le corps jusqu'\u00e0 sa destination finale, en suivant les proc\u00e9dures et les lignes directrices appropri\u00e9es.<\/li>\n<\/ol>","protected":false},"excerpt":{"rendered":"<p>Nos housses mortuaires jetables sont sp\u00e9cialement con\u00e7ues pour \u00eatre utilis\u00e9es dans les h\u00f4pitaux et autres \u00e9tablissements m\u00e9dicaux. Fabriqu\u00e9s en PP+PE de haute qualit\u00e9, ces sacs mortuaires offrent une combinaison de durabilit\u00e9, de protection et de facilit\u00e9 d'utilisation, garantissant un traitement s\u00fbr et respectueux des patients d\u00e9c\u00e9d\u00e9s.<\/p>\n<p>&nbsp;<\/p>","protected":false},"featured_media":2280,"template":"","meta":{"_seopress_robots_primary_cat":"none","_seopress_titles_title":"Waterproof Mortuary Bags: Plastic Film Coated for Hospitals & Disasters","_seopress_titles_desc":"Water-proof plastic film for storing bodies in hospital morgue, preventing spillage & spread of disease. 120gsm PP+PE fabric with blue or white color option. OEM or standard packing box design for medical, funeral, disaster, military, & emergency applications.","_seopress_robots_index":""},"product_brand":[],"product_cat":[484],"product_tag":[138,139],"class_list":{"0":"post-2269","1":"product","2":"type-product","3":"status-publish","4":"has-post-thumbnail","6":"product_cat-body-bags","7":"product_tag-body-bag","8":"product_tag-body-corpse-bag","10":"first","11":"instock","12":"shipping-taxable","13":"product-type-simple"},"_links":{"self":[{"href":"https:\/\/med-disposable.com\/fr\/wp-json\/wp\/v2\/product\/2269","targetHints":{"allow":["GET"]}}],"collection":[{"href":"https:\/\/med-disposable.com\/fr\/wp-json\/wp\/v2\/product"}],"about":[{"href":"https:\/\/med-disposable.com\/fr\/wp-json\/wp\/v2\/types\/product"}],"version-history":[{"count":1,"href":"https:\/\/med-disposable.com\/fr\/wp-json\/wp\/v2\/product\/2269\/revisions"}],"predecessor-version":[{"id":35990,"href":"https:\/\/med-disposable.com\/fr\/wp-json\/wp\/v2\/product\/2269\/revisions\/35990"}],"wp:featuredmedia":[{"embeddable":true,"href":"https:\/\/med-disposable.com\/fr\/wp-json\/wp\/v2\/media\/2280"}],"wp:attachment":[{"href":"https:\/\/med-disposable.com\/fr\/wp-json\/wp\/v2\/media?parent=2269"}],"wp:term":[{"taxonomy":"product_brand","embeddable":true,"href":"https:\/\/med-disposable.com\/fr\/wp-json\/wp\/v2\/product_brand?post=2269"},{"taxonomy":"product_cat","embeddable":true,"href":"https:\/\/med-disposable.com\/fr\/wp-json\/wp\/v2\/product_cat?post=2269"},{"taxonomy":"product_tag","embeddable":true,"href":"https:\/\/med-disposable.com\/fr\/wp-json\/wp\/v2\/product_tag?post=2269"}],"curies":[{"name":"wp","href":"https:\/\/api.w.org\/{rel}","templated":true}]}}