{"id":2271,"date":"2021-07-29T10:51:12","date_gmt":"2021-07-29T02:51:12","guid":{"rendered":"https:\/\/med-disposable.com\/?post_type=product&#038;p=2271"},"modified":"2023-06-21T23:35:10","modified_gmt":"2023-06-21T15:35:10","slug":"couvre-chaussures-jetables-avec-bande-antistatique","status":"publish","type":"product","link":"https:\/\/med-disposable.com\/fr\/product\/disposable-shoe-cover-with-anti-static-tape\/","title":{"rendered":"Couvre-chaussure jetable avec bande antistatique"},"content":{"rendered":"<h2>Sp\u00e9cification de base :<\/h2>\n<table width=\"592\">\n<tbody>\n<tr>\n<td width=\"69\">Taille<\/td>\n<td width=\"523\">15*40cm, 17*42cm ou sur mesure<\/td>\n<\/tr>\n<tr>\n<td width=\"69\">Mat\u00e9riau<\/td>\n<td width=\"523\">Bande antistatique en plastique PP non tiss\u00e9<\/td>\n<\/tr>\n<tr>\n<td width=\"69\">Poids<\/td>\n<td width=\"523\">\n<p data-spm-anchor-id=\"a2700.details.0.i30.74fa601a6ywQxv\">G\u00e9n\u00e9ralement 30-45 g\/m\u00b2, peut \u00eatre personnalis\u00e9<\/p>\n<\/td>\n<\/tr>\n<tr>\n<td width=\"69\">Couleur<\/td>\n<td width=\"523\">blanc, bleu, vert ou personnalis\u00e9<\/td>\n<\/tr>\n<tr>\n<td width=\"69\">Application<\/td>\n<td width=\"523\">secteur m\u00e9dical, chirurgical, pharmaceutique, laboratoire, secteur industriel, peinture, salle de nettoyage, etc.<\/td>\n<\/tr>\n<\/tbody>\n<\/table>\n<p>&nbsp;<\/p>\n<h2>Caract\u00e9ristiques :<\/h2>\n<p><strong>Mat\u00e9riau de haute qualit\u00e9 :<\/strong>\u00a0Nos couvre-chaussures jetables sont fabriqu\u00e9s \u00e0 partir d'un mat\u00e9riau non tiss\u00e9 durable, offrant une durabilit\u00e9 accrue et une protection contre les liquides, la poussi\u00e8re et les contaminants, garantissant ainsi un environnement propre et hygi\u00e9nique.<\/p>\n<p><strong>Ruban anti-statique sur le fond :<\/strong>\u00a0Les couvre-chaussures sont dot\u00e9s d'une bande antistatique sur le dessous, offrant une protection contre les d\u00e9charges \u00e9lectrostatiques, ce qui permet de les utiliser dans des environnements o\u00f9 le contr\u00f4le de l'\u00e9lectricit\u00e9 statique est essentiel, tels que la fabrication d'appareils \u00e9lectroniques, les salles blanches et les laboratoires.<\/p>\n<p><img fetchpriority=\"high\" decoding=\"async\" class=\"aligncenter wp-image-5178 size-full\" src=\"https:\/\/med-disposable.com\/wp-content\/uploads\/2023\/03\/anti-static-shoe-cover.jpg\" alt=\"\" width=\"700\" height=\"700\" srcset=\"https:\/\/med-disposable.com\/wp-content\/uploads\/2023\/03\/anti-static-shoe-cover.jpg 700w, https:\/\/med-disposable.com\/wp-content\/uploads\/2023\/03\/anti-static-shoe-cover-300x300.jpg 300w, https:\/\/med-disposable.com\/wp-content\/uploads\/2023\/03\/anti-static-shoe-cover-150x150.jpg 150w, https:\/\/med-disposable.com\/wp-content\/uploads\/2023\/03\/anti-static-shoe-cover-600x600.jpg 600w, https:\/\/med-disposable.com\/wp-content\/uploads\/2023\/03\/anti-static-shoe-cover-100x100.jpg 100w\" sizes=\"(max-width: 700px) 100vw, 700px\" \/><\/p>\n<p><strong>Bandes \u00e9lastiques pour une bonne tenue :<\/strong>\u00a0Les bandes \u00e9lastiques autour de l'ouverture des couvre-chaussures garantissent un ajustement s\u00fbr et confortable pour diff\u00e9rentes tailles et types de chaussures. Cette conception permet \u00e9galement de maintenir les couvre-chaussures en place pendant l'utilisation.<\/p>\n<p><img decoding=\"async\" class=\"aligncenter wp-image-2275 size-full\" src=\"https:\/\/med-disposable.com\/wp-content\/uploads\/2021\/07\/disposable-anti-static-shoe-cover-blue-color35006031451_\u526f\u672c.jpg\" alt=\"\" width=\"800\" height=\"800\" srcset=\"https:\/\/med-disposable.com\/wp-content\/uploads\/2021\/07\/disposable-anti-static-shoe-cover-blue-color35006031451_\u526f\u672c.jpg 800w, https:\/\/med-disposable.com\/wp-content\/uploads\/2021\/07\/disposable-anti-static-shoe-cover-blue-color35006031451_\u526f\u672c-300x300.jpg 300w, https:\/\/med-disposable.com\/wp-content\/uploads\/2021\/07\/disposable-anti-static-shoe-cover-blue-color35006031451_\u526f\u672c-150x150.jpg 150w, https:\/\/med-disposable.com\/wp-content\/uploads\/2021\/07\/disposable-anti-static-shoe-cover-blue-color35006031451_\u526f\u672c-768x768.jpg 768w, https:\/\/med-disposable.com\/wp-content\/uploads\/2021\/07\/disposable-anti-static-shoe-cover-blue-color35006031451_\u526f\u672c-600x600.jpg 600w, https:\/\/med-disposable.com\/wp-content\/uploads\/2021\/07\/disposable-anti-static-shoe-cover-blue-color35006031451_\u526f\u672c-100x100.jpg 100w\" sizes=\"(max-width: 800px) 100vw, 800px\" \/><\/p>\n<p>&nbsp;<\/p>\n<h2>FAQ sur les couvre-chaussures jetables avec bande anti-statique<\/h2>\n<h4>Q1 : Ces couvre-chaussures peuvent-ils \u00eatre utilis\u00e9s dans des environnements o\u00f9 l'\u00e9lectronique est sensible ?<\/h4>\n<p>R : Oui, la bande antistatique au bas de ces couvre-chaussures offre une protection contre les d\u00e9charges \u00e9lectrostatiques, ce qui permet de les utiliser dans des environnements o\u00f9 le contr\u00f4le de l'\u00e9lectricit\u00e9 statique est essentiel, tels que la fabrication de produits \u00e9lectroniques, les salles blanches et les laboratoires.<\/p>\n<h4>Q2 : Ces couvre-chaussures sont-ils imperm\u00e9ables ?<\/h4>\n<p>R : Bien que ces couvre-chaussures jetables soient fabriqu\u00e9s \u00e0 partir d'un mat\u00e9riau non tiss\u00e9 de haute qualit\u00e9, qui offre un certain niveau de protection contre les liquides, ils ne sont pas explicitement con\u00e7us pour \u00eatre imperm\u00e9ables. Elles conviennent davantage \u00e0 la protection contre la poussi\u00e8re, la salet\u00e9 et les contaminants.<\/p>\n<h4>Q3 : Ces couvre-chaussures peuvent-ils \u00eatre personnalis\u00e9s avec le logo ou la marque de mon entreprise ?<\/h4>\n<p>R : Veuillez contacter directement le fabricant ou le fournisseur pour conna\u00eetre les options de personnalisation des couvre-chaussures jetables avec bande anti-statique sur le bas.<\/p>\n<h4>Q4 : Ces couvre-chaussures peuvent-ils \u00eatre utilis\u00e9s plusieurs fois ?<\/h4>\n<p>R : Ces couvre-chaussures sont con\u00e7us pour \u00eatre jetables et \u00e0 usage unique afin de garantir une hygi\u00e8ne optimale et de r\u00e9duire le risque de contamination crois\u00e9e. Il n'est pas recommand\u00e9 de r\u00e9utiliser les couvre-chaussures.<\/p>\n<h4>Q5 : \u00c0 quelles pointures de chaussures ces housses s'adaptent-elles ?<\/h4>\n<p>R : Nos couvre-chaussures jetables avec bande antistatique sur le dessous sont disponibles en taille unique et sont con\u00e7us pour s'adapter confortablement \u00e0 un large \u00e9ventail de tailles de chaussures gr\u00e2ce \u00e0 leurs bandes \u00e9lastiques autour de l'ouverture.<\/p>\n<h4>Q6 : Ces couvre-chaussures conviennent-ils pour les salles blanches ?<\/h4>\n<p>R : Oui, ces couvre-chaussures jetables peuvent \u00eatre utilis\u00e9s dans les salles blanches, ainsi que dans d'autres environnements n\u00e9cessitant une propret\u00e9, une protection et un contr\u00f4le de l'\u00e9lectricit\u00e9 statique accrus, tels que les \u00e9tablissements m\u00e9dicaux, les laboratoires et les chantiers de construction.<\/p>\n<h4>Q7 : Comment puis-je me d\u00e9barrasser correctement des couvre-chaussures usag\u00e9s ?<\/h4>\n<p>R : Apr\u00e8s avoir utilis\u00e9 les couvre-chaussures, retirez-les avec pr\u00e9caution sans toucher la surface ext\u00e9rieure potentiellement contamin\u00e9e. Jetez les couvre-chaussures usag\u00e9s dans une poubelle pr\u00e9vue \u00e0 cet effet, conform\u00e9ment aux directives de votre \u00e9tablissement ou aux r\u00e9glementations locales.<\/p>","protected":false},"excerpt":{"rendered":"<p>Nous vous pr\u00e9sentons nos couvre-chaussures jetables avec bande antistatique sur le dessous, con\u00e7us pour assurer une protection optimale, la propret\u00e9 et le contr\u00f4le des d\u00e9charges \u00e9lectrostatiques dans divers environnements. Fabriqu\u00e9es \u00e0 partir d'un mat\u00e9riau non tiss\u00e9 de haute qualit\u00e9, ces housses de chaussures offrent une durabilit\u00e9 et une protection accrue. La bande antistatique sur le fond garantit la s\u00e9curit\u00e9 dans les environnements o\u00f9 les d\u00e9charges \u00e9lectrostatiques sont pr\u00e9occupantes. Les bandes \u00e9lastiques autour de l'ouverture garantissent un ajustement s\u00fbr et confortable, ce qui en fait un choix id\u00e9al pour un large \u00e9ventail d'applications.<\/p>","protected":false},"featured_media":2273,"template":"","meta":{"_seopress_robots_primary_cat":"none","_seopress_titles_title":"Medical-Grade Shoe Covers: PP Non-Woven, Plastic, Customizable Sizes","_seopress_titles_desc":"This shoe cover is made with PP non-woven material, machine made with sewn-by-hand plastic tape. Comes in a variety of sizes, colors, and weights, perfect for medical, surgical, industrial, cleaning, and more. Find out the right shoe cover for your needs!","_seopress_robots_index":""},"product_brand":[],"product_cat":[47],"product_tag":[57,66],"class_list":{"0":"post-2271","1":"product","2":"type-product","3":"status-publish","4":"has-post-thumbnail","6":"product_cat-foot-protection","7":"product_tag-non-woven","8":"product_tag-shoe-cover","10":"first","11":"instock","12":"shipping-taxable","13":"product-type-simple"},"_links":{"self":[{"href":"https:\/\/med-disposable.com\/fr\/wp-json\/wp\/v2\/product\/2271","targetHints":{"allow":["GET"]}}],"collection":[{"href":"https:\/\/med-disposable.com\/fr\/wp-json\/wp\/v2\/product"}],"about":[{"href":"https:\/\/med-disposable.com\/fr\/wp-json\/wp\/v2\/types\/product"}],"version-history":[{"count":0,"href":"https:\/\/med-disposable.com\/fr\/wp-json\/wp\/v2\/product\/2271\/revisions"}],"wp:featuredmedia":[{"embeddable":true,"href":"https:\/\/med-disposable.com\/fr\/wp-json\/wp\/v2\/media\/2273"}],"wp:attachment":[{"href":"https:\/\/med-disposable.com\/fr\/wp-json\/wp\/v2\/media?parent=2271"}],"wp:term":[{"taxonomy":"product_brand","embeddable":true,"href":"https:\/\/med-disposable.com\/fr\/wp-json\/wp\/v2\/product_brand?post=2271"},{"taxonomy":"product_cat","embeddable":true,"href":"https:\/\/med-disposable.com\/fr\/wp-json\/wp\/v2\/product_cat?post=2271"},{"taxonomy":"product_tag","embeddable":true,"href":"https:\/\/med-disposable.com\/fr\/wp-json\/wp\/v2\/product_tag?post=2271"}],"curies":[{"name":"wp","href":"https:\/\/api.w.org\/{rel}","templated":true}]}}