{"id":2298,"date":"2021-08-02T11:12:03","date_gmt":"2021-08-02T03:12:03","guid":{"rendered":"https:\/\/med-disposable.com\/?post_type=product&#038;p=2298"},"modified":"2023-07-03T11:55:51","modified_gmt":"2023-07-03T03:55:51","slug":"combinaison-medicale-jetable-de-protection-du-corps-entier","status":"publish","type":"product","link":"https:\/\/med-disposable.com\/fr\/product\/disposable-full-body-protective-medical-coverall\/","title":{"rendered":"Combinaison m\u00e9dicale jetable de protection du corps entier"},"content":{"rendered":"<h2>Sp\u00e9cification de base :<\/h2>\n<table width=\"445\">\n<tbody>\n<tr>\n<td width=\"98\">Taille<\/td>\n<td width=\"347\">M-5XL<\/td>\n<\/tr>\n<tr>\n<td>Mat\u00e9riau<\/td>\n<td>Microporeux<\/td>\n<\/tr>\n<tr>\n<td>Poids en grammes<\/td>\n<td>50-65gsm<\/td>\n<\/tr>\n<tr>\n<td width=\"98\">Style<\/td>\n<td width=\"347\">Capuche avec \u00e9lastique ; fermeture \u00e0 glissi\u00e8re avant avec double rabat ;<\/p>\n<p>Taille avec \u00e9lastique ;<\/p>\n<p>Poignets avec \u00e9lastique ;<\/p>\n<p>Chevilles sans couvre-chaussures ;<\/p>\n<p>Coudre les pi\u00e8ces de couture \u00e0 l'aide de rubans d'\u00e9tanch\u00e9it\u00e9.<\/td>\n<\/tr>\n<tr>\n<td width=\"98\">Normes de qualit\u00e9<\/td>\n<td width=\"347\">EN14126:2003<\/td>\n<\/tr>\n<\/tbody>\n<\/table>\n<figure class=\"wp-block-embed wp-block-embed-youtube is-type-video is-provider-youtube epyt-figure\"><div class=\"wp-block-embed__wrapper\"><div  id=\"_ytid_15105\"  width=\"800\" height=\"450\"  data-origwidth=\"800\" data-origheight=\"450\" data-facadesrc=\"https:\/\/www.youtube.com\/embed\/qIcS-KzevtA?enablejsapi=1&autoplay=0&cc_load_policy=0&cc_lang_pref=&iv_load_policy=1&loop=0&rel=1&fs=1&playsinline=0&autohide=2&theme=dark&color=red&controls=1&disablekb=0&\" class=\"__youtube_prefs__ epyt-facade no-lazyload\" data-epautoplay=\"1\" ><img decoding=\"async\" data-spai-excluded=\"true\" class=\"epyt-facade-poster skip-lazy\" loading=\"lazy\"  alt=\"Lecteur YouTube\"  src=\"https:\/\/i.ytimg.com\/vi\/qIcS-KzevtA\/maxresdefault.jpg\"  \/><button class=\"epyt-facade-play\" aria-label=\"Jouer\"><svg data-no-lazy=\"1\" height=\"100%\" version=\"1.1\" viewbox=\"0 0 68 48\" width=\"100%\"><path class=\"ytp-large-play-button-bg\" d=\"M66.52,7.74c-0.78-2.93-2.49-5.41-5.42-6.19C55.79,.13,34,0,34,0S12.21,.13,6.9,1.55 C3.97,2.33,2.27,4.81,1.48,7.74C0.06,13.05,0,24,0,24s0.06,10.95,1.48,16.26c0.78,2.93,2.49,5.41,5.42,6.19 C12.21,47.87,34,48,34,48s21.79-0.13,27.1-1.55c2.93-0.78,4.64-3.26,5.42-6.19C67.94,34.95,68,24,68,24S67.94,13.05,66.52,7.74z\" fill=\"#f00\"><\/path><path d=\"M 45,24 27,14 27,34\" fill=\"#fff\"><\/path><\/svg><\/button><\/div><\/div><\/figure>\n<h2>Avantages des combinaisons m\u00e9dicales jetables :<\/h2>\n<ul>\n<li><strong>Mat\u00e9riau microporeux :<\/strong> Notre combinaison m\u00e9dicale est fabriqu\u00e9e \u00e0 partir d'un mat\u00e9riau microporeux enduit de PP non tiss\u00e9 de haute qualit\u00e9 qui offre une excellente protection contre les d\u00e9versements de liquides, les \u00e9claboussures et les particules en suspension dans l'air. Ce mat\u00e9riau est \u00e9galement perm\u00e9able \u00e0 l'air, ce qui garantit le confort pendant les p\u00e9riodes de port prolong\u00e9es.<\/li>\n<li><strong>Mod\u00e8le \u00e0 capuche :<\/strong>\u00a0La combinaison est dot\u00e9e d'une capuche qui offre une couverture suppl\u00e9mentaire au niveau de la t\u00eate et du cou, r\u00e9duisant ainsi le risque de contamination et garantissant une bonne tenue.<\/li>\n<li><strong>Coutures scell\u00e9es :<\/strong>\u00a0Toutes les coutures de la combinaison sont scell\u00e9es \u00e0 l'aide de rubans, ce qui offre une protection suppl\u00e9mentaire contre les risques potentiels. Ce processus de scellement garantit que la combinaison reste durable et r\u00e9sistante \u00e0 l'usure.<\/li>\n<li><strong>Poignets et ceinture \u00e9lastiques :<\/strong>\u00a0Pour un ajustement s\u00fbr et confortable, cette combinaison est dot\u00e9e de poignets \u00e9lastiques et d'une ceinture \u00e9lastique. Ces caract\u00e9ristiques permettent de maintenir la combinaison en place, d'\u00e9viter l'exposition aux contaminants et de garantir la facilit\u00e9 de mouvement.<\/li>\n<li><strong>Facile \u00e0 mettre et \u00e0 enlever :<\/strong>\u00a0La combinaison est dot\u00e9e d'une fermeture \u00e0 glissi\u00e8re sur le devant qui permet de l'enfiler et de l'enlever facilement en cas de besoin.<\/li>\n<li><strong>Non Les bottes sont incluses :<\/strong>\u00a0Cette combinaison ne comprend pas de bottes, ce qui vous permet de porter vos chaussures pr\u00e9f\u00e9r\u00e9es pour un confort et une s\u00e9curit\u00e9 optimaux.<\/li>\n<\/ul>\n<p>&nbsp;<\/p>\n<p><img fetchpriority=\"high\" decoding=\"async\" class=\"aligncenter wp-image-5657 size-full\" src=\"https:\/\/med-disposable.com\/wp-content\/uploads\/2021\/08\/coverall-with-blue-tape-8.jpg\" alt=\"\" width=\"800\" height=\"1025\" srcset=\"https:\/\/med-disposable.com\/wp-content\/uploads\/2021\/08\/coverall-with-blue-tape-8.jpg 800w, https:\/\/med-disposable.com\/wp-content\/uploads\/2021\/08\/coverall-with-blue-tape-8-234x300.jpg 234w, https:\/\/med-disposable.com\/wp-content\/uploads\/2021\/08\/coverall-with-blue-tape-8-768x984.jpg 768w, https:\/\/med-disposable.com\/wp-content\/uploads\/2021\/08\/coverall-with-blue-tape-8-600x769.jpg 600w\" sizes=\"(max-width: 800px) 100vw, 800px\" \/> <img decoding=\"async\" class=\"aligncenter wp-image-5653 size-full\" src=\"https:\/\/med-disposable.com\/wp-content\/uploads\/2021\/08\/coverall-with-blue-tape-3.jpg\" alt=\"\" width=\"800\" height=\"499\" srcset=\"https:\/\/med-disposable.com\/wp-content\/uploads\/2021\/08\/coverall-with-blue-tape-3.jpg 800w, https:\/\/med-disposable.com\/wp-content\/uploads\/2021\/08\/coverall-with-blue-tape-3-300x187.jpg 300w, https:\/\/med-disposable.com\/wp-content\/uploads\/2021\/08\/coverall-with-blue-tape-3-768x479.jpg 768w, https:\/\/med-disposable.com\/wp-content\/uploads\/2021\/08\/coverall-with-blue-tape-3-600x374.jpg 600w\" sizes=\"(max-width: 800px) 100vw, 800px\" \/><\/p>\n<p><img decoding=\"async\" class=\"aligncenter wp-image-5654 size-large\" src=\"https:\/\/med-disposable.com\/wp-content\/uploads\/2021\/08\/coverall-with-blue-tape-4-1-728x1024.jpg\" alt=\"\" width=\"728\" height=\"1024\" srcset=\"https:\/\/med-disposable.com\/wp-content\/uploads\/2021\/08\/coverall-with-blue-tape-4-1-728x1024.jpg 728w, https:\/\/med-disposable.com\/wp-content\/uploads\/2021\/08\/coverall-with-blue-tape-4-1-213x300.jpg 213w, https:\/\/med-disposable.com\/wp-content\/uploads\/2021\/08\/coverall-with-blue-tape-4-1-768x1080.jpg 768w, https:\/\/med-disposable.com\/wp-content\/uploads\/2021\/08\/coverall-with-blue-tape-4-1-600x844.jpg 600w, https:\/\/med-disposable.com\/wp-content\/uploads\/2021\/08\/coverall-with-blue-tape-4-1.jpg 800w\" sizes=\"(max-width: 728px) 100vw, 728px\" \/><\/p>\n<p>&nbsp;<\/p>\n<h4>Applications :<\/h4>\n<ul>\n<li>H\u00f4pitaux et cliniques<\/li>\n<li>Laboratoires<\/li>\n<li>Fabrication de produits pharmaceutiques<\/li>\n<li>Manipulation et traitement des produits chimiques<\/li>\n<li>Transformation et manipulation des aliments<\/li>\n<li>Intervention d'urgence et d\u00e9contamination<\/li>\n<\/ul>\n<p>&nbsp;<\/p>\n<h2><img loading=\"lazy\" decoding=\"async\" class=\"aligncenter wp-image-5656 size-large\" src=\"https:\/\/med-disposable.com\/wp-content\/uploads\/2021\/08\/coverall-with-blue-tape-6-720x1024.jpg\" alt=\"\" width=\"720\" height=\"1024\" srcset=\"https:\/\/med-disposable.com\/wp-content\/uploads\/2021\/08\/coverall-with-blue-tape-6-720x1024.jpg 720w, https:\/\/med-disposable.com\/wp-content\/uploads\/2021\/08\/coverall-with-blue-tape-6-211x300.jpg 211w, https:\/\/med-disposable.com\/wp-content\/uploads\/2021\/08\/coverall-with-blue-tape-6-768x1092.jpg 768w, https:\/\/med-disposable.com\/wp-content\/uploads\/2021\/08\/coverall-with-blue-tape-6-600x854.jpg 600w, https:\/\/med-disposable.com\/wp-content\/uploads\/2021\/08\/coverall-with-blue-tape-6.jpg 800w\" sizes=\"(max-width: 720px) 100vw, 720px\" \/><\/h2>","protected":false},"excerpt":{"rendered":"<p>Notre combinaison m\u00e9dicale jetable de protection du corps entier est con\u00e7ue pour offrir un niveau \u00e9lev\u00e9 de protection et de confort lors de diverses proc\u00e9dures m\u00e9dicales et dans des environnements dangereux. Fabriqu\u00e9e dans un mat\u00e9riau microporeux, cette combinaison est l\u00e9g\u00e8re, respirante et r\u00e9sistante aux liquides et aux particules en suspension dans l'air. Avec une capuche pour une couverture suppl\u00e9mentaire et des coutures scell\u00e9es par des rubans, vous pouvez travailler en toute confiance dans un environnement s\u00fbr et s\u00e9curis\u00e9.<\/p>","protected":false},"featured_media":8300,"template":"","meta":{"_seopress_robots_primary_cat":"none","_seopress_titles_title":"Stay Safe with Head-to-Toe Protection: Full Body Coverall M-5XL","_seopress_titles_desc":"Stay protected with this Full Body Protective Coverall! The 50-65 gram microporous material is stitched with tapes and elastic bands for extra security, in sizes M-5XL and white. Stay safe while you work.","_seopress_robots_index":""},"product_brand":[],"product_cat":[44],"product_tag":[64,57],"class_list":{"0":"post-2298","1":"product","2":"type-product","3":"status-publish","4":"has-post-thumbnail","6":"product_cat-coverall","7":"product_tag-coverall","8":"product_tag-non-woven","10":"first","11":"instock","12":"shipping-taxable","13":"product-type-simple"},"_links":{"self":[{"href":"https:\/\/med-disposable.com\/fr\/wp-json\/wp\/v2\/product\/2298","targetHints":{"allow":["GET"]}}],"collection":[{"href":"https:\/\/med-disposable.com\/fr\/wp-json\/wp\/v2\/product"}],"about":[{"href":"https:\/\/med-disposable.com\/fr\/wp-json\/wp\/v2\/types\/product"}],"version-history":[{"count":0,"href":"https:\/\/med-disposable.com\/fr\/wp-json\/wp\/v2\/product\/2298\/revisions"}],"wp:featuredmedia":[{"embeddable":true,"href":"https:\/\/med-disposable.com\/fr\/wp-json\/wp\/v2\/media\/8300"}],"wp:attachment":[{"href":"https:\/\/med-disposable.com\/fr\/wp-json\/wp\/v2\/media?parent=2298"}],"wp:term":[{"taxonomy":"product_brand","embeddable":true,"href":"https:\/\/med-disposable.com\/fr\/wp-json\/wp\/v2\/product_brand?post=2298"},{"taxonomy":"product_cat","embeddable":true,"href":"https:\/\/med-disposable.com\/fr\/wp-json\/wp\/v2\/product_cat?post=2298"},{"taxonomy":"product_tag","embeddable":true,"href":"https:\/\/med-disposable.com\/fr\/wp-json\/wp\/v2\/product_tag?post=2298"}],"curies":[{"name":"wp","href":"https:\/\/api.w.org\/{rel}","templated":true}]}}