{"id":2370,"date":"2021-08-09T19:04:33","date_gmt":"2021-08-09T11:04:33","guid":{"rendered":"https:\/\/med-disposable.com\/?post_type=product&#038;p=2370"},"modified":"2023-06-14T19:00:56","modified_gmt":"2023-06-14T11:00:56","slug":"housse-de-lit-smspe-jetable-pour-lhopital","status":"publish","type":"product","link":"https:\/\/med-disposable.com\/fr\/product\/disposable-smspe-bed-cover-for-hospital\/","title":{"rendered":"Housse de lit jetable SMS+PE pour l'h\u00f4pital"},"content":{"rendered":"<h2>Caract\u00e9ristiques<\/h2>\n<ul>\n<li><strong>Mat\u00e9riau :<\/strong>\u00a0Notre housse de lit jetable est fabriqu\u00e9e \u00e0 partir d'une combinaison de mat\u00e9riaux SMS et PE de premi\u00e8re qualit\u00e9, qui offrent une r\u00e9sistance, une douceur et une protection sup\u00e9rieures. Le mat\u00e9riau SMS est respirant et hypoallerg\u00e9nique, tandis que la couche PE ajoute une protection imperm\u00e9able, garantissant une exp\u00e9rience confortable pour les patients \u00e0 la peau sensible ou souffrant d'allergies.<\/li>\n<\/ul>\n<p><img fetchpriority=\"high\" decoding=\"async\" class=\"aligncenter wp-image-7990 size-full\" src=\"https:\/\/med-disposable.com\/wp-content\/uploads\/2021\/08\/SMSPE-material.jpg\" alt=\"\" width=\"800\" height=\"800\" srcset=\"https:\/\/med-disposable.com\/wp-content\/uploads\/2021\/08\/SMSPE-material.jpg 800w, https:\/\/med-disposable.com\/wp-content\/uploads\/2021\/08\/SMSPE-material-300x300.jpg 300w, https:\/\/med-disposable.com\/wp-content\/uploads\/2021\/08\/SMSPE-material-150x150.jpg 150w, https:\/\/med-disposable.com\/wp-content\/uploads\/2021\/08\/SMSPE-material-768x768.jpg 768w, https:\/\/med-disposable.com\/wp-content\/uploads\/2021\/08\/SMSPE-material-600x600.jpg 600w, https:\/\/med-disposable.com\/wp-content\/uploads\/2021\/08\/SMSPE-material-100x100.jpg 100w\" sizes=\"(max-width: 800px) 100vw, 800px\" \/><\/p>\n<p>&nbsp;<\/p>\n<ul>\n<li><strong>Imperm\u00e9able et respirant :<\/strong>\u00a0La combinaison unique de mat\u00e9riaux SMS et PE dans notre housse de lit jetable offre le meilleur des deux mondes : protection imperm\u00e9able et respirabilit\u00e9. Cette caract\u00e9ristique est particuli\u00e8rement utile dans les h\u00f4pitaux, o\u00f9 des d\u00e9versements et des accidents peuvent se produire, tout en assurant le confort des patients.<\/li>\n<\/ul>\n<p><img decoding=\"async\" class=\"aligncenter wp-image-1804 size-full\" src=\"https:\/\/med-disposable.com\/wp-content\/uploads\/2021\/05\/product-894464-t-1605606399-o.jpg\" alt=\"\" width=\"600\" height=\"600\" srcset=\"https:\/\/med-disposable.com\/wp-content\/uploads\/2021\/05\/product-894464-t-1605606399-o.jpg 600w, https:\/\/med-disposable.com\/wp-content\/uploads\/2021\/05\/product-894464-t-1605606399-o-300x300.jpg 300w, https:\/\/med-disposable.com\/wp-content\/uploads\/2021\/05\/product-894464-t-1605606399-o-150x150.jpg 150w, https:\/\/med-disposable.com\/wp-content\/uploads\/2021\/05\/product-894464-t-1605606399-o-100x100.jpg 100w\" sizes=\"(max-width: 600px) 100vw, 600px\" \/><\/p>\n<ul>\n<li><strong>Doux et doux pour la peau :<\/strong>\u00a0La texture douce et confortable de notre housse de lit jetable garantit une exp\u00e9rience agr\u00e9able pour les patients, rendant leur s\u00e9jour plus relaxant et plus agr\u00e9able. Les mat\u00e9riaux doux pour la peau utilis\u00e9s dans la housse de lit permettent d'\u00e9viter les irritations ou les allergies pour les patients \u00e0 la peau sensible.<\/li>\n<li><strong>Elastique de haute qualit\u00e9 :<\/strong> L'\u00e9lastique de haute qualit\u00e9 aux deux extr\u00e9mit\u00e9s de la housse de lit lui permet de s'adapter \u00e0 la plupart des tailles de lit, garantissant ainsi une surface propre et s\u00fbre \u00e0 vos clients. L'\u00e9lastique facilite \u00e9galement la mise en place et le retrait de la housse de lit, ce qui permet \u00e0 votre personnel d'\u00e9conomiser du temps et des efforts.<\/li>\n<\/ul>\n<p><img decoding=\"async\" class=\"aligncenter wp-image-7989 size-full\" src=\"https:\/\/med-disposable.com\/wp-content\/uploads\/2021\/08\/high-quality-elastic.jpg\" alt=\"\" width=\"730\" height=\"730\" srcset=\"https:\/\/med-disposable.com\/wp-content\/uploads\/2021\/08\/high-quality-elastic.jpg 730w, https:\/\/med-disposable.com\/wp-content\/uploads\/2021\/08\/high-quality-elastic-300x300.jpg 300w, https:\/\/med-disposable.com\/wp-content\/uploads\/2021\/08\/high-quality-elastic-150x150.jpg 150w, https:\/\/med-disposable.com\/wp-content\/uploads\/2021\/08\/high-quality-elastic-600x600.jpg 600w, https:\/\/med-disposable.com\/wp-content\/uploads\/2021\/08\/high-quality-elastic-100x100.jpg 100w\" sizes=\"(max-width: 730px) 100vw, 730px\" \/><\/p>\n<ul>\n<li><strong>Hygi\u00e8ne et propret\u00e9 :<\/strong>\u00a0L'utilisation de couvre-lits jetables dans votre h\u00f4pital ou votre \u00e9tablissement de soins est un excellent moyen de maintenir des niveaux \u00e9lev\u00e9s d'hygi\u00e8ne et de propret\u00e9. En rempla\u00e7ant la housse de lit apr\u00e8s chaque patient, vous garantissez un environnement propre et hygi\u00e9nique \u00e0 vos patients et \u00e0 votre personnel.<\/li>\n<\/ul>\n<p>&nbsp;<\/p>\n<h2>Sp\u00e9cification de base :<\/h2>\n<table width=\"448\">\n<tbody>\n<tr>\n<td width=\"118\">Taille<\/td>\n<td width=\"330\">90*190cm, 110*220cm, 130*240cm, ou sur demande<\/td>\n<\/tr>\n<tr>\n<td width=\"118\">Mat\u00e9riau<\/td>\n<td width=\"330\">SMS+PE<\/td>\n<\/tr>\n<tr>\n<td width=\"118\">Poids<\/td>\n<td width=\"330\">45-80gsm<\/td>\n<\/tr>\n<tr>\n<td width=\"118\">Couleur<\/td>\n<td width=\"330\">Blanc, bleu, bleu fonc\u00e9, ou selon la demande<\/td>\n<\/tr>\n<tr>\n<td width=\"118\">Style<\/td>\n<td width=\"330\">avec un \u00e9lastique aux deux extr\u00e9mit\u00e9s ; un \u00e9lastique aux quatre coins ; un \u00e9lastique sur tout le pourtour, selon votre choix<\/td>\n<\/tr>\n<\/tbody>\n<\/table>","protected":false},"excerpt":{"rendered":"<p>Notre housse de lit jetable SMS+PE est sp\u00e9cialement con\u00e7ue pour les h\u00f4pitaux et les \u00e9tablissements de soins de sant\u00e9 afin d'offrir aux patients une surface confortable et hygi\u00e9nique. Fabriqu\u00e9e \u00e0 partir d'une combinaison de mat\u00e9riaux SMS (Spunbond-Meltblown-Spunbond) et PE (Polyethylene) de haute qualit\u00e9, cette housse de lit est \u00e0 la fois imperm\u00e9able et respirante, garantissant une exp\u00e9rience confortable et protectrice pour les patients. La texture douce et agr\u00e9able pour la peau de notre housse de lit jetable garantit le plus grand confort pendant leur s\u00e9jour.<\/p>","protected":false},"featured_media":1791,"template":"","meta":{"_seopress_robots_primary_cat":"none","_seopress_titles_title":"SMS Non-Woven Fabric: Lightweight, Tear Resistant, Hygienic &amp; Water-Proof","_seopress_titles_desc":"request\r\n\r\n&quot;This feature-rich, lightweight fabric is made of SMS with PE coating, and is waterproof, oil-resistant, and hygienic. Available in various sizes and colors upon request. Make your life easier and healthier with this tear-resistant fabric!","_seopress_robots_index":""},"product_brand":[],"product_cat":[49],"product_tag":[68,57],"class_list":{"0":"post-2370","1":"product","2":"type-product","3":"status-publish","4":"has-post-thumbnail","6":"product_cat-bed-linens","7":"product_tag-bed-cover","8":"product_tag-non-woven","10":"first","11":"instock","12":"shipping-taxable","13":"product-type-simple"},"_links":{"self":[{"href":"https:\/\/med-disposable.com\/fr\/wp-json\/wp\/v2\/product\/2370","targetHints":{"allow":["GET"]}}],"collection":[{"href":"https:\/\/med-disposable.com\/fr\/wp-json\/wp\/v2\/product"}],"about":[{"href":"https:\/\/med-disposable.com\/fr\/wp-json\/wp\/v2\/types\/product"}],"version-history":[{"count":0,"href":"https:\/\/med-disposable.com\/fr\/wp-json\/wp\/v2\/product\/2370\/revisions"}],"wp:featuredmedia":[{"embeddable":true,"href":"https:\/\/med-disposable.com\/fr\/wp-json\/wp\/v2\/media\/1791"}],"wp:attachment":[{"href":"https:\/\/med-disposable.com\/fr\/wp-json\/wp\/v2\/media?parent=2370"}],"wp:term":[{"taxonomy":"product_brand","embeddable":true,"href":"https:\/\/med-disposable.com\/fr\/wp-json\/wp\/v2\/product_brand?post=2370"},{"taxonomy":"product_cat","embeddable":true,"href":"https:\/\/med-disposable.com\/fr\/wp-json\/wp\/v2\/product_cat?post=2370"},{"taxonomy":"product_tag","embeddable":true,"href":"https:\/\/med-disposable.com\/fr\/wp-json\/wp\/v2\/product_tag?post=2370"}],"curies":[{"name":"wp","href":"https:\/\/api.w.org\/{rel}","templated":true}]}}