{"id":2376,"date":"2021-08-10T17:22:10","date_gmt":"2021-08-10T09:22:10","guid":{"rendered":"https:\/\/med-disposable.com\/?post_type=product&#038;p=2376"},"modified":"2023-04-17T10:50:55","modified_gmt":"2023-04-17T02:50:55","slug":"combinaison-medicale-jetable-avec-bandes-bleues","status":"publish","type":"product","link":"https:\/\/med-disposable.com\/fr\/product\/disposable-medical-coverall-with-blue-tapes\/","title":{"rendered":"Combinaison m\u00e9dicale jetable avec bandes bleues"},"content":{"rendered":"<p><strong>Pr\u00e9sentation du produit :<\/strong><\/p>\n<p>Nos combinaisons m\u00e9dicales jetables avec bandes bleues sont con\u00e7ues pour offrir une protection et un confort optimaux aux professionnels de la sant\u00e9 dans divers environnements m\u00e9dicaux. Ces combinaisons de haute qualit\u00e9 sont fabriqu\u00e9es \u00e0 partir de mat\u00e9riaux microporeux durables, l\u00e9gers et respirants, garantissant un ajustement confortable sans compromettre la s\u00e9curit\u00e9. Les bandes bleues ajoutent une couche de r\u00e9sistance aux liquides et am\u00e9liorent la visibilit\u00e9, ce qui permet de les utiliser dans les h\u00f4pitaux, les laboratoires et d'autres \u00e9tablissements de sant\u00e9.<\/p>\n<p><img fetchpriority=\"high\" decoding=\"async\" class=\"aligncenter wp-image-5637 size-large\" src=\"https:\/\/med-disposable.com\/wp-content\/uploads\/2021\/08\/40A0012-1024x1024.jpg\" alt=\"\" width=\"800\" height=\"800\" srcset=\"https:\/\/med-disposable.com\/wp-content\/uploads\/2021\/08\/40A0012-1024x1024.jpg 1024w, https:\/\/med-disposable.com\/wp-content\/uploads\/2021\/08\/40A0012-300x300.jpg 300w, https:\/\/med-disposable.com\/wp-content\/uploads\/2021\/08\/40A0012-150x150.jpg 150w, https:\/\/med-disposable.com\/wp-content\/uploads\/2021\/08\/40A0012-768x768.jpg 768w, https:\/\/med-disposable.com\/wp-content\/uploads\/2021\/08\/40A0012-1536x1536.jpg 1536w, https:\/\/med-disposable.com\/wp-content\/uploads\/2021\/08\/40A0012-scaled.jpg 2048w, https:\/\/med-disposable.com\/wp-content\/uploads\/2021\/08\/40A0012-600x600.jpg 600w, https:\/\/med-disposable.com\/wp-content\/uploads\/2021\/08\/40A0012-100x100.jpg 100w\" sizes=\"(max-width: 800px) 100vw, 800px\" \/><\/p>\n<p>&nbsp;<\/p>\n<p><strong>Sp\u00e9cification de base :<\/strong><\/p>\n<table width=\"445\">\n<tbody>\n<tr>\n<td width=\"98\">Taille<\/td>\n<td width=\"347\">M-5XL<\/td>\n<\/tr>\n<tr>\n<td>Mat\u00e9riau<\/td>\n<td>Microporeux<\/td>\n<\/tr>\n<tr>\n<td>Poids en grammes<\/td>\n<td>65gsm<\/td>\n<\/tr>\n<tr>\n<td width=\"98\">Style<\/td>\n<td width=\"347\">Fermeture \u00e0 glissi\u00e8re sur le devant avec double rabat ; capuche, taille et poignets \u00e9lastiques ;<\/p>\n<p>Les chevilles sont munies d'un \u00e9lastique et peuvent \u00eatre recouvertes d'un couvre-chaussure ;<\/p>\n<p>Coudre les pi\u00e8ces de couture \u00e0 l'aide de rubans bleus.<\/td>\n<\/tr>\n<tr>\n<td width=\"98\">Couleur<\/td>\n<td width=\"347\">Blanc<\/td>\n<\/tr>\n<\/tbody>\n<\/table>\n<p>&nbsp;<\/p>\n<p><strong>Caract\u00e9ristiques :<\/strong><\/p>\n<ul>\n<li>Mat\u00e9riaux de haute qualit\u00e9 : Nos combinaisons m\u00e9dicales jetables sont fabriqu\u00e9es dans un mat\u00e9riau microporeux qui constitue une barri\u00e8re solide contre les liquides, les particules et les contaminants.<\/li>\n<\/ul>\n<p><img decoding=\"async\" class=\"aligncenter wp-image-5657 size-full\" src=\"https:\/\/med-disposable.com\/wp-content\/uploads\/2021\/08\/coverall-with-blue-tape-8.jpg\" alt=\"\" width=\"800\" height=\"1025\" srcset=\"https:\/\/med-disposable.com\/wp-content\/uploads\/2021\/08\/coverall-with-blue-tape-8.jpg 800w, https:\/\/med-disposable.com\/wp-content\/uploads\/2021\/08\/coverall-with-blue-tape-8-234x300.jpg 234w, https:\/\/med-disposable.com\/wp-content\/uploads\/2021\/08\/coverall-with-blue-tape-8-768x984.jpg 768w, https:\/\/med-disposable.com\/wp-content\/uploads\/2021\/08\/coverall-with-blue-tape-8-600x769.jpg 600w\" sizes=\"(max-width: 800px) 100vw, 800px\" \/><\/p>\n<ul>\n<li>Rubans bleus r\u00e9sistants aux liquides : Les rubans bleus am\u00e9liorent la visibilit\u00e9 tout en offrant une r\u00e9sistance suppl\u00e9mentaire aux liquides, garantissant ainsi le plus haut niveau de protection dans les environnements m\u00e9dicaux.<\/li>\n<\/ul>\n<p><img decoding=\"async\" class=\"aligncenter wp-image-5652 size-full\" src=\"https:\/\/med-disposable.com\/wp-content\/uploads\/2021\/08\/coverall-with-blue-tape-2.png\" alt=\"\" width=\"800\" height=\"515\" srcset=\"https:\/\/med-disposable.com\/wp-content\/uploads\/2021\/08\/coverall-with-blue-tape-2.png 800w, https:\/\/med-disposable.com\/wp-content\/uploads\/2021\/08\/coverall-with-blue-tape-2-300x193.png 300w, https:\/\/med-disposable.com\/wp-content\/uploads\/2021\/08\/coverall-with-blue-tape-2-768x494.png 768w, https:\/\/med-disposable.com\/wp-content\/uploads\/2021\/08\/coverall-with-blue-tape-2-600x386.png 600w\" sizes=\"(max-width: 800px) 100vw, 800px\" \/><\/p>\n<ul>\n<li>Respirante et l\u00e9g\u00e8re : Les combinaisons sont con\u00e7ues pour un confort maximal, avec des mat\u00e9riaux qui permettent la circulation de l'air, \u00e9vitant ainsi la surchauffe et l'inconfort lors d'un port prolong\u00e9.<\/li>\n<li>Taille, poignets et chevilles \u00e9lastiques : Ces caract\u00e9ristiques garantissent un ajustement s\u00fbr et confortable, emp\u00eachant l'entr\u00e9e de contaminants et permettant une facilit\u00e9 de mouvement.<\/li>\n<\/ul>\n<p><img loading=\"lazy\" decoding=\"async\" class=\"aligncenter wp-image-5651 size-full\" src=\"https:\/\/med-disposable.com\/wp-content\/uploads\/2021\/08\/coverall-with-blue-tape-1.png\" alt=\"\" width=\"800\" height=\"514\" srcset=\"https:\/\/med-disposable.com\/wp-content\/uploads\/2021\/08\/coverall-with-blue-tape-1.png 800w, https:\/\/med-disposable.com\/wp-content\/uploads\/2021\/08\/coverall-with-blue-tape-1-300x193.png 300w, https:\/\/med-disposable.com\/wp-content\/uploads\/2021\/08\/coverall-with-blue-tape-1-768x493.png 768w, https:\/\/med-disposable.com\/wp-content\/uploads\/2021\/08\/coverall-with-blue-tape-1-600x386.png 600w\" sizes=\"(max-width: 800px) 100vw, 800px\" \/> <img loading=\"lazy\" decoding=\"async\" class=\"aligncenter wp-image-5653 size-full\" src=\"https:\/\/med-disposable.com\/wp-content\/uploads\/2021\/08\/coverall-with-blue-tape-3.jpg\" alt=\"\" width=\"800\" height=\"499\" srcset=\"https:\/\/med-disposable.com\/wp-content\/uploads\/2021\/08\/coverall-with-blue-tape-3.jpg 800w, https:\/\/med-disposable.com\/wp-content\/uploads\/2021\/08\/coverall-with-blue-tape-3-300x187.jpg 300w, https:\/\/med-disposable.com\/wp-content\/uploads\/2021\/08\/coverall-with-blue-tape-3-768x479.jpg 768w, https:\/\/med-disposable.com\/wp-content\/uploads\/2021\/08\/coverall-with-blue-tape-3-600x374.jpg 600w\" sizes=\"(max-width: 800px) 100vw, 800px\" \/><\/p>\n<ul>\n<li>Fermeture \u00e0 glissi\u00e8re avec rabat adh\u00e9sif : La fermeture \u00e0 glissi\u00e8re facile \u00e0 utiliser et le rabat adh\u00e9sif assurent une fermeture s\u00fbre, prot\u00e9geant le porteur et pr\u00e9servant la st\u00e9rilit\u00e9.<\/li>\n<\/ul>\n<p><img loading=\"lazy\" decoding=\"async\" class=\"aligncenter wp-image-5654 size-full\" src=\"https:\/\/med-disposable.com\/wp-content\/uploads\/2021\/08\/coverall-with-blue-tape-4-1.jpg\" alt=\"\" width=\"800\" height=\"1125\" srcset=\"https:\/\/med-disposable.com\/wp-content\/uploads\/2021\/08\/coverall-with-blue-tape-4-1.jpg 800w, https:\/\/med-disposable.com\/wp-content\/uploads\/2021\/08\/coverall-with-blue-tape-4-1-213x300.jpg 213w, https:\/\/med-disposable.com\/wp-content\/uploads\/2021\/08\/coverall-with-blue-tape-4-1-728x1024.jpg 728w, https:\/\/med-disposable.com\/wp-content\/uploads\/2021\/08\/coverall-with-blue-tape-4-1-768x1080.jpg 768w, https:\/\/med-disposable.com\/wp-content\/uploads\/2021\/08\/coverall-with-blue-tape-4-1-600x844.jpg 600w\" sizes=\"(max-width: 800px) 100vw, 800px\" \/><\/p>\n<p><strong>Avantages :<\/strong><\/p>\n<ul>\n<li>Protection sup\u00e9rieure : Nos combinaisons m\u00e9dicales jetables avec bandes bleues constituent une barri\u00e8re fiable contre les fluides, les particules et les contaminants, garantissant ainsi la s\u00e9curit\u00e9 des professionnels de la sant\u00e9.<\/li>\n<li>Visibilit\u00e9 accrue : Les bandes bleues facilitent l'identification des combinaisons dans les environnements m\u00e9dicaux, garantissant ainsi une utilisation correcte et la conformit\u00e9.<\/li>\n<li>Coupe confortable : Les mat\u00e9riaux respirants et l\u00e9gers, ainsi que la taille, les poignets et les chevilles \u00e9lastiques, offrent un ajustement confortable et s\u00fbr, m\u00eame en cas de port prolong\u00e9.<\/li>\n<li>Polyvalence : Ces combinaisons peuvent \u00eatre utilis\u00e9es dans divers \u00e9tablissements de sant\u00e9, notamment les h\u00f4pitaux, les laboratoires et les cliniques.<\/li>\n<li>Facilit\u00e9 d'utilisation : La fermeture \u00e0 glissi\u00e8re et le rabat adh\u00e9sif permettent d'enfiler et de retirer rapidement et facilement les gants, ce qui pr\u00e9serve la st\u00e9rilit\u00e9 et r\u00e9duit le risque de contamination.<\/li>\n<\/ul>\n<p>&nbsp;<\/p>\n<p><strong>Utilisations :<\/strong><\/p>\n<ul>\n<li>H\u00f4pitaux : Prot\u00e9ger les professionnels de la sant\u00e9 pendant les op\u00e9rations chirurgicales, les soins aux patients et autres proc\u00e9dures m\u00e9dicales.<\/li>\n<li>Laboratoires : Fournir une barri\u00e8re contre les \u00e9claboussures de produits chimiques, les particules et les contaminants pendant les travaux de laboratoire et de recherche.<\/li>\n<li>Cliniques : Assurer la s\u00e9curit\u00e9 du personnel m\u00e9dical lors des examens et des traitements des patients en milieu clinique.<\/li>\n<li>Fabrication de produits pharmaceutiques : Prot\u00e9ger les travailleurs contre l'exposition aux agents pharmaceutiques au cours du processus de production.<\/li>\n<li>Intervention d'urgence : Offrir une protection aux premiers intervenants lors d'urgences m\u00e9dicales, de secours en cas de catastrophe et d'efforts de d\u00e9contamination.<\/li>\n<\/ul>\n<p><img loading=\"lazy\" decoding=\"async\" class=\"aligncenter wp-image-5656 size-full\" src=\"https:\/\/med-disposable.com\/wp-content\/uploads\/2021\/08\/coverall-with-blue-tape-6.jpg\" alt=\"\" width=\"800\" height=\"1138\" srcset=\"https:\/\/med-disposable.com\/wp-content\/uploads\/2021\/08\/coverall-with-blue-tape-6.jpg 800w, https:\/\/med-disposable.com\/wp-content\/uploads\/2021\/08\/coverall-with-blue-tape-6-211x300.jpg 211w, https:\/\/med-disposable.com\/wp-content\/uploads\/2021\/08\/coverall-with-blue-tape-6-720x1024.jpg 720w, https:\/\/med-disposable.com\/wp-content\/uploads\/2021\/08\/coverall-with-blue-tape-6-768x1092.jpg 768w, https:\/\/med-disposable.com\/wp-content\/uploads\/2021\/08\/coverall-with-blue-tape-6-600x854.jpg 600w\" sizes=\"(max-width: 800px) 100vw, 800px\" \/><\/p>\n<p>&nbsp;<\/p>\n<p><strong>FAQ :<\/strong><\/p>\n<p><strong>Q1 : Les combinaisons m\u00e9dicales jetables avec bandes bleues sont-elles disponibles en diff\u00e9rentes tailles ?<\/strong><br \/>\nR : Oui, nos combinaisons m\u00e9dicales jetables avec bandes bleues sont disponibles dans une large gamme de tailles pour r\u00e9pondre aux divers besoins des professionnels de la sant\u00e9. Nous proposons des tailles allant de Small \u00e0 5XL, ce qui garantit un ajustement confortable et s\u00fbr pour les personnes de diff\u00e9rentes corpulences. Pour vous aider \u00e0 choisir la taille appropri\u00e9e pour votre \u00e9quipe, nous pouvons vous fournir un tableau des tailles et des recommandations bas\u00e9es sur vos besoins sp\u00e9cifiques. Veuillez contacter notre \u00e9quipe de vente pour plus d'informations sur les tailles disponibles et pour obtenir des conseils sur le choix de la taille la mieux adapt\u00e9e \u00e0 vos besoins.<\/p>\n<p><img loading=\"lazy\" decoding=\"async\" class=\"aligncenter wp-image-4297 size-full\" src=\"https:\/\/med-disposable.com\/wp-content\/uploads\/2022\/06\/coverall-size-chart.jpg\" alt=\"tableau des tailles de combinaisons\" width=\"589\" height=\"700\" srcset=\"https:\/\/med-disposable.com\/wp-content\/uploads\/2022\/06\/coverall-size-chart.jpg 589w, https:\/\/med-disposable.com\/wp-content\/uploads\/2022\/06\/coverall-size-chart-252x300.jpg 252w\" sizes=\"(max-width: 589px) 100vw, 589px\" \/><\/p>\n<p><strong>Q2 : Les combinaisons m\u00e9dicales jetables avec bandes bleues offrent-elles une protection contre les agents infectieux ?<\/strong><br \/>\nR : Nos combinaisons m\u00e9dicales jetables avec bandes bleues sont con\u00e7ues pour offrir un niveau \u00e9lev\u00e9 de protection contre divers contaminants, y compris les agents infectieux. Les combinaisons sont fabriqu\u00e9es \u00e0 partir de mat\u00e9riaux microporeux de haute qualit\u00e9, qui cr\u00e9ent une barri\u00e8re solide contre les fluides, les particules et les contaminants. Les bandes bleues r\u00e9sistantes aux liquides renforcent les capacit\u00e9s de protection de la combinaison, garantissant la s\u00e9curit\u00e9 des professionnels de la sant\u00e9 dans les environnements o\u00f9 l'exposition aux agents infectieux est pr\u00e9occupante. Toutefois, il est important de noter que si nos combinaisons offrent une protection significative, elles doivent toujours \u00eatre utilis\u00e9es en conjonction avec des pratiques d'hygi\u00e8ne appropri\u00e9es et d'autres \u00e9quipements de protection individuelle (EPI) afin de minimiser le risque d'infection.<\/p>\n<p>&nbsp;<\/p>\n<p><strong>Q3 : Comment les combinaisons m\u00e9dicales jetables avec bandes bleues doivent-elles \u00eatre \u00e9limin\u00e9es apr\u00e8s usage ?<\/strong><br \/>\nR : L'\u00e9limination correcte des combinaisons m\u00e9dicales jetables avec bandes bleues est essentielle pour pr\u00e9venir la contamination et maintenir un environnement de travail s\u00fbr. Apr\u00e8s utilisation, la combinaison doit \u00eatre retir\u00e9e avec pr\u00e9caution, en \u00e9vitant tout contact avec la surface ext\u00e9rieure, et plac\u00e9e dans un conteneur ou un sac pr\u00e9vu pour les d\u00e9chets \u00e0 risque biologique. La m\u00e9thode d'\u00e9limination peut varier en fonction des r\u00e9glementations locales et de l'\u00e9tablissement de sant\u00e9 concern\u00e9. Nous vous recommandons de consulter les directives de gestion des d\u00e9chets de votre \u00e9tablissement ou les autorit\u00e9s locales pour vous assurer que les exigences en mati\u00e8re d'\u00e9limination sont respect\u00e9es.<\/p>\n<p>&nbsp;<\/p>\n<p><strong>Q4 : Les combinaisons m\u00e9dicales jetables avec bandes bleues peuvent-elles \u00eatre r\u00e9utilis\u00e9es ?<\/strong><br \/>\nR : Nos combinaisons m\u00e9dicales jetables avec bandes bleues sont con\u00e7ues pour un usage unique. La r\u00e9utilisation des combinaisons jetables peut compromettre leurs capacit\u00e9s de protection et augmenter le risque de contamination, car elles peuvent avoir \u00e9t\u00e9 expos\u00e9es \u00e0 des contaminants lors de leur premi\u00e8re utilisation. Pour la s\u00e9curit\u00e9 des professionnels de la sant\u00e9 et des patients, nous recommandons vivement de jeter les combinaisons apr\u00e8s chaque utilisation et de suivre les directives d'\u00e9limination appropri\u00e9es, comme indiqu\u00e9 dans la r\u00e9ponse pr\u00e9c\u00e9dente.<\/p>\n<p>&nbsp;<\/p>\n<p><strong>Q5 : Comment vos combinaisons m\u00e9dicales jetables avec bandes bleues se comparent-elles aux combinaisons r\u00e9utilisables en termes de co\u00fbt-efficacit\u00e9 ?<\/strong><br \/>\nR : Les combinaisons m\u00e9dicales jetables avec bandes bleues offrent plusieurs avantages par rapport aux combinaisons r\u00e9utilisables, notamment en termes de rentabilit\u00e9. Si le co\u00fbt initial des combinaisons jetables peut \u00eatre inf\u00e9rieur \u00e0 celui des combinaisons r\u00e9utilisables, les co\u00fbts suppl\u00e9mentaires li\u00e9s au lavage, \u00e0 l'entretien et au remplacement des combinaisons r\u00e9utilisables peuvent s'accumuler au fil du temps. En outre, les combinaisons jetables minimisent le risque de contamination crois\u00e9e, car elles sont jet\u00e9es apr\u00e8s chaque utilisation, ce qui permet de disposer d'un v\u00eatement propre et st\u00e9rile pour chaque nouvelle utilisation. Cela peut conduire \u00e0 une am\u00e9lioration de la s\u00e9curit\u00e9 et \u00e0 un flux de travail plus efficace dans les \u00e9tablissements de sant\u00e9, ce qui se traduit en fin de compte par des \u00e9conomies et de meilleurs r\u00e9sultats pour les patients.<\/p>","protected":false},"excerpt":{"rendered":"<p>Mat\u00e9riau microporeux 65gr, toutes les coutures sont scell\u00e9es avec des rubans bleus.<\/p>\n<p>Respirant, \u00e9tanche, antibact\u00e9rien, norme EN14126.<\/p>","protected":false},"featured_media":5647,"template":"","meta":{"_seopress_robots_primary_cat":"none","_seopress_titles_title":"Disposable Medical Coverall with Blue Tapes - YouFu Medical","_seopress_titles_desc":"Stay safe in healthcare environments with our Disposable Medical Coveralls with Blue Tapes! These lightweight, breathable coveralls provide superior protection with a secure fit, fluid-resistant blue tapes for enhanced visibility, and an easy-to-use zipper and adhesive flap. Request size chart &amp; recommendations for your medical team now!","_seopress_robots_index":""},"product_brand":[],"product_cat":[44],"product_tag":[64,57,261,262],"class_list":{"0":"post-2376","1":"product","2":"type-product","3":"status-publish","4":"has-post-thumbnail","6":"product_cat-coverall","7":"product_tag-coverall","8":"product_tag-non-woven","9":"product_tag-with-blue-tape","10":"product_tag-with-hood","12":"first","13":"instock","14":"shipping-taxable","15":"product-type-simple"},"_links":{"self":[{"href":"https:\/\/med-disposable.com\/fr\/wp-json\/wp\/v2\/product\/2376","targetHints":{"allow":["GET"]}}],"collection":[{"href":"https:\/\/med-disposable.com\/fr\/wp-json\/wp\/v2\/product"}],"about":[{"href":"https:\/\/med-disposable.com\/fr\/wp-json\/wp\/v2\/types\/product"}],"version-history":[{"count":0,"href":"https:\/\/med-disposable.com\/fr\/wp-json\/wp\/v2\/product\/2376\/revisions"}],"wp:featuredmedia":[{"embeddable":true,"href":"https:\/\/med-disposable.com\/fr\/wp-json\/wp\/v2\/media\/5647"}],"wp:attachment":[{"href":"https:\/\/med-disposable.com\/fr\/wp-json\/wp\/v2\/media?parent=2376"}],"wp:term":[{"taxonomy":"product_brand","embeddable":true,"href":"https:\/\/med-disposable.com\/fr\/wp-json\/wp\/v2\/product_brand?post=2376"},{"taxonomy":"product_cat","embeddable":true,"href":"https:\/\/med-disposable.com\/fr\/wp-json\/wp\/v2\/product_cat?post=2376"},{"taxonomy":"product_tag","embeddable":true,"href":"https:\/\/med-disposable.com\/fr\/wp-json\/wp\/v2\/product_tag?post=2376"}],"curies":[{"name":"wp","href":"https:\/\/api.w.org\/{rel}","templated":true}]}}