{"id":2384,"date":"2021-08-11T17:02:15","date_gmt":"2021-08-11T09:02:15","guid":{"rendered":"https:\/\/med-disposable.com\/?post_type=product&#038;p=2384"},"modified":"2023-06-05T16:06:51","modified_gmt":"2023-06-05T08:06:51","slug":"tablier-jetable-tres-epais-a-usage-medical","status":"publish","type":"product","link":"https:\/\/med-disposable.com\/fr\/product\/disposable-extra-thick-apron-for-medical-use\/","title":{"rendered":"Tablier jetable tr\u00e8s \u00e9pais \u00e0 usage m\u00e9dical"},"content":{"rendered":"<p><strong>Introduction :<\/strong><\/p>\n<p>B\u00e9n\u00e9ficiez d'une protection sup\u00e9rieure gr\u00e2ce \u00e0 nos tabliers jetables tr\u00e8s \u00e9pais, con\u00e7us sp\u00e9cialement pour un usage m\u00e9dical. Fabriqu\u00e9s \u00e0 partir de mat\u00e9riaux durables et de haute qualit\u00e9, ces tabliers offrent une protection optimale, ce qui en fait un compl\u00e9ment essentiel \u00e0 tout \u00e9tablissement de soins de sant\u00e9.<\/p>\n<p><img fetchpriority=\"high\" decoding=\"async\" class=\"aligncenter wp-image-6260 size-full\" src=\"https:\/\/med-disposable.com\/wp-content\/uploads\/2021\/07\/white-pe-apron.jpg\" alt=\"\" width=\"800\" height=\"800\" srcset=\"https:\/\/med-disposable.com\/wp-content\/uploads\/2021\/07\/white-pe-apron.jpg 800w, https:\/\/med-disposable.com\/wp-content\/uploads\/2021\/07\/white-pe-apron-300x300.jpg 300w, https:\/\/med-disposable.com\/wp-content\/uploads\/2021\/07\/white-pe-apron-150x150.jpg 150w, https:\/\/med-disposable.com\/wp-content\/uploads\/2021\/07\/white-pe-apron-768x768.jpg 768w, https:\/\/med-disposable.com\/wp-content\/uploads\/2021\/07\/white-pe-apron-600x600.jpg 600w, https:\/\/med-disposable.com\/wp-content\/uploads\/2021\/07\/white-pe-apron-100x100.jpg 100w\" sizes=\"(max-width: 800px) 100vw, 800px\" \/><\/p>\n<p><strong>Sp\u00e9cification de base :<\/strong><\/p>\n<table width=\"437\">\n<tbody>\n<tr>\n<td width=\"98\">Taille<\/td>\n<td width=\"339\">70X120cm, 81\u00d7125, 81x140cm, 81x160cm, ou sur mesure<\/td>\n<\/tr>\n<tr>\n<td width=\"98\">Mat\u00e9riau<\/td>\n<td>PE<\/td>\n<\/tr>\n<tr>\n<td width=\"98\">Poids en grammes<\/td>\n<td>20 microns, 25 microns..., ou selon la demande<\/td>\n<\/tr>\n<tr>\n<td width=\"98\">Couleur<\/td>\n<td>blanc, bleu... sur demande<\/td>\n<\/tr>\n<tr>\n<td width=\"98\">Emballage<\/td>\n<td>10pcs\/sac, 1000pcs\/ctn, ou selon les besoins<\/td>\n<\/tr>\n<\/tbody>\n<\/table>\n<p>&nbsp;<\/p>\n<p><strong>Caract\u00e9ristiques :<\/strong><\/p>\n<ol>\n<li><strong>Mat\u00e9riau tr\u00e8s \u00e9pais<\/strong>: Fabriqu\u00e9s dans un mat\u00e9riau de haute qualit\u00e9 et tr\u00e8s \u00e9pais, ces tabliers offrent une protection accrue contre les d\u00e9versements et les \u00e9claboussures.<\/li>\n<li><strong>Design confortable<\/strong>: La conception du tablier assure le confort, permettant des mouvements faciles tout en maintenant une couverture compl\u00e8te.<\/li>\n<li><strong>Facile \u00e0 porter<\/strong>: Nos tabliers s'enfilent et s'enl\u00e8vent facilement, ce qui favorise l'efficacit\u00e9 dans un environnement m\u00e9dical en constante \u00e9volution.<\/li>\n<li><strong>Hygi\u00e9nique<\/strong>: En tant qu'articles jetables, ils r\u00e9duisent le risque de contamination crois\u00e9e et maintiennent le plus haut niveau d'hygi\u00e8ne.<\/li>\n<\/ol>\n<p><img decoding=\"async\" class=\"alignnone wp-image-6263 size-full\" src=\"https:\/\/med-disposable.com\/wp-content\/uploads\/2021\/07\/how-to-wear-an-apron.jpg\" alt=\"\" width=\"800\" height=\"800\" srcset=\"https:\/\/med-disposable.com\/wp-content\/uploads\/2021\/07\/how-to-wear-an-apron.jpg 800w, https:\/\/med-disposable.com\/wp-content\/uploads\/2021\/07\/how-to-wear-an-apron-300x300.jpg 300w, https:\/\/med-disposable.com\/wp-content\/uploads\/2021\/07\/how-to-wear-an-apron-150x150.jpg 150w, https:\/\/med-disposable.com\/wp-content\/uploads\/2021\/07\/how-to-wear-an-apron-768x768.jpg 768w, https:\/\/med-disposable.com\/wp-content\/uploads\/2021\/07\/how-to-wear-an-apron-600x600.jpg 600w, https:\/\/med-disposable.com\/wp-content\/uploads\/2021\/07\/how-to-wear-an-apron-100x100.jpg 100w\" sizes=\"(max-width: 800px) 100vw, 800px\" \/><\/p>\n<p><strong>Avantages :<\/strong><\/p>\n<ul>\n<li><strong>Protection sup\u00e9rieure<\/strong>: Le mat\u00e9riau tr\u00e8s \u00e9pais offre une protection exceptionnelle contre les d\u00e9versements, les \u00e9claboussures et autres contaminants.<\/li>\n<li><strong>Confort et efficacit\u00e9<\/strong>: Le design confortable permet aux professionnels de la sant\u00e9 d'effectuer leurs t\u00e2ches efficacement, sans entrave.<\/li>\n<li><strong>Hygi\u00e8ne et s\u00e9curit\u00e9<\/strong>: Ces tabliers jetables favorisent l'hygi\u00e8ne et r\u00e9duisent le risque de contamination crois\u00e9e en milieu m\u00e9dical.<\/li>\n<\/ul>\n<p>&nbsp;<\/p>\n<p><strong>Utilisations :<\/strong><\/p>\n<p>Nos tabliers extra-\u00e9pais jetables sont id\u00e9aux pour un large \u00e9ventail d'environnements m\u00e9dicaux, notamment les h\u00f4pitaux, les cliniques, les laboratoires et d'autres \u00e9tablissements de soins de sant\u00e9. Ils constituent une barri\u00e8re efficace contre les d\u00e9versements et les \u00e9claboussures, garantissant la s\u00e9curit\u00e9 et l'hygi\u00e8ne des professionnels de la sant\u00e9.<\/p>\n<p><img decoding=\"async\" class=\"alignnone wp-image-5008 size-full\" src=\"https:\/\/med-disposable.com\/wp-content\/uploads\/2023\/03\/Plastic-aprons.jpg\" alt=\"\" width=\"700\" height=\"490\" srcset=\"https:\/\/med-disposable.com\/wp-content\/uploads\/2023\/03\/Plastic-aprons.jpg 700w, https:\/\/med-disposable.com\/wp-content\/uploads\/2023\/03\/Plastic-aprons-300x210.jpg 300w, https:\/\/med-disposable.com\/wp-content\/uploads\/2023\/03\/Plastic-aprons-600x420.jpg 600w\" sizes=\"(max-width: 700px) 100vw, 700px\" \/><\/p>\n<p><strong>Avantages de l'utilisation de tabliers jetables dans les \u00e9tablissements m\u00e9dicaux :<\/strong><\/p>\n<p>L'utilisation de tabliers jetables dans les \u00e9tablissements m\u00e9dicaux pr\u00e9sente plusieurs avantages :<\/p>\n<ul>\n<li><strong>Pr\u00e9vention de la contamination crois\u00e9e<\/strong>: Les tabliers jetables peuvent \u00eatre \u00e9limin\u00e9s apr\u00e8s une seule utilisation, ce qui minimise efficacement le risque de contamination crois\u00e9e.<\/li>\n<li><strong>Contr\u00f4le des infections<\/strong>: Ils constituent une barri\u00e8re efficace, prot\u00e9geant le personnel soignant d'un contact direct avec les fluides corporels des patients, le sang et les risques biologiques potentiels.<\/li>\n<li><strong>Gain de temps et de ressources<\/strong>: Contrairement aux tabliers r\u00e9utilisables, les tabliers jetables \u00e9liminent le besoin de lavage et de st\u00e9rilisation, ce qui permet d'\u00e9conomiser du temps et des ressources.<\/li>\n<\/ul>\n<p><img loading=\"lazy\" decoding=\"async\" class=\"aligncenter wp-image-3768 size-large\" src=\"https:\/\/med-disposable.com\/wp-content\/uploads\/2022\/04\/apron-in-hospital-768x1024.jpg\" alt=\"\" width=\"768\" height=\"1024\" srcset=\"https:\/\/med-disposable.com\/wp-content\/uploads\/2022\/04\/apron-in-hospital-768x1024.jpg 768w, https:\/\/med-disposable.com\/wp-content\/uploads\/2022\/04\/apron-in-hospital-225x300.jpg 225w, https:\/\/med-disposable.com\/wp-content\/uploads\/2022\/04\/apron-in-hospital-1152x1536.jpg 1152w, https:\/\/med-disposable.com\/wp-content\/uploads\/2022\/04\/apron-in-hospital-1536x2048.jpg 1536w, https:\/\/med-disposable.com\/wp-content\/uploads\/2022\/04\/apron-in-hospital-600x800.jpg 600w, https:\/\/med-disposable.com\/wp-content\/uploads\/2022\/04\/apron-in-hospital-scaled.jpg 1920w\" sizes=\"(max-width: 768px) 100vw, 768px\" \/><\/p>\n<p><b>FAQ :<\/b><\/p>\n<ol>\n<li><strong>Pourquoi les institutions m\u00e9dicales devraient-elles opter pour des tabliers jetables ?<\/strong> Les tabliers jetables pr\u00e9sentent plusieurs avantages pour les \u00e9tablissements m\u00e9dicaux. Ils sont con\u00e7us pour \u00eatre utilis\u00e9s une seule fois puis jet\u00e9s, ce qui r\u00e9duit consid\u00e9rablement le risque de contamination crois\u00e9e et am\u00e9liore les niveaux d'hygi\u00e8ne. En outre, ils permettent d'\u00e9conomiser du temps et des ressources puisqu'il n'est pas n\u00e9cessaire de les nettoyer et de les st\u00e9riliser.<\/li>\n<li><strong>Ces tabliers sont-ils confortables \u00e0 porter pendant les longues p\u00e9riodes de travail ?<\/strong> Le confort est un \u00e9l\u00e9ment cl\u00e9 dans la conception de nos tabliers. Nos tabliers sont fabriqu\u00e9s dans un mat\u00e9riau non seulement solide et durable, mais aussi l\u00e9ger et agr\u00e9able \u00e0 porter. Les professionnels de la sant\u00e9 peuvent ainsi accomplir leurs t\u00e2ches sans aucune g\u00eane ni entrave.<\/li>\n<li><strong>Les tabliers peuvent-ils \u00eatre personnalis\u00e9s avec le logo ou la marque de notre institution ?<\/strong> En fonction du volume de la commande, les personnalisations telles que les logos et les \u00e9l\u00e9ments de marque peuvent g\u00e9n\u00e9ralement \u00eatre accept\u00e9es. Si vous \u00eates int\u00e9ress\u00e9 par des tabliers personnalis\u00e9s, veuillez contacter notre service client\u00e8le pour discuter de vos besoins sp\u00e9cifiques.<\/li>\n<li><strong>Ces tabliers sont-ils r\u00e9sistants aux risques biologiques pr\u00e9sents dans les \u00e9tablissements m\u00e9dicaux ?<\/strong> Oui, nos tabliers extra-\u00e9pais jetables sont con\u00e7us pour offrir une protection efficace contre une vari\u00e9t\u00e9 de contaminants souvent rencontr\u00e9s dans les milieux m\u00e9dicaux, y compris les fluides corporels et le sang. Ils font partie int\u00e9grante de l'\u00e9quipement de protection individuelle des professionnels de la sant\u00e9 et garantissent la s\u00e9curit\u00e9 et l'hygi\u00e8ne.<\/li>\n<li><strong>Quel est le d\u00e9lai de livraison pour les commandes en gros ?<\/strong> Le d\u00e9lai de livraison pour les commandes en gros d\u00e9pend de plusieurs facteurs, notamment de la quantit\u00e9 command\u00e9e, du calendrier de production actuel et de la n\u00e9cessit\u00e9 \u00e9ventuelle d'une personnalisation. Nous nous effor\u00e7ons d'honorer toutes les commandes aussi rapidement que possible tout en maintenant nos normes de qualit\u00e9 \u00e9lev\u00e9es. Pour obtenir une estimation plus pr\u00e9cise, veuillez contacter notre service client\u00e8le en pr\u00e9cisant les d\u00e9tails de votre commande.<\/li>\n<\/ol>\n<p>&nbsp;<\/p>","protected":false},"excerpt":{"rendered":"<p>Le tablier en plastique tr\u00e8s \u00e9pais garantit la durabilit\u00e9, ajoute la production pour l'usage m\u00e9dical ;<\/p>\n<p>Taille universelle avec attaches confortables.<\/p>","protected":false},"featured_media":6956,"template":"","meta":{"_seopress_robots_primary_cat":"none","_seopress_titles_title":"Medical Aprons - Disposable extra thick apron for medical use ","_seopress_titles_desc":"Make sure you stay safe and sound with medical-grade plastic disposable aprons in a variety of sizes and colors! With extra-thick protection and customizable sizes, get the perfect protection for you.","_seopress_robots_index":""},"product_brand":[],"product_cat":[45],"product_tag":[77,75],"class_list":{"0":"post-2384","1":"product","2":"type-product","3":"status-publish","4":"has-post-thumbnail","6":"product_cat-apron","7":"product_tag-apron","8":"product_tag-plastic","10":"first","11":"instock","12":"shipping-taxable","13":"product-type-simple"},"_links":{"self":[{"href":"https:\/\/med-disposable.com\/fr\/wp-json\/wp\/v2\/product\/2384","targetHints":{"allow":["GET"]}}],"collection":[{"href":"https:\/\/med-disposable.com\/fr\/wp-json\/wp\/v2\/product"}],"about":[{"href":"https:\/\/med-disposable.com\/fr\/wp-json\/wp\/v2\/types\/product"}],"version-history":[{"count":0,"href":"https:\/\/med-disposable.com\/fr\/wp-json\/wp\/v2\/product\/2384\/revisions"}],"wp:featuredmedia":[{"embeddable":true,"href":"https:\/\/med-disposable.com\/fr\/wp-json\/wp\/v2\/media\/6956"}],"wp:attachment":[{"href":"https:\/\/med-disposable.com\/fr\/wp-json\/wp\/v2\/media?parent=2384"}],"wp:term":[{"taxonomy":"product_brand","embeddable":true,"href":"https:\/\/med-disposable.com\/fr\/wp-json\/wp\/v2\/product_brand?post=2384"},{"taxonomy":"product_cat","embeddable":true,"href":"https:\/\/med-disposable.com\/fr\/wp-json\/wp\/v2\/product_cat?post=2384"},{"taxonomy":"product_tag","embeddable":true,"href":"https:\/\/med-disposable.com\/fr\/wp-json\/wp\/v2\/product_tag?post=2384"}],"curies":[{"name":"wp","href":"https:\/\/api.w.org\/{rel}","templated":true}]}}