{"id":2503,"date":"2021-08-19T18:51:02","date_gmt":"2021-08-19T10:51:02","guid":{"rendered":"https:\/\/med-disposable.com\/?post_type=product&#038;p=2503"},"modified":"2023-06-12T10:55:09","modified_gmt":"2023-06-12T02:55:09","slug":"serviette-jetable-non-tissee-reglable","status":"publish","type":"product","link":"https:\/\/med-disposable.com\/fr\/product\/disposable-non-woven-adjustable-towel-wrap\/","title":{"rendered":"Serviette jetable non tiss\u00e9e r\u00e9glable"},"content":{"rendered":"<h2>Sp\u00e9cifications de base de l'essuie-mains jetable :<\/h2>\n<table width=\"1090\">\n<tbody>\n<tr>\n<td width=\"167\" data-spm-anchor-id=\"a2700.details.0.i29.486c6425ZPdJLB\">Mat\u00e9riau<\/td>\n<td width=\"925\">PP non tiss\u00e9<\/td>\n<\/tr>\n<tr>\n<td>Poids<\/td>\n<td>30-50gr<\/td>\n<\/tr>\n<tr>\n<td>Style<\/td>\n<td>robe de bain, avec \u00e9lastique sur le dessus, fermer avec du velcro si n\u00e9cessaire<\/td>\n<\/tr>\n<tr>\n<td>Taille<\/td>\n<td>100cm x 140cm ; 120cm x 140cm ; 100cm x 150cm ; peut \u00eatre personnalis\u00e9<\/td>\n<\/tr>\n<tr>\n<td>Couleur<\/td>\n<td>Blanc, rose, vert, noir, bleu, bleu fonc\u00e9... selon votre demande<\/td>\n<\/tr>\n<\/tbody>\n<\/table>\n<h2><\/h2>\n<h2><img fetchpriority=\"high\" decoding=\"async\" class=\"aligncenter wp-image-7742 size-large\" src=\"https:\/\/med-disposable.com\/wp-content\/uploads\/2021\/08\/PP-robe-1-1024x1024.jpg\" alt=\"\" width=\"800\" height=\"800\" srcset=\"https:\/\/med-disposable.com\/wp-content\/uploads\/2021\/08\/PP-robe-1-1024x1024.jpg 1024w, https:\/\/med-disposable.com\/wp-content\/uploads\/2021\/08\/PP-robe-1-300x300.jpg 300w, https:\/\/med-disposable.com\/wp-content\/uploads\/2021\/08\/PP-robe-1-150x150.jpg 150w, https:\/\/med-disposable.com\/wp-content\/uploads\/2021\/08\/PP-robe-1-768x768.jpg 768w, https:\/\/med-disposable.com\/wp-content\/uploads\/2021\/08\/PP-robe-1-1536x1536.jpg 1536w, https:\/\/med-disposable.com\/wp-content\/uploads\/2021\/08\/PP-robe-1-scaled.jpg 2048w, https:\/\/med-disposable.com\/wp-content\/uploads\/2021\/08\/PP-robe-1-600x600.jpg 600w, https:\/\/med-disposable.com\/wp-content\/uploads\/2021\/08\/PP-robe-1-100x100.jpg 100w\" sizes=\"(max-width: 800px) 100vw, 800px\" \/> <img decoding=\"async\" class=\"aligncenter wp-image-7754 size-large\" src=\"https:\/\/med-disposable.com\/wp-content\/uploads\/2021\/08\/PP-robe-13-1024x1024.jpg\" alt=\"\" width=\"800\" height=\"800\" srcset=\"https:\/\/med-disposable.com\/wp-content\/uploads\/2021\/08\/PP-robe-13-1024x1024.jpg 1024w, https:\/\/med-disposable.com\/wp-content\/uploads\/2021\/08\/PP-robe-13-300x300.jpg 300w, https:\/\/med-disposable.com\/wp-content\/uploads\/2021\/08\/PP-robe-13-150x150.jpg 150w, https:\/\/med-disposable.com\/wp-content\/uploads\/2021\/08\/PP-robe-13-768x768.jpg 768w, https:\/\/med-disposable.com\/wp-content\/uploads\/2021\/08\/PP-robe-13-1536x1536.jpg 1536w, https:\/\/med-disposable.com\/wp-content\/uploads\/2021\/08\/PP-robe-13-scaled.jpg 2048w, https:\/\/med-disposable.com\/wp-content\/uploads\/2021\/08\/PP-robe-13-600x600.jpg 600w, https:\/\/med-disposable.com\/wp-content\/uploads\/2021\/08\/PP-robe-13-100x100.jpg 100w\" sizes=\"(max-width: 800px) 100vw, 800px\" \/><\/h2>\n<h2><\/h2>\n<h2><strong>Avantages de la serviette en PP non tiss\u00e9 :<\/strong><\/h2>\n<ul>\n<li><strong>Mat\u00e9riau non tiss\u00e9 de haute qualit\u00e9 :<\/strong> Notre serviette de bain jetable est fabriqu\u00e9e \u00e0 partir d'un tissu non tiss\u00e9 en polypropyl\u00e8ne (PP) de premi\u00e8re qualit\u00e9, qui est doux, perm\u00e9able \u00e0 l'air et respectueux de la peau. Profitez d'un s\u00e9chage confortable et luxueux sans irritation ni g\u00eane.<\/li>\n<li><strong>Taille \u00e9lastique confortable : <\/strong>Le peignoir enveloppant \u00e0 taille \u00e9lastique assure un ajustement confortable pour tous les types de corps. La ceinture \u00e9lastique s'ajuste sans effort \u00e0 la forme du corps, pour une exp\u00e9rience confortable et sans stress.<\/li>\n<li><strong>Taille unique :<\/strong>\u00a0Cette serviette de bain jetable est con\u00e7ue pour s'adapter \u00e0 un large \u00e9ventail de tailles, et convient donc aussi bien aux hommes qu'aux femmes. Ses dimensions g\u00e9n\u00e9reuses offrent une couverture suffisante pendant que vous vous s\u00e9chez.<\/li>\n<li><strong>Facile \u00e0 utiliser :<\/strong> Il suffit d'enrouler la serviette de bain jetable autour de votre taille, d'ajuster l'\u00e9lastique \u00e0 votre convenance et de profiter d'une exp\u00e9rience de s\u00e9chage confortable et s\u00fbre.<\/li>\n<li><strong>Utilisation polyvalente :<\/strong> Id\u00e9ale apr\u00e8s une douche, un bain, un traitement au spa ou m\u00eame \u00e0 la salle de sport, cette serviette de bain jetable constitue une solution pratique et hygi\u00e9nique pour se s\u00e9cher.<\/li>\n<li><strong>Convivialit\u00e9 et facilit\u00e9 de d\u00e9placement :<\/strong> La conception l\u00e9g\u00e8re et compacte de cette serviette de bain jetable la rend parfaite pour les voyages, vous assurant d'avoir toujours une serviette propre et confortable \u00e0 port\u00e9e de main.<\/li>\n<\/ul>\n<p>&nbsp;<\/p>\n<h2><img decoding=\"async\" class=\"aligncenter wp-image-7758 size-full\" src=\"https:\/\/med-disposable.com\/wp-content\/uploads\/2021\/08\/disposable-bathrobe.png\" alt=\"\" width=\"800\" height=\"800\" srcset=\"https:\/\/med-disposable.com\/wp-content\/uploads\/2021\/08\/disposable-bathrobe.png 800w, https:\/\/med-disposable.com\/wp-content\/uploads\/2021\/08\/disposable-bathrobe-300x300.png 300w, https:\/\/med-disposable.com\/wp-content\/uploads\/2021\/08\/disposable-bathrobe-150x150.png 150w, https:\/\/med-disposable.com\/wp-content\/uploads\/2021\/08\/disposable-bathrobe-768x768.png 768w, https:\/\/med-disposable.com\/wp-content\/uploads\/2021\/08\/disposable-bathrobe-600x600.png 600w, https:\/\/med-disposable.com\/wp-content\/uploads\/2021\/08\/disposable-bathrobe-100x100.png 100w\" sizes=\"(max-width: 800px) 100vw, 800px\" \/><\/h2>\n<p>&nbsp;<\/p>\n<h2><strong>Pourquoi choisir Wuhan Youfu :<\/strong><\/h2>\n<ol>\n<li><strong>Qualit\u00e9 sup\u00e9rieure<\/strong>: Wuhan Youfu s'engage \u00e0 fabriquer des produits de haute qualit\u00e9 \u00e0 partir de mat\u00e9riaux de premier choix, afin de garantir la satisfaction du client et une exp\u00e9rience utilisateur sup\u00e9rieure.<\/li>\n<li><strong>Prix comp\u00e9titifs<\/strong>: Nous proposons \u00e0 nos clients des prix comp\u00e9titifs sans compromis sur la qualit\u00e9, offrant ainsi le meilleur rapport qualit\u00e9-prix du march\u00e9.<\/li>\n<li><strong>Expertise<\/strong>e : Avec 10 ans d'exp\u00e9rience dans la fabrication et la fourniture de produits jetables, Wuhan Youfu est un nom de confiance dans l'industrie.<\/li>\n<li><strong>Personnalisation<\/strong>: Nous comprenons que chaque client a des besoins uniques et nous sommes heureux de fournir des solutions personnalis\u00e9es pour r\u00e9pondre \u00e0 vos besoins sp\u00e9cifiques.<\/li>\n<li><strong>Excellent service \u00e0 la client\u00e8le<\/strong>: Notre \u00e9quipe d\u00e9vou\u00e9e est toujours pr\u00eate \u00e0 vous aider si vous avez des questions ou des pr\u00e9occupations, afin de vous garantir une exp\u00e9rience fluide et satisfaisante, de l'achat \u00e0 l'utilisation.<\/li>\n<\/ol>\n<p>&nbsp;<\/p>\n<h2><strong>FAQs :<\/strong><\/h2>\n<ol>\n<li>Q : La serviette de bain jetable en PP non tiss\u00e9 est-elle respectueuse de l'environnement ?<br \/>\nR : Oui, nos serviettes de bain jetables sont fabriqu\u00e9es en polypropyl\u00e8ne non tiss\u00e9 (PP), un mat\u00e9riau recyclable et respectueux de l'environnement.<\/li>\n<li>Q : L'enveloppe de la serviette de bain peut-elle \u00eatre r\u00e9utilis\u00e9e ?<br \/>\nR : Bien que notre serviette de bain jetable soit con\u00e7ue pour un usage unique, elle est suffisamment r\u00e9sistante pour \u00eatre utilis\u00e9e plusieurs fois si elle est bien entretenue. Nous recommandons toutefois de le jeter apr\u00e8s quelques utilisations pour une hygi\u00e8ne optimale.<\/li>\n<li>Q : Existe-t-il des options de couleur pour la serviette de bain enveloppante ?<br \/>\nR : Oui, notre serviette de bain jetable est disponible en plusieurs couleurs. Veuillez nous contacter pour plus d'informations sur les options de couleur : info@med-disposable.com.<\/li>\n<li>Q : Puis-je commander des tailles personnalis\u00e9es pour la serviette de bain enveloppante ?<br \/>\nR : Nous pouvons r\u00e9pondre aux demandes de personnalisation, y compris les ajustements de taille. Veuillez nous contacter pour nous faire part de vos besoins sp\u00e9cifiques et nous nous ferons un plaisir de vous aider.<\/li>\n<li>Q : Quelle est la quantit\u00e9 minimum de commande pour les serviettes de bain jetables en PP non tiss\u00e9 ?<br \/>\nR : Pour les mod\u00e8les normaux, la quantit\u00e9 minimale de commande est de 10 000 pi\u00e8ces. Pour les mod\u00e8les personnalis\u00e9s, veuillez nous contacter pour discuter des quantit\u00e9s minimales de commande.<\/li>\n<\/ol>","protected":false},"excerpt":{"rendered":"<p>D\u00e9couvrez le summum du confort et de la commodit\u00e9 avec notre serviette de bain jetable en PP non tiss\u00e9 ajustable. Cette serviette de bain de qualit\u00e9 sup\u00e9rieure est con\u00e7ue pour vous offrir un ajustement confortable et s\u00fbr pendant que vous vous s\u00e9chez apr\u00e8s une douche, un bain ou un traitement de spa. Fabriqu\u00e9e en polypropyl\u00e8ne non tiss\u00e9 (PP) de haute qualit\u00e9, cette serviette de bain jetable est douce, absorbante et respectueuse de la peau. Gr\u00e2ce \u00e0 sa taille arri\u00e8re r\u00e9glable par velcro, vous pouvez facilement l'adapter \u00e0 vos pr\u00e9f\u00e9rences, ce qui vous garantit une exp\u00e9rience confortable et confortable \u00e0 chaque fois.<\/p>","protected":false},"featured_media":7749,"template":"","meta":{"_seopress_robots_primary_cat":"none","_seopress_titles_title":"Towel Wrap - Disposable non woven adjustable Towel Wrap","_seopress_titles_desc":"This high quality absorbent and lightweight nonwoven material bath dress is soft, comfortable and features an elastic band around the top. Perfect for cooling down and staying dry after your shower. Comes in an array of sizes and colors to fit anyone&#039;s needs.","_seopress_robots_index":""},"product_brand":[],"product_cat":[86],"product_tag":[57,147],"class_list":{"0":"post-2503","1":"product","2":"type-product","3":"status-publish","4":"has-post-thumbnail","6":"product_cat-beauty-and-spa","7":"product_tag-non-woven","8":"product_tag-towel-wrap","10":"first","11":"instock","12":"shipping-taxable","13":"product-type-simple"},"_links":{"self":[{"href":"https:\/\/med-disposable.com\/fr\/wp-json\/wp\/v2\/product\/2503","targetHints":{"allow":["GET"]}}],"collection":[{"href":"https:\/\/med-disposable.com\/fr\/wp-json\/wp\/v2\/product"}],"about":[{"href":"https:\/\/med-disposable.com\/fr\/wp-json\/wp\/v2\/types\/product"}],"version-history":[{"count":0,"href":"https:\/\/med-disposable.com\/fr\/wp-json\/wp\/v2\/product\/2503\/revisions"}],"wp:featuredmedia":[{"embeddable":true,"href":"https:\/\/med-disposable.com\/fr\/wp-json\/wp\/v2\/media\/7749"}],"wp:attachment":[{"href":"https:\/\/med-disposable.com\/fr\/wp-json\/wp\/v2\/media?parent=2503"}],"wp:term":[{"taxonomy":"product_brand","embeddable":true,"href":"https:\/\/med-disposable.com\/fr\/wp-json\/wp\/v2\/product_brand?post=2503"},{"taxonomy":"product_cat","embeddable":true,"href":"https:\/\/med-disposable.com\/fr\/wp-json\/wp\/v2\/product_cat?post=2503"},{"taxonomy":"product_tag","embeddable":true,"href":"https:\/\/med-disposable.com\/fr\/wp-json\/wp\/v2\/product_tag?post=2503"}],"curies":[{"name":"wp","href":"https:\/\/api.w.org\/{rel}","templated":true}]}}