{"id":2641,"date":"2021-08-30T18:38:14","date_gmt":"2021-08-30T10:38:14","guid":{"rendered":"https:\/\/med-disposable.com\/?post_type=product&#038;p=2641"},"modified":"2023-06-16T11:18:52","modified_gmt":"2023-06-16T03:18:52","slug":"bouchons-jetables-en-pp-non-tisses-pour-chirurgiens","status":"publish","type":"product","link":"https:\/\/med-disposable.com\/fr\/product\/disposable-pp-non-woven-surgeon-caps\/","title":{"rendered":"Casquettes de chirurgien jetables en PP non tiss\u00e9"},"content":{"rendered":"<h2>Sp\u00e9cification de base :<\/h2>\n<table width=\"559\">\n<tbody>\n<tr>\n<td width=\"106\">Taille<\/td>\n<td width=\"453\">60*13cm, selon les besoins<\/td>\n<\/tr>\n<tr>\n<td width=\"106\">Mat\u00e9riau<\/td>\n<td width=\"453\">PP 25-45gsm<\/td>\n<\/tr>\n<tr>\n<td width=\"106\">Style<\/td>\n<td width=\"453\">dos avec \u00e9lastique<\/td>\n<\/tr>\n<tr>\n<td width=\"106\">Couleur<\/td>\n<td width=\"453\">Bleu<\/td>\n<\/tr>\n<tr>\n<td width=\"106\">Production<\/td>\n<td width=\"453\">machine fabriqu\u00e9e<\/td>\n<\/tr>\n<tr>\n<td width=\"106\">Emballage<\/td>\n<td width=\"453\">100 pcs\/sachet, 1000pcs\/ctn, selon les besoins<\/td>\n<\/tr>\n<\/tbody>\n<\/table>\n<p><img fetchpriority=\"high\" decoding=\"async\" class=\"aligncenter wp-image-8090 size-full\" src=\"https:\/\/med-disposable.com\/wp-content\/uploads\/2021\/08\/surgical-cap-with-elastic-3.jpg\" alt=\"\" width=\"800\" height=\"800\" srcset=\"https:\/\/med-disposable.com\/wp-content\/uploads\/2021\/08\/surgical-cap-with-elastic-3.jpg 800w, https:\/\/med-disposable.com\/wp-content\/uploads\/2021\/08\/surgical-cap-with-elastic-3-300x300.jpg 300w, https:\/\/med-disposable.com\/wp-content\/uploads\/2021\/08\/surgical-cap-with-elastic-3-150x150.jpg 150w, https:\/\/med-disposable.com\/wp-content\/uploads\/2021\/08\/surgical-cap-with-elastic-3-768x768.jpg 768w, https:\/\/med-disposable.com\/wp-content\/uploads\/2021\/08\/surgical-cap-with-elastic-3-600x600.jpg 600w, https:\/\/med-disposable.com\/wp-content\/uploads\/2021\/08\/surgical-cap-with-elastic-3-100x100.jpg 100w\" sizes=\"(max-width: 800px) 100vw, 800px\" \/><\/p>\n<h2>Caract\u00e9ristiques :<\/h2>\n<ul>\n<li><strong>Dos \u00e9lastique :<\/strong>\u00a0La bande \u00e9lastique \u00e0 l'arri\u00e8re du bonnet assure un ajustement confortable pour toutes les tailles de t\u00eate, \u00e9vitant tout glissement ind\u00e9sirable lors de proc\u00e9dures cruciales.<\/li>\n<li><strong>Couverture compl\u00e8te des cheveux :<\/strong>\u00a0Ces bonnets sont con\u00e7us pour couvrir l'ensemble de la t\u00eate et des cheveux, ce qui r\u00e9duit le risque de contamination et permet de maintenir un environnement de travail st\u00e9rile.<\/li>\n<li><strong>Sans latex :<\/strong>\u00a0Ces bouchons jetables ne contiennent pas de latex, ce qui les rend adapt\u00e9s aux personnes sensibles au latex.<\/li>\n<li><strong>Options de fabrication \u00e0 la machine et \u00e0 la main :<\/strong>\u00a0Choisissez entre des casquettes fabriqu\u00e9es \u00e0 la machine ou \u00e0 la main, selon vos pr\u00e9f\u00e9rences et vos besoins.<\/li>\n<\/ul>\n<p><img decoding=\"async\" class=\"aligncenter wp-image-8110 size-large\" src=\"https:\/\/med-disposable.com\/wp-content\/uploads\/2021\/08\/disposable-doctor-cap-1024x576.jpg\" alt=\"\" width=\"800\" height=\"450\" srcset=\"https:\/\/med-disposable.com\/wp-content\/uploads\/2021\/08\/disposable-doctor-cap-1024x576.jpg 1024w, https:\/\/med-disposable.com\/wp-content\/uploads\/2021\/08\/disposable-doctor-cap-300x169.jpg 300w, https:\/\/med-disposable.com\/wp-content\/uploads\/2021\/08\/disposable-doctor-cap-768x432.jpg 768w, https:\/\/med-disposable.com\/wp-content\/uploads\/2021\/08\/disposable-doctor-cap-600x338.jpg 600w, https:\/\/med-disposable.com\/wp-content\/uploads\/2021\/08\/disposable-doctor-cap.jpg 1280w\" sizes=\"(max-width: 800px) 100vw, 800px\" \/><\/p>\n<p>&nbsp;<\/p>\n<h2>Comment porter les bonnets de chirurgien jetables :<\/h2>\n<ol>\n<li><strong>Pr\u00e9parer les cheveux :<\/strong>\u00a0Peignez vos cheveux pour les d\u00e9m\u00ealer et, si n\u00e9cessaire, attachez-les pour assurer une couverture compl\u00e8te et minimiser les cheveux errants.<\/li>\n<li><strong>Ouvrir le bouchon :<\/strong>\u00a0Retirez soigneusement le bouchon de son emballage et d\u00e9pliez-le sans toucher la face interne afin de pr\u00e9server la propret\u00e9.<\/li>\n<li><strong>Positionner le capuchon :<\/strong>\u00a0Tenez le bonnet par l'\u00e9lastique \u00e0 l'arri\u00e8re, en veillant \u00e0 ce que l'\u00e9lastique soit tourn\u00e9 vers l'ext\u00e9rieur. Placez la casquette sur votre t\u00eate, en veillant \u00e0 ce que tous les cheveux soient rentr\u00e9s \u00e0 l'int\u00e9rieur, y compris les pattes ou les poils du visage, le cas \u00e9ch\u00e9ant.<\/li>\n<li><strong>Ajustez l'ajustement :<\/strong>\u00a0La bande \u00e9lastique doit s'adapter automatiquement \u00e0 la taille de votre t\u00eate, garantissant un ajustement confortable. Veillez \u00e0 ce que la casquette soit bien ajust\u00e9e, mais pas trop serr\u00e9e, afin d'\u00e9viter tout inconfort.<\/li>\n<\/ol>\n<p><img decoding=\"async\" class=\"aligncenter wp-image-8088 size-full\" src=\"https:\/\/med-disposable.com\/wp-content\/uploads\/2021\/08\/surgical-cap-with-elastic-1.jpg\" alt=\"\" width=\"800\" height=\"800\" srcset=\"https:\/\/med-disposable.com\/wp-content\/uploads\/2021\/08\/surgical-cap-with-elastic-1.jpg 800w, https:\/\/med-disposable.com\/wp-content\/uploads\/2021\/08\/surgical-cap-with-elastic-1-300x300.jpg 300w, https:\/\/med-disposable.com\/wp-content\/uploads\/2021\/08\/surgical-cap-with-elastic-1-150x150.jpg 150w, https:\/\/med-disposable.com\/wp-content\/uploads\/2021\/08\/surgical-cap-with-elastic-1-768x768.jpg 768w, https:\/\/med-disposable.com\/wp-content\/uploads\/2021\/08\/surgical-cap-with-elastic-1-600x600.jpg 600w, https:\/\/med-disposable.com\/wp-content\/uploads\/2021\/08\/surgical-cap-with-elastic-1-100x100.jpg 100w\" sizes=\"(max-width: 800px) 100vw, 800px\" \/> <img loading=\"lazy\" decoding=\"async\" class=\"aligncenter wp-image-8092 size-full\" src=\"https:\/\/med-disposable.com\/wp-content\/uploads\/2021\/08\/surgical-cap-with-elastic-5.jpg\" alt=\"\" width=\"800\" height=\"800\" srcset=\"https:\/\/med-disposable.com\/wp-content\/uploads\/2021\/08\/surgical-cap-with-elastic-5.jpg 800w, https:\/\/med-disposable.com\/wp-content\/uploads\/2021\/08\/surgical-cap-with-elastic-5-300x300.jpg 300w, https:\/\/med-disposable.com\/wp-content\/uploads\/2021\/08\/surgical-cap-with-elastic-5-150x150.jpg 150w, https:\/\/med-disposable.com\/wp-content\/uploads\/2021\/08\/surgical-cap-with-elastic-5-768x768.jpg 768w, https:\/\/med-disposable.com\/wp-content\/uploads\/2021\/08\/surgical-cap-with-elastic-5-600x600.jpg 600w, https:\/\/med-disposable.com\/wp-content\/uploads\/2021\/08\/surgical-cap-with-elastic-5-100x100.jpg 100w\" sizes=\"(max-width: 800px) 100vw, 800px\" \/><\/p>","protected":false},"excerpt":{"rendered":"<p>Les bonnets de chirurgien jetables en PP non tiss\u00e9 constituent une solution id\u00e9ale pour maintenir un environnement st\u00e9rile et hygi\u00e9nique dans les environnements chirurgicaux et autres. Ces casquettes de haute qualit\u00e9 sont dot\u00e9es d'une bande \u00e9lastique \u00e0 l'arri\u00e8re, ce qui permet de les adapter \u00e0 toutes les tailles de t\u00eate. Disponibles en version fabriqu\u00e9e \u00e0 la machine ou \u00e0 la main, ces bonnets de chirurgien sont con\u00e7us pour r\u00e9pondre \u00e0 vos besoins sp\u00e9cifiques.<\/p>","protected":false},"featured_media":8089,"template":"","meta":{"_seopress_robots_primary_cat":"none","_seopress_titles_title":"Latex-Free, Breathable PP Nonwoven Surgery Caps - Comfortable &amp; Easy to Wear!","_seopress_titles_desc":"Our PP nonwoven caps are latex-free and breathable, for comfortable wear during surgery or clinical activities. Available in blue, size 60*13 cm, with elastic at the back for a reliable fit. Suitable for hospital, operating room, and laboratory use.","_seopress_robots_index":""},"product_brand":[],"product_cat":[46],"product_tag":[152,57],"class_list":{"0":"post-2641","1":"product","2":"type-product","3":"status-publish","4":"has-post-thumbnail","6":"product_cat-caps","7":"product_tag-caps","8":"product_tag-non-woven","10":"first","11":"instock","12":"shipping-taxable","13":"product-type-simple"},"_links":{"self":[{"href":"https:\/\/med-disposable.com\/fr\/wp-json\/wp\/v2\/product\/2641","targetHints":{"allow":["GET"]}}],"collection":[{"href":"https:\/\/med-disposable.com\/fr\/wp-json\/wp\/v2\/product"}],"about":[{"href":"https:\/\/med-disposable.com\/fr\/wp-json\/wp\/v2\/types\/product"}],"version-history":[{"count":0,"href":"https:\/\/med-disposable.com\/fr\/wp-json\/wp\/v2\/product\/2641\/revisions"}],"wp:featuredmedia":[{"embeddable":true,"href":"https:\/\/med-disposable.com\/fr\/wp-json\/wp\/v2\/media\/8089"}],"wp:attachment":[{"href":"https:\/\/med-disposable.com\/fr\/wp-json\/wp\/v2\/media?parent=2641"}],"wp:term":[{"taxonomy":"product_brand","embeddable":true,"href":"https:\/\/med-disposable.com\/fr\/wp-json\/wp\/v2\/product_brand?post=2641"},{"taxonomy":"product_cat","embeddable":true,"href":"https:\/\/med-disposable.com\/fr\/wp-json\/wp\/v2\/product_cat?post=2641"},{"taxonomy":"product_tag","embeddable":true,"href":"https:\/\/med-disposable.com\/fr\/wp-json\/wp\/v2\/product_tag?post=2641"}],"curies":[{"name":"wp","href":"https:\/\/api.w.org\/{rel}","templated":true}]}}