{"id":2676,"date":"2021-09-02T14:58:51","date_gmt":"2021-09-02T06:58:51","guid":{"rendered":"https:\/\/med-disposable.com\/?post_type=product&#038;p=2676"},"modified":"2023-07-24T14:39:35","modified_gmt":"2023-07-24T06:39:35","slug":"masque-jetable-3ply-de-couleur-froide","status":"publish","type":"product","link":"https:\/\/med-disposable.com\/fr\/product\/cool-color-disposable-3ply-face-mask\/","title":{"rendered":"Masque jetable 3ply de couleur froide"},"content":{"rendered":"<p>Faites l'exp\u00e9rience de la s\u00e9curit\u00e9 avec style gr\u00e2ce \u00e0 notre masque jetable 3 \u00e9paisseurs Cool Color. Fabriqu\u00e9 \u00e0 partir d'un mat\u00e9riau non tiss\u00e9 et \u00e9quip\u00e9 d'un papier filtre BFE 99%, ce masque associe une protection de haute qualit\u00e9 \u00e0 un look branch\u00e9. Il est dot\u00e9 d'\u00e9l\u00e9gantes boucles d'oreilles noires, ce qui en fait un choix \u00e0 la mode qui ne compromet pas la s\u00e9curit\u00e9.<\/p>\n<figure class=\"wp-block-embed wp-block-embed-youtube is-type-video is-provider-youtube epyt-figure\"><div class=\"wp-block-embed__wrapper\"><div  id=\"_ytid_80728\"  width=\"800\" height=\"450\"  data-origwidth=\"800\" data-origheight=\"450\" data-facadesrc=\"https:\/\/www.youtube.com\/embed\/sRqi4SG86jM?enablejsapi=1&autoplay=0&cc_load_policy=0&cc_lang_pref=&iv_load_policy=1&loop=0&rel=1&fs=1&playsinline=0&autohide=2&theme=dark&color=red&controls=1&disablekb=0&\" class=\"__youtube_prefs__ epyt-facade no-lazyload\" data-epautoplay=\"1\" ><img decoding=\"async\" data-spai-excluded=\"true\" class=\"epyt-facade-poster skip-lazy\" loading=\"lazy\"  alt=\"Lecteur YouTube\"  src=\"https:\/\/i.ytimg.com\/vi\/sRqi4SG86jM\/maxresdefault.jpg\"  \/><button class=\"epyt-facade-play\" aria-label=\"Jouer\"><svg data-no-lazy=\"1\" height=\"100%\" version=\"1.1\" viewbox=\"0 0 68 48\" width=\"100%\"><path class=\"ytp-large-play-button-bg\" d=\"M66.52,7.74c-0.78-2.93-2.49-5.41-5.42-6.19C55.79,.13,34,0,34,0S12.21,.13,6.9,1.55 C3.97,2.33,2.27,4.81,1.48,7.74C0.06,13.05,0,24,0,24s0.06,10.95,1.48,16.26c0.78,2.93,2.49,5.41,5.42,6.19 C12.21,47.87,34,48,34,48s21.79-0.13,27.1-1.55c2.93-0.78,4.64-3.26,5.42-6.19C67.94,34.95,68,24,68,24S67.94,13.05,66.52,7.74z\" fill=\"#f00\"><\/path><path d=\"M 45,24 27,14 27,34\" fill=\"#fff\"><\/path><\/svg><\/button><\/div><\/div><\/figure>\n<p>&nbsp;<\/p>\n<p><strong>Sp\u00e9cification de base :<\/strong><\/p>\n<table width=\"686\">\n<tbody>\n<tr>\n<td width=\"123\">Taille<\/td>\n<td width=\"563\">Adultes 17.5*9.5cm ; Enfants 14.5*9.5cm<\/td>\n<\/tr>\n<tr>\n<td width=\"123\">Mat\u00e9riau<\/td>\n<td width=\"563\">PP non tiss\u00e9 de couleur froide+ MB+ PP non tiss\u00e9 souple<\/td>\n<\/tr>\n<tr>\n<td width=\"123\">Style<\/td>\n<td width=\"563\">boucle d'oreille \u00e9lastique ronde ou plate<\/td>\n<\/tr>\n<tr>\n<td width=\"123\">Couleur<\/td>\n<td width=\"563\">couleur gris froid...toutes les couleurs et le design personnel sont disponibles<\/td>\n<\/tr>\n<tr>\n<td width=\"123\">Avantage<\/td>\n<td width=\"563\">\u00a0respiration libre, impression avanc\u00e9e et effet de couleur<\/td>\n<\/tr>\n<tr>\n<td width=\"123\">Emballage<\/td>\n<td width=\"563\">10 pcs\/sachet OPP, 2000pcs\/ctn, selon les besoins<\/td>\n<\/tr>\n<\/tbody>\n<\/table>\n<p>&nbsp;<\/p>\n<p><strong>Caract\u00e9ristiques :<\/strong><\/p>\n<ol>\n<li><strong>Mat\u00e9riau :<\/strong> Le masque est compos\u00e9 d'un mat\u00e9riau non tiss\u00e9 et d'une couche interm\u00e9diaire de papier filtrant BFE99%, offrant ainsi une barri\u00e8re protectrice confortable et durable.<\/li>\n<li><strong>Conception :<\/strong> Avec ses boucles d'oreilles noires et sa couleur fra\u00eeche, le masque offre une alternative \u00e0 la mode aux masques traditionnels.<\/li>\n<li><strong>Filtration :<\/strong> Le masque est fourni avec le papier filtre BFE 99%, qui assure une excellente protection contre les particules bact\u00e9riennes.<\/li>\n<\/ol>\n<p><img fetchpriority=\"high\" decoding=\"async\" class=\"aligncenter wp-image-9334 size-large\" src=\"https:\/\/med-disposable.com\/wp-content\/uploads\/2021\/09\/40A9296-1024x1024.jpg\" alt=\"\" width=\"800\" height=\"800\" srcset=\"https:\/\/med-disposable.com\/wp-content\/uploads\/2021\/09\/40A9296-1024x1024.jpg 1024w, https:\/\/med-disposable.com\/wp-content\/uploads\/2021\/09\/40A9296-300x300.jpg 300w, https:\/\/med-disposable.com\/wp-content\/uploads\/2021\/09\/40A9296-150x150.jpg 150w, https:\/\/med-disposable.com\/wp-content\/uploads\/2021\/09\/40A9296-768x768.jpg 768w, https:\/\/med-disposable.com\/wp-content\/uploads\/2021\/09\/40A9296-1536x1536.jpg 1536w, https:\/\/med-disposable.com\/wp-content\/uploads\/2021\/09\/40A9296-scaled.jpg 2048w, https:\/\/med-disposable.com\/wp-content\/uploads\/2021\/09\/40A9296-600x600.jpg 600w, https:\/\/med-disposable.com\/wp-content\/uploads\/2021\/09\/40A9296-100x100.jpg 100w\" sizes=\"(max-width: 800px) 100vw, 800px\" \/><\/p>\n<p><strong>Avantages :<\/strong><\/p>\n<ol>\n<li><strong>Niveau de protection \u00e9lev\u00e9 :<\/strong> Avec un BFE de 99%, le masque jetable Cool Color 3ply offre une protection de premier ordre contre les contaminants bact\u00e9riens.<\/li>\n<li><strong>Confort :<\/strong> Le masque est fabriqu\u00e9 \u00e0 partir d'un mat\u00e9riau non tiss\u00e9 qui garantit un port confortable, m\u00eame en cas de port prolong\u00e9.<\/li>\n<li><strong>Design \u00e9l\u00e9gant :<\/strong> La couleur froide et les boucles d'oreille noires apportent une touche de mode, faisant de la s\u00e9curit\u00e9 une d\u00e9claration \u00e9l\u00e9gante.<\/li>\n<\/ol>\n<p><img decoding=\"async\" class=\"aligncenter wp-image-9335 size-large\" src=\"https:\/\/med-disposable.com\/wp-content\/uploads\/2021\/09\/40A9297-1024x1024.jpg\" alt=\"\" width=\"800\" height=\"800\" srcset=\"https:\/\/med-disposable.com\/wp-content\/uploads\/2021\/09\/40A9297-1024x1024.jpg 1024w, https:\/\/med-disposable.com\/wp-content\/uploads\/2021\/09\/40A9297-300x300.jpg 300w, https:\/\/med-disposable.com\/wp-content\/uploads\/2021\/09\/40A9297-150x150.jpg 150w, https:\/\/med-disposable.com\/wp-content\/uploads\/2021\/09\/40A9297-768x768.jpg 768w, https:\/\/med-disposable.com\/wp-content\/uploads\/2021\/09\/40A9297-600x600.jpg 600w, https:\/\/med-disposable.com\/wp-content\/uploads\/2021\/09\/40A9297-100x100.jpg 100w, https:\/\/med-disposable.com\/wp-content\/uploads\/2021\/09\/40A9297.jpg 1050w\" sizes=\"(max-width: 800px) 100vw, 800px\" \/><\/p>\n<p><strong>Applications :<\/strong><\/p>\n<p>Le masque jetable Cool Color 3ply est polyvalent et convient \u00e0 de nombreux contextes, depuis les soins de sant\u00e9 et les services alimentaires jusqu'aux \u00e9coles et \u00e0 l'usage personnel quotidien. Il assure une protection optimale tout en offrant une esth\u00e9tique tendance.<\/p>\n<p>&nbsp;<\/p>","protected":false},"excerpt":{"rendered":"<p>La couche int\u00e9rieure est en tissu non tiss\u00e9 doux, respectueux de la peau et respirant,<\/p>\n<p>Le brun moyen est blanc, l'efficacit\u00e9 de filtration bact\u00e9rienne est de 99%,<\/p>\n<p>La couche ext\u00e9rieure et la couche int\u00e9rieure sont toutes deux de couleur gris froid.<\/p>","protected":false},"featured_media":9337,"template":"","meta":{"_seopress_robots_primary_cat":"none","_seopress_titles_title":"Non Woven Fabric-Top Quality, Soft &amp; Breathable, High Filtration, Type II, IIR, Latex-Free","_seopress_titles_desc":"Highest-quality non-woven fabric that is skin-friendly and breathable with advanced printing and color effects. Our Type II and Type IIR standards provide reliable protection and are Latex-free. Choose from cool navy blue, grey, black, and army green designs, all available in sizes for adults and kids.","_seopress_robots_index":""},"product_brand":[],"product_cat":[100],"product_tag":[55,60],"class_list":{"0":"post-2676","1":"product","2":"type-product","3":"status-publish","4":"has-post-thumbnail","6":"product_cat-face-mask","7":"product_tag-3ply","8":"product_tag-face-mask","10":"first","11":"instock","12":"shipping-taxable","13":"product-type-simple"},"_links":{"self":[{"href":"https:\/\/med-disposable.com\/fr\/wp-json\/wp\/v2\/product\/2676","targetHints":{"allow":["GET"]}}],"collection":[{"href":"https:\/\/med-disposable.com\/fr\/wp-json\/wp\/v2\/product"}],"about":[{"href":"https:\/\/med-disposable.com\/fr\/wp-json\/wp\/v2\/types\/product"}],"version-history":[{"count":0,"href":"https:\/\/med-disposable.com\/fr\/wp-json\/wp\/v2\/product\/2676\/revisions"}],"wp:featuredmedia":[{"embeddable":true,"href":"https:\/\/med-disposable.com\/fr\/wp-json\/wp\/v2\/media\/9337"}],"wp:attachment":[{"href":"https:\/\/med-disposable.com\/fr\/wp-json\/wp\/v2\/media?parent=2676"}],"wp:term":[{"taxonomy":"product_brand","embeddable":true,"href":"https:\/\/med-disposable.com\/fr\/wp-json\/wp\/v2\/product_brand?post=2676"},{"taxonomy":"product_cat","embeddable":true,"href":"https:\/\/med-disposable.com\/fr\/wp-json\/wp\/v2\/product_cat?post=2676"},{"taxonomy":"product_tag","embeddable":true,"href":"https:\/\/med-disposable.com\/fr\/wp-json\/wp\/v2\/product_tag?post=2676"}],"curies":[{"name":"wp","href":"https:\/\/api.w.org\/{rel}","templated":true}]}}